{"id":8644,"date":"2016-05-23T10:52:54","date_gmt":"2016-05-23T09:52:54","guid":{"rendered":"http:\/\/serveiseducatius.xtec.cat\/baixllobregat6\/?page_id=8644"},"modified":"2016-06-02T09:02:30","modified_gmt":"2016-06-02T08:02:30","slug":"el-pop-dels-80","status":"publish","type":"page","link":"https:\/\/serveiseducatius.xtec.cat\/baixllobregat6\/xarxa-grup-mestres-de-musica\/xocopop\/el-pop-dels-80\/","title":{"rendered":"El pop dels 80"},"content":{"rendered":"<p>La d\u00e8cada de 1980 est\u00e0 considerada una de les millors musicalment parlant. Artistes com Michael Jackson, Madonna i Prince i grups com U2 i The Police eclosionen durant aquests anys.<\/p>\n<p>Ara b\u00e9, si un fet marca aquesta d\u00e8cada \u00e9s l&#8217;aparici\u00f3 d&#8217;un canal de televisi\u00f3, la MTV, que va canviar radicalment el rumb de la m\u00fasica. Els artistes van comen\u00e7ar a sortir d&#8217;una manera m\u00e9s regular a la televisi\u00f3 i van poder donar a con\u00e8ixer la seva obra i contar les seves can\u00e7ons mitjan\u00e7ant els v\u00eddeoclips.<\/p>\n<p>Si b\u00e9, durant les d\u00e8cades de 1960 i 1970 els grups musicals ja enregistraven algunes de les seves can\u00e7ons, aquests enregistraments eren de car\u00e0cter promocional.<\/p>\n<p>A la d\u00e8cada de 1980 va sorgir el relat darrere del videoclip. En gran part va ser gr\u00e0cies a\u00a0<strong>Thriller<\/strong> de\u00a0<strong>Michael Jackson<\/strong> (1982), un curt de 15 minuts de durada que impact\u00e0 a l&#8217;audi\u00e8ncia. Fou un dels primers videoclips dirigit per un director de cinema (John Landis).<\/p>\n<p>En aquesta d\u00e8cada, <strong>Madonna<\/strong>, la reina del pop, enregistra el seu \u00e0lbum m\u00e9s exit\u00f3s\u00a0<strong>Like a Virgin<\/strong>.<\/p>\n<p>Mireu els v\u00eddeoclips originals de les can\u00e7ons que s&#8217;interpreten al musical:<\/p>\n<p><!--nextpage--><\/p>\n<h4><strong>BARCO A VENUS<\/strong><\/h4>\n<p>Artista: Mecano<br \/>\n\u00c0lbum: \u00bfD\u00f3nde est\u00e1 el pa\u00eds de las hadas?<br \/>\nData de llan\u00e7ament: 1983<\/p>\n<p><iframe loading=\"lazy\" src=\"https:\/\/www.youtube.com\/embed\/bhPsg2lRr5Y\" width=\"640\" height=\"360\" frameborder=\"0\" allowfullscreen=\"allowfullscreen\"><\/iframe><\/p>\n<p><!--nextpage--><\/p>\n<h4><strong>MOONLIGHT SHADOW<\/strong><\/h4>\n<p>Artista: Mike Oldfield<br \/>\nArtista invitada: Maggie Reilly<br \/>\n\u00c0lbum: Crises<br \/>\nData de llan\u00e7ament: 1983<\/p>\n<p><iframe loading=\"lazy\" src=\"https:\/\/www.youtube.com\/embed\/e80qhyovOnA\" width=\"640\" height=\"480\" frameborder=\"0\" allowfullscreen=\"allowfullscreen\"><\/iframe><\/p>\n<p><!--nextpage--><\/p>\n<h4><b>BILLIE JEAN<\/b><\/h4>\n<p>Artista: Michael Jackson<br \/>\n\u00c0lbum: Thriller<br \/>\nData de llan\u00e7ament: 1982<\/p>\n<p><iframe loading=\"lazy\" src=\"https:\/\/www.youtube.com\/embed\/Zi_XLOBDo_Y\" width=\"640\" height=\"480\" frameborder=\"0\" allowfullscreen=\"allowfullscreen\"><\/iframe><\/p>\n<p><!--nextpage--><\/p>\n<h4><strong>IT&#8217;S RAINING AGAIN<\/strong><\/h4>\n<p>Artista: Supertramp<br \/>\n\u00c0lbum: &#8230;Famous Last Words&#8230;<br \/>\nData de llan\u00e7ament: 1982<\/p>\n<p><iframe loading=\"lazy\" src=\"https:\/\/www.youtube.com\/embed\/YZUE4_PtOk0\" width=\"640\" height=\"480\" frameborder=\"0\" allowfullscreen=\"allowfullscreen\"><\/iframe><\/p>\n<p><!--nextpage--><\/p>\n<h4><strong>DON&#8217;T GET ME WRONG<\/strong><\/h4>\n<p>Artista: The Pretenders<br \/>\n\u00c0lbum: Get Close<br \/>\nData de llan\u00e7ament: 1986<\/p>\n<p><iframe loading=\"lazy\" width=\"640\" height=\"480\" src=\"https:\/\/www.youtube.com\/embed\/D_Bj8wrXslk\" frameborder=\"0\" allowfullscreen><\/iframe><\/p>\n<p><!--nextpage--><\/p>\n<h4><strong>LA ISLA BONITA<\/strong><\/h4>\n<p>Artista: Madonna<br \/>\n\u00c0lbum: True Blue<br \/>\nData de llan\u00e7ament: 1986<\/p>\n<p><iframe loading=\"lazy\" width=\"640\" height=\"480\" src=\"https:\/\/www.youtube.com\/embed\/qqIIW7nxBgc\" frameborder=\"0\" allowfullscreen><\/iframe><\/p>\n<p><!--nextpage--><\/p>\n<h4><strong>HEAVEN IS A PLACE ON EARTH<\/strong><\/h4>\n<p>Artista: Belinda Carlisle<br \/>\n\u00c0lbum: Heaven on Earth<br \/>\nData de llan\u00e7ament: 1987<\/p>\n<p><iframe loading=\"lazy\" width=\"640\" height=\"360\" src=\"https:\/\/www.youtube.com\/embed\/P-WP6POdTgY\" frameborder=\"0\" allowfullscreen><\/iframe><\/p>\n<p><!--nextpage--><\/p>\n<h4><strong>HOLD THE LINE<\/strong><\/h4>\n<p>Artista: Toto<br \/>\n\u00c0lbum: Toto<br \/>\nData de llan\u00e7ament: 1978<\/p>\n<p><iframe loading=\"lazy\" width=\"640\" height=\"480\" src=\"https:\/\/www.youtube.com\/embed\/htgr3pvBr-I\" frameborder=\"0\" allowfullscreen><\/iframe><\/p>\n<p><!--nextpage--><\/p>\n<h4><strong>WITH OR WITHOUT YOU<\/strong><\/h4>\n<p>Artista: U2<br \/>\n\u00c0lbum: The Joshua Tree<br \/>\nData de llan\u00e7ament: 1987<\/p>\n<p><iframe loading=\"lazy\" width=\"640\" height=\"480\" src=\"https:\/\/www.youtube.com\/embed\/XmSdTa9kaiQ\" frameborder=\"0\" allowfullscreen><\/iframe><\/p>\n<p><!--nextpage--><\/p>\n<h4><strong>VIDEO KILLED THE RADIO STAR<\/strong><\/h4>\n<p>Artista: The Buggles<br \/>\n\u00c0lbum: The Age of Plastic<br \/>\nData de llan\u00e7ament: 1980<\/p>\n<p><iframe loading=\"lazy\" width=\"640\" height=\"480\" src=\"https:\/\/www.youtube.com\/embed\/W8r-tXRLazs\" frameborder=\"0\" allowfullscreen><\/iframe><\/p>\n<p><!--nextpage--><\/p>\n<h4><strong>TAKE ON ME<\/strong><\/h4>\n<p>Artista: a-ha<br \/>\n\u00c0lbum: Hunting High and Low<br \/>\nData de llan\u00e7ament: 1985<\/p>\n<p><iframe loading=\"lazy\" width=\"640\" height=\"480\" src=\"https:\/\/www.youtube.com\/embed\/djV11Xbc914\" frameborder=\"0\" allowfullscreen><\/iframe><\/p>\n<p><!--nextpage--><\/p>\n<h4><strong>NEVER GONNA GIVE YOU UP<\/strong><\/h4>\n<p>Artista: Rick Astley<br \/>\n\u00c0lbum: Whenever You Need Somebody<br \/>\nData de llan\u00e7ament: 1987<\/p>\n<p><iframe loading=\"lazy\" width=\"640\" height=\"360\" src=\"https:\/\/www.youtube.com\/embed\/dQw4w9WgXcQ\" frameborder=\"0\" allowfullscreen><\/iframe><\/p>\n<p><!--nextpage--><\/p>\n<h4><strong>WAKE ME UP BEFORE YOU GO GO<\/strong><\/h4>\n<p>Artista: Wham!<br \/>\n\u00c0lbum: Make It Big<br \/>\nData de llan\u00e7ament: 1984<\/p>\n<p><iframe loading=\"lazy\" width=\"640\" height=\"480\" src=\"https:\/\/www.youtube.com\/embed\/pIgZ7gMze7A\" frameborder=\"0\" allowfullscreen><\/iframe><\/p>\n<p><!--nextpage--><\/p>\n<h4><strong>99 RED BALLOONS<\/strong><\/h4>\n<p>Artista:\u00a0Nena<br \/>\n\u00c0lbum:\u00a0Nena<br \/>\nData de llan\u00e7ament: 1983<\/p>\n<p><iframe loading=\"lazy\" width=\"640\" height=\"360\" src=\"https:\/\/www.youtube.com\/embed\/HZ1TQYjCwYc\" frameborder=\"0\" allowfullscreen><\/iframe><\/p>\n<h4><!--nextpage--><strong>EVERY BREATH YOU TAKE<\/strong><\/h4>\n<p>Artista: The Police<br \/>\n\u00c0lbum: Synchronicity<br \/>\nData de llan\u00e7ament: 1983<\/p>\n<p><iframe loading=\"lazy\" width=\"640\" height=\"480\" src=\"https:\/\/www.youtube.com\/embed\/OMOGaugKpzs\" frameborder=\"0\" allowfullscreen><\/iframe><\/p>\n","protected":false},"excerpt":{"rendered":"<p>La d\u00e8cada de 1980 est\u00e0 considerada una de les millors musicalment parlant. Artistes com Michael Jackson, Madonna i Prince i grups com U2 i The Police eclosionen durant aquests anys. Ara b\u00e9, si un fet marca aquesta d\u00e8cada \u00e9s l&#8217;aparici\u00f3 d&#8217;un canal de televisi\u00f3, la MTV, que va canviar radicalment el rumb de la m\u00fasica. [&hellip;]<\/p>\n","protected":false},"author":1,"featured_media":0,"parent":8637,"menu_order":30,"comment_status":"closed","ping_status":"closed","template":"","meta":{"_bbp_topic_count":0,"_bbp_reply_count":0,"_bbp_total_topic_count":0,"_bbp_total_reply_count":0,"_bbp_voice_count":0,"_bbp_anonymous_reply_count":0,"_bbp_topic_count_hidden":0,"_bbp_reply_count_hidden":0,"_bbp_forum_subforum_count":0,"site-sidebar-layout":"default","site-content-layout":"","ast-site-content-layout":"","site-content-style":"default","site-sidebar-style":"default","ast-global-header-display":"","ast-banner-title-visibility":"","ast-main-header-display":"","ast-hfb-above-header-display":"","ast-hfb-below-header-display":"","ast-hfb-mobile-header-display":"","site-post-title":"","ast-breadcrumbs-content":"","ast-featured-img":"","footer-sml-layout":"","theme-transparent-header-meta":"","adv-header-id-meta":"","stick-header-meta":"","header-above-stick-meta":"","header-main-stick-meta":"","header-below-stick-meta":"","astra-migrate-meta-layouts":"default","ast-page-background-enabled":"default","ast-page-background-meta":{"desktop":{"background-color":"var(--ast-global-color-4)","background-image":"","background-repeat":"repeat","background-position":"center center","background-size":"auto","background-attachment":"scroll","background-type":"","background-media":"","overlay-type":"","overlay-color":"","overlay-opacity":"","overlay-gradient":""},"tablet":{"background-color":"","background-image":"","background-repeat":"repeat","background-position":"center center","background-size":"auto","background-attachment":"scroll","background-type":"","background-media":"","overlay-type":"","overlay-color":"","overlay-opacity":"","overlay-gradient":""},"mobile":{"background-color":"","background-image":"","background-repeat":"repeat","background-position":"center center","background-size":"auto","background-attachment":"scroll","background-type":"","background-media":"","overlay-type":"","overlay-color":"","overlay-opacity":"","overlay-gradient":""}},"ast-content-background-meta":{"desktop":{"background-color":"var(--ast-global-color-5)","background-image":"","background-repeat":"repeat","background-position":"center center","background-size":"auto","background-attachment":"scroll","background-type":"","background-media":"","overlay-type":"","overlay-color":"","overlay-opacity":"","overlay-gradient":""},"tablet":{"background-color":"var(--ast-global-color-5)","background-image":"","background-repeat":"repeat","background-position":"center center","background-size":"auto","background-attachment":"scroll","background-type":"","background-media":"","overlay-type":"","overlay-color":"","overlay-opacity":"","overlay-gradient":""},"mobile":{"background-color":"var(--ast-global-color-5)","background-image":"","background-repeat":"repeat","background-position":"center center","background-size":"auto","background-attachment":"scroll","background-type":"","background-media":"","overlay-type":"","overlay-color":"","overlay-opacity":"","overlay-gradient":""}},"footnotes":""},"class_list":["post-8644","page","type-page","status-publish","hentry"],"post_mailing_queue_ids":[],"_links":{"self":[{"href":"https:\/\/serveiseducatius.xtec.cat\/baixllobregat6\/wp-json\/wp\/v2\/pages\/8644","targetHints":{"allow":["GET"]}}],"collection":[{"href":"https:\/\/serveiseducatius.xtec.cat\/baixllobregat6\/wp-json\/wp\/v2\/pages"}],"about":[{"href":"https:\/\/serveiseducatius.xtec.cat\/baixllobregat6\/wp-json\/wp\/v2\/types\/page"}],"author":[{"embeddable":true,"href":"https:\/\/serveiseducatius.xtec.cat\/baixllobregat6\/wp-json\/wp\/v2\/users\/1"}],"replies":[{"embeddable":true,"href":"https:\/\/serveiseducatius.xtec.cat\/baixllobregat6\/wp-json\/wp\/v2\/comments?post=8644"}],"version-history":[{"count":3,"href":"https:\/\/serveiseducatius.xtec.cat\/baixllobregat6\/wp-json\/wp\/v2\/pages\/8644\/revisions"}],"predecessor-version":[{"id":8887,"href":"https:\/\/serveiseducatius.xtec.cat\/baixllobregat6\/wp-json\/wp\/v2\/pages\/8644\/revisions\/8887"}],"up":[{"embeddable":true,"href":"https:\/\/serveiseducatius.xtec.cat\/baixllobregat6\/wp-json\/wp\/v2\/pages\/8637"}],"wp:attachment":[{"href":"https:\/\/serveiseducatius.xtec.cat\/baixllobregat6\/wp-json\/wp\/v2\/media?parent=8644"}],"curies":[{"name":"wp","href":"https:\/\/api.w.org\/{rel}","templated":true}]}}