{"id":8637,"date":"2016-05-23T10:47:12","date_gmt":"2016-05-23T09:47:12","guid":{"rendered":"http:\/\/serveiseducatius.xtec.cat\/baixllobregat6\/?page_id=8637"},"modified":"2025-04-30T13:28:19","modified_gmt":"2025-04-30T11:28:19","slug":"xocopop","status":"publish","type":"page","link":"https:\/\/serveiseducatius.xtec.cat\/baixllobregat6\/xarxa-grup-mestres-de-musica\/xocopop\/","title":{"rendered":"XOCOPOP! Charlie i la f\u00e0brica de xocolata"},"content":{"rendered":"<p><a href=\"http:\/\/serveiseducatius.xtec.cat\/baixllobregat6\/wp-content\/uploads\/usu778\/2016\/05\/GMM-Olesa-2016-20160503_113953.jpg\"><img loading=\"lazy\" decoding=\"async\" class=\" size-full wp-image-8865 aligncenter\" src=\"http:\/\/serveiseducatius.xtec.cat\/baixllobregat6\/wp-content\/uploads\/usu778\/2016\/05\/GMM-Olesa-2016-20160503_113953.jpg\" alt=\"GMM-Olesa 2016 20160503_113953\" width=\"628\" height=\"336\" srcset=\"https:\/\/serveiseducatius.xtec.cat\/baixllobregat6\/wp-content\/uploads\/usu778\/2016\/05\/GMM-Olesa-2016-20160503_113953.jpg 628w, https:\/\/serveiseducatius.xtec.cat\/baixllobregat6\/wp-content\/uploads\/usu778\/2016\/05\/GMM-Olesa-2016-20160503_113953-300x161.jpg 300w\" sizes=\"auto, (max-width: 628px) 100vw, 628px\" \/><\/a><\/p>\n<p><strong>XOCOPOP!<\/strong> Amb aquest t\u00edtol el <a href=\"http:\/\/serveiseducatius.xtec.cat\/baixllobregat6\/categoria\/grup-de-mestres-de-musica\/\">Grup de Mestres de M\u00fasica<\/a>\u00a0(GMM) del <strong>Servei Educatiu Baix Llobregat-6<\/strong> ens presenten la seva particular adaptaci\u00f3 de l\u2019obra\u00a0<strong><em>Charlie i la f\u00e0brica de xocolata<\/em><\/strong>, de Roald Dahl.<\/p>\n<p>L\u2019espectacle es va representar el 20 de maig a les 15.00 hores al Teatre de la Passi\u00f3 d\u2019Olesa de Montserrat. Hi van participar m\u00e9s de cinc-cents alumnes de les escoles\u00a0<strong>Santa Maria<\/strong>, de Cervell\u00f3;\u00a0<strong>El Solell<\/strong>, de\u00a0La Palma de Cervell\u00f3;\u00a0<strong>Joan Juncadella, La Gu\u00e0rdia, La Vinyala, Mare de D\u00e9u del Roc\u00edo, Sant Antoni, Sant Jordi <\/strong>i<strong> Sant Josep<\/strong>, de\u00a0Sant Vicen\u00e7 dels Horts; <strong>Can Coll <\/strong>i<strong> Sant Mart\u00ed,<\/strong> de\u00a0Torrelles de Llobregat, i l&#8217;escola\u00a0<strong>Castella<\/strong>, de Barcelona.<\/p>\n<p>Com en altres edicions, l&#8217;espectacle no es limita \u00fanicament a la m\u00fasica, ni de bon tros. Es combinen les arts pl\u00e0stiques, el cant coral, la dansa i la literatura. Les can\u00e7ons inspirades en la novel\u00b7la de Roald Dahl\u00a0<em><strong>Charlie i la f\u00e0brica de xocolata<\/strong>\u00a0<\/em>han estat escrites pels nens i nenes de les diferents escoles i compten amb l&#8217;aixopluc sonor de melodies extretes del repertori pop de la d\u00e8cada de 1980.<\/p>\n<p>En l&#8217;organitzaci\u00f3 d&#8217;aquests any cal destacar la col\u00b7laboraci\u00f3 de la poetessa\u00a0<strong>Lola Casas<\/strong>, gran coneixedora de l&#8217;obra de Roald Dahl, d&#8217;en <strong>Lu\u00eds Posada<\/strong>, actor de doblatge &#8211; que posa la\u00a0veu a Johnny Deep a les pel\u00b7l\u00edcules que aquest interpreta i que es doblen al catal\u00e0 i al castell\u00e0 &#8211; \u00a0i de l&#8217;<strong>editorial Santillana<\/strong> que, per una banda, va facilitar una trobada entre el Grup de Mestres de M\u00fasica i la Lola Casas &#8211; que va orientar per a l&#8217;estructuraci\u00f3 de l&#8217;obra en 15 can\u00e7ons &#8211; i, per l&#8217;altra, va obsequiar totes les escoles participants\u00a0amb un\u00a0lot de les obres de Roald Dahl publicades per l&#8217;esmentada editorial.<\/p>\n<h4 style=\"text-align: center;\"><strong><a href=\"https:\/\/photos.google.com\/share\/AF1QipOAgYryiml6dC8eiW7nEYHrTzSg0YqmQaylyFfRA9wdj0NcTSaZswNOlgw8jwJ7Kw?key=bDB4ZlhBbURaVjBPbUF5LXhaanpham5qQVZMcFFn\" target=\"_blank\" rel=\"noopener\">REPORTATGE FOTOGR\u00c0FIC DE L&#8217;ESPECTACLE<\/a><\/strong><\/h4>\n<p>Les p\u00e0gines del men\u00fa lateral, que pengen de l&#8217;apartat <a href=\"http:\/\/serveiseducatius.xtec.cat\/baixllobregat6\/xocopop\/lespectacle\/\">L&#8217;ESPECTACLE<\/a>, corresponen a les can\u00e7ons de la representaci\u00f3. Cadascuna inclou l&#8217;autoria de la lletra, l&#8217;escola que cantava, l&#8217;escola que ballava, l&#8217;autoria de la m\u00fasica i la can\u00e7\u00f3 en qu\u00e8 es basa, la lletra de la can\u00e7\u00f3, i el v\u00eddeo de l&#8217;actuaci\u00f3. A m\u00e9s, s&#8217;incorpora el text que entre interpretaci\u00f3 i interpretaci\u00f3 es representava a l&#8217;escenari i donava continu\u00eftat a l&#8217;obra.<\/p>\n<p>En aquest men\u00fa tamb\u00e9 hi trobareu un acc\u00e9s als <a href=\"http:\/\/serveiseducatius.xtec.cat\/baixllobregat6\/xocopop\/el-pop-dels-80\/\">videoclips<\/a> de les can\u00e7ons originals que conformen la base musical de l&#8217;espectacle i una breu informaci\u00f3 sobre l&#8217;autor de\u00a0<em>Charlie i la f\u00e0brica de xocolata<\/em>, <a href=\"http:\/\/serveiseducatius.xtec.cat\/baixllobregat6\/xocopop\/roald-dahl\/\">Roald Dahl<\/a>.<\/p>\n<h6><\/h6>\n<h6>Agra\u00efments<\/h6>\n<p>A totes les tutores i tutors dels grups de:<\/p>\n<ul>\n<li>3r de l&#8217;Escola Santa Maria de Cervell\u00f3 (Cervell\u00f3)<\/li>\n<li>5\u00e8 i 6\u00e8 de l&#8217;Escola el Solell (La Palma de Cervell\u00f3)<\/li>\n<li>3r de l&#8217;Escola Joan Juncadella (Sant Vicen\u00e7 dels Horts)<\/li>\n<li>4t de l&#8217;Escola La Gu\u00e0rdia (Sant Vicen\u00e7 dels Horts)<\/li>\n<li>5\u00e8 de l&#8217;Escola La Vinyala (Sant Vicen\u00e7 dels Horts)<\/li>\n<li>2n i 3r de l&#8217;Escola Mare de D\u00e9u del Roc\u00edo (Sant Vicen\u00e7 dels Horts)<\/li>\n<li>4t de l&#8217;Escola Sant Antoni (Sant Vicen\u00e7 dels Horts)<\/li>\n<li>3r de l&#8217;Escola Sant Jordi (Sant Vicen\u00e7 dels Horts)<\/li>\n<li>4t de l&#8217;Escola Sant Josep (Sant Vicen\u00e7 dels Horts)<\/li>\n<li>3r i 4t de l&#8217;Escola Can Coll (Torrelles de Llobregat)<\/li>\n<li>2n i 4t de l&#8217;Escola Sant Mart\u00ed (Torrelles de Llobregat)<\/li>\n<li>4t de l&#8217;Escola Castella (Barcelona)<\/li>\n<\/ul>\n<ul>\n<li>A l&#8217;<strong>Anna Aguilar<\/strong> per la seva col\u00b7laboraci\u00f3 en l&#8217;adaptaci\u00f3 dels textos.<\/li>\n<li>Al <strong>Rub\u00e9n Blasco<\/strong> per l&#8217;enregistrament en v\u00eddeo de l&#8217;espectacle.<\/li>\n<\/ul>\n<h6>Amb el suport\u00a0de:<\/h6>\n<p><a href=\"http:\/\/serveiseducatius.xtec.cat\/baixllobregat6\/wp-content\/uploads\/usu778\/2016\/05\/logpossantijollibre.png\"><img loading=\"lazy\" decoding=\"async\" class=\"alignnone wp-image-8867\" src=\"http:\/\/serveiseducatius.xtec.cat\/baixllobregat6\/wp-content\/uploads\/usu778\/2016\/05\/logpossantijollibre.png\" alt=\"logpossantijollibre\" width=\"425\" height=\"95\" srcset=\"https:\/\/serveiseducatius.xtec.cat\/baixllobregat6\/wp-content\/uploads\/usu778\/2016\/05\/logpossantijollibre.png 389w, https:\/\/serveiseducatius.xtec.cat\/baixllobregat6\/wp-content\/uploads\/usu778\/2016\/05\/logpossantijollibre-300x66.png 300w\" sizes=\"auto, (max-width: 425px) 100vw, 425px\" \/><\/a><\/p>\n<h6>Amb la col\u00b7laboraci\u00f3 de:<\/h6>\n<p><a href=\"http:\/\/serveiseducatius.xtec.cat\/baixllobregat6\/wp-content\/uploads\/usu778\/2016\/05\/passio.jpg\"><img loading=\"lazy\" decoding=\"async\" class=\"alignnone size-full wp-image-8870\" src=\"http:\/\/serveiseducatius.xtec.cat\/baixllobregat6\/wp-content\/uploads\/usu778\/2016\/05\/passio.jpg\" alt=\"passio\" width=\"150\" height=\"132\" \/><\/a><\/p>\n<p><a href=\"http:\/\/serveiseducatius.xtec.cat\/baixllobregat6\/wp-content\/uploads\/usu778\/2016\/05\/passio.jpg\"><img loading=\"lazy\" decoding=\"async\" class=\"alignnone size-full wp-image-8869\" src=\"http:\/\/serveiseducatius.xtec.cat\/baixllobregat6\/wp-content\/uploads\/usu778\/2016\/05\/escut2012svh.png\" alt=\"escut2012svh\" width=\"246\" height=\"66\" \/><\/a><\/p>\n","protected":false},"excerpt":{"rendered":"<p>XOCOPOP! Amb aquest t\u00edtol el Grup de Mestres de M\u00fasica\u00a0(GMM) del Servei Educatiu Baix Llobregat-6 ens presenten la seva particular adaptaci\u00f3 de l\u2019obra\u00a0Charlie i la f\u00e0brica de xocolata, de Roald Dahl. L\u2019espectacle es va representar el 20 de maig a les 15.00 hores al Teatre de la Passi\u00f3 d\u2019Olesa de Montserrat. Hi van participar m\u00e9s [&hellip;]<\/p>\n","protected":false},"author":1,"featured_media":0,"parent":29851,"menu_order":0,"comment_status":"closed","ping_status":"closed","template":"","meta":{"_bbp_topic_count":0,"_bbp_reply_count":0,"_bbp_total_topic_count":0,"_bbp_total_reply_count":0,"_bbp_voice_count":0,"_bbp_anonymous_reply_count":0,"_bbp_topic_count_hidden":0,"_bbp_reply_count_hidden":0,"_bbp_forum_subforum_count":0,"site-sidebar-layout":"default","site-content-layout":"","ast-site-content-layout":"default","site-content-style":"default","site-sidebar-style":"default","ast-global-header-display":"","ast-banner-title-visibility":"","ast-main-header-display":"","ast-hfb-above-header-display":"","ast-hfb-below-header-display":"","ast-hfb-mobile-header-display":"","site-post-title":"","ast-breadcrumbs-content":"","ast-featured-img":"","footer-sml-layout":"","theme-transparent-header-meta":"","adv-header-id-meta":"","stick-header-meta":"","header-above-stick-meta":"","header-main-stick-meta":"","header-below-stick-meta":"","astra-migrate-meta-layouts":"set","ast-page-background-enabled":"default","ast-page-background-meta":{"desktop":{"background-color":"var(--ast-global-color-4)","background-image":"","background-repeat":"repeat","background-position":"center center","background-size":"auto","background-attachment":"scroll","background-type":"","background-media":"","overlay-type":"","overlay-color":"","overlay-opacity":"","overlay-gradient":""},"tablet":{"background-color":"","background-image":"","background-repeat":"repeat","background-position":"center center","background-size":"auto","background-attachment":"scroll","background-type":"","background-media":"","overlay-type":"","overlay-color":"","overlay-opacity":"","overlay-gradient":""},"mobile":{"background-color":"","background-image":"","background-repeat":"repeat","background-position":"center center","background-size":"auto","background-attachment":"scroll","background-type":"","background-media":"","overlay-type":"","overlay-color":"","overlay-opacity":"","overlay-gradient":""}},"ast-content-background-meta":{"desktop":{"background-color":"var(--ast-global-color-5)","background-image":"","background-repeat":"repeat","background-position":"center center","background-size":"auto","background-attachment":"scroll","background-type":"","background-media":"","overlay-type":"","overlay-color":"","overlay-opacity":"","overlay-gradient":""},"tablet":{"background-color":"var(--ast-global-color-5)","background-image":"","background-repeat":"repeat","background-position":"center center","background-size":"auto","background-attachment":"scroll","background-type":"","background-media":"","overlay-type":"","overlay-color":"","overlay-opacity":"","overlay-gradient":""},"mobile":{"background-color":"var(--ast-global-color-5)","background-image":"","background-repeat":"repeat","background-position":"center center","background-size":"auto","background-attachment":"scroll","background-type":"","background-media":"","overlay-type":"","overlay-color":"","overlay-opacity":"","overlay-gradient":""}},"footnotes":""},"class_list":["post-8637","page","type-page","status-publish","hentry"],"post_mailing_queue_ids":[],"_links":{"self":[{"href":"https:\/\/serveiseducatius.xtec.cat\/baixllobregat6\/wp-json\/wp\/v2\/pages\/8637","targetHints":{"allow":["GET"]}}],"collection":[{"href":"https:\/\/serveiseducatius.xtec.cat\/baixllobregat6\/wp-json\/wp\/v2\/pages"}],"about":[{"href":"https:\/\/serveiseducatius.xtec.cat\/baixllobregat6\/wp-json\/wp\/v2\/types\/page"}],"author":[{"embeddable":true,"href":"https:\/\/serveiseducatius.xtec.cat\/baixllobregat6\/wp-json\/wp\/v2\/users\/1"}],"replies":[{"embeddable":true,"href":"https:\/\/serveiseducatius.xtec.cat\/baixllobregat6\/wp-json\/wp\/v2\/comments?post=8637"}],"version-history":[{"count":3,"href":"https:\/\/serveiseducatius.xtec.cat\/baixllobregat6\/wp-json\/wp\/v2\/pages\/8637\/revisions"}],"predecessor-version":[{"id":29846,"href":"https:\/\/serveiseducatius.xtec.cat\/baixllobregat6\/wp-json\/wp\/v2\/pages\/8637\/revisions\/29846"}],"up":[{"embeddable":true,"href":"https:\/\/serveiseducatius.xtec.cat\/baixllobregat6\/wp-json\/wp\/v2\/pages\/29851"}],"wp:attachment":[{"href":"https:\/\/serveiseducatius.xtec.cat\/baixllobregat6\/wp-json\/wp\/v2\/media?parent=8637"}],"curies":[{"name":"wp","href":"https:\/\/api.w.org\/{rel}","templated":true}]}}