{"id":7990,"date":"2016-03-07T15:49:21","date_gmt":"2016-03-07T14:49:21","guid":{"rendered":"http:\/\/serveiseducatius.xtec.cat\/se-baixllobregat6\/?page_id=7990"},"modified":"2016-03-08T09:12:21","modified_gmt":"2016-03-08T08:12:21","slug":"llegir-ens-ho-dona-tot","status":"publish","type":"page","link":"https:\/\/serveiseducatius.xtec.cat\/baixllobregat6\/magrada-llegir\/llegir-ens-ho-dona-tot\/","title":{"rendered":"Llegir ens ho d\u00f3na tot"},"content":{"rendered":"<p>A Sant Vicen\u00e7 dels Horts s\u2019inicia el projecte\u00a0<b>M\u2019agrada llegir\u00a0<\/b>que t\u00e9 com a\u00a0finalitat fer de la lectura un dels ressorts b\u00e0sics perqu\u00e8 la ciutadania prengui\u00a0part activa en la societat del coneixement.<\/p>\n<div data-blogger-escaped-style=\"border: 0px; font-family: inherit; font-size: 13px; font-style: inherit; font-weight: inherit; line-height: 1.5em; margin: 0px; outline: 0px; padding: 0px 0px 10px; vertical-align: baseline;\">\n<p>Els impulsors d\u2019aquesta campanya considerem que llegir ens aporta, a trav\u00e9s\u00a0del llenguatge escrit, gran part de l\u2019ess\u00e8ncia del pensament hum\u00e0 i que ens\u00a0permet construir el nostre bagatge cultural mitjan\u00e7ant una infinitat de matisos\u00a0que abasten des del fet imaginatiu m\u00e9s inversemblant fins a l\u2019an\u00e0lisi m\u00e9s\u00a0acurada d\u2019una realitat complexa.<\/p>\n<p>I \u00e9s per aix\u00f2 que apel\u00b7lem al teixit social, educatiu, cultural, pol\u00edtic, sindical i\u00a0empresarial del nostre poble a establir els vincles m\u00e9s ferms possibles amb\u00a0les institucions per fer de la lectura un dels estalons de la nostra comunitat\u00a0perqu\u00e8\u00a0<b>llegir ens ho d\u00f3na tot\u00a0<\/b>.<\/p>\n<blockquote><p><b>Ens d\u00f3na pensament i emocions\u00a0<\/b><\/p>\n<p>La lectura d\u2019obres liter\u00e0ries ens fa aprofundir en les passions, el pensament i les\u00a0emocions de l\u2019\u00e9sser hum\u00e0, tant en l\u2019exercici de la interrelaci\u00f3 amb els altres com\u00a0amb la realitat que ens envolta.<\/p>\n<p><b>Ens d\u00f3na informaci\u00f3 i opini\u00f3\u00a0<\/b><\/p>\n<p>La lectura ens ajuda a valorar i a contrastar la informaci\u00f3 que rebem a trav\u00e9s de\u00a0diversos mitjans escrits, ja siguin impresos o digitals, i, per tant, omple de continguts\u00a0i de matisos la nostra opini\u00f3. En general, llegir ens aporta raonaments i arguments, i,\u00a0en conseq\u00fc\u00e8ncia, ens afina l\u2019esperit cr\u00edtic i ens fa m\u00e9s lliures.<\/p>\n<p><b>Ens d\u00f3na habilitats i recursos\u00a0<\/b><\/p>\n<p>La lectura contribueix a millorar les habilitats associades a la compet\u00e8ncia lectora\u00a0com s\u00f3n la comprensi\u00f3, la capacitat de raonament i la mem\u00f2ria, les quals, al seu\u00a0torn, esdevenen recursos d\u2019aprenentatge i comunicatius al nostre servei.<\/p>\n<p><b>Ens d\u00f3na formaci\u00f3 i cultura\u00a0<\/b><\/p>\n<p>La lectura ens proporciona, al llarg de la vida, els coneixements necessaris perqu\u00e8\u00a0adquirim la formaci\u00f3 i el nivell cultural que ens proposem, imprescindibles per al\u00a0desenvolupament personal en el marc de la societat on vivim.<\/p>\n<p><b data-blogger-escaped-style=\"font-family: inherit; font-style: inherit;\">Ens d\u00f3na oportunitats\u00a0<\/b><\/p>\n<p><span style=\"font-family: inherit;\" data-blogger-escaped-style=\"border: 0px; font-family: inherit; font-size: 13px; font-style: inherit; font-weight: inherit; margin: 0px; outline: 0px; padding: 0px; vertical-align: baseline;\">La lectura, sigui quin sigui el nostre punt de partida com a lectors, ens ofereix\u00a0diverses possibilitats d\u2019acc\u00e9s: des de les variades propostes de lectura f\u00e0cil existents\u00a0avui en dia fins a l\u2019\u00fas de nous formats. Alhora, la lectura adaptada proporciona\u00a0l\u2019acc\u00e9s al plaer de llegir i al coneixement a les persones amb discapacitats.<\/span><\/p>\n<p><b data-blogger-escaped-style=\"font-family: inherit; font-style: inherit;\"><br \/>\n<\/b><b data-blogger-escaped-style=\"font-family: inherit; font-style: inherit;\">Ens d\u00f3na m\u00e9s qualitat d\u2019escriptura\u00a0<\/b><\/p>\n<p><span style=\"font-family: inherit;\" data-blogger-escaped-style=\"border: 0px; font-family: inherit; font-size: 13px; font-style: inherit; font-weight: inherit; margin: 0px; outline: 0px; padding: 0px; vertical-align: baseline;\">La lectura no ens fa perdre l\u2019escriptura, ans al contrari: enriqueix l\u2019estil individual amb\u00a0la gran varietat de recursos que els autors despleguen en els seus llibres. La lectura\u00a0atenta ens ajuda a escollir les t\u00e8cniques i els criteris estil\u00edstics que considerem m\u00e9s\u00a0adequats per millorar els nostres textos.<\/span><span style=\"font-family: inherit;\" data-blogger-escaped-style=\"border: 0px; font-family: inherit; font-size: 13px; font-style: inherit; font-weight: inherit; margin: 0px; outline: 0px; padding: 0px; vertical-align: baseline;\"><b><br \/>\n<\/b><\/span><\/p>\n<p><span style=\"font-family: inherit;\" data-blogger-escaped-style=\"border: 0px; font-family: inherit; font-size: 13px; font-style: inherit; font-weight: inherit; margin: 0px; outline: 0px; padding: 0px; vertical-align: baseline;\"><b>Ens d\u00f3na espais d\u2019interrelaci\u00f3 i comunicaci\u00f3\u00a0<\/b><\/span><\/p>\n<p><span style=\"font-family: inherit;\" data-blogger-escaped-style=\"border: 0px; font-family: inherit; font-size: 13px; font-style: inherit; font-weight: inherit; margin: 0px; outline: 0px; padding: 0px; vertical-align: baseline;\">La lectura compartida amb els altres per mitj\u00e0 de clubs de lectura, tert\u00falies, xerrades,\u00a0\u00a0<\/span><span style=\"font-family: inherit;\" data-blogger-escaped-style=\"border: 0px; font-family: inherit; font-size: 13px; font-style: inherit; font-weight: inherit; margin: 0px; outline: 0px; padding: 0px; vertical-align: baseline;\">confer\u00e8ncies&#8230;, ens permet l\u2019intercanvi enriquidor d\u2019opinions i de coneixements, i fa\u00a0\u00a0<\/span><span style=\"font-family: inherit;\" data-blogger-escaped-style=\"border: 0px; font-family: inherit; font-size: 13px; font-style: inherit; font-weight: inherit; margin: 0px; outline: 0px; padding: 0px; vertical-align: baseline;\">possible el contacte directe amb els creadors literaris. Aquestes activitats s\u00f3n\u00a0\u00a0<\/span><span style=\"font-family: inherit;\" data-blogger-escaped-style=\"border: 0px; font-family: inherit; font-size: 13px; font-style: inherit; font-weight: inherit; margin: 0px; outline: 0px; padding: 0px; vertical-align: baseline;\">refor\u00e7ades per la xarxa de biblioteques, sales de lectura i centres educatius.<\/span><\/p><\/blockquote>\n<\/div>\n<div data-blogger-escaped-style=\"border: 0px; font-family: inherit; font-size: 13px; font-style: inherit; font-weight: inherit; line-height: 1.5em; margin: 0px; outline: 0px; padding: 0px 0px 10px; vertical-align: baseline;\">\n<blockquote><p><b>Ens d\u00f3na criteri en l\u2019\u00fas de les tecnologies de la informaci\u00f3 i de la comunicaci\u00f3\u00a0<\/b><\/p>\n<p>La lectura ens aporta criteris en les diverses interaccions que s\u2019estableixen a Internet\u00a0i que s\u2019haurien de fer palesos en el nostre comportament c\u00edvic a les xarxes socials,\u00a0en l\u2019obtenci\u00f3 i tractament de la informaci\u00f3 i en la gesti\u00f3 dels recursos compartits.<\/p>\n<p><b>Ens d\u00f3na implicaci\u00f3 i comprom\u00eds\u00a0<\/b><\/p>\n<p>La lectura ens dota, com a ciutadans, dels elements necessaris que reforcen el\u00a0nostre grau de comprom\u00eds al qual ens obliga la voluntat de progr\u00e9s, de millora i de\u00a0benestar. I, en el m\u00f3n de l\u2019empresa, la promoci\u00f3 de la lectura pot esdevenir un\u00a0centre d\u2019inter\u00e8s en la implicaci\u00f3 volunt\u00e0ria en l\u2019exercici de la seva responsabilitat\u00a0social corporativa.<\/p>\n<p><b>Ens d\u00f3na arrels universals\u00a0<\/b><\/p>\n<p>La lectura \u00e9s una font d\u2019aprenentatge universal que ens obre a la coneixen\u00e7a i a la\u00a0comprensi\u00f3 d\u2019altres formes de vida, costums, cultures, \u00e8tnies, religions&#8230;<\/p><\/blockquote>\n<p><span style=\"font-family: inherit;\" data-blogger-escaped-style=\"border: 0px; font-family: inherit; font-size: 13px; font-style: inherit; font-weight: inherit; margin: 0px; outline: 0px; padding: 0px; vertical-align: baseline;\">Precisament per aix\u00f2, es converteix en un dels fonaments m\u00e9s s\u00f2lids dels valors de\u00a0<\/span><span style=\"font-family: inherit;\" data-blogger-escaped-style=\"border: 0px; font-family: inherit; font-size: 13px; font-style: inherit; font-weight: inherit; margin: 0px; outline: 0px; padding: 0px; vertical-align: baseline;\">la interculturalitat i del multiling\u00fcisme.\u00a0<\/span><\/p>\n<\/div>\n<div data-blogger-escaped-style=\"border: 0px; font-family: inherit; font-size: 13px; font-style: inherit; font-weight: inherit; line-height: 1.5em; margin: 0px; outline: 0px; padding: 0px 0px 10px; vertical-align: baseline;\">\n<p>I com que la lectura \u00e9s un dels tresors substantius m\u00e9s valuosos del nostre\u00a0patrimoni cultural \u2014un tresor que tenim ben a m\u00e0\u2014, llegim tant com puguem,\u00a0llegim sempre que puguem, llegim!<\/p>\n<p>I persona i societat milloraran.<\/p>\n<p>Sant Vicen\u00e7 dels Horts, gener de 2015*<\/p>\n<div data-blogger-escaped-style=\"text-align: center;\">\n<p><a href=\"http:\/\/serveiseducatius.xtec.cat\/se-baixllobregat6\/magrada-llegir\/signa-el-manifest\/\"><span style=\"font-size: x-large;\" data-blogger-escaped-style=\"font-size: large;\"><b>|SIGNA EL MANIFEST|<\/b><\/span><\/a><\/p>\n<\/div>\n<p>__________________________________<\/p>\n<p>*\u00a0\u00a0<span style=\"font-family: inherit;\" data-blogger-escaped-style=\"border: 0px; font-family: inherit; font-size: 13px; font-style: inherit; font-weight: inherit; margin: 0px; outline: 0px; padding: 0px; vertical-align: baseline;\">Text redactat per l\u2019escriptor Jordi Boladeras a partir dels continguts elaborats per Teresa Cabistany, Jordi Dolcet i Antoni Moga, membres de la comissi\u00f3 t\u00e8cnica de la campanya Sant Vicen\u00e7 dels Horts, m\u2019agrada llegir!<\/span><\/p>\n<\/div>\n","protected":false},"excerpt":{"rendered":"<p>A Sant Vicen\u00e7 dels Horts s\u2019inicia el projecte\u00a0M\u2019agrada llegir\u00a0que t\u00e9 com a\u00a0finalitat fer de la lectura un dels ressorts b\u00e0sics perqu\u00e8 la ciutadania prengui\u00a0part activa en la societat del coneixement. Els impulsors d\u2019aquesta campanya considerem que llegir ens aporta, a trav\u00e9s\u00a0del llenguatge escrit, gran part de l\u2019ess\u00e8ncia del pensament hum\u00e0 i que ens\u00a0permet construir el [&hellip;]<\/p>\n","protected":false},"author":1,"featured_media":0,"parent":7996,"menu_order":10,"comment_status":"closed","ping_status":"closed","template":"","meta":{"_bbp_topic_count":0,"_bbp_reply_count":0,"_bbp_total_topic_count":0,"_bbp_total_reply_count":0,"_bbp_voice_count":0,"_bbp_anonymous_reply_count":0,"_bbp_topic_count_hidden":0,"_bbp_reply_count_hidden":0,"_bbp_forum_subforum_count":0,"site-sidebar-layout":"default","site-content-layout":"","ast-site-content-layout":"","site-content-style":"default","site-sidebar-style":"default","ast-global-header-display":"","ast-banner-title-visibility":"","ast-main-header-display":"","ast-hfb-above-header-display":"","ast-hfb-below-header-display":"","ast-hfb-mobile-header-display":"","site-post-title":"","ast-breadcrumbs-content":"","ast-featured-img":"","footer-sml-layout":"","theme-transparent-header-meta":"","adv-header-id-meta":"","stick-header-meta":"","header-above-stick-meta":"","header-main-stick-meta":"","header-below-stick-meta":"","astra-migrate-meta-layouts":"default","ast-page-background-enabled":"default","ast-page-background-meta":{"desktop":{"background-color":"var(--ast-global-color-4)","background-image":"","background-repeat":"repeat","background-position":"center center","background-size":"auto","background-attachment":"scroll","background-type":"","background-media":"","overlay-type":"","overlay-color":"","overlay-opacity":"","overlay-gradient":""},"tablet":{"background-color":"","background-image":"","background-repeat":"repeat","background-position":"center center","background-size":"auto","background-attachment":"scroll","background-type":"","background-media":"","overlay-type":"","overlay-color":"","overlay-opacity":"","overlay-gradient":""},"mobile":{"background-color":"","background-image":"","background-repeat":"repeat","background-position":"center center","background-size":"auto","background-attachment":"scroll","background-type":"","background-media":"","overlay-type":"","overlay-color":"","overlay-opacity":"","overlay-gradient":""}},"ast-content-background-meta":{"desktop":{"background-color":"var(--ast-global-color-5)","background-image":"","background-repeat":"repeat","background-position":"center center","background-size":"auto","background-attachment":"scroll","background-type":"","background-media":"","overlay-type":"","overlay-color":"","overlay-opacity":"","overlay-gradient":""},"tablet":{"background-color":"var(--ast-global-color-5)","background-image":"","background-repeat":"repeat","background-position":"center center","background-size":"auto","background-attachment":"scroll","background-type":"","background-media":"","overlay-type":"","overlay-color":"","overlay-opacity":"","overlay-gradient":""},"mobile":{"background-color":"var(--ast-global-color-5)","background-image":"","background-repeat":"repeat","background-position":"center center","background-size":"auto","background-attachment":"scroll","background-type":"","background-media":"","overlay-type":"","overlay-color":"","overlay-opacity":"","overlay-gradient":""}},"footnotes":""},"class_list":["post-7990","page","type-page","status-publish","hentry"],"post_mailing_queue_ids":[],"_links":{"self":[{"href":"https:\/\/serveiseducatius.xtec.cat\/baixllobregat6\/wp-json\/wp\/v2\/pages\/7990","targetHints":{"allow":["GET"]}}],"collection":[{"href":"https:\/\/serveiseducatius.xtec.cat\/baixllobregat6\/wp-json\/wp\/v2\/pages"}],"about":[{"href":"https:\/\/serveiseducatius.xtec.cat\/baixllobregat6\/wp-json\/wp\/v2\/types\/page"}],"author":[{"embeddable":true,"href":"https:\/\/serveiseducatius.xtec.cat\/baixllobregat6\/wp-json\/wp\/v2\/users\/1"}],"replies":[{"embeddable":true,"href":"https:\/\/serveiseducatius.xtec.cat\/baixllobregat6\/wp-json\/wp\/v2\/comments?post=7990"}],"version-history":[{"count":3,"href":"https:\/\/serveiseducatius.xtec.cat\/baixllobregat6\/wp-json\/wp\/v2\/pages\/7990\/revisions"}],"predecessor-version":[{"id":8015,"href":"https:\/\/serveiseducatius.xtec.cat\/baixllobregat6\/wp-json\/wp\/v2\/pages\/7990\/revisions\/8015"}],"up":[{"embeddable":true,"href":"https:\/\/serveiseducatius.xtec.cat\/baixllobregat6\/wp-json\/wp\/v2\/pages\/7996"}],"wp:attachment":[{"href":"https:\/\/serveiseducatius.xtec.cat\/baixllobregat6\/wp-json\/wp\/v2\/media?parent=7990"}],"curies":[{"name":"wp","href":"https:\/\/api.w.org\/{rel}","templated":true}]}}