{"id":6346,"date":"2016-01-04T10:01:50","date_gmt":"2016-01-04T09:01:50","guid":{"rendered":"http:\/\/serveiseducatius.xtec.cat\/se-baixllobregat6\/?page_id=6346"},"modified":"2016-02-24T13:14:57","modified_gmt":"2016-02-24T12:14:57","slug":"musica-escoltar","status":"publish","type":"page","link":"https:\/\/serveiseducatius.xtec.cat\/baixllobregat6\/ipads-a-laula\/contingut-de-les-carpetes\/musica-escoltar\/","title":{"rendered":"M\u00fasica. Escoltar"},"content":{"rendered":"<p>Apps\u00a0per a treballar conceptes musicals com la\u00a0melodia, el ritme, els acords\u2026<\/p>\n<h5><strong>Instal\u00b7lades<\/strong><\/h5>\n<p><img loading=\"lazy\" decoding=\"async\" class=\" size-full wp-image-6656 alignleft\" src=\"http:\/\/serveiseducatius.xtec.cat\/se-baixllobregat6\/wp-content\/uploads\/usu778\/2016\/01\/noteworks.png\" alt=\"noteworks\" width=\"80\" height=\"80\" \/><a href=\"https:\/\/itunes.apple.com\/us\/app\/noteworks-music-theory-note\/id546003758?mt=8\" target=\"_blank\"><strong>NoteWorks<\/strong><\/a><\/p>\n<p>Noteworks ens permet repassar de manera l\u00fadica el nom de les notes i agilitzar la lectura a vista.<br \/>\nLa possibilitat d&#8217;escollir el tipus de nomenclatura o fins i tot teclat, diferents velocitats i opci\u00f3 de tenir ajuda fa que es converteixi en una app molt interessant ja que respecta el ritme individual de cada alumne.<\/p>\n<p><img loading=\"lazy\" decoding=\"async\" class=\" size-full wp-image-6655 alignleft\" src=\"http:\/\/serveiseducatius.xtec.cat\/se-baixllobregat6\/wp-content\/uploads\/usu778\/2016\/01\/kinito.jpeg\" alt=\"kinito\" width=\"80\" height=\"80\" \/><a href=\"https:\/\/itunes.apple.com\/es\/app\/kinito-music-puzzle\/id658828078?mt=8\" target=\"_blank\"><strong>Kinito Music<\/strong><\/a><\/p>\n<p>Kinito Music Puzzle \u00e9s una aplicaci\u00f3 que ajuda els nens a familiaritzar-se amb les melodies m\u00e9s conegudes de la m\u00fasica cl\u00e0ssica. Un puzle musical de quaranta obres mestres. Les melodies apareixen dividides en peces desordenades que cal col\u00b7locar en ordre correcte per tal de poder sentir-la.<\/p>\n<p><img loading=\"lazy\" decoding=\"async\" class=\" size-full wp-image-6657 alignleft\" src=\"http:\/\/serveiseducatius.xtec.cat\/se-baixllobregat6\/wp-content\/uploads\/usu778\/2016\/01\/peekaboo-orchestra.png\" alt=\"peekaboo orchestra\" width=\"80\" height=\"80\" \/><a href=\"https:\/\/itunes.apple.com\/us\/app\/peekaboo-orchestra-hd-lite\/id587956908?mt=8\" target=\"_blank\"><strong>Peekaboo Orchestra Lite<\/strong><\/a><\/p>\n<p>Peekaboo orchestra \u00e9s una senzilla app per treballar els instruments. Endevines quin instrument sona? si \u00e9s aix\u00ed obre la cortina i descobrir\u00e0s quin \u00e9s, aprenent tamb\u00e9 el seu nom en angl\u00e8s.<\/p>\n<h5><strong>Altres recomanacions<\/strong><\/h5>\n<p><img loading=\"lazy\" decoding=\"async\" class=\" size-full wp-image-6658 alignleft\" src=\"http:\/\/serveiseducatius.xtec.cat\/se-baixllobregat6\/wp-content\/uploads\/usu778\/2016\/01\/playpad.jpeg\" alt=\"playpad\" width=\"80\" height=\"80\" \/><a href=\"https:\/\/itunes.apple.com\/us\/app\/playpad.-music-theory-stave\/id551346686?mt=8\" target=\"_blank\"><strong>Playpad<\/strong><\/a><\/p>\n<p>Playpad \u00e9s un pentagrama interactiu molt \u00fatil que ofereix l&#8217;opci\u00f3 d&#8217;escoltar com sonen les diferents l\u00ednies i espais. Tamb\u00e9 permet canviar clau de sol o clau de fa i veure la notaci\u00f3.<br \/>\nPodem arribar a utilitzar-lo com un instrument i interpretar can\u00e7ons.<\/p>\n<p><img loading=\"lazy\" decoding=\"async\" class=\" size-full wp-image-6654 alignleft\" src=\"http:\/\/serveiseducatius.xtec.cat\/se-baixllobregat6\/wp-content\/uploads\/usu778\/2016\/01\/eardwizar.jpeg\" alt=\"eardwizar\" width=\"80\" height=\"80\" \/><a href=\"https:\/\/itunes.apple.com\/us\/app\/earwizard\/id599466971?mt=8\" target=\"_blank\"><strong>EarWizard<\/strong><\/a><\/p>\n<p>EarWizard \u00e9s un joc d&#8217;imitacio tipus Simon per\u00f2 amb l&#8217;avantatge de treballar amb acords. Ideal per introduir-nos en les seves sonoritats i poc a poc anar incrementant la dificultat.<\/p>\n","protected":false},"excerpt":{"rendered":"<p>Apps\u00a0per a treballar conceptes musicals com la\u00a0melodia, el ritme, els acords\u2026 Instal\u00b7lades NoteWorks Noteworks ens permet repassar de manera l\u00fadica el nom de les notes i agilitzar la lectura a vista. La possibilitat d&#8217;escollir el tipus de nomenclatura o fins i tot teclat, diferents velocitats i opci\u00f3 de tenir ajuda fa que es converteixi en [&hellip;]<\/p>\n","protected":false},"author":1,"featured_media":0,"parent":6319,"menu_order":0,"comment_status":"closed","ping_status":"closed","template":"page-templates\/side-menu.php","meta":{"_bbp_topic_count":0,"_bbp_reply_count":0,"_bbp_total_topic_count":0,"_bbp_total_reply_count":0,"_bbp_voice_count":0,"_bbp_anonymous_reply_count":0,"_bbp_topic_count_hidden":0,"_bbp_reply_count_hidden":0,"_bbp_forum_subforum_count":0,"site-sidebar-layout":"default","site-content-layout":"","ast-site-content-layout":"","site-content-style":"default","site-sidebar-style":"default","ast-global-header-display":"","ast-banner-title-visibility":"","ast-main-header-display":"","ast-hfb-above-header-display":"","ast-hfb-below-header-display":"","ast-hfb-mobile-header-display":"","site-post-title":"","ast-breadcrumbs-content":"","ast-featured-img":"","footer-sml-layout":"","theme-transparent-header-meta":"","adv-header-id-meta":"","stick-header-meta":"","header-above-stick-meta":"","header-main-stick-meta":"","header-below-stick-meta":"","astra-migrate-meta-layouts":"default","ast-page-background-enabled":"default","ast-page-background-meta":{"desktop":{"background-color":"var(--ast-global-color-4)","background-image":"","background-repeat":"repeat","background-position":"center center","background-size":"auto","background-attachment":"scroll","background-type":"","background-media":"","overlay-type":"","overlay-color":"","overlay-opacity":"","overlay-gradient":""},"tablet":{"background-color":"","background-image":"","background-repeat":"repeat","background-position":"center center","background-size":"auto","background-attachment":"scroll","background-type":"","background-media":"","overlay-type":"","overlay-color":"","overlay-opacity":"","overlay-gradient":""},"mobile":{"background-color":"","background-image":"","background-repeat":"repeat","background-position":"center center","background-size":"auto","background-attachment":"scroll","background-type":"","background-media":"","overlay-type":"","overlay-color":"","overlay-opacity":"","overlay-gradient":""}},"ast-content-background-meta":{"desktop":{"background-color":"var(--ast-global-color-5)","background-image":"","background-repeat":"repeat","background-position":"center center","background-size":"auto","background-attachment":"scroll","background-type":"","background-media":"","overlay-type":"","overlay-color":"","overlay-opacity":"","overlay-gradient":""},"tablet":{"background-color":"var(--ast-global-color-5)","background-image":"","background-repeat":"repeat","background-position":"center center","background-size":"auto","background-attachment":"scroll","background-type":"","background-media":"","overlay-type":"","overlay-color":"","overlay-opacity":"","overlay-gradient":""},"mobile":{"background-color":"var(--ast-global-color-5)","background-image":"","background-repeat":"repeat","background-position":"center center","background-size":"auto","background-attachment":"scroll","background-type":"","background-media":"","overlay-type":"","overlay-color":"","overlay-opacity":"","overlay-gradient":""}},"footnotes":""},"class_list":["post-6346","page","type-page","status-publish","hentry"],"post_mailing_queue_ids":[],"_links":{"self":[{"href":"https:\/\/serveiseducatius.xtec.cat\/baixllobregat6\/wp-json\/wp\/v2\/pages\/6346","targetHints":{"allow":["GET"]}}],"collection":[{"href":"https:\/\/serveiseducatius.xtec.cat\/baixllobregat6\/wp-json\/wp\/v2\/pages"}],"about":[{"href":"https:\/\/serveiseducatius.xtec.cat\/baixllobregat6\/wp-json\/wp\/v2\/types\/page"}],"author":[{"embeddable":true,"href":"https:\/\/serveiseducatius.xtec.cat\/baixllobregat6\/wp-json\/wp\/v2\/users\/1"}],"replies":[{"embeddable":true,"href":"https:\/\/serveiseducatius.xtec.cat\/baixllobregat6\/wp-json\/wp\/v2\/comments?post=6346"}],"version-history":[{"count":3,"href":"https:\/\/serveiseducatius.xtec.cat\/baixllobregat6\/wp-json\/wp\/v2\/pages\/6346\/revisions"}],"predecessor-version":[{"id":6753,"href":"https:\/\/serveiseducatius.xtec.cat\/baixllobregat6\/wp-json\/wp\/v2\/pages\/6346\/revisions\/6753"}],"up":[{"embeddable":true,"href":"https:\/\/serveiseducatius.xtec.cat\/baixllobregat6\/wp-json\/wp\/v2\/pages\/6319"}],"wp:attachment":[{"href":"https:\/\/serveiseducatius.xtec.cat\/baixllobregat6\/wp-json\/wp\/v2\/media?parent=6346"}],"curies":[{"name":"wp","href":"https:\/\/api.w.org\/{rel}","templated":true}]}}