{"id":6344,"date":"2016-01-04T10:01:25","date_gmt":"2016-01-04T09:01:25","guid":{"rendered":"http:\/\/serveiseducatius.xtec.cat\/se-baixllobregat6\/?page_id=6344"},"modified":"2016-02-24T13:14:57","modified_gmt":"2016-02-24T12:14:57","slug":"musica-crear","status":"publish","type":"page","link":"https:\/\/serveiseducatius.xtec.cat\/baixllobregat6\/ipads-a-laula\/contingut-de-les-carpetes\/musica-crear\/","title":{"rendered":"M\u00fasica. Crear"},"content":{"rendered":"<p>Apps que estimulen la creaci\u00f3 musical.<\/p>\n<h5><strong>Instal\u00b7lades<\/strong><\/h5>\n<p><img loading=\"lazy\" decoding=\"async\" class=\" size-full wp-image-6677 alignleft\" src=\"http:\/\/serveiseducatius.xtec.cat\/se-baixllobregat6\/wp-content\/uploads\/usu778\/2016\/01\/garageband.png\" alt=\"garageband\" width=\"80\" height=\"80\" \/><a href=\"https:\/\/itunes.apple.com\/us\/app\/garageband\/id408709785?mt=8\" target=\"_blank\"><strong>GarageBand<\/strong><\/a><\/p>\n<p>Estudi de gravaci\u00f3 virtual amb una col\u00b7lecci\u00f3 d&#8217;instruments t\u00e0ctils desenvolupat per Apple Computer. L&#8217;usuari pot tocar, mesclar, enregistrar i compartir sense necessitat de tenir nocions de composici\u00f3.<\/p>\n<p><img loading=\"lazy\" decoding=\"async\" class=\" size-full wp-image-6682 alignleft\" src=\"http:\/\/serveiseducatius.xtec.cat\/se-baixllobregat6\/wp-content\/uploads\/usu778\/2016\/01\/TuneTrain.jpeg\" alt=\"TuneTrain\" width=\"80\" height=\"80\" \/><a href=\"https:\/\/itunes.apple.com\/us\/app\/tunetrain\/id702713073?mt=8\" target=\"_blank\"><strong>TuneTrain<\/strong><\/a><\/p>\n<p>Aplicaci\u00f3 per apropar la composici\u00f3 musical als m\u00e9s petits. TuneTrain proposa una interf\u00edcie interactiva per composar melodies.<\/p>\n<p><img loading=\"lazy\" decoding=\"async\" class=\" size-full wp-image-6681 alignleft\" src=\"http:\/\/serveiseducatius.xtec.cat\/se-baixllobregat6\/wp-content\/uploads\/usu778\/2016\/01\/tocroll.jpeg\" alt=\"tocroll\" width=\"80\" height=\"80\" \/><a href=\"https:\/\/itunes.apple.com\/es\/app\/toc-and-roll\/id792034886?mt=8\" target=\"_blank\"><strong>Toc &amp; Roll<\/strong><\/a><\/p>\n<p>Toc and Roll seria el s\u00edmil de l&#8217;app GarageBand per a nens i nenes. Aquests podran crear les seves can\u00e7ons combinant m\u00e9s de 1000 loops gravats d&#8217;instruments originals. Tamb\u00e9 permet fer enregistraments o afegir efectes.<\/p>\n<h5><strong>Altres recomanacions<\/strong><\/h5>\n<p><img loading=\"lazy\" decoding=\"async\" class=\" size-full wp-image-6679 alignleft\" src=\"http:\/\/serveiseducatius.xtec.cat\/se-baixllobregat6\/wp-content\/uploads\/usu778\/2016\/01\/Musyc.jpeg\" alt=\"Musyc\" width=\"80\" height=\"80\" \/><a href=\"https:\/\/itunes.apple.com\/us\/app\/musyc\/id489836689?mt=8\" target=\"_blank\"><strong>Musyc<\/strong><\/a><\/p>\n<p>Musyc \u00e9s una aplicaci\u00f3 que permet tocar m\u00fasica d\u2019una manera diferent. Enlloc d\u2019utilitzar teclats i partitures, dibuixem figures i escoltem can\u00e7ons mentre veiem com els objectes es mouen i reboten a la pantalla generant sons i melodia amb el seu moviment gravitacional.<\/p>\n<p><img loading=\"lazy\" decoding=\"async\" class=\" size-full wp-image-6680 alignleft\" src=\"http:\/\/serveiseducatius.xtec.cat\/se-baixllobregat6\/wp-content\/uploads\/usu778\/2016\/01\/StarComposer.jpeg\" alt=\"StarComposer\" width=\"80\" height=\"80\" \/><a href=\"https:\/\/itunes.apple.com\/us\/app\/starcomposer\/id670221315?mt=8\" target=\"_blank\"><strong>StarComposer<\/strong><\/a><\/p>\n<p>App molt creativa que permet acostar-nos a la composici\u00f3 a trav\u00e9s de sons. Interactuant i manipulant diferents elements, jugant amb la posici\u00f3 i la repetici\u00f3 podrem crear veritables composicions de m\u00fasica concreta.<\/p>\n<p><img loading=\"lazy\" decoding=\"async\" class=\" size-full wp-image-6678 alignleft\" src=\"http:\/\/serveiseducatius.xtec.cat\/se-baixllobregat6\/wp-content\/uploads\/usu778\/2016\/01\/JellyBand.jpeg\" alt=\"JellyBand\" width=\"80\" height=\"80\" \/><a href=\"https:\/\/itunes.apple.com\/us\/app\/jelly-band\/id481589020?mt=8\" target=\"_blank\"><strong>Jelly Band<\/strong><\/a><\/p>\n<p>Jelly band permet composar can\u00e7ons de forma molt senzilla. Tria quin instrument poses o treus de l&#8217;escenari per a anar creant la teva can\u00e7\u00f3. Cada instrument interpreta un loop que anir\u00e0 repetint a mode d&#8217;obstinat fins que no surti de l&#8217;escenari. L&#8217;app permet enregistrar i desar el teu tema musical.<\/p>\n","protected":false},"excerpt":{"rendered":"<p>Apps que estimulen la creaci\u00f3 musical. Instal\u00b7lades GarageBand Estudi de gravaci\u00f3 virtual amb una col\u00b7lecci\u00f3 d&#8217;instruments t\u00e0ctils desenvolupat per Apple Computer. L&#8217;usuari pot tocar, mesclar, enregistrar i compartir sense necessitat de tenir nocions de composici\u00f3. TuneTrain Aplicaci\u00f3 per apropar la composici\u00f3 musical als m\u00e9s petits. TuneTrain proposa una interf\u00edcie interactiva per composar melodies. Toc &amp; [&hellip;]<\/p>\n","protected":false},"author":1,"featured_media":0,"parent":6319,"menu_order":0,"comment_status":"closed","ping_status":"closed","template":"page-templates\/side-menu.php","meta":{"_bbp_topic_count":0,"_bbp_reply_count":0,"_bbp_total_topic_count":0,"_bbp_total_reply_count":0,"_bbp_voice_count":0,"_bbp_anonymous_reply_count":0,"_bbp_topic_count_hidden":0,"_bbp_reply_count_hidden":0,"_bbp_forum_subforum_count":0,"site-sidebar-layout":"default","site-content-layout":"","ast-site-content-layout":"","site-content-style":"default","site-sidebar-style":"default","ast-global-header-display":"","ast-banner-title-visibility":"","ast-main-header-display":"","ast-hfb-above-header-display":"","ast-hfb-below-header-display":"","ast-hfb-mobile-header-display":"","site-post-title":"","ast-breadcrumbs-content":"","ast-featured-img":"","footer-sml-layout":"","theme-transparent-header-meta":"","adv-header-id-meta":"","stick-header-meta":"","header-above-stick-meta":"","header-main-stick-meta":"","header-below-stick-meta":"","astra-migrate-meta-layouts":"default","ast-page-background-enabled":"default","ast-page-background-meta":{"desktop":{"background-color":"var(--ast-global-color-4)","background-image":"","background-repeat":"repeat","background-position":"center center","background-size":"auto","background-attachment":"scroll","background-type":"","background-media":"","overlay-type":"","overlay-color":"","overlay-opacity":"","overlay-gradient":""},"tablet":{"background-color":"","background-image":"","background-repeat":"repeat","background-position":"center center","background-size":"auto","background-attachment":"scroll","background-type":"","background-media":"","overlay-type":"","overlay-color":"","overlay-opacity":"","overlay-gradient":""},"mobile":{"background-color":"","background-image":"","background-repeat":"repeat","background-position":"center center","background-size":"auto","background-attachment":"scroll","background-type":"","background-media":"","overlay-type":"","overlay-color":"","overlay-opacity":"","overlay-gradient":""}},"ast-content-background-meta":{"desktop":{"background-color":"var(--ast-global-color-5)","background-image":"","background-repeat":"repeat","background-position":"center center","background-size":"auto","background-attachment":"scroll","background-type":"","background-media":"","overlay-type":"","overlay-color":"","overlay-opacity":"","overlay-gradient":""},"tablet":{"background-color":"var(--ast-global-color-5)","background-image":"","background-repeat":"repeat","background-position":"center center","background-size":"auto","background-attachment":"scroll","background-type":"","background-media":"","overlay-type":"","overlay-color":"","overlay-opacity":"","overlay-gradient":""},"mobile":{"background-color":"var(--ast-global-color-5)","background-image":"","background-repeat":"repeat","background-position":"center center","background-size":"auto","background-attachment":"scroll","background-type":"","background-media":"","overlay-type":"","overlay-color":"","overlay-opacity":"","overlay-gradient":""}},"footnotes":""},"class_list":["post-6344","page","type-page","status-publish","hentry"],"post_mailing_queue_ids":[],"_links":{"self":[{"href":"https:\/\/serveiseducatius.xtec.cat\/baixllobregat6\/wp-json\/wp\/v2\/pages\/6344","targetHints":{"allow":["GET"]}}],"collection":[{"href":"https:\/\/serveiseducatius.xtec.cat\/baixllobregat6\/wp-json\/wp\/v2\/pages"}],"about":[{"href":"https:\/\/serveiseducatius.xtec.cat\/baixllobregat6\/wp-json\/wp\/v2\/types\/page"}],"author":[{"embeddable":true,"href":"https:\/\/serveiseducatius.xtec.cat\/baixllobregat6\/wp-json\/wp\/v2\/users\/1"}],"replies":[{"embeddable":true,"href":"https:\/\/serveiseducatius.xtec.cat\/baixllobregat6\/wp-json\/wp\/v2\/comments?post=6344"}],"version-history":[{"count":3,"href":"https:\/\/serveiseducatius.xtec.cat\/baixllobregat6\/wp-json\/wp\/v2\/pages\/6344\/revisions"}],"predecessor-version":[{"id":6752,"href":"https:\/\/serveiseducatius.xtec.cat\/baixllobregat6\/wp-json\/wp\/v2\/pages\/6344\/revisions\/6752"}],"up":[{"embeddable":true,"href":"https:\/\/serveiseducatius.xtec.cat\/baixllobregat6\/wp-json\/wp\/v2\/pages\/6319"}],"wp:attachment":[{"href":"https:\/\/serveiseducatius.xtec.cat\/baixllobregat6\/wp-json\/wp\/v2\/media?parent=6344"}],"curies":[{"name":"wp","href":"https:\/\/api.w.org\/{rel}","templated":true}]}}