{"id":5944,"date":"2015-12-20T20:22:20","date_gmt":"2015-12-20T19:22:20","guid":{"rendered":"http:\/\/serveiseducatius.xtec.cat\/se-baixllobregat6\/?page_id=5944"},"modified":"2015-12-21T12:24:04","modified_gmt":"2015-12-21T11:24:04","slug":"bancs-de-recursos","status":"publish","type":"page","link":"https:\/\/serveiseducatius.xtec.cat\/baixllobregat6\/plc\/bancs-de-recursos\/","title":{"rendered":"Bancs de recursos"},"content":{"rendered":"<p>Selecci\u00f3 de bans d&#8217;imatges, de m\u00fasica i de sons lliures de drets o amb unes m\u00ednimes restriccions.<\/p>\n<p>Les imatges i els sons us poden ser \u00fatils per a l&#8217;elaboraci\u00f3 dels objectes audiovisuals que elaboreu.<\/p>\n<h4>1. Bancs d&#8217;imatges<\/h4>\n<ul>\n<li><strong>Cercador d&#8217;imatges en portals que tinguin la llic\u00e8ncia de CreativeCommons<\/strong> (<a href=\"http:\/\/search.creativecommons.org\/\" target=\"_blank\">http:\/\/search.creativecommons.org\/<\/a>)<\/li>\n<li><strong>Freeimages<\/strong> (<a href=\"http:\/\/www.freeimages.com\/image\" target=\"_blank\">http:\/\/www.freeimages.com\/image<\/a>)<\/li>\n<li><strong>Freepik<\/strong> (<a href=\"http:\/\/www.freepik.com\/\" target=\"_blank\">http:\/\/www.freepik.com\/<\/a>)<\/li>\n<li><strong>Gratisography<\/strong> (<a href=\"http:\/\/www.gratisography.com\/\" target=\"_blank\">http:\/\/www.gratisography.com\/<\/a>)<\/li>\n<li><strong>MorgueFile<\/strong> (<a href=\"http:\/\/www.morguefile.com\/archive\" target=\"_blank\">http:\/\/www.morguefile.com\/archive<\/a>)<\/li>\n<li><strong>OpenPhoto<\/strong> (<a href=\"http:\/\/openphoto.net\/\" target=\"_blank\">http:\/\/openphoto.net\/<\/a>)<\/li>\n<li><strong>Stockvault<\/strong> (<a href=\"http:\/\/www.stockvault.net\/\" target=\"_blank\">http:\/\/www.stockvault.net\/<\/a>)<\/li>\n<\/ul>\n<h4>2. Bancs de m\u00fasica<\/h4>\n<ul>\n<li><strong>Free Music Archive<\/strong> (<a href=\"http:\/\/freemusicarchive.org\/\" target=\"_blank\">http:\/\/freemusicarchive.org\/<\/a>)<\/li>\n<li><strong>Jamendo<\/strong> (<a href=\"https:\/\/www.jamendo.com\/es\/\" target=\"_blank\">https:\/\/www.jamendo.com\/es\/<\/a>)<\/li>\n<li><strong>Sound Cloud<\/strong> (<a href=\"https:\/\/soundcloud.com\/\" target=\"_blank\">https:\/\/soundcloud.com\/<\/a>)<\/li>\n<li><strong>Vimeo Music Store<\/strong> (<a href=\"https:\/\/vimeo.com\/musicstore\" target=\"_blank\">https:\/\/vimeo.com\/musicstore<\/a>)<\/li>\n<li><strong>Youtube Audio Library<\/strong> (<a href=\"https:\/\/www.youtube.com\/audiolibrary\/music\" target=\"_blank\">https:\/\/www.youtube.com\/audiolibrary\/music<\/a>)<\/li>\n<\/ul>\n<h4>3. Bancs de sons<\/h4>\n<ul>\n<li><strong>Biblioteca de sons de la XTEC<\/strong> (<a href=\"http:\/\/xtec.gencat.cat\/ca\/recursos\/media\/radio\/biblioteca\/\" target=\"_blank\">http:\/\/xtec.gencat.cat\/ca\/recursos\/media\/radio\/biblioteca\/<\/a>)<\/li>\n<\/ul>\n","protected":false},"excerpt":{"rendered":"<p>Selecci\u00f3 de bans d&#8217;imatges, de m\u00fasica i de sons lliures de drets o amb unes m\u00ednimes restriccions. Les imatges i els sons us poden ser \u00fatils per a l&#8217;elaboraci\u00f3 dels objectes audiovisuals que elaboreu. 1. Bancs d&#8217;imatges Cercador d&#8217;imatges en portals que tinguin la llic\u00e8ncia de CreativeCommons (http:\/\/search.creativecommons.org\/) Freeimages (http:\/\/www.freeimages.com\/image) Freepik (http:\/\/www.freepik.com\/) Gratisography (http:\/\/www.gratisography.com\/) MorgueFile [&hellip;]<\/p>\n","protected":false},"author":1,"featured_media":0,"parent":5913,"menu_order":19,"comment_status":"closed","ping_status":"closed","template":"","meta":{"_bbp_topic_count":0,"_bbp_reply_count":0,"_bbp_total_topic_count":0,"_bbp_total_reply_count":0,"_bbp_voice_count":0,"_bbp_anonymous_reply_count":0,"_bbp_topic_count_hidden":0,"_bbp_reply_count_hidden":0,"_bbp_forum_subforum_count":0,"site-sidebar-layout":"default","site-content-layout":"","ast-site-content-layout":"","site-content-style":"default","site-sidebar-style":"default","ast-global-header-display":"","ast-banner-title-visibility":"","ast-main-header-display":"","ast-hfb-above-header-display":"","ast-hfb-below-header-display":"","ast-hfb-mobile-header-display":"","site-post-title":"","ast-breadcrumbs-content":"","ast-featured-img":"","footer-sml-layout":"","theme-transparent-header-meta":"","adv-header-id-meta":"","stick-header-meta":"","header-above-stick-meta":"","header-main-stick-meta":"","header-below-stick-meta":"","astra-migrate-meta-layouts":"default","ast-page-background-enabled":"default","ast-page-background-meta":{"desktop":{"background-color":"var(--ast-global-color-4)","background-image":"","background-repeat":"repeat","background-position":"center center","background-size":"auto","background-attachment":"scroll","background-type":"","background-media":"","overlay-type":"","overlay-color":"","overlay-opacity":"","overlay-gradient":""},"tablet":{"background-color":"","background-image":"","background-repeat":"repeat","background-position":"center center","background-size":"auto","background-attachment":"scroll","background-type":"","background-media":"","overlay-type":"","overlay-color":"","overlay-opacity":"","overlay-gradient":""},"mobile":{"background-color":"","background-image":"","background-repeat":"repeat","background-position":"center center","background-size":"auto","background-attachment":"scroll","background-type":"","background-media":"","overlay-type":"","overlay-color":"","overlay-opacity":"","overlay-gradient":""}},"ast-content-background-meta":{"desktop":{"background-color":"var(--ast-global-color-5)","background-image":"","background-repeat":"repeat","background-position":"center center","background-size":"auto","background-attachment":"scroll","background-type":"","background-media":"","overlay-type":"","overlay-color":"","overlay-opacity":"","overlay-gradient":""},"tablet":{"background-color":"var(--ast-global-color-5)","background-image":"","background-repeat":"repeat","background-position":"center center","background-size":"auto","background-attachment":"scroll","background-type":"","background-media":"","overlay-type":"","overlay-color":"","overlay-opacity":"","overlay-gradient":""},"mobile":{"background-color":"var(--ast-global-color-5)","background-image":"","background-repeat":"repeat","background-position":"center center","background-size":"auto","background-attachment":"scroll","background-type":"","background-media":"","overlay-type":"","overlay-color":"","overlay-opacity":"","overlay-gradient":""}},"footnotes":""},"class_list":["post-5944","page","type-page","status-publish","hentry"],"post_mailing_queue_ids":[],"_links":{"self":[{"href":"https:\/\/serveiseducatius.xtec.cat\/baixllobregat6\/wp-json\/wp\/v2\/pages\/5944","targetHints":{"allow":["GET"]}}],"collection":[{"href":"https:\/\/serveiseducatius.xtec.cat\/baixllobregat6\/wp-json\/wp\/v2\/pages"}],"about":[{"href":"https:\/\/serveiseducatius.xtec.cat\/baixllobregat6\/wp-json\/wp\/v2\/types\/page"}],"author":[{"embeddable":true,"href":"https:\/\/serveiseducatius.xtec.cat\/baixllobregat6\/wp-json\/wp\/v2\/users\/1"}],"replies":[{"embeddable":true,"href":"https:\/\/serveiseducatius.xtec.cat\/baixllobregat6\/wp-json\/wp\/v2\/comments?post=5944"}],"version-history":[{"count":2,"href":"https:\/\/serveiseducatius.xtec.cat\/baixllobregat6\/wp-json\/wp\/v2\/pages\/5944\/revisions"}],"predecessor-version":[{"id":5993,"href":"https:\/\/serveiseducatius.xtec.cat\/baixllobregat6\/wp-json\/wp\/v2\/pages\/5944\/revisions\/5993"}],"up":[{"embeddable":true,"href":"https:\/\/serveiseducatius.xtec.cat\/baixllobregat6\/wp-json\/wp\/v2\/pages\/5913"}],"wp:attachment":[{"href":"https:\/\/serveiseducatius.xtec.cat\/baixllobregat6\/wp-json\/wp\/v2\/media?parent=5944"}],"curies":[{"name":"wp","href":"https:\/\/api.w.org\/{rel}","templated":true}]}}