{"id":5913,"date":"2015-12-20T19:55:03","date_gmt":"2015-12-20T18:55:03","guid":{"rendered":"http:\/\/serveiseducatius.xtec.cat\/se-baixllobregat6\/?page_id=5913"},"modified":"2018-06-14T12:17:25","modified_gmt":"2018-06-14T10:17:25","slug":"plc","status":"publish","type":"page","link":"https:\/\/serveiseducatius.xtec.cat\/baixllobregat6\/plc\/","title":{"rendered":"Projecte de Lectura en Com\u00fa"},"content":{"rendered":"<p>En el marc del\u00a0<strong>Pla Educatiu d&#8217;Entorn<\/strong> de Sant Vicen\u00e7 dels Horts els alumnes de cinqu\u00e8 de les escoles\u00a0de prim\u00e0ria (p\u00fabliques i concertades) de la poblaci\u00f3 llegeixen un llibre com\u00fa per a tothom.\u00a0Des del Servei Educatiu Baix Llobregat-6 es fa una proposta de lectura que els centres incorporen a les lectures prescriptives del curs i sobre el qual es fan les activitats que el centre consideri necess\u00e0ries.<\/p>\n<p>Des de la coordinaci\u00f3 del projecte se&#8217;n proposen dues:<\/p>\n<ul>\n<li>La <strong>conversa liter\u00e0ria<\/strong> segons el model d&#8217;Aidan Chambers.<\/li>\n<li>La realitzaci\u00f3 de <strong>booktr\u00e0ilers<\/strong>.<\/li>\n<\/ul>\n<p>L&#8217;activitat es tanca amb\u00a0una trobada de l&#8217;autor\/a amb les escoles participants.<\/p>\n<p>Amb aquesta activitat es pret\u00e9n que els alumnes participants en l&#8217;activitat accedeixin a obres de literatura infantil de qualitat, de manera que aquestes esdevinguin la base de l&#8217;educaci\u00f3 liter\u00e0ria del centre.<\/p>\n<p>Aquesta activitat est\u00e0 coordinada des del servei educatiu i compta amb la col\u00b7laboraci\u00f3 de la <strong><a href=\"http:\/\/www.lletrescatalanes.cat\/ca\/\" target=\"_blank\" rel=\"noopener noreferrer\">Instituci\u00f3 de les Lletres Catalanes<\/a>\u00a0<\/strong>i\u00a0de l&#8217;<strong><a href=\"http:\/\/www.svh.cat\" target=\"_blank\" rel=\"noopener noreferrer\">Ajuntament de Sant Vicen\u00e7 dels Horts<\/a><\/strong>.<\/p>\n<h5>Reportatges<\/h5>\n<blockquote>\n<h6><a href=\"http:\/\/serveiseducatius.xtec.cat\/baixllobregat6\/dinamitzacio\/un-peto-de-mandarina\/visita-de-leulalia-canal-a-les-escoles-de-sant-vicenc-dels-horts-curs-2015-2016\/\">Curs 2015 &#8211; 2106<\/a><\/h6>\n<h6><a href=\"http:\/\/serveiseducatius.xtec.cat\/baixllobregat6\/portada\/eulalia-canal-parla-de-la-feina-descriptora-amb-els-alumnes-de-5e-de-sant-vicenc-dels-horts\/\">Curs 2016 &#8211; 2017<\/a><\/h6>\n<h6><a href=\"http:\/\/serveiseducatius.xtec.cat\/baixllobregat6\/portada\/les-escoles-de-sant-vicenc-dels-horts-han-parlat-amb-leulalia-canal-del-llibre-un-peto-de-mandarina\/\">Curs 2017 &#8211; 2018<\/a><\/h6>\n<\/blockquote>\n<p>&nbsp;<\/p>\n<p>Amb la col\u00b7laboraci\u00f3 de:<\/p>\n<p><a href=\"http:\/\/serveiseducatius.xtec.cat\/se-baixllobregat6\/wp-content\/uploads\/usu778\/2015\/12\/logos1.png\"><img loading=\"lazy\" decoding=\"async\" class=\" wp-image-13635 alignleft\" src=\"http:\/\/serveiseducatius.xtec.cat\/baixllobregat6\/wp-content\/uploads\/usu778\/2015\/12\/ilc.png\" alt=\"\" width=\"212\" height=\"69\" \/>\u00a0<img loading=\"lazy\" decoding=\"async\" class=\"size-full wp-image-12888 alignleft\" src=\"http:\/\/serveiseducatius.xtec.cat\/baixllobregat6\/wp-content\/uploads\/usu778\/2015\/12\/escut2012-copia.png\" alt=\"\" width=\"246\" height=\"66\" \/><\/a><\/p>\n<p>&nbsp;<\/p>\n<p>&nbsp;<\/p>\n","protected":false},"excerpt":{"rendered":"<p>En el marc del\u00a0Pla Educatiu d&#8217;Entorn de Sant Vicen\u00e7 dels Horts els alumnes de cinqu\u00e8 de les escoles\u00a0de prim\u00e0ria (p\u00fabliques i concertades) de la poblaci\u00f3 llegeixen un llibre com\u00fa per a tothom.\u00a0Des del Servei Educatiu Baix Llobregat-6 es fa una proposta de lectura que els centres incorporen a les lectures prescriptives del curs i sobre [&hellip;]<\/p>\n","protected":false},"author":1,"featured_media":0,"parent":0,"menu_order":0,"comment_status":"closed","ping_status":"closed","template":"","meta":{"_bbp_topic_count":0,"_bbp_reply_count":0,"_bbp_total_topic_count":0,"_bbp_total_reply_count":0,"_bbp_voice_count":0,"_bbp_anonymous_reply_count":0,"_bbp_topic_count_hidden":0,"_bbp_reply_count_hidden":0,"_bbp_forum_subforum_count":0,"site-sidebar-layout":"default","site-content-layout":"","ast-site-content-layout":"","site-content-style":"default","site-sidebar-style":"default","ast-global-header-display":"","ast-banner-title-visibility":"","ast-main-header-display":"","ast-hfb-above-header-display":"","ast-hfb-below-header-display":"","ast-hfb-mobile-header-display":"","site-post-title":"","ast-breadcrumbs-content":"","ast-featured-img":"","footer-sml-layout":"","theme-transparent-header-meta":"","adv-header-id-meta":"","stick-header-meta":"","header-above-stick-meta":"","header-main-stick-meta":"","header-below-stick-meta":"","astra-migrate-meta-layouts":"default","ast-page-background-enabled":"default","ast-page-background-meta":{"desktop":{"background-color":"var(--ast-global-color-4)","background-image":"","background-repeat":"repeat","background-position":"center center","background-size":"auto","background-attachment":"scroll","background-type":"","background-media":"","overlay-type":"","overlay-color":"","overlay-opacity":"","overlay-gradient":""},"tablet":{"background-color":"","background-image":"","background-repeat":"repeat","background-position":"center center","background-size":"auto","background-attachment":"scroll","background-type":"","background-media":"","overlay-type":"","overlay-color":"","overlay-opacity":"","overlay-gradient":""},"mobile":{"background-color":"","background-image":"","background-repeat":"repeat","background-position":"center center","background-size":"auto","background-attachment":"scroll","background-type":"","background-media":"","overlay-type":"","overlay-color":"","overlay-opacity":"","overlay-gradient":""}},"ast-content-background-meta":{"desktop":{"background-color":"var(--ast-global-color-5)","background-image":"","background-repeat":"repeat","background-position":"center center","background-size":"auto","background-attachment":"scroll","background-type":"","background-media":"","overlay-type":"","overlay-color":"","overlay-opacity":"","overlay-gradient":""},"tablet":{"background-color":"var(--ast-global-color-5)","background-image":"","background-repeat":"repeat","background-position":"center center","background-size":"auto","background-attachment":"scroll","background-type":"","background-media":"","overlay-type":"","overlay-color":"","overlay-opacity":"","overlay-gradient":""},"mobile":{"background-color":"var(--ast-global-color-5)","background-image":"","background-repeat":"repeat","background-position":"center center","background-size":"auto","background-attachment":"scroll","background-type":"","background-media":"","overlay-type":"","overlay-color":"","overlay-opacity":"","overlay-gradient":""}},"footnotes":""},"class_list":["post-5913","page","type-page","status-publish","hentry"],"post_mailing_queue_ids":[],"_links":{"self":[{"href":"https:\/\/serveiseducatius.xtec.cat\/baixllobregat6\/wp-json\/wp\/v2\/pages\/5913","targetHints":{"allow":["GET"]}}],"collection":[{"href":"https:\/\/serveiseducatius.xtec.cat\/baixllobregat6\/wp-json\/wp\/v2\/pages"}],"about":[{"href":"https:\/\/serveiseducatius.xtec.cat\/baixllobregat6\/wp-json\/wp\/v2\/types\/page"}],"author":[{"embeddable":true,"href":"https:\/\/serveiseducatius.xtec.cat\/baixllobregat6\/wp-json\/wp\/v2\/users\/1"}],"replies":[{"embeddable":true,"href":"https:\/\/serveiseducatius.xtec.cat\/baixllobregat6\/wp-json\/wp\/v2\/comments?post=5913"}],"version-history":[{"count":4,"href":"https:\/\/serveiseducatius.xtec.cat\/baixllobregat6\/wp-json\/wp\/v2\/pages\/5913\/revisions"}],"predecessor-version":[{"id":13648,"href":"https:\/\/serveiseducatius.xtec.cat\/baixllobregat6\/wp-json\/wp\/v2\/pages\/5913\/revisions\/13648"}],"wp:attachment":[{"href":"https:\/\/serveiseducatius.xtec.cat\/baixllobregat6\/wp-json\/wp\/v2\/media?parent=5913"}],"curies":[{"name":"wp","href":"https:\/\/api.w.org\/{rel}","templated":true}]}}