{"id":548,"date":"2015-11-26T18:10:47","date_gmt":"2015-11-26T17:10:47","guid":{"rendered":"http:\/\/serveiseducatius.xtec.cat\/se-baixllobregat6\/?page_id=548"},"modified":"2024-12-12T12:01:48","modified_gmt":"2024-12-12T11:01:48","slug":"zona-formadors","status":"publish","type":"page","link":"https:\/\/serveiseducatius.xtec.cat\/baixllobregat6\/formacio\/zona-formadors\/","title":{"rendered":"Espai persones formadores"},"content":{"rendered":"<h5><strong>Aplicatius per a la gesti\u00f3 de la formaci\u00f3 permanent de les persones formadores<\/strong><\/h5>\n<table style=\"width: 574px;\" border=\"0\" width=\"580\" cellspacing=\"2\" cellpadding=\"0\">\n<tbody>\n<tr>\n<td style=\"text-align: left; width: 574px;\" align=\"right\"><strong><a href=\"https:\/\/sites.google.com\/xtec.cat\/gestidelaformaci-bl6\/inici\" target=\"_blank\" rel=\"noopener\">Acc\u00e9s Espai formadors<\/a><\/strong><\/td>\n<\/tr>\n<tr>\n<td style=\"text-align: left; width: 574px;\" align=\"right\"><strong><a href=\"https:\/\/aplicacions.gestioeducativa.gencat.cat\/pls\/gtaf\/inici\" target=\"_blank\" rel=\"noopener noreferrer\">Acc\u00e9s aplicatiu GTAF Formadors\u00a0\u00a0\u00a0<\/a><\/strong><\/td>\n<\/tr>\n<\/tbody>\n<\/table>\n<p>Si ho preferiu, podeu\u00a0contactar amb el Servei Educatiu\u00a0del Baix Llobregat-6\u00a0mitjan\u00e7ant el correu electr\u00f2nic:\u00a0<a href=\"mailto:se-baixllobregat6@xtec.cat\" target=\"_blank\" rel=\"noopener noreferrer\">se-baixllobregat6@xtec.cat<\/a>\u00a0o trucant al tel\u00e8fon 936\u00a0769 386.<\/p>\n<p><a href=\"https:\/\/serveiseducatius.xtec.cat\/baixllobregat6\/formacio\/zona-formadors\/attachment\/tasques_formador\/\" rel=\"attachment wp-att-25719\"><img loading=\"lazy\" decoding=\"async\" class=\"wp-image-25719 alignnone\" src=\"https:\/\/serveiseducatius.xtec.cat\/baixllobregat6\/wp-content\/uploads\/usu778\/2023\/10\/Tasques_formador-520x390.png\" alt=\"Tasques formadors\" width=\"737\" height=\"553\" srcset=\"https:\/\/serveiseducatius.xtec.cat\/baixllobregat6\/wp-content\/uploads\/usu778\/2023\/10\/Tasques_formador-520x390.png 520w, https:\/\/serveiseducatius.xtec.cat\/baixllobregat6\/wp-content\/uploads\/usu778\/2023\/10\/Tasques_formador-768x576.png 768w, https:\/\/serveiseducatius.xtec.cat\/baixllobregat6\/wp-content\/uploads\/usu778\/2023\/10\/Tasques_formador-200x150.png 200w, https:\/\/serveiseducatius.xtec.cat\/baixllobregat6\/wp-content\/uploads\/usu778\/2023\/10\/Tasques_formador.png 1024w\" sizes=\"auto, (max-width: 737px) 100vw, 737px\" \/><\/a><\/p>\n<p>\u00a0<\/p>\n\n\n<blockquote class=\"wp-block-quote is-layout-flow wp-block-quote-is-layout-flow\">\n<p><\/p>\n<cite>El Departament d&#8217;Educaci\u00f3 tramet, d&#8217;ofici, als <strong>col\u00b7laboradors externs<\/strong> una comunicaci\u00f3 de dades dels perceptors a efectes de l&#8217;IRPF.<br><br>Per consultar l&#8217;estat dels pagaments dels col\u00b7laboradors externs, s\u2019ha d\u2019accedir a aquest <strong><a href=\"https:\/\/aplicacions.economia.gencat.cat\/ecofin_pced\/AppJava\/cepd\/creditor.do?reqCode=init\" target=\"_blank\" rel=\"noreferrer noopener\">enlla\u00e7\u00a0<\/a><\/strong><br>Nom\u00e9s cal informar el<strong>\u00a0DNI i els darrers 5 d\u00edgits<\/strong>\u00a0del compte corrent on s\u2019ha demanat que es faci el pagament (en l&#8217;apartat\u00a0<em>Dades relatives a l&#8217;autenticaci\u00f3<\/em>) i indicar\u00a0<strong>Departament d&#8217;Educaci\u00f3 <\/strong>(a l&#8217;apartat\u00a0<em>Dades relatives a l&#8217;entitat<\/em>)<\/cite><\/blockquote>\n","protected":false},"excerpt":{"rendered":"<p>Aplicatius per a la gesti\u00f3 de la formaci\u00f3 permanent de les persones formadores Acc\u00e9s Espai formadors Acc\u00e9s aplicatiu GTAF Formadors\u00a0\u00a0\u00a0 Si ho preferiu, podeu\u00a0contactar amb el Servei Educatiu\u00a0del Baix Llobregat-6\u00a0mitjan\u00e7ant el correu electr\u00f2nic:\u00a0se-baixllobregat6@xtec.cat\u00a0o trucant al tel\u00e8fon 936\u00a0769 386. \u00a0 El Departament d&#8217;Educaci\u00f3 tramet, d&#8217;ofici, als col\u00b7laboradors externs una comunicaci\u00f3 de dades dels perceptors a efectes [&hellip;]<\/p>\n","protected":false},"author":1,"featured_media":0,"parent":416,"menu_order":50,"comment_status":"closed","ping_status":"closed","template":"","meta":{"_bbp_topic_count":0,"_bbp_reply_count":0,"_bbp_total_topic_count":0,"_bbp_total_reply_count":0,"_bbp_voice_count":0,"_bbp_anonymous_reply_count":0,"_bbp_topic_count_hidden":0,"_bbp_reply_count_hidden":0,"_bbp_forum_subforum_count":0,"site-sidebar-layout":"default","site-content-layout":"","ast-site-content-layout":"","site-content-style":"default","site-sidebar-style":"default","ast-global-header-display":"","ast-banner-title-visibility":"","ast-main-header-display":"","ast-hfb-above-header-display":"","ast-hfb-below-header-display":"","ast-hfb-mobile-header-display":"","site-post-title":"","ast-breadcrumbs-content":"","ast-featured-img":"","footer-sml-layout":"","theme-transparent-header-meta":"","adv-header-id-meta":"","stick-header-meta":"","header-above-stick-meta":"","header-main-stick-meta":"","header-below-stick-meta":"","astra-migrate-meta-layouts":"default","ast-page-background-enabled":"default","ast-page-background-meta":{"desktop":{"background-color":"var(--ast-global-color-4)","background-image":"","background-repeat":"repeat","background-position":"center center","background-size":"auto","background-attachment":"scroll","background-type":"","background-media":"","overlay-type":"","overlay-color":"","overlay-opacity":"","overlay-gradient":""},"tablet":{"background-color":"","background-image":"","background-repeat":"repeat","background-position":"center center","background-size":"auto","background-attachment":"scroll","background-type":"","background-media":"","overlay-type":"","overlay-color":"","overlay-opacity":"","overlay-gradient":""},"mobile":{"background-color":"","background-image":"","background-repeat":"repeat","background-position":"center center","background-size":"auto","background-attachment":"scroll","background-type":"","background-media":"","overlay-type":"","overlay-color":"","overlay-opacity":"","overlay-gradient":""}},"ast-content-background-meta":{"desktop":{"background-color":"var(--ast-global-color-5)","background-image":"","background-repeat":"repeat","background-position":"center center","background-size":"auto","background-attachment":"scroll","background-type":"","background-media":"","overlay-type":"","overlay-color":"","overlay-opacity":"","overlay-gradient":""},"tablet":{"background-color":"var(--ast-global-color-5)","background-image":"","background-repeat":"repeat","background-position":"center center","background-size":"auto","background-attachment":"scroll","background-type":"","background-media":"","overlay-type":"","overlay-color":"","overlay-opacity":"","overlay-gradient":""},"mobile":{"background-color":"var(--ast-global-color-5)","background-image":"","background-repeat":"repeat","background-position":"center center","background-size":"auto","background-attachment":"scroll","background-type":"","background-media":"","overlay-type":"","overlay-color":"","overlay-opacity":"","overlay-gradient":""}},"footnotes":""},"class_list":["post-548","page","type-page","status-publish","hentry"],"post_mailing_queue_ids":[],"_links":{"self":[{"href":"https:\/\/serveiseducatius.xtec.cat\/baixllobregat6\/wp-json\/wp\/v2\/pages\/548","targetHints":{"allow":["GET"]}}],"collection":[{"href":"https:\/\/serveiseducatius.xtec.cat\/baixllobregat6\/wp-json\/wp\/v2\/pages"}],"about":[{"href":"https:\/\/serveiseducatius.xtec.cat\/baixllobregat6\/wp-json\/wp\/v2\/types\/page"}],"author":[{"embeddable":true,"href":"https:\/\/serveiseducatius.xtec.cat\/baixllobregat6\/wp-json\/wp\/v2\/users\/1"}],"replies":[{"embeddable":true,"href":"https:\/\/serveiseducatius.xtec.cat\/baixllobregat6\/wp-json\/wp\/v2\/comments?post=548"}],"version-history":[{"count":6,"href":"https:\/\/serveiseducatius.xtec.cat\/baixllobregat6\/wp-json\/wp\/v2\/pages\/548\/revisions"}],"predecessor-version":[{"id":28375,"href":"https:\/\/serveiseducatius.xtec.cat\/baixllobregat6\/wp-json\/wp\/v2\/pages\/548\/revisions\/28375"}],"up":[{"embeddable":true,"href":"https:\/\/serveiseducatius.xtec.cat\/baixllobregat6\/wp-json\/wp\/v2\/pages\/416"}],"wp:attachment":[{"href":"https:\/\/serveiseducatius.xtec.cat\/baixllobregat6\/wp-json\/wp\/v2\/media?parent=548"}],"curies":[{"name":"wp","href":"https:\/\/api.w.org\/{rel}","templated":true}]}}