{"id":33346,"date":"2026-05-06T10:23:53","date_gmt":"2026-05-06T08:23:53","guid":{"rendered":"https:\/\/serveiseducatius.xtec.cat\/baixllobregat6\/?page_id=33346"},"modified":"2026-05-06T10:29:54","modified_gmt":"2026-05-06T08:29:54","slug":"xenia-tens-un-whatsapp","status":"publish","type":"page","link":"https:\/\/serveiseducatius.xtec.cat\/baixllobregat6\/ronda-de-llibres\/xenia-tens-un-whatsapp\/","title":{"rendered":"X\u00e8nia, tens un WhatsApp"},"content":{"rendered":"\n<figure class=\"wp-block-image size-full\"><img loading=\"lazy\" decoding=\"async\" width=\"205\" height=\"307\" src=\"https:\/\/serveiseducatius.xtec.cat\/baixllobregat6\/wp-content\/uploads\/usu778\/2026\/05\/XENIA2.png\" alt=\"\" class=\"wp-image-33348\"\/><\/figure>\n\n\n\n<p><strong>Autora:<\/strong> Gemma Pasqual i Escriv\u00e0&nbsp;&nbsp;<\/p>\n\n\n\n<ul class=\"wp-block-list\">\n<li>Barcelona, 2014<\/li>\n\n\n\n<li>Editorial Barcanova<\/li>\n\n\n\n<li>ISBN 9788448930820<\/li>\n\n\n\n<li>208 p\u00e0gines&nbsp;<\/li>\n<\/ul>\n\n\n\n<p><strong>Resum:<\/strong><\/p>\n\n\n\n<p>Est\u00e0s pendent tota l&#8217;estona del m\u00f2bil? Aguantes la respiraci\u00f3 fins que no reps una resposta? Prioritzes un missatge de WhatsApp a qualsevol altra cosa?<\/p>\n\n\n\n<p>La X\u00e8nia ho fa. Mira la pantalla totalment hipnotitzada. L&#8217;aparell li indica que en Carles est\u00e0 en l\u00ednia. Espera impacient perqu\u00e8 aparegui a la part superior de la pantalla el gerundi del verb escriure. Li sembla sentir les campanetes. De tant que ho desitja, les t\u00e9 ficades al cap. No est\u00e0 boja, \u00e9s amor, un sentiment nou per a ella, que tan aviat li fa volar mil papallones a l&#8217;est\u00f3mac com la turmenta. En la seva vida res no \u00e9s el que sembla, per\u00f2 ella, que sempre es queixa del final de les pel\u00b7l\u00edcules, aquesta vegada, que \u00e9s la protagonista, est\u00e0 ben decidida a triar el final&#8230; O potser ho far\u00e0s tu?<\/p>\n\n\n\n<p><\/p>\n","protected":false},"excerpt":{"rendered":"<p>Autora: Gemma Pasqual i Escriv\u00e0&nbsp;&nbsp; Resum: Est\u00e0s pendent tota l&#8217;estona del m\u00f2bil? Aguantes la respiraci\u00f3 fins que no reps una resposta? Prioritzes un missatge de WhatsApp a qualsevol altra cosa? La X\u00e8nia ho fa. Mira la pantalla totalment hipnotitzada. L&#8217;aparell li indica que en Carles est\u00e0 en l\u00ednia. Espera impacient perqu\u00e8 aparegui a la part [&hellip;]<\/p>\n","protected":false},"author":1,"featured_media":0,"parent":13710,"menu_order":0,"comment_status":"closed","ping_status":"close","template":"","meta":{"_bbp_topic_count":0,"_bbp_reply_count":0,"_bbp_total_topic_count":0,"_bbp_total_reply_count":0,"_bbp_voice_count":0,"_bbp_anonymous_reply_count":0,"_bbp_topic_count_hidden":0,"_bbp_reply_count_hidden":0,"_bbp_forum_subforum_count":0,"site-sidebar-layout":"default","site-content-layout":"","ast-site-content-layout":"default","site-content-style":"default","site-sidebar-style":"default","ast-global-header-display":"","ast-banner-title-visibility":"","ast-main-header-display":"","ast-hfb-above-header-display":"","ast-hfb-below-header-display":"","ast-hfb-mobile-header-display":"","site-post-title":"","ast-breadcrumbs-content":"","ast-featured-img":"","footer-sml-layout":"","theme-transparent-header-meta":"","adv-header-id-meta":"","stick-header-meta":"","header-above-stick-meta":"","header-main-stick-meta":"","header-below-stick-meta":"","astra-migrate-meta-layouts":"set","ast-page-background-enabled":"default","ast-page-background-meta":{"desktop":{"background-color":"var(--ast-global-color-4)","background-image":"","background-repeat":"repeat","background-position":"center center","background-size":"auto","background-attachment":"scroll","background-type":"","background-media":"","overlay-type":"","overlay-color":"","overlay-opacity":"","overlay-gradient":""},"tablet":{"background-color":"","background-image":"","background-repeat":"repeat","background-position":"center center","background-size":"auto","background-attachment":"scroll","background-type":"","background-media":"","overlay-type":"","overlay-color":"","overlay-opacity":"","overlay-gradient":""},"mobile":{"background-color":"","background-image":"","background-repeat":"repeat","background-position":"center center","background-size":"auto","background-attachment":"scroll","background-type":"","background-media":"","overlay-type":"","overlay-color":"","overlay-opacity":"","overlay-gradient":""}},"ast-content-background-meta":{"desktop":{"background-color":"var(--ast-global-color-5)","background-image":"","background-repeat":"repeat","background-position":"center center","background-size":"auto","background-attachment":"scroll","background-type":"","background-media":"","overlay-type":"","overlay-color":"","overlay-opacity":"","overlay-gradient":""},"tablet":{"background-color":"var(--ast-global-color-5)","background-image":"","background-repeat":"repeat","background-position":"center center","background-size":"auto","background-attachment":"scroll","background-type":"","background-media":"","overlay-type":"","overlay-color":"","overlay-opacity":"","overlay-gradient":""},"mobile":{"background-color":"var(--ast-global-color-5)","background-image":"","background-repeat":"repeat","background-position":"center center","background-size":"auto","background-attachment":"scroll","background-type":"","background-media":"","overlay-type":"","overlay-color":"","overlay-opacity":"","overlay-gradient":""}},"footnotes":""},"class_list":["post-33346","page","type-page","status-publish","hentry"],"post_mailing_queue_ids":[],"_links":{"self":[{"href":"https:\/\/serveiseducatius.xtec.cat\/baixllobregat6\/wp-json\/wp\/v2\/pages\/33346","targetHints":{"allow":["GET"]}}],"collection":[{"href":"https:\/\/serveiseducatius.xtec.cat\/baixllobregat6\/wp-json\/wp\/v2\/pages"}],"about":[{"href":"https:\/\/serveiseducatius.xtec.cat\/baixllobregat6\/wp-json\/wp\/v2\/types\/page"}],"author":[{"embeddable":true,"href":"https:\/\/serveiseducatius.xtec.cat\/baixllobregat6\/wp-json\/wp\/v2\/users\/1"}],"replies":[{"embeddable":true,"href":"https:\/\/serveiseducatius.xtec.cat\/baixllobregat6\/wp-json\/wp\/v2\/comments?post=33346"}],"version-history":[{"count":6,"href":"https:\/\/serveiseducatius.xtec.cat\/baixllobregat6\/wp-json\/wp\/v2\/pages\/33346\/revisions"}],"predecessor-version":[{"id":33355,"href":"https:\/\/serveiseducatius.xtec.cat\/baixllobregat6\/wp-json\/wp\/v2\/pages\/33346\/revisions\/33355"}],"up":[{"embeddable":true,"href":"https:\/\/serveiseducatius.xtec.cat\/baixllobregat6\/wp-json\/wp\/v2\/pages\/13710"}],"wp:attachment":[{"href":"https:\/\/serveiseducatius.xtec.cat\/baixllobregat6\/wp-json\/wp\/v2\/media?parent=33346"}],"curies":[{"name":"wp","href":"https:\/\/api.w.org\/{rel}","templated":true}]}}