{"id":31871,"date":"2025-11-21T09:00:53","date_gmt":"2025-11-21T08:00:53","guid":{"rendered":"https:\/\/serveiseducatius.xtec.cat\/baixllobregat6\/?page_id=31871"},"modified":"2025-12-11T13:12:31","modified_gmt":"2025-12-11T12:12:31","slug":"robotica-i-pensament-computacional","status":"publish","type":"page","link":"https:\/\/serveiseducatius.xtec.cat\/baixllobregat6\/robotica-i-pensament-computacional\/","title":{"rendered":"Rob\u00f2tica i Pensament Computacional"},"content":{"rendered":"\n<p class=\"has-text-align-center has-light-green-cyan-background-color has-background has-medium-font-size\"><strong>Recursos del Servei Educatiu<\/strong><\/p>\n\n\n\n<p class=\"has-medium-font-size\"><a href=\"https:\/\/serveiseducatius.xtec.cat\/baixllobregat6\/categoria\/tic-e\/robotica\/\">Pr\u00e9stec de recursos<\/a><\/p>\n\n\n\n<p class=\"has-text-align-center has-luminous-vivid-amber-background-color has-background has-medium-font-size\"><strong>P\u00e0gines de refer\u00e8ncia<\/strong><\/p>\n\n\n\n<p class=\"has-medium-font-size\"><a href=\"https:\/\/projectes.xtec.cat\/pensament-computacional\/\" target=\"_blank\" rel=\"noreferrer noopener\">P\u00e0gina de l&#8217;\u00c0rea de Cultura Digital &#8211; Rob\u00f2tica i pensament computacional<\/a><\/p>\n\n\n\n<figure class=\"wp-block-image size-full\"><a href=\"https:\/\/projectes.xtec.cat\/pensament-computacional\/\" target=\"_blank\" rel=\" noreferrer noopener\"><img loading=\"lazy\" decoding=\"async\" width=\"424\" height=\"142\" src=\"https:\/\/serveiseducatius.xtec.cat\/baixllobregat6\/wp-content\/uploads\/usu778\/2025\/11\/ACDpensamentcomputacional.jpg\" alt=\"\" class=\"wp-image-31873\"\/><\/a><\/figure>\n\n\n\n<p class=\"has-medium-font-size\"><a href=\"https:\/\/code.intef.es\/codigo-escuela-4-0\/\" target=\"_blank\" rel=\"noreferrer noopener\">INTEF &#8211; Ministeri d&#8217;Educaci\u00f3<\/a><\/p>\n\n\n\n<figure class=\"wp-block-image size-full\"><a href=\"https:\/\/code.intef.es\/codigo-escuela-4-0\/\" target=\"_blank\" rel=\" noreferrer noopener\"><img loading=\"lazy\" decoding=\"async\" width=\"390\" height=\"139\" src=\"https:\/\/serveiseducatius.xtec.cat\/baixllobregat6\/wp-content\/uploads\/usu778\/2025\/11\/codeintef.jpg\" alt=\"\" class=\"wp-image-31883\"\/><\/a><\/figure>\n\n\n\n<figure class=\"wp-block-image size-full is-resized\"><a href=\"https:\/\/code.intef.es\/recursos\/?recurso=rec_codigo_escuela\" target=\"_blank\" rel=\" noreferrer noopener\"><img loading=\"lazy\" decoding=\"async\" width=\"933\" height=\"421\" src=\"https:\/\/serveiseducatius.xtec.cat\/baixllobregat6\/wp-content\/uploads\/usu778\/2025\/11\/recursos-intef.jpg\" alt=\"\" class=\"wp-image-31886\" style=\"width:669px;height:auto\" srcset=\"https:\/\/serveiseducatius.xtec.cat\/baixllobregat6\/wp-content\/uploads\/usu778\/2025\/11\/recursos-intef.jpg 933w, https:\/\/serveiseducatius.xtec.cat\/baixllobregat6\/wp-content\/uploads\/usu778\/2025\/11\/recursos-intef-520x235.jpg 520w, https:\/\/serveiseducatius.xtec.cat\/baixllobregat6\/wp-content\/uploads\/usu778\/2025\/11\/recursos-intef-768x347.jpg 768w\" sizes=\"auto, (max-width: 933px) 100vw, 933px\" \/><\/a><\/figure>\n\n\n\n<p class=\"has-text-align-center has-white-color has-luminous-vivid-orange-background-color has-text-color has-background has-link-color has-medium-font-size wp-elements-43dc495c264389f5b2f5c0d4e0acbb4f\"><strong>Formacions<\/strong><\/p>\n\n\n\n<p>Servei Educatiu Baix Llobregat VI &#8211; <a href=\"https:\/\/aplicacions.gestioeducativa.gencat.cat\/ords\/pls\/soloas\/pk_for_mod_ins.p_for_detall_activitat?p_header=Llista%20d%27activitats^pk_for_mod_ins.p_for_cons_activitats?p_crp=307%26p_any=2025-2026%26p_totes=N%26p_inici=41%26p_excloure_crp_rec=T&amp;p_codi=3070821307&amp;p_curs=2025-2026&amp;p_excloure_crp_rec=T\" target=\"_blank\" rel=\"noreferrer noopener\">Taller Rob\u00f2tica i Pensament Computacional I<\/a> &#8211; Inici 20 novembre 2025<\/p>\n\n\n\n<p><\/p>\n","protected":false},"excerpt":{"rendered":"<p>Recursos del Servei Educatiu Pr\u00e9stec de recursos P\u00e0gines de refer\u00e8ncia P\u00e0gina de l&#8217;\u00c0rea de Cultura Digital &#8211; Rob\u00f2tica i pensament computacional INTEF &#8211; Ministeri d&#8217;Educaci\u00f3 Formacions Servei Educatiu Baix Llobregat VI &#8211; Taller Rob\u00f2tica i Pensament Computacional I &#8211; Inici 20 novembre 2025<\/p>\n","protected":false},"author":1,"featured_media":0,"parent":0,"menu_order":0,"comment_status":"closed","ping_status":"close","template":"","meta":{"_bbp_topic_count":0,"_bbp_reply_count":0,"_bbp_total_topic_count":0,"_bbp_total_reply_count":0,"_bbp_voice_count":0,"_bbp_anonymous_reply_count":0,"_bbp_topic_count_hidden":0,"_bbp_reply_count_hidden":0,"_bbp_forum_subforum_count":0,"site-sidebar-layout":"default","site-content-layout":"","ast-site-content-layout":"default","site-content-style":"default","site-sidebar-style":"default","ast-global-header-display":"","ast-banner-title-visibility":"","ast-main-header-display":"","ast-hfb-above-header-display":"","ast-hfb-below-header-display":"","ast-hfb-mobile-header-display":"","site-post-title":"","ast-breadcrumbs-content":"","ast-featured-img":"","footer-sml-layout":"","theme-transparent-header-meta":"","adv-header-id-meta":"","stick-header-meta":"","header-above-stick-meta":"","header-main-stick-meta":"","header-below-stick-meta":"","astra-migrate-meta-layouts":"set","ast-page-background-enabled":"default","ast-page-background-meta":{"desktop":{"background-color":"var(--ast-global-color-4)","background-image":"","background-repeat":"repeat","background-position":"center center","background-size":"auto","background-attachment":"scroll","background-type":"","background-media":"","overlay-type":"","overlay-color":"","overlay-opacity":"","overlay-gradient":""},"tablet":{"background-color":"","background-image":"","background-repeat":"repeat","background-position":"center center","background-size":"auto","background-attachment":"scroll","background-type":"","background-media":"","overlay-type":"","overlay-color":"","overlay-opacity":"","overlay-gradient":""},"mobile":{"background-color":"","background-image":"","background-repeat":"repeat","background-position":"center center","background-size":"auto","background-attachment":"scroll","background-type":"","background-media":"","overlay-type":"","overlay-color":"","overlay-opacity":"","overlay-gradient":""}},"ast-content-background-meta":{"desktop":{"background-color":"var(--ast-global-color-5)","background-image":"","background-repeat":"repeat","background-position":"center center","background-size":"auto","background-attachment":"scroll","background-type":"","background-media":"","overlay-type":"","overlay-color":"","overlay-opacity":"","overlay-gradient":""},"tablet":{"background-color":"var(--ast-global-color-5)","background-image":"","background-repeat":"repeat","background-position":"center center","background-size":"auto","background-attachment":"scroll","background-type":"","background-media":"","overlay-type":"","overlay-color":"","overlay-opacity":"","overlay-gradient":""},"mobile":{"background-color":"var(--ast-global-color-5)","background-image":"","background-repeat":"repeat","background-position":"center center","background-size":"auto","background-attachment":"scroll","background-type":"","background-media":"","overlay-type":"","overlay-color":"","overlay-opacity":"","overlay-gradient":""}},"footnotes":""},"class_list":["post-31871","page","type-page","status-publish","hentry"],"post_mailing_queue_ids":[],"_links":{"self":[{"href":"https:\/\/serveiseducatius.xtec.cat\/baixllobregat6\/wp-json\/wp\/v2\/pages\/31871","targetHints":{"allow":["GET"]}}],"collection":[{"href":"https:\/\/serveiseducatius.xtec.cat\/baixllobregat6\/wp-json\/wp\/v2\/pages"}],"about":[{"href":"https:\/\/serveiseducatius.xtec.cat\/baixllobregat6\/wp-json\/wp\/v2\/types\/page"}],"author":[{"embeddable":true,"href":"https:\/\/serveiseducatius.xtec.cat\/baixllobregat6\/wp-json\/wp\/v2\/users\/1"}],"replies":[{"embeddable":true,"href":"https:\/\/serveiseducatius.xtec.cat\/baixllobregat6\/wp-json\/wp\/v2\/comments?post=31871"}],"version-history":[{"count":6,"href":"https:\/\/serveiseducatius.xtec.cat\/baixllobregat6\/wp-json\/wp\/v2\/pages\/31871\/revisions"}],"predecessor-version":[{"id":32275,"href":"https:\/\/serveiseducatius.xtec.cat\/baixllobregat6\/wp-json\/wp\/v2\/pages\/31871\/revisions\/32275"}],"wp:attachment":[{"href":"https:\/\/serveiseducatius.xtec.cat\/baixllobregat6\/wp-json\/wp\/v2\/media?parent=31871"}],"curies":[{"name":"wp","href":"https:\/\/api.w.org\/{rel}","templated":true}]}}