{"id":318,"date":"2015-11-24T18:18:24","date_gmt":"2015-11-24T17:18:24","guid":{"rendered":"http:\/\/serveiseducatius.xtec.cat\/se-baixllobregat6\/?page_id=318"},"modified":"2025-06-10T08:28:12","modified_gmt":"2025-06-10T06:28:12","slug":"on-som","status":"publish","type":"page","link":"https:\/\/serveiseducatius.xtec.cat\/baixllobregat6\/el-servei-educatiu\/on-som\/","title":{"rendered":"On som"},"content":{"rendered":"<p>La seu del Servei Educatiu est\u00e0 ubicada al Carrer d&#8217;Albacete, 1\u00a0 de Sant Vicen\u00e7 dels Horts (08620)<\/p>\n<p>Podeu <strong>contactar-hi<\/strong> a trav\u00e9s del tel\u00e8fon 936 769 386 o del mail <strong>se-baixllobregat6<span class=\"\"><span class=\"\">@xtec.cat<\/span><\/span><\/strong><\/p>\n<p><strong>Horari<\/strong>: matins 8:00 h a 14:00 h i tardes 15:00 h a 17:30h &#8211; Divendres tarda amb cita pr\u00e8via.<\/p>\n<p><span style=\"background-color: #ffff00;\">Atenci\u00f3: horari d&#8217;estiu a partir del 9 de juny &#8211; 8:00-15:00h<\/span><\/p>\n<p>Correu <strong>EAP<\/strong>: a8900302@xtec.cat<\/p>\n<p>Correu <strong>CRP<\/strong>: a8903084<span class=\"atwho-query\">@xtec.cat<\/span><\/p>\n<p><strong><span style=\"color: #993300;\">COORDENADES GPS:<\/span><\/strong><\/p>\n<p><strong>41\u00ba 24&#8242; 7&#8221;N\u00a0 \u00a02\u00ba 0&#8242; 9&#8221;E<\/strong><br \/>\n<iframe loading=\"lazy\" style=\"border: 0;\" src=\"https:\/\/www.google.com\/maps\/embed?pb=!1m18!1m12!1m3!1d2992.76880456844!2d1.9996236154261828!3d41.40082697926291!2m3!1f0!2f0!3f0!3m2!1i1024!2i768!4f13.1!3m3!1m2!1s0x12a49ac6dcc6a7f7%3A0xad22a8cc9bbae26a!2sServei+Educatiu+Baix+Llobregat-6!5e0!3m2!1sca!2ses!4v1525866530315\" width=\"1100\" height=\"750\" frameborder=\"0\" allowfullscreen=\"allowfullscreen\"><\/iframe><\/p>\n","protected":false},"excerpt":{"rendered":"<p>La seu del Servei Educatiu est\u00e0 ubicada al Carrer d&#8217;Albacete, 1\u00a0 de Sant Vicen\u00e7 dels Horts (08620) Podeu contactar-hi a trav\u00e9s del tel\u00e8fon 936 769 386 o del mail se-baixllobregat6@xtec.cat Horari: matins 8:00 h a 14:00 h i tardes 15:00 h a 17:30h &#8211; Divendres tarda amb cita pr\u00e8via. Atenci\u00f3: horari d&#8217;estiu a partir del [&hellip;]<\/p>\n","protected":false},"author":1,"featured_media":0,"parent":806,"menu_order":40,"comment_status":"closed","ping_status":"closed","template":"page-templates\/side-menu.php","meta":{"_bbp_topic_count":0,"_bbp_reply_count":0,"_bbp_total_topic_count":0,"_bbp_total_reply_count":0,"_bbp_voice_count":0,"_bbp_anonymous_reply_count":0,"_bbp_topic_count_hidden":0,"_bbp_reply_count_hidden":0,"_bbp_forum_subforum_count":0,"site-sidebar-layout":"default","site-content-layout":"","ast-site-content-layout":"default","site-content-style":"default","site-sidebar-style":"default","ast-global-header-display":"","ast-banner-title-visibility":"","ast-main-header-display":"","ast-hfb-above-header-display":"","ast-hfb-below-header-display":"","ast-hfb-mobile-header-display":"","site-post-title":"","ast-breadcrumbs-content":"","ast-featured-img":"","footer-sml-layout":"","theme-transparent-header-meta":"","adv-header-id-meta":"","stick-header-meta":"","header-above-stick-meta":"","header-main-stick-meta":"","header-below-stick-meta":"","astra-migrate-meta-layouts":"set","ast-page-background-enabled":"default","ast-page-background-meta":{"desktop":{"background-color":"var(--ast-global-color-4)","background-image":"","background-repeat":"repeat","background-position":"center center","background-size":"auto","background-attachment":"scroll","background-type":"","background-media":"","overlay-type":"","overlay-color":"","overlay-opacity":"","overlay-gradient":""},"tablet":{"background-color":"","background-image":"","background-repeat":"repeat","background-position":"center center","background-size":"auto","background-attachment":"scroll","background-type":"","background-media":"","overlay-type":"","overlay-color":"","overlay-opacity":"","overlay-gradient":""},"mobile":{"background-color":"","background-image":"","background-repeat":"repeat","background-position":"center center","background-size":"auto","background-attachment":"scroll","background-type":"","background-media":"","overlay-type":"","overlay-color":"","overlay-opacity":"","overlay-gradient":""}},"ast-content-background-meta":{"desktop":{"background-color":"var(--ast-global-color-5)","background-image":"","background-repeat":"repeat","background-position":"center center","background-size":"auto","background-attachment":"scroll","background-type":"","background-media":"","overlay-type":"","overlay-color":"","overlay-opacity":"","overlay-gradient":""},"tablet":{"background-color":"var(--ast-global-color-5)","background-image":"","background-repeat":"repeat","background-position":"center center","background-size":"auto","background-attachment":"scroll","background-type":"","background-media":"","overlay-type":"","overlay-color":"","overlay-opacity":"","overlay-gradient":""},"mobile":{"background-color":"var(--ast-global-color-5)","background-image":"","background-repeat":"repeat","background-position":"center center","background-size":"auto","background-attachment":"scroll","background-type":"","background-media":"","overlay-type":"","overlay-color":"","overlay-opacity":"","overlay-gradient":""}},"footnotes":""},"class_list":["post-318","page","type-page","status-publish","hentry"],"post_mailing_queue_ids":[],"_links":{"self":[{"href":"https:\/\/serveiseducatius.xtec.cat\/baixllobregat6\/wp-json\/wp\/v2\/pages\/318","targetHints":{"allow":["GET"]}}],"collection":[{"href":"https:\/\/serveiseducatius.xtec.cat\/baixllobregat6\/wp-json\/wp\/v2\/pages"}],"about":[{"href":"https:\/\/serveiseducatius.xtec.cat\/baixllobregat6\/wp-json\/wp\/v2\/types\/page"}],"author":[{"embeddable":true,"href":"https:\/\/serveiseducatius.xtec.cat\/baixllobregat6\/wp-json\/wp\/v2\/users\/1"}],"replies":[{"embeddable":true,"href":"https:\/\/serveiseducatius.xtec.cat\/baixllobregat6\/wp-json\/wp\/v2\/comments?post=318"}],"version-history":[{"count":6,"href":"https:\/\/serveiseducatius.xtec.cat\/baixllobregat6\/wp-json\/wp\/v2\/pages\/318\/revisions"}],"predecessor-version":[{"id":30576,"href":"https:\/\/serveiseducatius.xtec.cat\/baixllobregat6\/wp-json\/wp\/v2\/pages\/318\/revisions\/30576"}],"up":[{"embeddable":true,"href":"https:\/\/serveiseducatius.xtec.cat\/baixllobregat6\/wp-json\/wp\/v2\/pages\/806"}],"wp:attachment":[{"href":"https:\/\/serveiseducatius.xtec.cat\/baixllobregat6\/wp-json\/wp\/v2\/media?parent=318"}],"curies":[{"name":"wp","href":"https:\/\/api.w.org\/{rel}","templated":true}]}}