{"id":30877,"date":"2025-07-04T13:04:22","date_gmt":"2025-07-04T11:04:22","guid":{"rendered":"https:\/\/serveiseducatius.xtec.cat\/baixllobregat6\/?page_id=30877"},"modified":"2026-03-09T08:43:16","modified_gmt":"2026-03-09T07:43:16","slug":"formacio-cultura-digital-2025-2026","status":"publish","type":"page","link":"https:\/\/serveiseducatius.xtec.cat\/baixllobregat6\/formacio-cultura-digital-2025-2026\/","title":{"rendered":"Formaci\u00f3 Cultura Digital 2025-2026"},"content":{"rendered":"\n<p>Us presentem l&#8217;oferta d&#8217;activitats formatives de Cultura Digital:<\/p>\n\n\n\n<figure class=\"wp-block-table is-style-stripes has-medium-font-size\"><table class=\"has-ast-global-color-2-color has-white-background-color has-text-color has-background has-link-color\"><thead><tr><th class=\"has-text-align-center\" data-align=\"center\">Tema<\/th><th><strong>NOM DE LA FORMACI\u00d3<\/strong><\/th><th>Inscripci\u00f3<\/th><th class=\"has-text-align-center\" data-align=\"center\"><strong>Descripci\u00f3<\/strong><\/th><th>Quan es far\u00e0<\/th><th><strong>Durada<\/strong><\/th><th><strong>Qui l&#8217;organitza<\/strong><\/th><th><strong>On es fa<\/strong><\/th><\/tr><\/thead><tbody><tr><td class=\"has-text-align-center\" data-align=\"center\"><\/td><td><\/td><td><\/td><td class=\"has-text-align-center\" data-align=\"center\"><a href=\"https:\/\/xtec.gencat.cat\/ca\/formacio\/formaciogeneralprofessorat\/cultura-digital\/\" target=\"_blank\" rel=\"noreferrer noopener\">Oferta formativa de tot el curs<\/a><\/td><td><\/td><td><\/td><td>\u00c0rea de Cultura Digital<\/td><td><\/td><\/tr><tr><td class=\"has-text-align-center\" data-align=\"center\"><\/td><td><strong>Subxarxa de coordinaci\u00f3 digital de centre<\/strong><\/td><td><a href=\"https:\/\/aplicacions.gestioeducativa.gencat.cat\/ords\/pls\/soloas\/pk_for_mod_ins.p_for_detall_activitat?p_header=Llista%20d%27activitats^pk_for_mod_ins.p_for_cons_activitats?p_crp=307%26p_any=2025-2026%26p_totes=N%26p_inici=1%26p_excloure_crp_rec=T&amp;p_codi=3070800529&amp;p_curs=2025-2026&amp;p_excloure_crp_rec=T\" target=\"_blank\" rel=\"noreferrer noopener\">Inscripci\u00f3<\/a><\/td><td class=\"has-text-align-center\" data-align=\"center\">Aquesta activitat va dirigida a totes les persones que desenvolupen tasques relacionades amb el c\u00e0rrec de la coordinaci\u00f3 digital de centre. La subxarxa dona informacions clau i funciona com espai de comunicaci\u00f3 i col\u00b7laboraci\u00f3 entre les coordinacions de centre.<\/td><td>Inici setembre 2025<\/td><td>25h en Total<br>-10h webinars<br>-10h presencials <br>-5h altres<\/td><td>CRP-\u00c0rea de Cultura Digital<\/td><td>Servei Educatiu Baix Llobregat VI<\/td><\/tr><tr><td class=\"has-text-align-center\" data-align=\"center\"><\/td><td><strong>COM1-Webinars de l&#8217;\u00c0rea de Cultura Digital<\/strong><\/td><td><a href=\"https:\/\/aplicacions.gestioeducativa.gencat.cat\/ords\/pls\/soloas\/pk_for_mod_ins.p_for_detall_activitat?p_header=Llista%20d%27activitats^pk_for_mod_ins.p_for_cons_activitats?p_entitat=0529%26p_any=2025-2026%26p_totes=N%26p_desc=comissi%C3%B3%20digital%26p_inici=11%26p_excloure_crp_rec=T&amp;p_codi=9000800529&amp;p_curs=2025-2026&amp;p_es_inscr=S\" target=\"_blank\" rel=\"noreferrer noopener\">Inscripci\u00f3<\/a><\/td><td class=\"has-text-align-center\" data-align=\"center\">Dirigida a persones que formen part de les comissions digitals de centre. Es focalitza en donar suport als components de la comissi\u00f3 digital per millorar, de forma transversal, la compet\u00e8ncia digital de l\u2019alumnat, impulsant la necess\u00e0ria transformaci\u00f3 digital dels centres.<br>Visualitzaci\u00f3 dels 5 webinars de la <a href=\"https:\/\/projectes.xtec.cat\/digital\/formacio-docent\/xtcd\/subxarxa-de-la-comissio-digital-comd\/\" target=\"_blank\" rel=\"noreferrer noopener\">Subxarxa de la Comissi\u00f3 Digital de Centre<\/a>.<\/td><td>Inici setembre 2025<\/td><td>10h &#8211; 5 webinars<\/td><td>\u00c0rea de Cultura Digital<\/td><td>Telem\u00e0tic<\/td><\/tr><tr><td class=\"has-text-align-center\" data-align=\"center\"><a href=\"https:\/\/serveiseducatius.xtec.cat\/baixllobregat6\/recursos-maker\/\">Maker<\/a><\/td><td><strong>3000010503&nbsp;<br>Introducci\u00f3 al Disseny Digital: de la imatge 2D al model 3D<\/strong><\/td><td><a href=\"https:\/\/aplicacions.gestioeducativa.gencat.cat\/ords\/pls\/soloas\/pk_for_mod_ins.p_for_detall_activitat?p_header=Llista%20d%27activitats^pk_for_mod_ins.p_for_cons_activitats?p_any=2025-2026%26p_totes=N%26p_comarca=11%26p_desc=disseny%26p_inici=1%26p_excloure_crp_rec=T&amp;p_codi=3000010503&amp;p_curs=2025-2026&amp;p_excloure_crp_rec=T\" target=\"_blank\" rel=\"noreferrer noopener\">Inscripci\u00f3<\/a><\/td><td class=\"has-text-align-center\" data-align=\"center\">Aquest curs ofereix una oportunitat \u00fanica per als docents interessats a introduir el disseny digital 2D i 3D a l&#8217;aula. A trav\u00e9s de l&#8217;\u00fas de programari lliure com <strong>GIMP, Inkscape i Tinkercad,<\/strong> el professorat adquirir\u00e0 compet\u00e8ncies t\u00e8cniques i pedag\u00f2giques per desenvolupar activitats innovadores, creatives i adaptades a diferents nivells educatius.<br>La formaci\u00f3 combina el coneixement pr\u00e0ctic amb estrat\u00e8gies metodol\u00f2giques que fomenten el pensament espacial, la resoluci\u00f3 de problemes i l&#8217;aprenentatge actiu.<br><\/td><td>Inici octubre 2025<\/td><td>-20h-16 hores presencials, 4 hores per treball final<br>-8 sessions presencials.<br>-dimarts o dijous 13 d\u2019octubre de 2025 a 30 de gener 2026<\/td><td>Servei Territorial BLL<\/td><td>Servei Educatiu de Castelldefels<\/td><\/tr><tr><td class=\"has-text-align-center\" data-align=\"center\"><a href=\"https:\/\/serveiseducatius.xtec.cat\/baixllobregat6\/recursos-maker\/\">Maker<\/a><\/td><td><strong>Cultura maker i fabricaci\u00f3 digital amb sentit<\/strong><\/td><td><a href=\"https:\/\/aplicacions.gestioeducativa.gencat.cat\/ords\/pls\/soloas\/pk_for_mod_ins.p_for_detall_activitat?p_header=Llista%20d%27activitats^pk_for_mod_ins.p_for_cons_activitats?p_crp=302%26p_any=2025-2026%26p_totes=N%26p_inici=11%26p_excloure_crp_rec=T&amp;p_codi=3024030529&amp;p_curs=2025-2026&amp;p_excloure_crp_rec=T\" target=\"_blank\" rel=\"noreferrer noopener\">Inscripci\u00f3<\/a><\/td><td class=\"has-text-align-center\" data-align=\"center\">Curs de formaci\u00f3 dirigit a equips de docents de Prim\u00e0ria i Secund\u00e0ria (d&#8217;1 a 5 docents de cada centre) que vulguin aprendre a utilitzar els equipaments de fabricaci\u00f3 digital, descobrir les possibilitats creatives i did\u00e0ctiques de l&#8217;aprendre fent en el marc de l&#8217;aprenentatge amb sentit, aix\u00ed com esdevenir referents maker del seu centre.  Aquest curs de formaci\u00f3 tindr\u00e0 un enfocament vivencial, modelant el proc\u00e9s creatiu maker i fent pr\u00e0ctiques de fabricaci\u00f3 digital (talladora-gravadora l\u00e0ser; impressora 3D) contextualitzades per a ser aplicades directament a l&#8217;aula.<\/td><td>Inici octubre 2025<\/td><td>T\u00e9 una durada de 30 hores (20h presencials distribu\u00efdes en 8 sessions de 2.5h i 10h de treball).<\/td><td><\/td><td><a href=\"https:\/\/g.co\/kgs\/GVPKhZp\" target=\"_blank\" rel=\"noreferrer noopener\">INS Bernat el Ferrer (Molins de Rei)<\/a><\/td><\/tr><tr><td class=\"has-text-align-center\" data-align=\"center\"><a href=\"https:\/\/serveiseducatius.xtec.cat\/baixllobregat6\/recursos-maker\/\">Maker<\/a><\/td><td><strong>Taller Fabricaci\u00f3 Digital I<\/strong><\/td><td><a href=\"https:\/\/aplicacions.gestioeducativa.gencat.cat\/ords\/pls\/soloas\/pk_for_mod_ins.p_for_detall_activitat?p_header=Llista%20d%27activitats^pk_for_mod_ins.p_for_cons_activitats?p_crp=307%26p_any=2025-2026%26p_totes=N%26p_inici=41%26p_excloure_crp_rec=T&amp;p_codi=3070811307&amp;p_curs=2025-2026&amp;p_excloure_crp_rec=T\" target=\"_blank\" rel=\"noreferrer noopener\">Inscripci\u00f3<\/a><\/td><td class=\"has-text-align-center\" data-align=\"center\">L&#8217;objectiu principal del taller \u00e9s la capacitaci\u00f3 tecnol\u00f2gica dels assistents en l&#8217;\u00fas d&#8217;impressores 3D i talladores l\u00e0ser. <\/td><td>Octubre 2025<\/td><td>5h<br>2 sessions<\/td><td>CRP<\/td><td>Servei Educatiu Baix Llobregat VI<\/td><\/tr><tr><td class=\"has-text-align-center\" data-align=\"center\">PC i rob\u00f2tica<\/td><td><strong>Taller Rob\u00f2tica i Pensament computacional I<\/strong><\/td><td><a href=\"https:\/\/aplicacions.gestioeducativa.gencat.cat\/ords\/pls\/soloas\/pk_for_mod_ins.p_for_detall_activitat?p_header=Llista%20d%27activitats^pk_for_mod_ins.p_for_cons_activitats?p_crp=307%26p_any=2025-2026%26p_totes=N%26p_inici=41%26p_excloure_crp_rec=T&amp;p_codi=3070821307&amp;p_curs=2025-2026&amp;p_excloure_crp_rec=T\" target=\"_blank\" rel=\"noreferrer noopener\">Inscripci\u00f3<\/a><\/td><td class=\"has-text-align-center\" data-align=\"center\">Aquest espai de treball col\u00b7laboratiu est\u00e0 dissenyat per al desenvolupament d&#8217;iniciatives i projectes de rob\u00f2tica i pensament computacional entre docents. <\/td><td>Inici novembre 2025<\/td><td>10h<\/td><td>CRP<\/td><td>Servei Educatiu Baix Llobregat VI<\/td><\/tr><tr><td class=\"has-text-align-center\" data-align=\"center\"><a href=\"https:\/\/serveiseducatius.xtec.cat\/baixllobregat6\/recursos-audiovisuals\/\">Audiovisual<\/a><\/td><td><strong>Taller Contes Audiovisuals I<\/strong><\/td><td><a href=\"https:\/\/aplicacions.gestioeducativa.gencat.cat\/ords\/pls\/soloas\/pk_for_mod_ins.p_for_detall_activitat?p_header=Llista%20d%27activitats^pk_for_mod_ins.p_for_cons_activitats?p_crp=307%26p_any=2025-2026%26p_totes=N%26p_inici=11%26p_excloure_crp_rec=T&amp;p_codi=3070831307&amp;p_curs=2025-2026&amp;p_es_inscr=S\" target=\"_blank\" rel=\"noreferrer noopener\">Inscripci\u00f3<\/a><\/td><td class=\"has-text-align-center\" data-align=\"center\"><strong>ANUL\u00b7LAT<\/strong><\/td><td>Febrer 2026<\/td><td>5h<\/td><td>CRP<\/td><td>Servei Educatiu Baix Llobregat VI<\/td><\/tr><tr><td class=\"has-text-align-center\" data-align=\"center\"><a href=\"https:\/\/serveiseducatius.xtec.cat\/baixllobregat6\/recursos-intel%c2%b7ligencia-artificial-per-educacio\/\">IA<\/a><\/td><td><strong>Eines d&#8217;intel\u00b7lig\u00e8ncia artificial per a docents de prim\u00e0ria I<\/strong><\/td><td><a href=\"https:\/\/aplicacions.gestioeducativa.gencat.cat\/ords\/pls\/soloas\/pk_for_mod_ins.p_for_detall_activitat?p_header=Llista%20d%27activitats^pk_for_mod_ins.p_for_cons_activitats?p_crp=307%26p_any=2025-2026%26p_totes=N%26p_inici=1%26p_excloure_crp_rec=T&amp;p_codi=3070151307&amp;p_curs=2025-2026&amp;p_excloure_crp_rec=T\" target=\"_blank\" rel=\"noreferrer noopener\">Inscripci\u00f3<\/a><\/td><td class=\"has-text-align-center\" data-align=\"center\">Aquest curs introdueix els docents en l&#8217;\u00fas pr\u00e0ctic i pedag\u00f2gic de les eines d&#8217;intel\u00b7lig\u00e8ncia artificial generativa,<br>amb un enfocament aplicat a l&#8217;aula. Es treballaran conceptes b\u00e0sics sobre IA, el funcionament de models com<br>ChatGPT i altres LLM i eines visuals, i es desenvoluparan activitats per aprendre a formular prompts \u00fatils per a<br>tasques educatives (generaci\u00f3 de r\u00fabriques, activitats, informes, recursos visuals&#8230;).<\/td><td>Inici octubre 2025<\/td><td>5 sessions<br>10 hores<\/td><td>CRP<\/td><td>Servei Educatiu Baix Llobregat VI<\/td><\/tr><tr><td class=\"has-text-align-center\" data-align=\"center\"><a href=\"https:\/\/serveiseducatius.xtec.cat\/baixllobregat6\/recursos-intel%c2%b7ligencia-artificial-per-educacio\/\">IA<\/a><\/td><td><strong>Eines d&#8217;intel\u00b7lig\u00e8ncia artificial per a docents de secund\u00e0ria I<\/strong><\/td><td><a href=\"https:\/\/aplicacions.gestioeducativa.gencat.cat\/ords\/pls\/soloas\/pk_for_mod_ins.p_for_detall_activitat?p_header=Llista%20d%27activitats^pk_for_mod_ins.p_for_cons_activitats?p_crp=307%26p_any=2025-2026%26p_totes=N%26p_inici=1%26p_excloure_crp_rec=T&amp;p_codi=3070161307&amp;p_curs=2025-2026&amp;p_excloure_crp_rec=T\" target=\"_blank\" rel=\"noreferrer noopener\">Inscripci\u00f3<\/a><\/td><td class=\"has-text-align-center\" data-align=\"center\">Aquest curs introdueix els docents en l&#8217;\u00fas pr\u00e0ctic i pedag\u00f2gic de les eines d&#8217;intel\u00b7lig\u00e8ncia artificial generativa,<br>amb un enfocament aplicat a l&#8217;aula. Es treballaran conceptes b\u00e0sics sobre IA, el funcionament de models com<br>ChatGPT i altres LLM i eines visuals, i es desenvoluparan activitats per aprendre a formular prompts \u00fatils per a<br>tasques educatives (generaci\u00f3 de r\u00fabriques, activitats, informes, recursos visuals&#8230;). <\/td><td>Inici octubre 2025<\/td><td>5 sessions<br>10 hores<\/td><td>CRP<\/td><td>Servei Educatiu Baix Llobregat VI<\/td><\/tr><\/tbody><\/table><\/figure>\n\n\n\n<p><\/p>\n","protected":false},"excerpt":{"rendered":"<p>Us presentem l&#8217;oferta d&#8217;activitats formatives de Cultura Digital: Tema NOM DE LA FORMACI\u00d3 Inscripci\u00f3 Descripci\u00f3 Quan es far\u00e0 Durada Qui l&#8217;organitza On es fa Oferta formativa de tot el curs \u00c0rea de Cultura Digital Subxarxa de coordinaci\u00f3 digital de centre Inscripci\u00f3 Aquesta activitat va dirigida a totes les persones que desenvolupen tasques relacionades amb el [&hellip;]<\/p>\n","protected":false},"author":1,"featured_media":0,"parent":0,"menu_order":0,"comment_status":"closed","ping_status":"close","template":"","meta":{"_bbp_topic_count":0,"_bbp_reply_count":0,"_bbp_total_topic_count":0,"_bbp_total_reply_count":0,"_bbp_voice_count":0,"_bbp_anonymous_reply_count":0,"_bbp_topic_count_hidden":0,"_bbp_reply_count_hidden":0,"_bbp_forum_subforum_count":0,"site-sidebar-layout":"default","site-content-layout":"","ast-site-content-layout":"default","site-content-style":"default","site-sidebar-style":"default","ast-global-header-display":"","ast-banner-title-visibility":"","ast-main-header-display":"","ast-hfb-above-header-display":"","ast-hfb-below-header-display":"","ast-hfb-mobile-header-display":"","site-post-title":"","ast-breadcrumbs-content":"","ast-featured-img":"","footer-sml-layout":"","theme-transparent-header-meta":"","adv-header-id-meta":"","stick-header-meta":"","header-above-stick-meta":"","header-main-stick-meta":"","header-below-stick-meta":"","astra-migrate-meta-layouts":"set","ast-page-background-enabled":"default","ast-page-background-meta":{"desktop":{"background-color":"var(--ast-global-color-4)","background-image":"","background-repeat":"repeat","background-position":"center center","background-size":"auto","background-attachment":"scroll","background-type":"","background-media":"","overlay-type":"","overlay-color":"","overlay-opacity":"","overlay-gradient":""},"tablet":{"background-color":"","background-image":"","background-repeat":"repeat","background-position":"center center","background-size":"auto","background-attachment":"scroll","background-type":"","background-media":"","overlay-type":"","overlay-color":"","overlay-opacity":"","overlay-gradient":""},"mobile":{"background-color":"","background-image":"","background-repeat":"repeat","background-position":"center center","background-size":"auto","background-attachment":"scroll","background-type":"","background-media":"","overlay-type":"","overlay-color":"","overlay-opacity":"","overlay-gradient":""}},"ast-content-background-meta":{"desktop":{"background-color":"var(--ast-global-color-5)","background-image":"","background-repeat":"repeat","background-position":"center center","background-size":"auto","background-attachment":"scroll","background-type":"","background-media":"","overlay-type":"","overlay-color":"","overlay-opacity":"","overlay-gradient":""},"tablet":{"background-color":"var(--ast-global-color-5)","background-image":"","background-repeat":"repeat","background-position":"center center","background-size":"auto","background-attachment":"scroll","background-type":"","background-media":"","overlay-type":"","overlay-color":"","overlay-opacity":"","overlay-gradient":""},"mobile":{"background-color":"var(--ast-global-color-5)","background-image":"","background-repeat":"repeat","background-position":"center center","background-size":"auto","background-attachment":"scroll","background-type":"","background-media":"","overlay-type":"","overlay-color":"","overlay-opacity":"","overlay-gradient":""}},"footnotes":""},"class_list":["post-30877","page","type-page","status-publish","hentry"],"post_mailing_queue_ids":[],"_links":{"self":[{"href":"https:\/\/serveiseducatius.xtec.cat\/baixllobregat6\/wp-json\/wp\/v2\/pages\/30877","targetHints":{"allow":["GET"]}}],"collection":[{"href":"https:\/\/serveiseducatius.xtec.cat\/baixllobregat6\/wp-json\/wp\/v2\/pages"}],"about":[{"href":"https:\/\/serveiseducatius.xtec.cat\/baixllobregat6\/wp-json\/wp\/v2\/types\/page"}],"author":[{"embeddable":true,"href":"https:\/\/serveiseducatius.xtec.cat\/baixllobregat6\/wp-json\/wp\/v2\/users\/1"}],"replies":[{"embeddable":true,"href":"https:\/\/serveiseducatius.xtec.cat\/baixllobregat6\/wp-json\/wp\/v2\/comments?post=30877"}],"version-history":[{"count":6,"href":"https:\/\/serveiseducatius.xtec.cat\/baixllobregat6\/wp-json\/wp\/v2\/pages\/30877\/revisions"}],"predecessor-version":[{"id":33049,"href":"https:\/\/serveiseducatius.xtec.cat\/baixllobregat6\/wp-json\/wp\/v2\/pages\/30877\/revisions\/33049"}],"wp:attachment":[{"href":"https:\/\/serveiseducatius.xtec.cat\/baixllobregat6\/wp-json\/wp\/v2\/media?parent=30877"}],"curies":[{"name":"wp","href":"https:\/\/api.w.org\/{rel}","templated":true}]}}