{"id":30594,"date":"2025-06-11T08:33:11","date_gmt":"2025-06-11T06:33:11","guid":{"rendered":"https:\/\/serveiseducatius.xtec.cat\/baixllobregat6\/?page_id=30594"},"modified":"2026-04-07T09:04:28","modified_gmt":"2026-04-07T07:04:28","slug":"recursos-audiovisuals","status":"publish","type":"page","link":"https:\/\/serveiseducatius.xtec.cat\/baixllobregat6\/recursos-audiovisuals\/","title":{"rendered":"Recursos audiovisuals"},"content":{"rendered":"\n<p class=\"has-text-align-center has-ast-global-color-7-color has-luminous-vivid-amber-background-color has-text-color has-background has-link-color has-medium-font-size wp-elements-d46f0356045b8d8bc27a22b902f1aed2\"><a href=\"https:\/\/serveiseducatius.xtec.cat\/baixllobregat6\/activitats-de-radio-i-audiovisual-25-26\/\">Activitats del Grup de R\u00e0dio i Audiovisuals 25-26<\/a><\/p>\n\n\n\n<p><\/p>\n\n\n\n<div class=\"wp-block-columns is-layout-flex wp-container-core-columns-is-layout-1 wp-block-columns-is-layout-flex\">\n<div class=\"wp-block-column is-layout-flow wp-block-column-is-layout-flow\" style=\"flex-basis:33.33%\">\n<figure class=\"wp-block-image size-full\"><img loading=\"lazy\" decoding=\"async\" width=\"640\" height=\"360\" src=\"https:\/\/serveiseducatius.xtec.cat\/baixllobregat6\/wp-content\/uploads\/usu778\/2025\/06\/podcastimatge.webp\" alt=\"\" class=\"wp-image-30597\" srcset=\"https:\/\/serveiseducatius.xtec.cat\/baixllobregat6\/wp-content\/uploads\/usu778\/2025\/06\/podcastimatge.webp 640w, https:\/\/serveiseducatius.xtec.cat\/baixllobregat6\/wp-content\/uploads\/usu778\/2025\/06\/podcastimatge-520x293.webp 520w\" sizes=\"auto, (max-width: 640px) 100vw, 640px\" \/><\/figure>\n\n\n\n<p><\/p>\n\n\n\n<p><\/p>\n\n\n\n<p><\/p>\n\n\n\n<p><\/p>\n\n\n\n<p><\/p>\n\n\n\n<p><\/p>\n\n\n\n<p><\/p>\n\n\n\n<p><\/p>\n\n\n\n<p><\/p>\n\n\n\n<figure class=\"wp-block-image aligncenter size-full is-resized\"><a href=\"https:\/\/drive.google.com\/file\/d\/1eIB72ul2fbAJHEL1vRMosKIIugO6Ayup\/view\" target=\"_blank\" rel=\" noreferrer noopener\"><img loading=\"lazy\" decoding=\"async\" width=\"530\" height=\"747\" src=\"https:\/\/serveiseducatius.xtec.cat\/baixllobregat6\/wp-content\/uploads\/usu778\/2025\/11\/maleatudiovisual.jpg\" alt=\"\" class=\"wp-image-31755\" style=\"width:402px;height:auto\" srcset=\"https:\/\/serveiseducatius.xtec.cat\/baixllobregat6\/wp-content\/uploads\/usu778\/2025\/11\/maleatudiovisual.jpg 530w, https:\/\/serveiseducatius.xtec.cat\/baixllobregat6\/wp-content\/uploads\/usu778\/2025\/11\/maleatudiovisual-369x520.jpg 369w\" sizes=\"auto, (max-width: 530px) 100vw, 530px\" \/><\/a><\/figure>\n<\/div>\n\n\n\n<div class=\"wp-block-column is-layout-flow wp-block-column-is-layout-flow\" style=\"flex-basis:66.66%\">\n<p class=\"has-medium-font-size\"><a href=\"https:\/\/projectes.xtec.cat\/digital\/equipaments-i-infraestructures\/maleta-audiovisual\/\" target=\"_blank\" rel=\"noreferrer noopener\">Maleta Audiovisual<\/a>-Nodes \u00c0rea Cultura Digital<\/p>\n\n\n\n<p class=\"has-medium-font-size\"><a href=\"https:\/\/docs.google.com\/presentation\/d\/1aRL7l1B2Ngxzf8quleUZQS2qYinrX_u9O74TTjjcGVM\/preview?slide=id.g294e0a073b7_1_5\" target=\"_blank\" rel=\"noreferrer noopener\">Presentaci\u00f3 de la Maleta i projectes relacionats<\/a><\/p>\n\n\n\n<p class=\"has-ast-global-color-8-color has-light-green-cyan-background-color has-text-color has-background has-link-color has-large-font-size wp-elements-20749d0fb27dea14666583d6c763747e\"><strong><a href=\"https:\/\/xtec.gencat.cat\/ca\/projectes\/comunicacio-audiovisual\/\" target=\"_blank\" rel=\"noreferrer noopener\">Projectes<\/a><\/strong><\/p>\n\n\n\n<ul class=\"wp-block-list\">\n<li class=\"has-medium-font-size\"><a href=\"https:\/\/projectes.xtec.cat\/canaldereporters\/\" target=\"_blank\" rel=\"noreferrer noopener\">Canal de Reporters<\/a><\/li>\n\n\n\n<li class=\"has-medium-font-size\"><a href=\"https:\/\/projectes.xtec.cat\/focus\/\" target=\"_blank\" rel=\"noreferrer noopener\">Focus<\/a><\/li>\n\n\n\n<li class=\"has-medium-font-size\">Conte Audiovisual\n<ul class=\"wp-block-list\">\n<li><a href=\"https:\/\/projectes.xtec.cat\/digital\/equipaments-i-infraestructures\/maleta-audiovisual\/conte-audiovisual\/\" target=\"_blank\" rel=\"noreferrer noopener\">Conte Audiovisual<\/a> \u00c0rea Cultura Digital<\/li>\n\n\n\n<li><a href=\"https:\/\/blocs.xtec.cat\/jocsflorals-conteaudiovisual\/projecte\/\">Conte Audiovisual il\u00b7lustrat Jocs Florals<\/a><\/li>\n<\/ul>\n<\/li>\n\n\n\n<li class=\"has-medium-font-size\"><a href=\"https:\/\/projectes.xtec.cat\/acollidasuport\/portada\/treballar-llengua-a-partir-de-la-maleta-audiovisual-projectes-per-millorar-la-comunicacio-oral-a-laula\/\" target=\"_blank\" rel=\"noreferrer noopener\">Projectes per millorar la comunicaci\u00f3 oral a l\u2019aula<\/a><\/li>\n<\/ul>\n\n\n\n<p class=\"has-pale-cyan-blue-background-color has-background has-large-font-size\">Recursos<\/p>\n\n\n\n<ul class=\"wp-block-list\">\n<li class=\"has-medium-font-size\"><a href=\"https:\/\/www.educac.cat\/professorat\/situacions-daprenentatge\" data-type=\"link\" data-id=\"https:\/\/www.educac.cat\/professorat\/situacions-daprenentatge\" target=\"_blank\" rel=\"noreferrer noopener\">Recursos educaci\u00f3 medi\u00e0tica EduCAC<\/a><\/li>\n\n\n\n<li class=\"has-medium-font-size\"><a href=\"https:\/\/docs.google.com\/presentation\/u\/1\/d\/1vVLCqDqFOiiCS-UQdRI62yyaq9QblNpzMIHiuI2CmbE\/mobilepresent\" target=\"_blank\" rel=\"noreferrer noopener\">Per fer Podcasts<\/a> (material creat pel CRP  Castelldefels)<\/li>\n\n\n\n<li class=\"has-medium-font-size\"><a href=\"https:\/\/docs.google.com\/presentation\/u\/1\/d\/1-8KesfZGyzeXt3hscJ8DzXw99f1J9LkWnRSWDofACQ8\/mobilepresent\" target=\"_blank\" rel=\"noreferrer noopener\">Edici\u00f3 de v\u00eddeo online<\/a> (material creat pel CRP Castelldefels)<\/li>\n\n\n\n<li class=\"has-medium-font-size\"><a href=\"https:\/\/projectes.xtec.cat\/ami\/banc-de-recursos\/\" target=\"_blank\" rel=\"noreferrer noopener\">Recursos del Projecte d&#8217;Educaci\u00f3 Medi\u00e0tica<\/a><\/li>\n\n\n\n<li>Funcionament OBS (edici\u00f3 digital)\n<ul class=\"wp-block-list\">\n<li><a href=\"https:\/\/drive.google.com\/file\/d\/1bMqDAM42TifjrtKvogKSfUy8bzm8B3yI\/view\" target=\"_blank\" rel=\"noreferrer noopener\">Conte audiovisual OBS i \u00e0udio<\/a><\/li>\n\n\n\n<li><a href=\"https:\/\/drive.google.com\/file\/d\/1RBlNTuMg0blDkkJ9cMKx6u4KaI8Ate07\/view\" target=\"_blank\" rel=\"noreferrer noopener\">Croma i OBS<\/a><\/li>\n<\/ul>\n<\/li>\n<\/ul>\n\n\n\n<p class=\"has-light-green-cyan-background-color has-background has-large-font-size\">R\u00e0dio a l&#8217;escola<\/p>\n\n\n\n<ul class=\"wp-block-list\">\n<li><a href=\"https:\/\/www.educac.cat\/professorat\/radio-escolar\" target=\"_blank\" rel=\"noreferrer noopener\">EduCAC<\/a><\/li>\n\n\n\n<li class=\"has-vivid-red-color has-text-color has-link-color has-medium-font-size wp-elements-d05ef58c2e886b36532adc11cb06a1d3\"><a href=\"https:\/\/projectes.xtec.cat\/digital\/equipaments-i-infraestructures\/maleta-audiovisual\/elements-audio\/\" target=\"_blank\" rel=\"noreferrer noopener\">Elements de la maleta audiovisual per fer r\u00e0dio<\/a><\/li>\n\n\n\n<li class=\"has-vivid-red-color has-text-color has-link-color has-medium-font-size wp-elements-16a22b14e284cf11ac0fcc6346de9bab\"><a href=\"https:\/\/alexandria.xtec.cat\/course\/view.php?id=1650\" target=\"_blank\" rel=\"noreferrer noopener\">Prim\u00e0ria &#8211; Odissea  Alexandria<\/a> &#8211; Canal Reporters<\/li>\n\n\n\n<li class=\"has-vivid-red-color has-text-color has-link-color has-medium-font-size wp-elements-31ab3830d19e4398afaa3ce6c454f57d\"><a href=\"https:\/\/alexandria.xtec.cat\/course\/view.php?id=1651;rid=3562\" target=\"_blank\" rel=\"noreferrer noopener\">Secund\u00e0ria-Odissea Alexandria<\/a> &#8211; Canal Reporters<\/li>\n\n\n\n<li class=\"has-vivid-red-color has-text-color has-link-color has-medium-font-size wp-elements-8326b1afef5e62278b058794885dbbbc\"><a href=\"https:\/\/docs.google.com\/document\/d\/15NzyWJzDZak23pePNtCMB79OQdGqrOhD_Vh2U7kdgZA\/edit?usp=sharing\" target=\"_blank\" rel=\"noreferrer noopener\">Tutorial Audacity<\/a><\/li>\n\n\n\n<li><a href=\"https:\/\/drive.google.com\/file\/d\/1i8L6buAdLb-16k5yu0mREpR_JOOtHkF8\/view?usp=sharing\" target=\"_blank\" rel=\"noreferrer noopener\">Efectes sonors &#8211; Taula de so<\/a><\/li>\n\n\n\n<li><a href=\"http:\/\/Projectes.xtec.cat\/ami\/calaixdesons\" target=\"_blank\" rel=\"noreferrer noopener\">Botonera de sons <\/a><\/li>\n\n\n\n<li><a href=\"https:\/\/repositori.educacio.gencat.cat\/bitstream\/handle\/20.500.12694\/7350\/veu_infancia_guia_dinamitzar_experiencies_radio_escolar_2024.pdf?sequence=1&amp;isAllowed=y\">Guia per dinamitzar experi\u00e8ncies de r\u00e0dio a l&#8217;escola<\/a> (M\u00f2dul 6)<\/li>\n\n\n\n<li><a href=\"https:\/\/xtec.gencat.cat\/ca\/recursos\/media\/radio\/\" target=\"_blank\" rel=\"noreferrer noopener\">XTEC R\u00e0dio<\/a><\/li>\n\n\n\n<li><a href=\"https:\/\/www.youtube.com\/watch?v=2vg6ldvQM4o\" target=\"_blank\" rel=\"noreferrer noopener\">R\u00e0dio a l&#8217;aula d&#8217;acollida<\/a><\/li>\n\n\n\n<li><a href=\"https:\/\/ja.cat\/2VHy7\" data-type=\"link\" data-id=\"https:\/\/ja.cat\/2VHy7\" target=\"_blank\" rel=\"noreferrer noopener\">Formaci\u00f3 Cultura Digital 25-26: &#8220;Un estudi de r\u00e0dio a l&#8217;escola&#8221;<\/a> 2Torn<\/li>\n<\/ul>\n\n\n\n<p>Exemples de r\u00e0dios escolars<\/p>\n\n\n\n<ul class=\"wp-block-list\">\n<li class=\"has-vivid-red-color has-text-color has-link-color wp-elements-60431afd28c853407d8c33a6a601235e\"><a href=\"https:\/\/www.radiosescolarsenxarxa.org\/\" target=\"_blank\" rel=\"noreferrer noopener\">R\u00e0dios escolars en xarxa<\/a><\/li>\n\n\n\n<li><a href=\"https:\/\/www.mogent.cat\/projectes\/radio\/\" target=\"_blank\" rel=\"noreferrer noopener\">R\u00e0dio Mogent<\/a> (Escola Mogent)<\/li>\n\n\n\n<li><a href=\"https:\/\/agora.xtec.cat\/ceip-mcinto-verdaguer\/categoria\/projectes\/radio\/\" target=\"_blank\" rel=\"noreferrer noopener\">Cinto R\u00e0dio<\/a> (Escola Moss\u00e8n Jacint Verdaguer-Barcelona)<\/li>\n\n\n\n<li><a href=\"https:\/\/radioannexa.blogspot.com\/\" target=\"_blank\" rel=\"noreferrer noopener\">R\u00e0dio Annexa<\/a> (Escola Annexa Joan Puigverd)<\/li>\n\n\n\n<li><a href=\"https:\/\/www.ivoox.com\/podcast-podcast-radio-pati-ins-vila-seca_sq_f198653_1.html\" target=\"_blank\" rel=\"noreferrer noopener\">R\u00e0dio Pati <\/a>(Institut Vila-Seca)<\/li>\n\n\n\n<li><a href=\"https:\/\/radiojoanot.bandcamp.com\/audio\" target=\"_blank\" rel=\"noreferrer noopener\">R\u00e0dio Joanot<\/a> (Institut Joanot Martorell)<\/li>\n\n\n\n<li><a href=\"https:\/\/radio.educastur.es\/\" target=\"_blank\" rel=\"noreferrer noopener\">R\u00e0dio Educastur<\/a><\/li>\n\n\n\n<li><a href=\"http:\/\/Almazuela 2.0\" target=\"_blank\" rel=\"noreferrer noopener\">Almazuela 2.0 &#8211; La Rioja<\/a><\/li>\n<\/ul>\n<\/div>\n<\/div>\n\n\n\n<div class=\"wp-block-group is-layout-constrained wp-block-group-is-layout-constrained\">\n<div style=\"position: relative; width: 100%; height: 80%; padding-top: 100.0000%;\n padding-bottom: 0; box-shadow: 0 2px 8px 0 rgba(63,69,81,0.16); margin-top: 1.6em; margin-bottom: 0.9em; overflow: hidden;\n border-radius: 8px; will-change: transform;\">\n  <iframe loading=\"lazy\" style=\"position: absolute; width: 100%; height: 80%; top: 0; left: 0; border: none; padding: 0;margin: 0;\"\n    src=\"https:\/\/www.canva.com\/design\/DAG3KUkA1Eg\/24Y8AbB_r8eVF0yYpLXcYg\/view?embed\" allowfullscreen=\"allowfullscreen\" allow=\"fullscreen\">\n  <\/iframe>\n<\/div>\n<a href=\"https:&#x2F;&#x2F;www.canva.com&#x2F;design&#x2F;DAG3KUkA1Eg&#x2F;24Y8AbB_r8eVF0yYpLXcYg&#x2F;view?utm_content=DAG3KUkA1Eg&amp;utm_campaign=designshare&amp;utm_medium=embeds&amp;utm_source=link\" target=\"_blank\" rel=\"noopener\">R\u00e0dio a l&#8217;escola<\/a> de CRP del Baix Llobregat VI\n<\/div>\n\n\n\n<iframe loading=\"lazy\" src=\"https:\/\/odissea.xtec.cat\/h5p\/embed.php?url=https%3A%2F%2Fodissea.xtec.cat%2Fpluginfile.php%2F3791074%2Fmod_h5pactivity%2Fpackage%2F0%2Fimage-hotspots-2971.h5p&amp;component=mod_h5pactivity\" name=\"h5player\" width=\"1593\" height=\"2049\"\n   allowfullscreen=\"allowfullscreen\" class=\"h5p-player w-100 border-0\"\n   style=\"height: 0px;\" id=\"691dbc89b54f3691dbc89b54f41-h5player\">\n<\/iframe><script src=\"https:\/\/odissea.xtec.cat\/h5p\/h5plib\/v124\/joubel\/core\/js\/h5p-resizer.js\"><\/script>\n","protected":false},"excerpt":{"rendered":"<p>Activitats del Grup de R\u00e0dio i Audiovisuals 25-26 Maleta Audiovisual-Nodes \u00c0rea Cultura Digital Presentaci\u00f3 de la Maleta i projectes relacionats Projectes Recursos R\u00e0dio a l&#8217;escola Exemples de r\u00e0dios escolars R\u00e0dio a l&#8217;escola de CRP del Baix Llobregat VI<\/p>\n","protected":false},"author":1,"featured_media":0,"parent":0,"menu_order":0,"comment_status":"closed","ping_status":"close","template":"","meta":{"_bbp_topic_count":0,"_bbp_reply_count":0,"_bbp_total_topic_count":0,"_bbp_total_reply_count":0,"_bbp_voice_count":0,"_bbp_anonymous_reply_count":0,"_bbp_topic_count_hidden":0,"_bbp_reply_count_hidden":0,"_bbp_forum_subforum_count":0,"site-sidebar-layout":"default","site-content-layout":"","ast-site-content-layout":"default","site-content-style":"default","site-sidebar-style":"default","ast-global-header-display":"","ast-banner-title-visibility":"","ast-main-header-display":"","ast-hfb-above-header-display":"","ast-hfb-below-header-display":"","ast-hfb-mobile-header-display":"","site-post-title":"","ast-breadcrumbs-content":"","ast-featured-img":"","footer-sml-layout":"","theme-transparent-header-meta":"","adv-header-id-meta":"","stick-header-meta":"","header-above-stick-meta":"","header-main-stick-meta":"","header-below-stick-meta":"","astra-migrate-meta-layouts":"set","ast-page-background-enabled":"default","ast-page-background-meta":{"desktop":{"background-color":"var(--ast-global-color-4)","background-image":"","background-repeat":"repeat","background-position":"center center","background-size":"auto","background-attachment":"scroll","background-type":"","background-media":"","overlay-type":"","overlay-color":"","overlay-opacity":"","overlay-gradient":""},"tablet":{"background-color":"","background-image":"","background-repeat":"repeat","background-position":"center center","background-size":"auto","background-attachment":"scroll","background-type":"","background-media":"","overlay-type":"","overlay-color":"","overlay-opacity":"","overlay-gradient":""},"mobile":{"background-color":"","background-image":"","background-repeat":"repeat","background-position":"center center","background-size":"auto","background-attachment":"scroll","background-type":"","background-media":"","overlay-type":"","overlay-color":"","overlay-opacity":"","overlay-gradient":""}},"ast-content-background-meta":{"desktop":{"background-color":"var(--ast-global-color-5)","background-image":"","background-repeat":"repeat","background-position":"center center","background-size":"auto","background-attachment":"scroll","background-type":"","background-media":"","overlay-type":"","overlay-color":"","overlay-opacity":"","overlay-gradient":""},"tablet":{"background-color":"var(--ast-global-color-5)","background-image":"","background-repeat":"repeat","background-position":"center center","background-size":"auto","background-attachment":"scroll","background-type":"","background-media":"","overlay-type":"","overlay-color":"","overlay-opacity":"","overlay-gradient":""},"mobile":{"background-color":"var(--ast-global-color-5)","background-image":"","background-repeat":"repeat","background-position":"center center","background-size":"auto","background-attachment":"scroll","background-type":"","background-media":"","overlay-type":"","overlay-color":"","overlay-opacity":"","overlay-gradient":""}},"footnotes":""},"class_list":["post-30594","page","type-page","status-publish","hentry"],"post_mailing_queue_ids":[],"_links":{"self":[{"href":"https:\/\/serveiseducatius.xtec.cat\/baixllobregat6\/wp-json\/wp\/v2\/pages\/30594","targetHints":{"allow":["GET"]}}],"collection":[{"href":"https:\/\/serveiseducatius.xtec.cat\/baixllobregat6\/wp-json\/wp\/v2\/pages"}],"about":[{"href":"https:\/\/serveiseducatius.xtec.cat\/baixllobregat6\/wp-json\/wp\/v2\/types\/page"}],"author":[{"embeddable":true,"href":"https:\/\/serveiseducatius.xtec.cat\/baixllobregat6\/wp-json\/wp\/v2\/users\/1"}],"replies":[{"embeddable":true,"href":"https:\/\/serveiseducatius.xtec.cat\/baixllobregat6\/wp-json\/wp\/v2\/comments?post=30594"}],"version-history":[{"count":6,"href":"https:\/\/serveiseducatius.xtec.cat\/baixllobregat6\/wp-json\/wp\/v2\/pages\/30594\/revisions"}],"predecessor-version":[{"id":33146,"href":"https:\/\/serveiseducatius.xtec.cat\/baixllobregat6\/wp-json\/wp\/v2\/pages\/30594\/revisions\/33146"}],"wp:attachment":[{"href":"https:\/\/serveiseducatius.xtec.cat\/baixllobregat6\/wp-json\/wp\/v2\/media?parent=30594"}],"curies":[{"name":"wp","href":"https:\/\/api.w.org\/{rel}","templated":true}]}}