{"id":29856,"date":"2025-04-30T15:29:39","date_gmt":"2025-04-30T13:29:39","guid":{"rendered":"https:\/\/serveiseducatius.xtec.cat\/baixllobregat6\/?page_id=29856"},"modified":"2025-04-30T15:29:39","modified_gmt":"2025-04-30T13:29:39","slug":"2025-cantata-80-aventures-el-musical","status":"publish","type":"page","link":"https:\/\/serveiseducatius.xtec.cat\/baixllobregat6\/xarxa-grup-mestres-de-musica\/2025-cantata-80-aventures-el-musical\/","title":{"rendered":"2025: Cantata \u201c80 Aventures, El Musical\u201d"},"content":{"rendered":"\n<p>El&nbsp;<a href=\"http:\/\/serveiseducatius.xtec.cat\/baixllobregat6\/categoria\/grup-de-mestres-de-musica\/\"><strong>Grup de Mestres de M\u00fasica<\/strong>&nbsp;<\/a>del Servei Educatiu&nbsp;<a href=\"https:\/\/serveiseducatius.xtec.cat\/baixllobregat6\/\">Baix Llobregat VI<\/a>&nbsp;ha preparat per a aquest curs 2024-25 una nova cantata musical, com \u00e9s habitual, amb l\u2019alumnat de 4t d\u2019educaci\u00f3 prim\u00e0ria .<\/p>\n\n\n\n<p>Ho fa, com sempre, amb un projecte ambici\u00f3s:&nbsp;&nbsp;<strong>\u201c80 aventures, el musical\u201d<\/strong>, inspirat en l\u2019obra&nbsp;<strong>de Jules Verne \u201cLa volta al m\u00f3n en 80 dies\u201d<\/strong>, coincidint amb el fet que enguany es compleixen 120 anys de la mort de l\u2019escriptor.<\/p>\n\n\n\n<p>L\u2019espectacle, basat en el llibre d\u2019en Jules Verne,&nbsp;narra les aventures de Phileas Fogg, un home angl\u00e8s que fa una aposta arriscada per demostrar que es pot donar la volta al m\u00f3n en nom\u00e9s 80 dies.<\/p>\n\n\n\n<p>Es&nbsp;realitzar\u00e0 el<strong>&nbsp;\u200b5 de juny<\/strong>&nbsp;a les&nbsp;<strong>14.30\u200b h.<\/strong>&nbsp;al&nbsp;<strong>Teatre La Passi\u00f3 d\u2019Olesa&nbsp;<\/strong>de Montserrat\u200b amb la participaci\u00f3 de les escoles seg\u00fcents:<\/p>\n\n\n\n<ul class=\"wp-block-list\">\n<li>Cervell\u00f3 (ESC\u00a0\u200bEscola\u00a0Nova)<\/li>\n\n\n\n<li>Corbera (ESC El Corb)<\/li>\n\n\n\n<li>La Palma de Cervell\u00f3 (ESC El Solell)<\/li>\n\n\n\n<li>Sant Vicen\u00e7 dels Horts\u00a0(ESC Joan Juncadella,\u00a0C La Immaculada,\u00a0ESC La Gu\u00e0rdia,\u00a0ESC La Vinyala,\u00a0ESC Sant Antoni, ESC Sant Jordi i ESC Sant Josep,)<\/li>\n\n\n\n<li>Torrelles de Llobregat (I-E de Torrelles de Llobregat)<\/li>\n<\/ul>\n\n\n\n<p>Com en d\u2019altres edicions, l\u2019espectacle no es limitar\u00e0 \u00fanicament a la m\u00fasica. Es combinaran les arts pl\u00e0stiques, el cant coral, la dansa i la literatura. Les can\u00e7ons, inspirades en la hist\u00f2ria del llibre d\u2019en Jules Verne \u201cLa volta al m\u00f3n en 80 dies\u201d<strong>,<\/strong>&nbsp;han estat escrites per l\u2019alumnat de les escoles participants i compten amb melodies provinents tamb\u00e9 del Jap\u00f3, amb l\u2019estil anomenat J-Pop com a fil sobre el qual avan\u00e7ar\u00e0 l\u2019espectacle.<\/p>\n\n\n\n<p>La representaci\u00f3 es far\u00e0 el&nbsp;<strong>dijous 5 de juny de 2025<\/strong>&nbsp;a les&nbsp;<strong>14:30<\/strong>&nbsp;al&nbsp;<strong>Teatre de la Passi\u00f3 d\u2019Olesa de Montserrat<\/strong>&nbsp;i comptar\u00e0 amb la participaci\u00f3 directa d\u2019uns 300 alumnes de 4t d\u2019educaci\u00f3 prim\u00e0ria que cantaran i ballaran al ritme dels instruments dels docents del Grup de Mestres de M\u00fasica.<\/p>\n\n\n\n<p>Aqu\u00ed teniu el programa:<\/p>\n\n\n\n<figure class=\"wp-block-gallery has-nested-images columns-default is-cropped wp-block-gallery-1 is-layout-flex wp-block-gallery-is-layout-flex\">\n<figure class=\"wp-block-image size-large\"><img loading=\"lazy\" decoding=\"async\" width=\"1024\" height=\"724\" data-id=\"29843\" src=\"https:\/\/serveiseducatius.xtec.cat\/baixllobregat6\/wp-content\/uploads\/usu778\/2025\/04\/5-de-juny-de-2025-a-les-14.30-Teatre-La-Passio-dOlesa-de-Montserrat-Cantata-amb-la-participacio-de-les-escoles-2-1024x724.png\" alt=\"\" class=\"wp-image-29843\" srcset=\"https:\/\/serveiseducatius.xtec.cat\/baixllobregat6\/wp-content\/uploads\/usu778\/2025\/04\/5-de-juny-de-2025-a-les-14.30-Teatre-La-Passio-dOlesa-de-Montserrat-Cantata-amb-la-participacio-de-les-escoles-2-1024x724.png 1024w, https:\/\/serveiseducatius.xtec.cat\/baixllobregat6\/wp-content\/uploads\/usu778\/2025\/04\/5-de-juny-de-2025-a-les-14.30-Teatre-La-Passio-dOlesa-de-Montserrat-Cantata-amb-la-participacio-de-les-escoles-2-520x368.png 520w, https:\/\/serveiseducatius.xtec.cat\/baixllobregat6\/wp-content\/uploads\/usu778\/2025\/04\/5-de-juny-de-2025-a-les-14.30-Teatre-La-Passio-dOlesa-de-Montserrat-Cantata-amb-la-participacio-de-les-escoles-2-768x543.png 768w, https:\/\/serveiseducatius.xtec.cat\/baixllobregat6\/wp-content\/uploads\/usu778\/2025\/04\/5-de-juny-de-2025-a-les-14.30-Teatre-La-Passio-dOlesa-de-Montserrat-Cantata-amb-la-participacio-de-les-escoles-2-1536x1086.png 1536w, https:\/\/serveiseducatius.xtec.cat\/baixllobregat6\/wp-content\/uploads\/usu778\/2025\/04\/5-de-juny-de-2025-a-les-14.30-Teatre-La-Passio-dOlesa-de-Montserrat-Cantata-amb-la-participacio-de-les-escoles-2-2048x1448.png 2048w\" sizes=\"auto, (max-width: 1024px) 100vw, 1024px\" \/><\/figure>\n<\/figure>\n","protected":false},"excerpt":{"rendered":"<p>El&nbsp;Grup de Mestres de M\u00fasica&nbsp;del Servei Educatiu&nbsp;Baix Llobregat VI&nbsp;ha preparat per a aquest curs 2024-25 una nova cantata musical, com \u00e9s habitual, amb l\u2019alumnat de 4t d\u2019educaci\u00f3 prim\u00e0ria . Ho fa, com sempre, amb un projecte ambici\u00f3s:&nbsp;&nbsp;\u201c80 aventures, el musical\u201d, inspirat en l\u2019obra&nbsp;de Jules Verne \u201cLa volta al m\u00f3n en 80 dies\u201d, coincidint amb el [&hellip;]<\/p>\n","protected":false},"author":1,"featured_media":0,"parent":29851,"menu_order":0,"comment_status":"closed","ping_status":"close","template":"","meta":{"_bbp_topic_count":0,"_bbp_reply_count":0,"_bbp_total_topic_count":0,"_bbp_total_reply_count":0,"_bbp_voice_count":0,"_bbp_anonymous_reply_count":0,"_bbp_topic_count_hidden":0,"_bbp_reply_count_hidden":0,"_bbp_forum_subforum_count":0,"site-sidebar-layout":"default","site-content-layout":"","ast-site-content-layout":"default","site-content-style":"default","site-sidebar-style":"default","ast-global-header-display":"","ast-banner-title-visibility":"","ast-main-header-display":"","ast-hfb-above-header-display":"","ast-hfb-below-header-display":"","ast-hfb-mobile-header-display":"","site-post-title":"","ast-breadcrumbs-content":"","ast-featured-img":"","footer-sml-layout":"","theme-transparent-header-meta":"","adv-header-id-meta":"","stick-header-meta":"","header-above-stick-meta":"","header-main-stick-meta":"","header-below-stick-meta":"","astra-migrate-meta-layouts":"set","ast-page-background-enabled":"default","ast-page-background-meta":{"desktop":{"background-color":"var(--ast-global-color-4)","background-image":"","background-repeat":"repeat","background-position":"center center","background-size":"auto","background-attachment":"scroll","background-type":"","background-media":"","overlay-type":"","overlay-color":"","overlay-opacity":"","overlay-gradient":""},"tablet":{"background-color":"","background-image":"","background-repeat":"repeat","background-position":"center center","background-size":"auto","background-attachment":"scroll","background-type":"","background-media":"","overlay-type":"","overlay-color":"","overlay-opacity":"","overlay-gradient":""},"mobile":{"background-color":"","background-image":"","background-repeat":"repeat","background-position":"center center","background-size":"auto","background-attachment":"scroll","background-type":"","background-media":"","overlay-type":"","overlay-color":"","overlay-opacity":"","overlay-gradient":""}},"ast-content-background-meta":{"desktop":{"background-color":"var(--ast-global-color-5)","background-image":"","background-repeat":"repeat","background-position":"center center","background-size":"auto","background-attachment":"scroll","background-type":"","background-media":"","overlay-type":"","overlay-color":"","overlay-opacity":"","overlay-gradient":""},"tablet":{"background-color":"var(--ast-global-color-5)","background-image":"","background-repeat":"repeat","background-position":"center center","background-size":"auto","background-attachment":"scroll","background-type":"","background-media":"","overlay-type":"","overlay-color":"","overlay-opacity":"","overlay-gradient":""},"mobile":{"background-color":"var(--ast-global-color-5)","background-image":"","background-repeat":"repeat","background-position":"center center","background-size":"auto","background-attachment":"scroll","background-type":"","background-media":"","overlay-type":"","overlay-color":"","overlay-opacity":"","overlay-gradient":""}},"footnotes":""},"class_list":["post-29856","page","type-page","status-publish","hentry"],"post_mailing_queue_ids":[],"_links":{"self":[{"href":"https:\/\/serveiseducatius.xtec.cat\/baixllobregat6\/wp-json\/wp\/v2\/pages\/29856","targetHints":{"allow":["GET"]}}],"collection":[{"href":"https:\/\/serveiseducatius.xtec.cat\/baixllobregat6\/wp-json\/wp\/v2\/pages"}],"about":[{"href":"https:\/\/serveiseducatius.xtec.cat\/baixllobregat6\/wp-json\/wp\/v2\/types\/page"}],"author":[{"embeddable":true,"href":"https:\/\/serveiseducatius.xtec.cat\/baixllobregat6\/wp-json\/wp\/v2\/users\/1"}],"replies":[{"embeddable":true,"href":"https:\/\/serveiseducatius.xtec.cat\/baixllobregat6\/wp-json\/wp\/v2\/comments?post=29856"}],"version-history":[{"count":1,"href":"https:\/\/serveiseducatius.xtec.cat\/baixllobregat6\/wp-json\/wp\/v2\/pages\/29856\/revisions"}],"predecessor-version":[{"id":29858,"href":"https:\/\/serveiseducatius.xtec.cat\/baixllobregat6\/wp-json\/wp\/v2\/pages\/29856\/revisions\/29858"}],"up":[{"embeddable":true,"href":"https:\/\/serveiseducatius.xtec.cat\/baixllobregat6\/wp-json\/wp\/v2\/pages\/29851"}],"wp:attachment":[{"href":"https:\/\/serveiseducatius.xtec.cat\/baixllobregat6\/wp-json\/wp\/v2\/media?parent=29856"}],"curies":[{"name":"wp","href":"https:\/\/api.w.org\/{rel}","templated":true}]}}