{"id":29815,"date":"2025-04-30T09:49:21","date_gmt":"2025-04-30T07:49:21","guid":{"rendered":"https:\/\/serveiseducatius.xtec.cat\/baixllobregat6\/?page_id=29815"},"modified":"2026-03-13T14:08:04","modified_gmt":"2026-03-13T13:08:04","slug":"recursos-maker","status":"publish","type":"page","link":"https:\/\/serveiseducatius.xtec.cat\/baixllobregat6\/recursos-maker\/","title":{"rendered":"Recursos Maker"},"content":{"rendered":"\n<p class=\"has-text-align-center has-ast-global-color-8-color has-pale-cyan-blue-background-color has-text-color has-background has-link-color has-large-font-size wp-elements-c17b971b66cd50b5e9bcf0a5f976a5d1\"><a href=\"https:\/\/projectes.xtec.cat\/digital\/equipaments-i-infraestructures\/equipaments-maker\/\" target=\"_blank\" rel=\"noreferrer noopener\">Espai Maker &#8211; \u00c0rea de Cultura Digital<\/a><\/p>\n\n\n\n<p class=\"has-text-align-center has-light-green-cyan-background-color has-background has-large-font-size\"><a href=\"https:\/\/docs.google.com\/presentation\/d\/1XC5p5kEK3TwsdRhDs67hNuTR1KPRzgow\/edit?usp=sharing&amp;ouid=109077432390394163811&amp;rtpof=true&amp;sd=true\" target=\"_blank\" rel=\"noreferrer noopener\">Presentaci\u00f3 amb Recursos Maker creada per Ursus (t\u00e8cnic de CESIRE)<\/a><\/p>\n\n\n\n<figure class=\"wp-block-image aligncenter size-full is-resized\"><img loading=\"lazy\" decoding=\"async\" width=\"450\" height=\"300\" src=\"https:\/\/serveiseducatius.xtec.cat\/baixllobregat6\/wp-content\/uploads\/usu778\/2025\/04\/maker25.jpeg\" alt=\"\" class=\"wp-image-29819\" style=\"width:699px;height:auto\"\/><\/figure>\n\n\n\n<p>Les seg\u00fcents aplicacions es poden instal\u00b7lar directament als port\u00e0tils de l&#8217;alumnat i dels docents des del <strong>cat\u00e0leg d&#8217;aplicacions<\/strong> (Company Portal):<\/p>\n\n\n\n<figure class=\"wp-block-table\"><table><thead><tr><th><strong>Aplicaci\u00f3<\/strong><\/th><th><strong>Recurs Formatiu<\/strong><\/th><\/tr><\/thead><tbody><tr><td>UltiMaker Cura<\/td><td><a href=\"https:\/\/ateneu.xtec.cat\/wikiform\/wikiexport\/materials\/cesire\/faig\/lab\/3d\/k03\/us\/n2\" target=\"_blank\" rel=\"noreferrer noopener\">Formaci\u00f3 Ateneu<\/a><\/td><\/tr><tr><td>Inkscape<\/td><td><a href=\"https:\/\/ateneu.xtec.cat\/wikiform\/wikiexport\/cursos\/curriculum\/interniv\/d135\/modul_4\/index\" target=\"_blank\" rel=\"noreferrer noopener\">Formaci\u00f3 Ateneu<\/a> \/ <a href=\"https:\/\/www.youtube.com\/watch?v=TKpchk09Rqg\" target=\"_blank\" rel=\"noreferrer noopener\">youtube<\/a><\/td><\/tr><tr><td>Beam Studio<\/td><td><a href=\"https:\/\/youtu.be\/ogQuk-b9Qw8\" target=\"_blank\" rel=\"noreferrer noopener\">youtube<\/a><\/td><\/tr><tr><td>LibreCAD<\/td><td><a href=\"https:\/\/formacion.intef.es\/aulaenabierto\/mod\/book\/view.php?id=9007&amp;chapterid=15313\" target=\"_blank\" rel=\"noreferrer noopener\">INTEF<\/a><\/td><\/tr><\/tbody><\/table><\/figure>\n\n\n\n<p>Altres eines i recursos online:<\/p>\n\n\n\n<figure class=\"wp-block-table\"><table><thead><tr><th><strong>Eina \/ Recurs<\/strong><\/th><th><strong>Formaci\u00f3<\/strong><\/th><\/tr><\/thead><tbody><tr><td><a href=\"https:\/\/www.tinkercad.com\/\" target=\"_blank\" rel=\"noreferrer noopener\">Tinkercad<\/a><\/td><td>Formaci\u00f3 <a href=\"https:\/\/ateneu.xtec.cat\/wikiform\/wikiexport\/materials\/cesire\/faig\/lab\/disseny\/cap_9\" target=\"_blank\" rel=\"noreferrer noopener\">Ateneu Xtec<\/a>, <a href=\"https:\/\/formacion.intef.es\/aulaenabierto\/mod\/book\/view.php?id=5129\" target=\"_blank\" rel=\"noreferrer noopener\">INTEF<\/a><\/td><\/tr><tr><td>Edu365<\/td><td><a href=\"https:\/\/ateneu.xtec.cat\/wikiform\/wikiexport\/cursos\/curriculum\/interniv\/d135\/modul_4\/index\" target=\"_blank\" rel=\"noreferrer noopener\"><\/a><a href=\"https:\/\/www.edu365.cat\/dibuix-tecnic-disseny-batxillerat.html\" target=\"_blank\" rel=\"noreferrer noopener\">Eines de disseny<\/a><\/td><\/tr><tr><td><a href=\"https:\/\/www.thingiverse.com\/tag:impresora_3d\">Thinkgiverse<\/a><\/td><td><a href=\"https:\/\/code.intef.es\/prop_didacticas\/modela-en-3d\/\" target=\"_blank\" rel=\"noreferrer noopener\">Altres repositoris d&#8217;arxius<\/a><\/td><\/tr><tr><td><a href=\"https:\/\/www.makercase.com\/\" target=\"_blank\" rel=\"noreferrer noopener\">Makercase<\/a><\/td><td>Aplicaci\u00f3 per crear caixes f\u00e0cilment. Per Impressora 3D i Talladora.<\/td><\/tr><\/tbody><\/table><\/figure>\n\n\n\n<hr class=\"wp-block-separator has-alpha-channel-opacity\"\/>\n\n\n\n<p>Infografies del <a href=\"https:\/\/serveiseducatius.xtec.cat\/cesire\/\" target=\"_blank\" rel=\"noreferrer noopener\">CESIRE<\/a>: passos per fer servir maquinari maker:<\/p>\n\n\n\n<figure class=\"wp-block-image aligncenter size-large\"><a href=\"https:\/\/drive.google.com\/file\/d\/1zPQvDlkAxGXo2czYC1XxbRhYTkTLu3jh\/view?usp=sharing\" target=\"_blank\" rel=\"noreferrer noopener\"><img loading=\"lazy\" decoding=\"async\" width=\"1024\" height=\"468\" src=\"https:\/\/serveiseducatius.xtec.cat\/baixllobregat6\/wp-content\/uploads\/usu778\/2025\/04\/3D-1024x468.png\" alt=\"\" class=\"wp-image-29822\" srcset=\"https:\/\/serveiseducatius.xtec.cat\/baixllobregat6\/wp-content\/uploads\/usu778\/2025\/04\/3D-1024x468.png 1024w, https:\/\/serveiseducatius.xtec.cat\/baixllobregat6\/wp-content\/uploads\/usu778\/2025\/04\/3D-520x237.png 520w, https:\/\/serveiseducatius.xtec.cat\/baixllobregat6\/wp-content\/uploads\/usu778\/2025\/04\/3D-768x351.png 768w, https:\/\/serveiseducatius.xtec.cat\/baixllobregat6\/wp-content\/uploads\/usu778\/2025\/04\/3D-1536x701.png 1536w, https:\/\/serveiseducatius.xtec.cat\/baixllobregat6\/wp-content\/uploads\/usu778\/2025\/04\/3D-2048x935.png 2048w\" sizes=\"auto, (max-width: 1024px) 100vw, 1024px\" \/><\/a><\/figure>\n\n\n\n<figure class=\"wp-block-image aligncenter size-large\"><a href=\"https:\/\/drive.google.com\/file\/d\/1KNlK3VVpeuPmrewf51K4fBhMZDL-Wqzr\/view?usp=sharing\" target=\"_blank\" rel=\"noreferrer noopener\"><img loading=\"lazy\" decoding=\"async\" width=\"1024\" height=\"468\" src=\"https:\/\/serveiseducatius.xtec.cat\/baixllobregat6\/wp-content\/uploads\/usu778\/2025\/04\/LASER-1-1024x468.png\" alt=\"\" class=\"wp-image-29824\" srcset=\"https:\/\/serveiseducatius.xtec.cat\/baixllobregat6\/wp-content\/uploads\/usu778\/2025\/04\/LASER-1-1024x468.png 1024w, https:\/\/serveiseducatius.xtec.cat\/baixllobregat6\/wp-content\/uploads\/usu778\/2025\/04\/LASER-1-520x237.png 520w, https:\/\/serveiseducatius.xtec.cat\/baixllobregat6\/wp-content\/uploads\/usu778\/2025\/04\/LASER-1-768x351.png 768w, https:\/\/serveiseducatius.xtec.cat\/baixllobregat6\/wp-content\/uploads\/usu778\/2025\/04\/LASER-1-1536x701.png 1536w, https:\/\/serveiseducatius.xtec.cat\/baixllobregat6\/wp-content\/uploads\/usu778\/2025\/04\/LASER-1-2048x935.png 2048w\" sizes=\"auto, (max-width: 1024px) 100vw, 1024px\" \/><\/a><\/figure>\n\n\n\n<figure class=\"wp-block-image aligncenter size-large\"><a href=\"https:\/\/drive.google.com\/file\/d\/1pK5iaDuQ-9nh3IwMGolNDPgJ2Q5aY3mO\/view?usp=sharing\" target=\"_blank\" rel=\"noreferrer noopener\"><img loading=\"lazy\" decoding=\"async\" width=\"1024\" height=\"468\" src=\"https:\/\/serveiseducatius.xtec.cat\/baixllobregat6\/wp-content\/uploads\/usu778\/2025\/04\/PLOTER-1-1024x468.png\" alt=\"\" class=\"wp-image-29825\" srcset=\"https:\/\/serveiseducatius.xtec.cat\/baixllobregat6\/wp-content\/uploads\/usu778\/2025\/04\/PLOTER-1-1024x468.png 1024w, https:\/\/serveiseducatius.xtec.cat\/baixllobregat6\/wp-content\/uploads\/usu778\/2025\/04\/PLOTER-1-520x237.png 520w, https:\/\/serveiseducatius.xtec.cat\/baixllobregat6\/wp-content\/uploads\/usu778\/2025\/04\/PLOTER-1-768x351.png 768w, https:\/\/serveiseducatius.xtec.cat\/baixllobregat6\/wp-content\/uploads\/usu778\/2025\/04\/PLOTER-1-1536x701.png 1536w, https:\/\/serveiseducatius.xtec.cat\/baixllobregat6\/wp-content\/uploads\/usu778\/2025\/04\/PLOTER-1-2048x935.png 2048w\" sizes=\"auto, (max-width: 1024px) 100vw, 1024px\" \/><\/a><\/figure>\n\n\n\n<figure class=\"wp-block-image aligncenter size-large\"><a href=\"https:\/\/drive.google.com\/file\/d\/1oSeiP1gJNkN5T4YK6iT8jHTo677lPc_j\/view?usp=sharing\" target=\"_blank\" rel=\"noreferrer noopener\"><img loading=\"lazy\" decoding=\"async\" width=\"1024\" height=\"468\" src=\"https:\/\/serveiseducatius.xtec.cat\/baixllobregat6\/wp-content\/uploads\/usu778\/2025\/04\/BRODADORA-2-1024x468.png\" alt=\"\" class=\"wp-image-29826\" srcset=\"https:\/\/serveiseducatius.xtec.cat\/baixllobregat6\/wp-content\/uploads\/usu778\/2025\/04\/BRODADORA-2-1024x468.png 1024w, https:\/\/serveiseducatius.xtec.cat\/baixllobregat6\/wp-content\/uploads\/usu778\/2025\/04\/BRODADORA-2-520x237.png 520w, https:\/\/serveiseducatius.xtec.cat\/baixllobregat6\/wp-content\/uploads\/usu778\/2025\/04\/BRODADORA-2-768x351.png 768w, https:\/\/serveiseducatius.xtec.cat\/baixllobregat6\/wp-content\/uploads\/usu778\/2025\/04\/BRODADORA-2-1536x701.png 1536w, https:\/\/serveiseducatius.xtec.cat\/baixllobregat6\/wp-content\/uploads\/usu778\/2025\/04\/BRODADORA-2-2048x935.png 2048w\" sizes=\"auto, (max-width: 1024px) 100vw, 1024px\" \/><\/a><\/figure>\n","protected":false},"excerpt":{"rendered":"<p>Espai Maker &#8211; \u00c0rea de Cultura Digital Presentaci\u00f3 amb Recursos Maker creada per Ursus (t\u00e8cnic de CESIRE) Les seg\u00fcents aplicacions es poden instal\u00b7lar directament als port\u00e0tils de l&#8217;alumnat i dels docents des del cat\u00e0leg d&#8217;aplicacions (Company Portal): Aplicaci\u00f3 Recurs Formatiu UltiMaker Cura Formaci\u00f3 Ateneu Inkscape Formaci\u00f3 Ateneu \/ youtube Beam Studio youtube LibreCAD INTEF Altres [&hellip;]<\/p>\n","protected":false},"author":1,"featured_media":0,"parent":0,"menu_order":0,"comment_status":"closed","ping_status":"close","template":"","meta":{"_bbp_topic_count":0,"_bbp_reply_count":0,"_bbp_total_topic_count":0,"_bbp_total_reply_count":0,"_bbp_voice_count":0,"_bbp_anonymous_reply_count":0,"_bbp_topic_count_hidden":0,"_bbp_reply_count_hidden":0,"_bbp_forum_subforum_count":0,"site-sidebar-layout":"default","site-content-layout":"","ast-site-content-layout":"default","site-content-style":"default","site-sidebar-style":"default","ast-global-header-display":"","ast-banner-title-visibility":"","ast-main-header-display":"","ast-hfb-above-header-display":"","ast-hfb-below-header-display":"","ast-hfb-mobile-header-display":"","site-post-title":"","ast-breadcrumbs-content":"","ast-featured-img":"","footer-sml-layout":"","theme-transparent-header-meta":"","adv-header-id-meta":"","stick-header-meta":"","header-above-stick-meta":"","header-main-stick-meta":"","header-below-stick-meta":"","astra-migrate-meta-layouts":"set","ast-page-background-enabled":"default","ast-page-background-meta":{"desktop":{"background-color":"var(--ast-global-color-4)","background-image":"","background-repeat":"repeat","background-position":"center center","background-size":"auto","background-attachment":"scroll","background-type":"","background-media":"","overlay-type":"","overlay-color":"","overlay-opacity":"","overlay-gradient":""},"tablet":{"background-color":"","background-image":"","background-repeat":"repeat","background-position":"center center","background-size":"auto","background-attachment":"scroll","background-type":"","background-media":"","overlay-type":"","overlay-color":"","overlay-opacity":"","overlay-gradient":""},"mobile":{"background-color":"","background-image":"","background-repeat":"repeat","background-position":"center center","background-size":"auto","background-attachment":"scroll","background-type":"","background-media":"","overlay-type":"","overlay-color":"","overlay-opacity":"","overlay-gradient":""}},"ast-content-background-meta":{"desktop":{"background-color":"var(--ast-global-color-5)","background-image":"","background-repeat":"repeat","background-position":"center center","background-size":"auto","background-attachment":"scroll","background-type":"","background-media":"","overlay-type":"","overlay-color":"","overlay-opacity":"","overlay-gradient":""},"tablet":{"background-color":"var(--ast-global-color-5)","background-image":"","background-repeat":"repeat","background-position":"center center","background-size":"auto","background-attachment":"scroll","background-type":"","background-media":"","overlay-type":"","overlay-color":"","overlay-opacity":"","overlay-gradient":""},"mobile":{"background-color":"var(--ast-global-color-5)","background-image":"","background-repeat":"repeat","background-position":"center center","background-size":"auto","background-attachment":"scroll","background-type":"","background-media":"","overlay-type":"","overlay-color":"","overlay-opacity":"","overlay-gradient":""}},"footnotes":""},"class_list":["post-29815","page","type-page","status-publish","hentry"],"post_mailing_queue_ids":[],"_links":{"self":[{"href":"https:\/\/serveiseducatius.xtec.cat\/baixllobregat6\/wp-json\/wp\/v2\/pages\/29815","targetHints":{"allow":["GET"]}}],"collection":[{"href":"https:\/\/serveiseducatius.xtec.cat\/baixllobregat6\/wp-json\/wp\/v2\/pages"}],"about":[{"href":"https:\/\/serveiseducatius.xtec.cat\/baixllobregat6\/wp-json\/wp\/v2\/types\/page"}],"author":[{"embeddable":true,"href":"https:\/\/serveiseducatius.xtec.cat\/baixllobregat6\/wp-json\/wp\/v2\/users\/1"}],"replies":[{"embeddable":true,"href":"https:\/\/serveiseducatius.xtec.cat\/baixllobregat6\/wp-json\/wp\/v2\/comments?post=29815"}],"version-history":[{"count":6,"href":"https:\/\/serveiseducatius.xtec.cat\/baixllobregat6\/wp-json\/wp\/v2\/pages\/29815\/revisions"}],"predecessor-version":[{"id":33081,"href":"https:\/\/serveiseducatius.xtec.cat\/baixllobregat6\/wp-json\/wp\/v2\/pages\/29815\/revisions\/33081"}],"wp:attachment":[{"href":"https:\/\/serveiseducatius.xtec.cat\/baixllobregat6\/wp-json\/wp\/v2\/media?parent=29815"}],"curies":[{"name":"wp","href":"https:\/\/api.w.org\/{rel}","templated":true}]}}