{"id":29172,"date":"2025-02-26T11:30:12","date_gmt":"2025-02-26T10:30:12","guid":{"rendered":"https:\/\/serveiseducatius.xtec.cat\/baixllobregat6\/?page_id=29172"},"modified":"2026-04-15T09:29:12","modified_gmt":"2026-04-15T07:29:12","slug":"recursos-intel%c2%b7ligencia-artificial-per-educacio","status":"publish","type":"page","link":"https:\/\/serveiseducatius.xtec.cat\/baixllobregat6\/recursos-intel%c2%b7ligencia-artificial-per-educacio\/","title":{"rendered":"Recursos Intel\u00b7lig\u00e8ncia Artificial per Educaci\u00f3"},"content":{"rendered":"\n<figure class=\"wp-block-image aligncenter size-full\"><a href=\"https:\/\/projectes.xtec.cat\/ia\/\" target=\"_blank\" rel=\"noreferrer noopener\"><img loading=\"lazy\" decoding=\"async\" width=\"572\" height=\"95\" src=\"https:\/\/serveiseducatius.xtec.cat\/baixllobregat6\/wp-content\/uploads\/usu778\/2025\/02\/ia_educacio-1.png\" alt=\"\" class=\"wp-image-29114\" srcset=\"https:\/\/serveiseducatius.xtec.cat\/baixllobregat6\/wp-content\/uploads\/usu778\/2025\/02\/ia_educacio-1.png 572w, https:\/\/serveiseducatius.xtec.cat\/baixllobregat6\/wp-content\/uploads\/usu778\/2025\/02\/ia_educacio-1-520x86.png 520w\" sizes=\"auto, (max-width: 572px) 100vw, 572px\" \/><\/a><\/figure>\n\n\n\n<p class=\"has-text-align-left has-light-green-cyan-background-color has-background has-large-font-size\">Repositoris<\/p>\n\n\n\n<ul class=\"wp-block-list\">\n<li class=\"has-large-font-size\"><a href=\"https:\/\/aieducator.tools\/\" target=\"_blank\" rel=\"noreferrer noopener\">AI Educators Tools<\/a><\/li>\n\n\n\n<li class=\"has-large-font-size\"><a href=\"https:\/\/projectes.xtec.cat\/recerca\/aplicacions-ia\/\" target=\"_blank\" rel=\"noreferrer noopener\">Recerva Educativa &#8211; Departament d&#8217;Educaci\u00f3<\/a><\/li>\n<\/ul>\n\n\n\n<p class=\"has-text-align-left has-medium-font-size\"><a href=\"https:\/\/uoc2thefuture.uoc.edu\/recursos-conec\/10-metodologies-i-activitats-per-avaluar-i-aprendre-amb-la-ia-generativa\/\" target=\"_blank\" rel=\"noreferrer noopener\">UOC-10 Metodologies i activitats per avaluar i aprendre amb la IA generativa<\/a><\/p>\n\n\n\n<p>A continuaci\u00f3 us presentem eines d&#8217;IA classificades segons el format d&#8217;entrada i sortida de la informaci\u00f3.<\/p>\n\n\n\n<div class=\"wp-block-columns is-layout-flex wp-container-core-columns-is-layout-1 wp-block-columns-is-layout-flex\" style=\"border-width:4px\">\n<div class=\"wp-block-column is-layout-flow wp-block-column-is-layout-flow\">\n<figure class=\"wp-block-image size-full is-resized\"><img loading=\"lazy\" decoding=\"async\" width=\"1280\" height=\"853\" src=\"https:\/\/serveiseducatius.xtec.cat\/baixllobregat6\/wp-content\/uploads\/usu778\/2025\/02\/binary-6609473_1280.webp\" alt=\"\" class=\"wp-image-29194\" style=\"width:562px;height:auto\" srcset=\"https:\/\/serveiseducatius.xtec.cat\/baixllobregat6\/wp-content\/uploads\/usu778\/2025\/02\/binary-6609473_1280.webp 1280w, https:\/\/serveiseducatius.xtec.cat\/baixllobregat6\/wp-content\/uploads\/usu778\/2025\/02\/binary-6609473_1280-520x347.webp 520w, https:\/\/serveiseducatius.xtec.cat\/baixllobregat6\/wp-content\/uploads\/usu778\/2025\/02\/binary-6609473_1280-1024x682.webp 1024w, https:\/\/serveiseducatius.xtec.cat\/baixllobregat6\/wp-content\/uploads\/usu778\/2025\/02\/binary-6609473_1280-768x512.webp 768w\" sizes=\"auto, (max-width: 1280px) 100vw, 1280px\" \/><\/figure>\n<\/div>\n\n\n\n<div class=\"wp-block-column is-layout-flow wp-block-column-is-layout-flow\">\n<div class=\"wp-block-getwid-toggle has-icon-left\">\n<div class=\"wp-block-getwid-toggle__row\"><div class=\"wp-block-getwid-toggle__header-wrapper\"><span class=\"wp-block-getwid-toggle__header\"><a href=\"#\"><span class=\"wp-block-getwid-toggle__header-title\">Text-Text<\/span><span class=\"wp-block-getwid-toggle__icon is-active\"><i class=\"fas fa-plus\"><\/i><\/span><span class=\"wp-block-getwid-toggle__icon is-passive\"><i class=\"fas fa-minus\"><\/i><\/span><\/a><\/span><\/div><div class=\"wp-block-getwid-toggle__content-wrapper\"><div class=\"wp-block-getwid-toggle__content\">\n<ul class=\"wp-block-list\">\n<li><a href=\"https:\/\/chatgpt.com\/\" target=\"_blank\" rel=\"noreferrer noopener\">Chat GPT<\/a><\/li>\n\n\n\n<li><a href=\"https:\/\/gemini.google.com\/?hl=es\" target=\"_blank\" rel=\"noreferrer noopener\">Gemini Google<\/a><\/li>\n\n\n\n<li><a href=\"https:\/\/copilot.microsoft.com\/chats\/ufzPrq5tVHxGomBStyagP\" target=\"_blank\" rel=\"noreferrer noopener\">Copilot Microsoft<\/a><\/li>\n\n\n\n<li><a href=\"https:\/\/www.perplexity.ai\/es\/hub\/getting-started\" target=\"_blank\" rel=\"noreferrer noopener\">Perpexlity<\/a><\/li>\n<\/ul>\n\n\n\n<p><a href=\"https:\/\/labia.tiddlyhost.com\/#Multiprompt\" target=\"_blank\" rel=\"noreferrer noopener\">Multiprompt<\/a> &#8211; permet llan\u00e7ar un mateix prompt a diferents xatbots i decidir despr\u00e9s quin resultat s&#8217;adequa millor al que necessites.<\/p>\n<\/div><\/div><\/div>\n\n\n\n<div class=\"wp-block-getwid-toggle__row\"><div class=\"wp-block-getwid-toggle__header-wrapper\"><span class=\"wp-block-getwid-toggle__header\"><a href=\"#\"><span class=\"wp-block-getwid-toggle__header-title\">Text-Imatge<\/span><span class=\"wp-block-getwid-toggle__icon is-active\"><i class=\"fas fa-plus\"><\/i><\/span><span class=\"wp-block-getwid-toggle__icon is-passive\"><i class=\"fas fa-minus\"><\/i><\/span><\/a><\/span><\/div><div class=\"wp-block-getwid-toggle__content-wrapper\"><div class=\"wp-block-getwid-toggle__content\">\n<ul class=\"wp-block-list\">\n<li><a href=\"https:\/\/www.dall-efree.com\/?gad_source=1&amp;gclid=EAIaIQobChMIzPDynbzjiwMVU5CDBx2vNA5YEAAYASAAEgL4lPD_BwE\" target=\"_blank\" rel=\"noreferrer noopener\">Dall-3 (Open AI)<\/a><\/li>\n\n\n\n<li><a href=\"https:\/\/leonardo.ai\/\" target=\"_blank\" rel=\"noreferrer noopener\">Leonardo AI<\/a><\/li>\n\n\n\n<li><a href=\"https:\/\/www.adobe.com\/es\/products\/firefly.html?gclid=EAIaIQobChMIk4yh0LzjiwMVrJSDBx12lAA4EAAYASAAEgK1zfD_BwE&amp;mv=search&amp;mv=search&amp;mv2=paidsearch&amp;sdid=VPM4K3RR&amp;ef_id=EAIaIQobChMIk4yh0LzjiwMVrJSDBx12lAA4EAAYASAAEgK1zfD_BwE:G:s&amp;s_kwcid=AL!3085!3!731777011845!e!!g!!adobe%20firefly!20351522761!152084316458&amp;gad_source=1\" target=\"_blank\" rel=\"noreferrer noopener\">Adobe Firefly<\/a> (tamb\u00e9 text-video)<\/li>\n\n\n\n<li><a href=\"https:\/\/lensgo.ai\/\" target=\"_blank\" rel=\"noreferrer noopener\">LensGo<\/a><\/li>\n<\/ul>\n<\/div><\/div><\/div>\n\n\n\n<div class=\"wp-block-getwid-toggle__row\"><div class=\"wp-block-getwid-toggle__header-wrapper\"><span class=\"wp-block-getwid-toggle__header\"><a href=\"#\"><span class=\"wp-block-getwid-toggle__header-title\">Text-\u00c0udio<\/span><span class=\"wp-block-getwid-toggle__icon is-active\"><i class=\"fas fa-plus\"><\/i><\/span><span class=\"wp-block-getwid-toggle__icon is-passive\"><i class=\"fas fa-minus\"><\/i><\/span><\/a><\/span><\/div><div class=\"wp-block-getwid-toggle__content-wrapper\"><div class=\"wp-block-getwid-toggle__content\">\n<ul class=\"wp-block-list\">\n<li>UTRRR &#8211; converteix un text en una narraci\u00f3. Hi ha un banc de veus.<\/li>\n\n\n\n<li><a href=\"https:\/\/auth.services.adobe.com\/es_ES\/index.html?callback=https%3A%2F%2Fims-na1.adobelogin.com%2Fims%2Fadobeid%2Fprojectx_webapp%2FAdobeID%2Ftoken%3Fredirect_uri%3Dhttps%253A%252F%252Fnew.express.adobe.com%252Fnew%253Fcategory%253Dmedia%2526action%253Dtext%252Bto%252Bimage%2526width%253D1080%2526height%253D1080%2526unit%253Dpx%2526referrer%253Dhttps%25253A%25252F%25252Fwww.google.com%25252F%2526url%253D%25252Fes%25252Fexpress%25252F%2526placement%253Dgrid-marquee%2526locale%253Des-ES%2526contentRegion%253Des%2526_branch_match_id%253D1423583870249059180%2526_branch_referrer%253DH4sIAAAAAAAAAyVP20rEMBD9muZt27o%25252BrAhBRF1YfFI%25252FQKbpmIRNMtnJdFNf%25252FHZTFobDcODcnEguj8MAM01YMvA5U5Eecu6DT%25252Bfh%25252FfARrqfr4fg6PTH%25252BIDOydpuou3%25252Fu9sd2tdbeEtmAvaHYCLUkLzqvylASTPKJ1lPSWFT1szh9Nz6MCoxspOAq3X4UauAjWFQ5gMHYZNqyn3cR%25252BLIgKgOClvhXR5w9qEAGAjbP3duXWjjolotlgzUzlu1TDr11cov7u5X3yX5PTLW0FS%25252BOKeI%25252FgWATRgEBAAA%25253D%2526postlogin%253Dtrue%2523old_hash%253Dotp%253D223867462%2526from_ims%253Dtrue%2526client_id%253Dprojectx_webapp%2526api%253Dauthorize%2526scope%253Dab.manage%252CAdobeID%252Copenid%252Cread_organizations%252Ccreative_cloud%252Ccreative_sdk%252Ctk_platform%252Ctk_platform_sync%252Caf_byof%252Cstk.a.license_skip.r%252Cstk.a.limited_license.cru%252Cadditional_info.optionalAgreements%252Cuds_read%252Cuds_write%252Caf_ltd_projectx%252Cunified_dev_portal%252Cadditional_info.ownerOrg%252Cadditional_info.roles%252Cadditional_info.roles%252CDCAPI%252Cadditional_info.auth_source%252Cadditional_info.authenticatingAccount%252Cpps.write%252Cpps.delete%252Cpps.image_write%252Ctk_platform_grant_free_subscription%252Cpps.read%252Cfirefly_api%252Cadditional_info.projectedProductContext%252Cadobeio.appregistry.read%252Cadobeio.appregistry.write%252Caccount_cluster.read%252Cindesign_services%252Ceduprofile.write%252Ceduprofile.read%26state%3D%257B%2522jslibver%2522%253A%2522v2-v0.45.0-5-gb993c08%2522%252C%2522nonce%2522%253A%25222996206948367088%2522%257D%26code_challenge_method%3Dplain%26use_ms_for_expiry%3Dtrue&amp;client_id=projectx_webapp&amp;scope=ab.manage%2CAdobeID%2Copenid%2Cread_organizations%2Ccreative_cloud%2Ccreative_sdk%2Ctk_platform%2Ctk_platform_sync%2Caf_byof%2Cstk.a.license_skip.r%2Cstk.a.limited_license.cru%2Cadditional_info.optionalAgreements%2Cuds_read%2Cuds_write%2Caf_ltd_projectx%2Cunified_dev_portal%2Cadditional_info.ownerOrg%2Cadditional_info.roles%2CDCAPI%2Cadditional_info.auth_source%2Cadditional_info.authenticatingAccount%2Cpps.write%2Cpps.delete%2Cpps.image_write%2Ctk_platform_grant_free_subscription%2Cpps.read%2Cfirefly_api%2Cadditional_info.projectedProductContext%2Cadobeio.appregistry.read%2Cadobeio.appregistry.write%2Caccount_cluster.read%2Cindesign_services%2Ceduprofile.write%2Ceduprofile.read&amp;state=%7B%22jslibver%22%3A%22v2-v0.45.0-5-gb993c08%22%2C%22nonce%22%3A%222996206948367088%22%7D&amp;relay=3918e2cc-9db7-495b-b5c9-7cc435a560ff&amp;locale=es_ES&amp;flow_type=token&amp;dctx_id=v%3A2%2Cs%2Cdcp-r%2Cbg%3Aexpress2024%2C45faecb0-e687-11ee-a865-f545a8ca5d2c&amp;idp_flow_type=login&amp;ab_test=complete-account-new-design%2Cremove-default-month&amp;s_p=google%2Cfacebook%2Capple%2Cmicrosoft%2Cline%2Ckakao&amp;response_type=token&amp;code_challenge_method=plain&amp;redirect_uri=https%3A%2F%2Fnew.express.adobe.com%2Fnew%3Fcategory%3Dmedia%26action%3Dtext%2Bto%2Bimage%26width%3D1080%26height%3D1080%26unit%3Dpx%26referrer%3Dhttps%253A%252F%252Fwww.google.com%252F%26url%3D%252Fes%252Fexpress%252F%26placement%3Dgrid-marquee%26locale%3Des-ES%26contentRegion%3Des%26_branch_match_id%3D1423583870249059180%26_branch_referrer%3DH4sIAAAAAAAAAyVP20rEMBD9muZt27o%252BrAhBRF1YfFI%252FQKbpmIRNMtnJdFNf%252FHZTFobDcODcnEguj8MAM01YMvA5U5Eecu6DT%252Bfh%252FfARrqfr4fg6PTH%252BIDOydpuou3%252Fu9sd2tdbeEtmAvaHYCLUkLzqvylASTPKJ1lPSWFT1szh9Nz6MCoxspOAq3X4UauAjWFQ5gMHYZNqyn3cR%252BLIgKgOClvhXR5w9qEAGAjbP3duXWjjolotlgzUzlu1TDr11cov7u5X3yX5PTLW0FS%252BOKeI%252FgWATRgEBAAA%253D%26postlogin%3Dtrue%23old_hash%3Dotp%3D223867462%26from_ims%3Dtrue%26client_id%3Dprojectx_webapp%26api%3Dauthorize%26scope%3Dab.manage%2CAdobeID%2Copenid%2Cread_organizations%2Ccreative_cloud%2Ccreative_sdk%2Ctk_platform%2Ctk_platform_sync%2Caf_byof%2Cstk.a.license_skip.r%2Cstk.a.limited_license.cru%2Cadditional_info.optionalAgreements%2Cuds_read%2Cuds_write%2Caf_ltd_projectx%2Cunified_dev_portal%2Cadditional_info.ownerOrg%2Cadditional_info.roles%2Cadditional_info.roles%2CDCAPI%2Cadditional_info.auth_source%2Cadditional_info.authenticatingAccount%2Cpps.write%2Cpps.delete%2Cpps.image_write%2Ctk_platform_grant_free_subscription%2Cpps.read%2Cfirefly_api%2Cadditional_info.projectedProductContext%2Cadobeio.appregistry.read%2Cadobeio.appregistry.write%2Caccount_cluster.read%2Cindesign_services%2Ceduprofile.write%2Ceduprofile.read&amp;use_ms_for_expiry=true#\/\" target=\"_blank\" rel=\"noreferrer noopener\">Adobe Express<\/a> &#8211; permet crear animacions a partir d&#8217;\u00e0udio<\/li>\n\n\n\n<li><a href=\"https:\/\/elevenlabs.io\/\" target=\"_blank\" rel=\"noreferrer noopener\">elevenlabs.io<\/a> &#8211; tradueix un text al catal\u00e0 i el pots escoltar a continuaci\u00f3 <\/li>\n<\/ul>\n<\/div><\/div><\/div>\n\n\n\n<div class=\"wp-block-getwid-toggle__row\"><div class=\"wp-block-getwid-toggle__header-wrapper\"><span class=\"wp-block-getwid-toggle__header\"><a href=\"#\"><span class=\"wp-block-getwid-toggle__header-title\">Text-V\u00eddeo<\/span><span class=\"wp-block-getwid-toggle__icon is-active\"><i class=\"fas fa-plus\"><\/i><\/span><span class=\"wp-block-getwid-toggle__icon is-passive\"><i class=\"fas fa-minus\"><\/i><\/span><\/a><\/span><\/div><div class=\"wp-block-getwid-toggle__content-wrapper\"><div class=\"wp-block-getwid-toggle__content\">\n<ul class=\"wp-block-list\">\n<li><a href=\"https:\/\/runwayml.com\/\" target=\"_blank\" rel=\"noreferrer noopener\">Runway<\/a> (tamb\u00e9 text-imatge) Crea gifs, imatges en moviment&#8230; <\/li>\n\n\n\n<li><a href=\"https:\/\/www.d-id.com\/\" target=\"_blank\" rel=\"noreferrer noopener\">D-ID<\/a> Permet generar un bot amb el qual es pot interactuar<\/li>\n\n\n\n<li><a href=\"https:\/\/www.rask.ai\/\" target=\"_blank\" rel=\"noreferrer noopener\">Rask AI<\/a> Traducci\u00f3 de v\u00eddeos en qualsevol idioma.<\/li>\n<\/ul>\n<\/div><\/div><\/div>\n\n\n\n<div class=\"wp-block-getwid-toggle__row\"><div class=\"wp-block-getwid-toggle__header-wrapper\"><span class=\"wp-block-getwid-toggle__header\"><a href=\"#\"><span class=\"wp-block-getwid-toggle__header-title\">Text-Altres formats<\/span><span class=\"wp-block-getwid-toggle__icon is-active\"><i class=\"fas fa-plus\"><\/i><\/span><span class=\"wp-block-getwid-toggle__icon is-passive\"><i class=\"fas fa-minus\"><\/i><\/span><\/a><\/span><\/div><div class=\"wp-block-getwid-toggle__content-wrapper\"><div class=\"wp-block-getwid-toggle__content\">\n<ul class=\"wp-block-list\">\n<li><a href=\"https:\/\/gamma.app\/\" target=\"_blank\" rel=\"noreferrer noopener\">Gamma App<\/a> &#8211; A partir d&#8217;un text on indiques el tema, destinatari, mida&#8230; genera una presentaci\u00f3 amb imatges.<\/li>\n\n\n\n<li><a href=\"https:\/\/app.napkin.ai\/signin\" target=\"_blank\" rel=\"noreferrer noopener\">Napkin AI <\/a>&#8211; Genera gr\u00e0fics relacionats amb el text escrit.<\/li>\n\n\n\n<li><a href=\"https:\/\/mizou.com\/\">Mizou<\/a> &#8211; Permet crear xatbots (pots crear un xatbot que es faci passar per un personatge hist\u00f2ric)<\/li>\n\n\n\n<li><a href=\"https:\/\/www.google.com\/url?q=https:\/\/notebooklm.google.com\/&amp;sa=D&amp;source=editors&amp;ust=1747119001079567&amp;usg=AOvVaw2DXw7QqOSPeEogn5ovzRLV\" target=\"_blank\" rel=\"noreferrer noopener\">Notebooklm<\/a> &#8211; Eina de Google. Pots alimentar-la amb diversitat de documents i et genera resums, podcasts, mapes conceptuals&#8230;i tamb\u00e9 li pots fer preguntes sobre el contingut dels textos carregats.<\/li>\n\n\n\n<li><a href=\"https:\/\/www.magicschool.ai\/\">MagicSchool<\/a> &#8211; permeten usar IA generativa per a tasques que els docents fan habitualment, com ara crear r\u00fabriques, crear preguntes tipus test, etc. Aix\u00f2 permet obtenir uns primers esborranys que els docents poden modificar o completar.<\/li>\n<\/ul>\n<\/div><\/div><\/div>\n\n\n\n<div class=\"wp-block-getwid-toggle__row\"><div class=\"wp-block-getwid-toggle__header-wrapper\"><span class=\"wp-block-getwid-toggle__header\"><a href=\"#\"><span class=\"wp-block-getwid-toggle__header-title\">\u00c0udio-Text<\/span><span class=\"wp-block-getwid-toggle__icon is-active\"><i class=\"fas fa-plus\"><\/i><\/span><span class=\"wp-block-getwid-toggle__icon is-passive\"><i class=\"fas fa-minus\"><\/i><\/span><\/a><\/span><\/div><div class=\"wp-block-getwid-toggle__content-wrapper\"><div class=\"wp-block-getwid-toggle__content\">\n<ul class=\"wp-block-list\">\n<li><a href=\"https:\/\/voicepen.ai\/\" target=\"_blank\" rel=\"noreferrer noopener\">Voice pen<\/a> &#8211; Puges un \u00e0udio i genera un bloc amb el text de l&#8217;\u00e0udio<\/li>\n\n\n\n<li><a href=\"https:\/\/www.happyscribe.com\/\" target=\"_blank\" rel=\"noreferrer noopener\">Happy Scribe<\/a> &#8211; Genera subt\u00edtols a partir de v\u00eddeos, pot fer transcripcions i subtitular a un idioma diferent de l&#8217;original.<\/li>\n<\/ul>\n<\/div><\/div><\/div>\n\n\n\n<div class=\"wp-block-getwid-toggle__row\"><div class=\"wp-block-getwid-toggle__header-wrapper\"><span class=\"wp-block-getwid-toggle__header\"><a href=\"#\"><span class=\"wp-block-getwid-toggle__header-title\">\u00c0udio-V\u00eddeo<\/span><span class=\"wp-block-getwid-toggle__icon is-active\"><i class=\"fas fa-plus\"><\/i><\/span><span class=\"wp-block-getwid-toggle__icon is-passive\"><i class=\"fas fa-minus\"><\/i><\/span><\/a><\/span><\/div><div class=\"wp-block-getwid-toggle__content-wrapper\"><div class=\"wp-block-getwid-toggle__content\">\n<ul class=\"wp-block-list\">\n<li><a href=\"https:\/\/uppbeat.io\/\" target=\"_blank\" rel=\"noreferrer noopener\">Uppbeat<\/a> &#8211; Cercador de can\u00e7ons que encaixin amb un v\u00eddeo que volem mostrar. Escrivim un v\u00eddeo i ens mostra\/genera un \u00e0udio adequat.<\/li>\n\n\n\n<li><a href=\"https:\/\/soundful.com\/\" target=\"_blank\" rel=\"noreferrer noopener\">Soundful<\/a> &#8211; Generador de m\u00fasica a partir de plantilles.<\/li>\n<\/ul>\n<\/div><\/div><\/div>\n\n\n\n<div class=\"wp-block-getwid-toggle__row\"><div class=\"wp-block-getwid-toggle__header-wrapper\"><span class=\"wp-block-getwid-toggle__header\"><a href=\"#\"><span class=\"wp-block-getwid-toggle__header-title\">Educaci\u00f3 Inclusiva<\/span><span class=\"wp-block-getwid-toggle__icon is-active\"><i class=\"fas fa-plus\"><\/i><\/span><span class=\"wp-block-getwid-toggle__icon is-passive\"><i class=\"fas fa-minus\"><\/i><\/span><\/a><\/span><\/div><div class=\"wp-block-getwid-toggle__content-wrapper\"><div class=\"wp-block-getwid-toggle__content\">\n<ul class=\"wp-block-list\">\n<li><a href=\"https:\/\/web.diffit.me\/\" target=\"_blank\" rel=\"noreferrer noopener\">Diffit<\/a> Eina dissenyada per a docents que permet generar recursos adaptats a diferents nivells de comprensi\u00f3 lectora.<\/li>\n<\/ul>\n<\/div><\/div><\/div>\n<\/div>\n<\/div>\n<\/div>\n\n\n\n<p><\/p>\n\n\n\n<h5 class=\"wp-block-heading\">Formaci\u00f3 en IA <\/h5>\n\n\n\n<figure class=\"wp-block-table has-medium-font-size\"><table class=\"has-fixed-layout\"><tbody><tr><td><a href=\"https:\/\/odissea.xtec.cat\/course\/view.php?id=213441\" target=\"_blank\" rel=\"noreferrer noopener\">Aula Oberta: MIA1_AO &#8211; La intel\u00b7lig\u00e8ncia artificial i l\u2019educaci\u00f3: un binomi de futur<\/a><\/td><td>Formaci\u00f3 oberta no certificable.<\/td><\/tr><tr><td><strong><br><\/strong><a href=\"https:\/\/aplicacions.gestioeducativa.gencat.cat\/ords\/pls\/soloas\/pk_for_mod_ins.p_for_pre_cons_activitats?p_totes=S&amp;p_paginar=N&amp;p_any=&amp;p_tipus_act=T034,T035,T036,T037,T038,T039,T040,T053,T060,T061,T062&amp;p_proc=25_ESTIU\" target=\"_blank\" rel=\"noreferrer noopener\">La intel\u00b7lig\u00e8ncia artificial a l&#8217;aula (estiu)<br>Cocreaci\u00f3 de situacions d&#8217;aprenentatge amb IAG i que explorin la IAG (estiu)<\/a><\/td><td>Formaci\u00f3 certificable &#8211;  estiu 25 &#8211; organitzada per l&#8217;\u00c0rea de Cultura Digital. <strong>Inscripci\u00f3 tancada.<\/strong><\/td><\/tr><tr><td><a href=\"https:\/\/xtec.gencat.cat\/ca\/formacio\/formaciogeneralprofessorat\/cultura-digital\/formacio-certificable\/\" target=\"_blank\" rel=\"noreferrer noopener\">Formaci\u00f3 que s&#8217;oferir\u00e0 al 1Torn i 2Torn del curs 25-26<\/a><br>Curs T150 La intel\u00b7lig\u00e8ncia artificial a l&#8217;aula (30h)<br>Curs T151 Cocreaci\u00f3 de situacions d&#8217;aprenentatge amb IAG i que explorin la IAG (30h)<\/td><td>Formaci\u00f3 prevista pel <strong>curs 25-26<\/strong>. Cal fer inscripci\u00f3.<\/td><\/tr><\/tbody><\/table><\/figure>\n\n\n\n<p class=\"has-text-align-center has-medium-font-size\"><a href=\"https:\/\/politiquesdigitals.gencat.cat\/ca\/economia\/catalonia-ai\/\" target=\"_blank\" rel=\"noreferrer noopener\">Estrat\u00e8gia d\u2019Intel\u00b7lig\u00e8ncia Artificial de Catalunya &#8211; Catalonia.AI<\/a><\/p>\n\n\n\n<p><\/p>\n","protected":false},"excerpt":{"rendered":"<p>Repositoris UOC-10 Metodologies i activitats per avaluar i aprendre amb la IA generativa A continuaci\u00f3 us presentem eines d&#8217;IA classificades segons el format d&#8217;entrada i sortida de la informaci\u00f3. Formaci\u00f3 en IA Aula Oberta: MIA1_AO &#8211; La intel\u00b7lig\u00e8ncia artificial i l\u2019educaci\u00f3: un binomi de futur Formaci\u00f3 oberta no certificable. La intel\u00b7lig\u00e8ncia artificial a l&#8217;aula (estiu)Cocreaci\u00f3 [&hellip;]<\/p>\n","protected":false},"author":1,"featured_media":0,"parent":0,"menu_order":0,"comment_status":"closed","ping_status":"close","template":"","meta":{"_bbp_topic_count":0,"_bbp_reply_count":0,"_bbp_total_topic_count":0,"_bbp_total_reply_count":0,"_bbp_voice_count":0,"_bbp_anonymous_reply_count":0,"_bbp_topic_count_hidden":0,"_bbp_reply_count_hidden":0,"_bbp_forum_subforum_count":0,"site-sidebar-layout":"default","site-content-layout":"","ast-site-content-layout":"default","site-content-style":"default","site-sidebar-style":"default","ast-global-header-display":"","ast-banner-title-visibility":"","ast-main-header-display":"","ast-hfb-above-header-display":"","ast-hfb-below-header-display":"","ast-hfb-mobile-header-display":"","site-post-title":"","ast-breadcrumbs-content":"","ast-featured-img":"","footer-sml-layout":"","theme-transparent-header-meta":"","adv-header-id-meta":"","stick-header-meta":"","header-above-stick-meta":"","header-main-stick-meta":"","header-below-stick-meta":"","astra-migrate-meta-layouts":"set","ast-page-background-enabled":"default","ast-page-background-meta":{"desktop":{"background-color":"var(--ast-global-color-4)","background-image":"","background-repeat":"repeat","background-position":"center center","background-size":"auto","background-attachment":"scroll","background-type":"","background-media":"","overlay-type":"","overlay-color":"","overlay-opacity":"","overlay-gradient":""},"tablet":{"background-color":"","background-image":"","background-repeat":"repeat","background-position":"center center","background-size":"auto","background-attachment":"scroll","background-type":"","background-media":"","overlay-type":"","overlay-color":"","overlay-opacity":"","overlay-gradient":""},"mobile":{"background-color":"","background-image":"","background-repeat":"repeat","background-position":"center center","background-size":"auto","background-attachment":"scroll","background-type":"","background-media":"","overlay-type":"","overlay-color":"","overlay-opacity":"","overlay-gradient":""}},"ast-content-background-meta":{"desktop":{"background-color":"var(--ast-global-color-5)","background-image":"","background-repeat":"repeat","background-position":"center center","background-size":"auto","background-attachment":"scroll","background-type":"","background-media":"","overlay-type":"","overlay-color":"","overlay-opacity":"","overlay-gradient":""},"tablet":{"background-color":"var(--ast-global-color-5)","background-image":"","background-repeat":"repeat","background-position":"center center","background-size":"auto","background-attachment":"scroll","background-type":"","background-media":"","overlay-type":"","overlay-color":"","overlay-opacity":"","overlay-gradient":""},"mobile":{"background-color":"var(--ast-global-color-5)","background-image":"","background-repeat":"repeat","background-position":"center center","background-size":"auto","background-attachment":"scroll","background-type":"","background-media":"","overlay-type":"","overlay-color":"","overlay-opacity":"","overlay-gradient":""}},"footnotes":""},"class_list":["post-29172","page","type-page","status-publish","hentry"],"post_mailing_queue_ids":[],"_links":{"self":[{"href":"https:\/\/serveiseducatius.xtec.cat\/baixllobregat6\/wp-json\/wp\/v2\/pages\/29172","targetHints":{"allow":["GET"]}}],"collection":[{"href":"https:\/\/serveiseducatius.xtec.cat\/baixllobregat6\/wp-json\/wp\/v2\/pages"}],"about":[{"href":"https:\/\/serveiseducatius.xtec.cat\/baixllobregat6\/wp-json\/wp\/v2\/types\/page"}],"author":[{"embeddable":true,"href":"https:\/\/serveiseducatius.xtec.cat\/baixllobregat6\/wp-json\/wp\/v2\/users\/1"}],"replies":[{"embeddable":true,"href":"https:\/\/serveiseducatius.xtec.cat\/baixllobregat6\/wp-json\/wp\/v2\/comments?post=29172"}],"version-history":[{"count":6,"href":"https:\/\/serveiseducatius.xtec.cat\/baixllobregat6\/wp-json\/wp\/v2\/pages\/29172\/revisions"}],"predecessor-version":[{"id":33208,"href":"https:\/\/serveiseducatius.xtec.cat\/baixllobregat6\/wp-json\/wp\/v2\/pages\/29172\/revisions\/33208"}],"wp:attachment":[{"href":"https:\/\/serveiseducatius.xtec.cat\/baixllobregat6\/wp-json\/wp\/v2\/media?parent=29172"}],"curies":[{"name":"wp","href":"https:\/\/api.w.org\/{rel}","templated":true}]}}