{"id":28887,"date":"2025-01-27T09:22:44","date_gmt":"2025-01-27T08:22:44","guid":{"rendered":"https:\/\/serveiseducatius.xtec.cat\/baixllobregat6\/?page_id=28887"},"modified":"2025-04-10T17:02:32","modified_gmt":"2025-04-10T15:02:32","slug":"avaluacio-educacio-primaria-2024-2025","status":"publish","type":"page","link":"https:\/\/serveiseducatius.xtec.cat\/baixllobregat6\/avaluacio-educacio-primaria-2024-2025\/","title":{"rendered":"Avaluaci\u00f3 educaci\u00f3 prim\u00e0ria 2024-2025"},"content":{"rendered":"\n<figure class=\"wp-block-image aligncenter size-full\"><a href=\"http:\/\/csda.gencat.cat\/ca\/arees-actuacio\/avaluacions-consell\/calendari-avaluacions\/\" target=\"_blank\" rel=\"noreferrer noopener\"><img loading=\"lazy\" decoding=\"async\" width=\"502\" height=\"92\" src=\"https:\/\/serveiseducatius.xtec.cat\/baixllobregat6\/wp-content\/uploads\/usu778\/2025\/01\/cb6prim-1.png\" alt=\"\" class=\"wp-image-28879\"\/><\/a><\/figure>\n\n\n\n<figure class=\"wp-block-image aligncenter size-large is-resized\"><img loading=\"lazy\" decoding=\"async\" width=\"1024\" height=\"720\" src=\"https:\/\/serveiseducatius.xtec.cat\/baixllobregat6\/wp-content\/uploads\/usu778\/2025\/02\/Captura-de-pantalla-2025-02-03-095343-1024x720.png\" alt=\"\" class=\"wp-image-28987\" style=\"width:957px;height:auto\" srcset=\"https:\/\/serveiseducatius.xtec.cat\/baixllobregat6\/wp-content\/uploads\/usu778\/2025\/02\/Captura-de-pantalla-2025-02-03-095343-1024x720.png 1024w, https:\/\/serveiseducatius.xtec.cat\/baixllobregat6\/wp-content\/uploads\/usu778\/2025\/02\/Captura-de-pantalla-2025-02-03-095343-520x366.png 520w, https:\/\/serveiseducatius.xtec.cat\/baixllobregat6\/wp-content\/uploads\/usu778\/2025\/02\/Captura-de-pantalla-2025-02-03-095343-768x540.png 768w, https:\/\/serveiseducatius.xtec.cat\/baixllobregat6\/wp-content\/uploads\/usu778\/2025\/02\/Captura-de-pantalla-2025-02-03-095343.png 1054w\" sizes=\"auto, (max-width: 1024px) 100vw, 1024px\" \/><\/figure>\n\n\n\n<p class=\"has-text-align-center has-large-font-size\">Proves Final Etapa 6\u00e8 &#8211; <strong>Comissi\u00f3 BL03<\/strong><\/p>\n\n\n\n<div class=\"wp-block-buttons alignwide is-content-justification-center is-layout-flex wp-container-core-buttons-is-layout-1 wp-block-buttons-is-layout-flex\">\n<div class=\"wp-block-button\"><a class=\"wp-block-button__link has-text-align-center wp-element-button\" href=\"https:\/\/aplicacions.gestioeducativa.gencat.cat\/ords\/pls\/apex\/f?p=2009001:1:314762878298978::::P1_PAG_ORIGEN:INICI&amp;cs=15hFKS13swgAOsQVbgaCX378huwY\" target=\"_blank\" rel=\"noreferrer noopener\">Acc\u00e9s Aplicatiu<\/a><\/div>\n<\/div>\n\n\n\n<p class=\"has-text-align-center has-medium-font-size\"> Cervell\u00f3, Corbera, La Palma, Pallej\u00e0, Sant Vicen\u00e7, Torrelles i Vallirana<\/p>\n\n\n\n<figure class=\"wp-block-table\"><table><tbody><tr><td class=\"has-text-align-center\" data-align=\"center\"><strong>Reunions amb Inspecci\u00f3<\/strong> (Presidenta de la Comissi\u00f3 BL03)<\/td><td class=\"has-text-align-center\" data-align=\"center\"><strong>Data<\/strong><\/td><td class=\"has-text-align-center\" data-align=\"center\"><strong>Hora<\/strong><\/td><td class=\"has-text-align-center\" data-align=\"center\"><strong>Modalitat<\/strong><\/td><\/tr><tr><td class=\"has-text-align-center\" data-align=\"center\">Reuni\u00f3 Direccions i Aplicadors\/es<\/td><td class=\"has-text-align-center\" data-align=\"center\">25 mar\u00e7 2025<\/td><td class=\"has-text-align-center\" data-align=\"center\">12,45 h<\/td><td class=\"has-text-align-center\" data-align=\"center\">Videoconfer\u00e8ncia<\/td><\/tr><tr><td class=\"has-text-align-center\" data-align=\"center\">Reuni\u00f3 Correctors\/es<\/td><td class=\"has-text-align-center\" data-align=\"center\">10 abril 2025<\/td><td class=\"has-text-align-center\" data-align=\"center\">12,30 h.<\/td><td class=\"has-text-align-center\" data-align=\"center\">Presencial al <a href=\"https:\/\/maps.app.goo.gl\/yLTvssdar1UBnQQ48\" target=\"_blank\" rel=\"noreferrer noopener\">SE del BLl-V<\/a><\/td><\/tr><\/tbody><\/table><\/figure>\n\n\n\n<div class=\"wp-block-getwid-toggle has-icon-left\">\n<div class=\"wp-block-getwid-toggle__row\"><div class=\"wp-block-getwid-toggle__header-wrapper\"><span class=\"wp-block-getwid-toggle__header\"><a href=\"#\"><span class=\"wp-block-getwid-toggle__header-title\">Calendari actuacions<\/span><span class=\"wp-block-getwid-toggle__icon is-active\"><i class=\"fas fa-plus\"><\/i><\/span><span class=\"wp-block-getwid-toggle__icon is-passive\"><i class=\"fas fa-minus\"><\/i><\/span><\/a><\/span><\/div><div class=\"wp-block-getwid-toggle__content-wrapper\"><div class=\"wp-block-getwid-toggle__content\">\n<p><\/p>\n\n\n\n<figure class=\"wp-block-table\"><table><tbody><tr><td><strong>Dates<\/strong><\/td><td><strong>Actuaci\u00f3<\/strong> <\/td><td><strong>Responsable<\/strong><\/td><\/tr><tr><td>12-18 desembre<\/td><td>Nomenament de les comissions<\/td><td>Subdirecci\u00f3 General de la<br>Inspecci\u00f3 d\u2019Educaci\u00f3<\/td><\/tr><tr><td>22-29 gener<\/td><td>Assignaci\u00f3 de l\u2019alumnat als grups<br>Proposta d\u2019alumnat exempt i tipus de correcci\u00f3<br>Proposta d\u2019aplicadors\/es i correctors\/es<br>Comunicaci\u00f3 de dies festius (del 3 al 31 de mar\u00e7 i de l\u20191 a<br>l\u201911 d\u2019abril)<\/td><td>Direcci\u00f3 centre<br>(supervisi\u00f3 de la Inspecci\u00f3)<\/td><\/tr><tr><td>30 gener \u2013 3 febrer<\/td><td>Validaci\u00f3 d\u2019alumnat exempts i grups<\/td><td><br>President\/a comissi\u00f3<br><\/td><\/tr><tr><td>10-21 febrer<\/td><td>Assignaci\u00f3 d&#8217;aplicadors\/es al centre<br>Proposta de correctors\/es<\/td><td>President\/a comissi\u00f3<\/td><\/tr><tr><td>10 febrer-9 abril<\/td><td>Resoluci\u00f3 incid\u00e8ncies d\u2019assignaci\u00f3 d\u2019aplicadors\/es<\/td><td>President\/a comissi\u00f3<\/td><\/tr><tr><td>24 mar\u00e7-4 abril<\/td><td>Constituci\u00f3 de les comissions amb aplicadors\/es<br>Informaci\u00f3 als aplicadors\/es<\/td><td>President\/a comissi\u00f3 i <br>aplicadors\/es<\/td><\/tr><tr><td>3 mar\u00e7-9 abril<\/td><td>Recepci\u00f3 (3-31 de mar\u00e7) i cust\u00f2dia de material (fins al 9<br>d\u2019abril)<\/td><td>Direcci\u00f3 centre<\/td><\/tr><tr><td>A partir del 31 de mar\u00e7<\/td><td>Extracci\u00f3 de llistes de control d\u2019alumnat<\/td><td>Direcci\u00f3 centre<\/td><\/tr><tr><td>7-9 abril<\/td><td>Introducci\u00f3 d\u2019incid\u00e8ncies de l\u2019alumnat: codis contingents i<br>abs\u00e8ncies<\/td><td>Direcci\u00f3 centre<\/td><\/tr><tr><td>7-11 abril<\/td><td>Introducci\u00f3 d\u2019incid\u00e8ncies pendents: codis contingents,<br>abs\u00e8ncies i canvis de correcci\u00f3<\/td><td>President\/a de la comissi\u00f3<\/td><\/tr><tr><td>7 d\u2019abril<\/td><td>Aplicaci\u00f3 de les proves de compet\u00e8ncia comunicativa<br>ling\u00fc\u00edstica en llengua catalana i en llengua estrangera<\/td><td>Direcci\u00f3 centre i aplicadors\/es<\/td><\/tr><tr><td>8 d\u2019abril<\/td><td>Aplicaci\u00f3 de les proves de compet\u00e8ncia comunicativa<br>ling\u00fc\u00edstica en llengua castellana i compet\u00e8ncia<br>matem\u00e0tica<\/td><td>Direcci\u00f3 centre i aplicadors\/es<\/td><\/tr><tr><td>9 d\u2019abril<\/td><td>Aplicaci\u00f3 de les proves de compet\u00e8ncia en ci\u00e8ncia,<br>tecnologia i enginyeria i compet\u00e8ncia ling\u00fc\u00edstica en<br>aran\u00e8s<br>&#8212;&#8212;&#8212;&#8212;&#8212;&#8212;&#8212;&#8212;&#8212;&#8212;&#8212;&#8211;<br>Trasllat dels sobres amb els fulls de respostes dels<br>centres a les seus de les comissions.<\/td><td>Direcci\u00f3 centre i aplicadors\/es<\/td><\/tr><tr><td>10 d\u2019abril<\/td><td>Trasllat dels sobres amb els fulls de respostes<br>de les seus de les comissions als Serveis<br>Territorials i Consorci<\/td><td>Secretari\/\u00e0ria comissi\u00f3<\/td><\/tr><tr><td>11 d\u2019abril<\/td><td>Recollida dels fulls de respostes dels Serveis Territorials i<br>del Consorci<\/td><td>Empresa<\/td><\/tr><tr><td>Apartir del 9 d\u2019abril<\/td><td>Formaci\u00f3 als correctors\/es<br>Comprovaci\u00f3 d\u2019acc\u00e9s i, si escau, introducci\u00f3 d\u2019IBAN<br>Desc\u00e0rrega de criteris de correcci\u00f3<\/td><td>President\/a comissi\u00f3 i<br>correctors\/es<\/td><\/tr><tr><td>22 abril-2 maig<\/td><td>Termini per a la correcci\u00f3 en l\u00ednia<\/td><td>Correctors\/es<\/td><\/tr><tr><td>19-23 maig<\/td><td>Validaci\u00f3 i confirmaci\u00f3 de l\u2019enc\u00e0rrec<\/td><td>Correctors\/es<\/td><\/tr><tr><td>A partir del 9 de juny<\/td><td>Desc\u00e0rrega d\u2019informes<\/td><td>Direcci\u00f3 centre<\/td><\/tr><tr><td>A partir de la segona<br>quinzena d\u2019octubre<\/td><td>Extracci\u00f3 d\u2019informes d\u2019\u00edtems<br>A partir de novembre l\u2019extracci\u00f3 d\u2019informes es far\u00e0 a<br>l\u2019aplicaci\u00f3 d\u2019hist\u00f2ric d\u2019avaluacions<\/td><td>Direcci\u00f3 centre<\/td><\/tr><\/tbody><\/table><\/figure>\n<\/div><\/div><\/div>\n\n\n\n<div class=\"wp-block-getwid-toggle__row\"><div class=\"wp-block-getwid-toggle__header-wrapper\"><span class=\"wp-block-getwid-toggle__header\"><a href=\"#\"><span class=\"wp-block-getwid-toggle__header-title\">Documents per a Direccions<\/span><span class=\"wp-block-getwid-toggle__icon is-active\"><i class=\"fas fa-plus\"><\/i><\/span><span class=\"wp-block-getwid-toggle__icon is-passive\"><i class=\"fas fa-minus\"><\/i><\/span><\/a><\/span><\/div><div class=\"wp-block-getwid-toggle__content-wrapper\"><div class=\"wp-block-getwid-toggle__content\">\n<ul class=\"wp-block-list\">\n<li><a href=\"https:\/\/drive.google.com\/file\/d\/1XhlAebCm94cLUztzv03ducMr8dFr185k\" target=\"_blank\" rel=\"noreferrer noopener\">Resoluci\u00f3<\/a> Diari Oficial 22\/01\/2025<\/li>\n\n\n\n<li><a href=\"https:\/\/drive.google.com\/file\/d\/14sURxcSLyv4ll-o6gLswZz8vd3ryfKb-\/view?usp=sharing\" target=\"_blank\" rel=\"noreferrer noopener\">Informaci\u00f3 <\/a>a les fam\u00edlies<\/li>\n\n\n\n<li><a href=\"https:\/\/drive.google.com\/file\/d\/1OKrG5Xh3TkZ4yiLAFlLzNCimu-SBj87P\" target=\"_blank\" rel=\"noreferrer noopener\">Guia<\/a> d&#8217;aplicaci\u00f3<\/li>\n\n\n\n<li><a href=\"https:\/\/drive.google.com\/file\/d\/1kqqTxNJgGsk7xHHcARacvlxFrpDahIXh\" target=\"_blank\" rel=\"noreferrer noopener\">Presentaci\u00f3 <\/a>aplicaci\u00f3 inform\u00e0tica<\/li>\n\n\n\n<li><a href=\"https:\/\/drive.google.com\/file\/d\/1b_PANlXE_VvAeqsS4AYrL7i7Dyj5kLtg\" target=\"_blank\" rel=\"noreferrer noopener\">Manual<\/a> usuari aplicaci\u00f3 inform\u00e0tica<\/li>\n\n\n\n<li><a href=\"https:\/\/drive.google.com\/file\/d\/1deGFnJg0PAZh0v83b5276oA7AuPvNIz3\/view?usp=sharing\" target=\"_blank\" rel=\"noreferrer noopener\">Manual usuari<\/a>_llistes control_aplicaci\u00f3 inform\u00e0tica<\/li>\n\n\n\n<li><a href=\"https:\/\/drive.google.com\/file\/d\/1o2-OHCEpt7k-fvABJ8DL7s0aLBa11SUW\/view?usp=sharing\" target=\"_blank\" rel=\"noreferrer noopener\">Instruccions<\/a> alumnes discapacitat visual<\/li>\n\n\n\n<li><a href=\"https:\/\/drive.google.com\/file\/d\/1eN_zb9golecPjpcX4dMbiqgu_BZ5RcCz\/view?usp=sharing\" target=\"_blank\" rel=\"noreferrer noopener\">Instruccions<\/a> alumnes discapacitat auditiva<\/li>\n\n\n\n<li><a href=\"https:\/\/docs.google.com\/document\/d\/1fqliiXwgFLsT0dcizs23lZtEpnEUgEE4\/edit?usp=sharing&amp;ouid=116662249614283198956&amp;rtpof=true&amp;sd=true\" target=\"_blank\" rel=\"noreferrer noopener\">Acta Aplicaci\u00f3 <\/a>per dur el dia del lliurament de la prova al SE &#8211; 9 d&#8217;abril<\/li>\n\n\n\n<li><a href=\"https:\/\/docs.google.com\/document\/d\/1nzfKqwjJRJPWioUaZYTz7KkL0HR5pR_L\/edit?usp=sharing&amp;ouid=116662249614283198956&amp;rtpof=true&amp;sd=true\" target=\"_blank\" rel=\"noreferrer noopener\">Model Informe<\/a> correcci\u00f3 interna<\/li>\n<\/ul>\n\n\n\n<p><\/p>\n<\/div><\/div><\/div>\n\n\n\n<div class=\"wp-block-getwid-toggle__row\"><div class=\"wp-block-getwid-toggle__header-wrapper\"><span class=\"wp-block-getwid-toggle__header\"><a href=\"#\"><span class=\"wp-block-getwid-toggle__header-title\">Documents per a Aplicadors<\/span><span class=\"wp-block-getwid-toggle__icon is-active\"><i class=\"fas fa-plus\"><\/i><\/span><span class=\"wp-block-getwid-toggle__icon is-passive\"><i class=\"fas fa-minus\"><\/i><\/span><\/a><\/span><\/div><div class=\"wp-block-getwid-toggle__content-wrapper\"><div class=\"wp-block-getwid-toggle__content\">\n<ul class=\"wp-block-list\">\n<li><a href=\"http:\/\/consaval.cat\/A6P\/2025\/GuiaA6P_2024_2025.V3.1.pdf\" target=\"_blank\" rel=\"noreferrer noopener\">Guia<\/a> d&#8217;aplicaci\u00f3<\/li>\n\n\n\n<li><a href=\"http:\/\/consaval.cat\/aplicadors\/\" target=\"_blank\" rel=\"noreferrer noopener\">Instruccions <\/a>aplicadors<\/li>\n<\/ul>\n\n\n\n<p><\/p>\n<\/div><\/div><\/div>\n\n\n\n<div class=\"wp-block-getwid-toggle__row\"><div class=\"wp-block-getwid-toggle__header-wrapper\"><span class=\"wp-block-getwid-toggle__header\"><a href=\"#\"><span class=\"wp-block-getwid-toggle__header-title\">Proves del dia 7 d&#8217;abril: Catal\u00e0, Angl\u00e8s i Franc\u00e8s<\/span><span class=\"wp-block-getwid-toggle__icon is-active\"><i class=\"fas fa-plus\"><\/i><\/span><span class=\"wp-block-getwid-toggle__icon is-passive\"><i class=\"fas fa-minus\"><\/i><\/span><\/a><\/span><\/div><div class=\"wp-block-getwid-toggle__content-wrapper\"><div class=\"wp-block-getwid-toggle__content\">\n<ul class=\"wp-block-list\">\n<li><a href=\"https:\/\/drive.google.com\/file\/d\/1eQ281QPgpfE749WvvqReujq2JhDGVJZk\/view?usp=sharing\" target=\"_blank\" rel=\"noreferrer noopener\">Quadern Preguntes <\/a> Catal\u00e0<\/li>\n\n\n\n<li><a href=\"https:\/\/drive.google.com\/file\/d\/1Gw4VXMtu_4kjgjLiThbuakhI6VnT1k_T\/view?usp=sharing\" target=\"_blank\" rel=\"noreferrer noopener\">Full Respostes<\/a> Catal\u00e0<\/li>\n\n\n\n<li><a href=\"https:\/\/drive.google.com\/file\/d\/19mzwH8E6s4HNqWfqxAsiXjQFfYkKnYzp\/view?usp=sharing\" target=\"_blank\" rel=\"noreferrer noopener\">Arxiu Audio <\/a> Catal\u00e0<\/li>\n\n\n\n<li><a href=\"https:\/\/drive.google.com\/file\/d\/1131o_JTr4JA6ypiNQtnMYzGxuHRzNDhk\/view?usp=sharing\" target=\"_blank\" rel=\"noreferrer noopener\">Transcripci\u00f3<\/a> Catal\u00e0<\/li>\n\n\n\n<li><a href=\"https:\/\/drive.google.com\/file\/d\/1RB-8I8WILv5bnMOFi2ykNJSW-WcawFuX\/view?usp=sharing\" target=\"_blank\" rel=\"noreferrer noopener\">Criteris correcci\u00f3<\/a> Catal\u00e0, Castell\u00e0, Aran\u00e8s<\/li>\n\n\n\n<li><a href=\"https:\/\/drive.google.com\/file\/d\/1tnNrfys82n1M01gFlmSVKcm3St09cInb\/view?usp=sharing\" target=\"_blank\" rel=\"noreferrer noopener\">Quadern Preguntes<\/a> Angl\u00e8s<\/li>\n\n\n\n<li><a href=\"https:\/\/drive.google.com\/file\/d\/1T7BS0Ebjx795wQBATxuWZfgW4KBZlGHG\/view?usp=sharing\" target=\"_blank\" rel=\"noreferrer noopener\">Full Respostes<\/a> Angl\u00e8s<\/li>\n\n\n\n<li><a href=\"https:\/\/drive.google.com\/file\/d\/1j5mHVzl7kxuZpH7xYQL8jN2AE_q5aH6z\/view?usp=sharing\" target=\"_blank\" rel=\"noreferrer noopener\">Arxiu Audio<\/a> Angl\u00e8s<\/li>\n\n\n\n<li><a href=\"https:\/\/drive.google.com\/file\/d\/1adskfWnjw05bgLyLJViCZTgVXg2SJ8fY\/view?usp=sharing\" target=\"_blank\" rel=\"noreferrer noopener\">Transcripci\u00f3<\/a> Angl\u00e8s<\/li>\n\n\n\n<li><a href=\"https:\/\/drive.google.com\/file\/d\/1JcZi3h4Xe_y-pP9LAwxSAiCeht1I1C3f\/view?usp=sharing\" target=\"_blank\" rel=\"noreferrer noopener\">Criteris Correcci\u00f3<\/a> Angl\u00e8s<\/li>\n<\/ul>\n<\/div><\/div><\/div>\n\n\n\n<div class=\"wp-block-getwid-toggle__row\"><div class=\"wp-block-getwid-toggle__header-wrapper\"><span class=\"wp-block-getwid-toggle__header\"><a href=\"#\"><span class=\"wp-block-getwid-toggle__header-title\">Proves del dia 8 d&#8217;abril: Castell\u00e0 i Matem\u00e0tiques<\/span><span class=\"wp-block-getwid-toggle__icon is-active\"><i class=\"fas fa-plus\"><\/i><\/span><span class=\"wp-block-getwid-toggle__icon is-passive\"><i class=\"fas fa-minus\"><\/i><\/span><\/a><\/span><\/div><div class=\"wp-block-getwid-toggle__content-wrapper\"><div class=\"wp-block-getwid-toggle__content\">\n<p><\/p>\n\n\n\n<ul class=\"wp-block-list\">\n<li><a href=\"https:\/\/drive.google.com\/file\/d\/1Kp0IxxU1kfng910EaTDHxPBI4boJyX85\/view?usp=sharing\" target=\"_blank\" rel=\"noreferrer noopener\">Quadern<\/a> Llengua Castellana<\/li>\n\n\n\n<li><a href=\"https:\/\/drive.google.com\/file\/d\/10VCkmXbI7CqkiQKaTB2tE0Fi1_jHCoks\/view?usp=sharing\" target=\"_blank\" rel=\"noreferrer noopener\">Full de respostes<\/a> de Llengua Castellana<\/li>\n\n\n\n<li><a href=\"https:\/\/drive.google.com\/file\/d\/1FglbR7J2z7mWkQbQ1MpbwSyH6OOXIdKN\/view?usp=sharing\" target=\"_blank\" rel=\"noreferrer noopener\">Audio<\/a> Llengua Castellana<\/li>\n\n\n\n<li><a href=\"https:\/\/drive.google.com\/file\/d\/1EKaT0zxE1aWXhczdkZ9Fb6Am8znE7nfL\/view?usp=sharing\" target=\"_blank\" rel=\"noreferrer noopener\">Transcripci\u00f3 <\/a>Llengua Castellana<\/li>\n\n\n\n<li><a href=\"https:\/\/drive.google.com\/file\/d\/1RB-8I8WILv5bnMOFi2ykNJSW-WcawFuX\/view?usp=sharing\" target=\"_blank\" rel=\"noreferrer noopener\">Criteris correcci\u00f3<\/a> Catal\u00e0, Castell\u00e0 i Aran\u00e8s<\/li>\n\n\n\n<li><a href=\"https:\/\/drive.google.com\/file\/d\/1LKdCyfYrFTgs0JUmsdso36CVu2KdlEsT\/view?usp=sharing\" target=\"_blank\" rel=\"noreferrer noopener\">Quadern <\/a>Compet\u00e8ncia Matem\u00e0tica<\/li>\n\n\n\n<li><a href=\"https:\/\/drive.google.com\/file\/d\/10zmYF6HEVuAax8pgZ0WkkPXW2h8gmFXP\/view?usp=sharing\" target=\"_blank\" rel=\"noreferrer noopener\">Full de respostes <\/a>Compet\u00e8ncia Matem\u00e0tica<\/li>\n<\/ul>\n<\/div><\/div><\/div>\n\n\n\n<div class=\"wp-block-getwid-toggle__row\"><div class=\"wp-block-getwid-toggle__header-wrapper\"><span class=\"wp-block-getwid-toggle__header\"><a href=\"#\"><span class=\"wp-block-getwid-toggle__header-title\">Proves del dia 9 d&#8217;abril: Ci\u00e8ncia, Tecnologia i Enginyeria i Aran\u00e8s<\/span><span class=\"wp-block-getwid-toggle__icon is-active\"><i class=\"fas fa-plus\"><\/i><\/span><span class=\"wp-block-getwid-toggle__icon is-passive\"><i class=\"fas fa-minus\"><\/i><\/span><\/a><\/span><\/div><div class=\"wp-block-getwid-toggle__content-wrapper\"><div class=\"wp-block-getwid-toggle__content\">\n<p><\/p>\n\n\n\n<ul class=\"wp-block-list\">\n<li><a href=\"https:\/\/drive.google.com\/file\/d\/1tg-G6fTIVGCy6bh4kqzUFW6ktDpxwbkq\/view?usp=sharing\" target=\"_blank\" rel=\"noreferrer noopener\">Quadern<\/a> Ci\u00e8ncia, Tecnologia i Enginyeria<\/li>\n\n\n\n<li> <a href=\"https:\/\/drive.google.com\/file\/d\/1SjXE7kKLh_VeXPVgosx0DBVK70lTZCIp\/view?usp=sharing\" target=\"_blank\" rel=\"noreferrer noopener\">Full respostes <\/a> Ci\u00e8ncia, Tecnologia i Enginyeria<\/li>\n<\/ul>\n\n\n\n<div class=\"wp-block-getwid-toggle has-icon-left\"><\/div>\n<\/div><\/div><\/div>\n\n\n\n<div class=\"wp-block-getwid-toggle__row\"><div class=\"wp-block-getwid-toggle__header-wrapper\"><span class=\"wp-block-getwid-toggle__header\"><a href=\"#\"><span class=\"wp-block-getwid-toggle__header-title\">Lliurament de les proves 9 abril al SE<\/span><span class=\"wp-block-getwid-toggle__icon is-active\"><i class=\"fas fa-plus\"><\/i><\/span><span class=\"wp-block-getwid-toggle__icon is-passive\"><i class=\"fas fa-minus\"><\/i><\/span><\/a><\/span><\/div><div class=\"wp-block-getwid-toggle__content-wrapper\"><div class=\"wp-block-getwid-toggle__content\">\n<figure class=\"wp-block-image size-large\"><img loading=\"lazy\" decoding=\"async\" width=\"1024\" height=\"620\" src=\"https:\/\/serveiseducatius.xtec.cat\/baixllobregat6\/wp-content\/uploads\/usu778\/2025\/03\/3333-1-1024x620.png\" alt=\"\" class=\"wp-image-29500\" srcset=\"https:\/\/serveiseducatius.xtec.cat\/baixllobregat6\/wp-content\/uploads\/usu778\/2025\/03\/3333-1-1024x620.png 1024w, https:\/\/serveiseducatius.xtec.cat\/baixllobregat6\/wp-content\/uploads\/usu778\/2025\/03\/3333-1-520x315.png 520w, https:\/\/serveiseducatius.xtec.cat\/baixllobregat6\/wp-content\/uploads\/usu778\/2025\/03\/3333-1-768x465.png 768w, https:\/\/serveiseducatius.xtec.cat\/baixllobregat6\/wp-content\/uploads\/usu778\/2025\/03\/3333-1.png 1224w\" sizes=\"auto, (max-width: 1024px) 100vw, 1024px\" \/><\/figure>\n\n\n\n<ul class=\"wp-block-list\">\n<li><a href=\"https:\/\/docs.google.com\/document\/d\/1fqliiXwgFLsT0dcizs23lZtEpnEUgEE4\/edit?usp=sharing&amp;ouid=116662249614283198956&amp;rtpof=true&amp;sd=true\" target=\"_blank\" rel=\"noreferrer noopener\">Acta Aplicaci\u00f3<\/a> Prova<\/li>\n\n\n\n<li><a href=\"https:\/\/drive.google.com\/file\/d\/1boy3Uklk9IUks2lPjhohfyXA1dw1z0Vw\/view?usp=sharing\" target=\"_blank\" rel=\"noreferrer noopener\">Dietes<\/a> pel lliurament de les proves<\/li>\n<\/ul>\n<\/div><\/div><\/div>\n\n\n\n<div class=\"wp-block-getwid-toggle__row\"><div class=\"wp-block-getwid-toggle__header-wrapper\"><span class=\"wp-block-getwid-toggle__header\"><a href=\"#\"><span class=\"wp-block-getwid-toggle__header-title\">Documents per als Correctors<\/span><span class=\"wp-block-getwid-toggle__icon is-active\"><i class=\"fas fa-plus\"><\/i><\/span><span class=\"wp-block-getwid-toggle__icon is-passive\"><i class=\"fas fa-minus\"><\/i><\/span><\/a><\/span><\/div><div class=\"wp-block-getwid-toggle__content-wrapper\"><div class=\"wp-block-getwid-toggle__content\">\n<ul class=\"wp-block-list\">\n<li><a href=\"https:\/\/drive.google.com\/file\/d\/1yFxYOfyK8z0KWIDsTsiECDIJzjb4aCkD\/view?usp=sharing\" target=\"_blank\" rel=\"noreferrer noopener\">Manual<\/a> del corrector<\/li>\n\n\n\n<li><a href=\"http:\/\/consaval.cat\/correctorsA6P\/\" target=\"_blank\" rel=\"noreferrer noopener\">Instruccions<\/a>del corrector<\/li>\n\n\n\n<li><a href=\"https:\/\/drive.google.com\/file\/d\/1hsnyc9pDHkkszgWpyMft1pO1usqI4toV\/view?usp=sharing\" target=\"_blank\" rel=\"noreferrer noopener\">Formaci\u00f3 <\/a>corrector<\/li>\n\n\n\n<li><a href=\"https:\/\/drive.google.com\/file\/d\/1AGv-Omj37JRndrXCyC_Jeki1TFfTKO5f\/view?usp=sharing\" target=\"_blank\" rel=\"noreferrer noopener\">Pagament <\/a>corrector<\/li>\n\n\n\n<li><a href=\"https:\/\/docs.google.com\/document\/d\/1nzfKqwjJRJPWioUaZYTz7KkL0HR5pR_L\/edit?usp=sharing&amp;ouid=116662249614283198956&amp;rtpof=true&amp;sd=true\" target=\"_blank\" rel=\"noreferrer noopener\">Model Informe<\/a> correcci\u00f3 interna<\/li>\n<\/ul>\n\n\n\n<div class=\"wp-block-getwid-toggle has-icon-left\"><\/div>\n<\/div><\/div><\/div>\n<\/div>\n\n\n\n<p class=\"has-text-align-center has-medium-font-size\"><strong>CONSIDERACIONS A TENIR EN COMPTE<\/strong><\/p>\n\n\n\n<ul class=\"wp-block-list\">\n<li>Les direccions hauran d&#8217; informar a la comissi\u00f3 si hi ha <strong>baixes d&#8217;aplicadors <\/strong>i\/o <strong>correctors <\/strong>al correu-e: <a href=\"mailto:a8870309@xtec.cat\">a8870309@xtec.cat<\/a><\/li>\n\n\n\n<li>Els&nbsp;<strong>enunciats&nbsp;<\/strong>de les proves s\u2019hauran de descarregar el mateix dia de la prova en&nbsp;<strong>arxiu PDF des de l\u2019aplicatiu de les proves<\/strong>.<\/li>\n\n\n\n<li><strong>NO hi haur\u00e0 preguntes obertes&nbsp;<\/strong>en la compet\u00e8ncia de&nbsp;<strong>matem\u00e0tiques&nbsp;<\/strong>ni <strong>ci\u00e8ncies<\/strong>.<\/li>\n<\/ul>\n","protected":false},"excerpt":{"rendered":"<p>Proves Final Etapa 6\u00e8 &#8211; Comissi\u00f3 BL03 Cervell\u00f3, Corbera, La Palma, Pallej\u00e0, Sant Vicen\u00e7, Torrelles i Vallirana Reunions amb Inspecci\u00f3 (Presidenta de la Comissi\u00f3 BL03) Data Hora Modalitat Reuni\u00f3 Direccions i Aplicadors\/es 25 mar\u00e7 2025 12,45 h Videoconfer\u00e8ncia Reuni\u00f3 Correctors\/es 10 abril 2025 12,30 h. Presencial al SE del BLl-V CONSIDERACIONS A TENIR EN COMPTE<\/p>\n","protected":false},"author":1,"featured_media":0,"parent":0,"menu_order":0,"comment_status":"closed","ping_status":"close","template":"","meta":{"_bbp_topic_count":0,"_bbp_reply_count":0,"_bbp_total_topic_count":0,"_bbp_total_reply_count":0,"_bbp_voice_count":0,"_bbp_anonymous_reply_count":0,"_bbp_topic_count_hidden":0,"_bbp_reply_count_hidden":0,"_bbp_forum_subforum_count":0,"site-sidebar-layout":"default","site-content-layout":"","ast-site-content-layout":"default","site-content-style":"default","site-sidebar-style":"default","ast-global-header-display":"","ast-banner-title-visibility":"","ast-main-header-display":"","ast-hfb-above-header-display":"","ast-hfb-below-header-display":"","ast-hfb-mobile-header-display":"","site-post-title":"","ast-breadcrumbs-content":"","ast-featured-img":"","footer-sml-layout":"","theme-transparent-header-meta":"","adv-header-id-meta":"","stick-header-meta":"","header-above-stick-meta":"","header-main-stick-meta":"","header-below-stick-meta":"","astra-migrate-meta-layouts":"set","ast-page-background-enabled":"default","ast-page-background-meta":{"desktop":{"background-color":"var(--ast-global-color-4)","background-image":"","background-repeat":"repeat","background-position":"center center","background-size":"auto","background-attachment":"scroll","background-type":"","background-media":"","overlay-type":"","overlay-color":"","overlay-opacity":"","overlay-gradient":""},"tablet":{"background-color":"","background-image":"","background-repeat":"repeat","background-position":"center center","background-size":"auto","background-attachment":"scroll","background-type":"","background-media":"","overlay-type":"","overlay-color":"","overlay-opacity":"","overlay-gradient":""},"mobile":{"background-color":"","background-image":"","background-repeat":"repeat","background-position":"center center","background-size":"auto","background-attachment":"scroll","background-type":"","background-media":"","overlay-type":"","overlay-color":"","overlay-opacity":"","overlay-gradient":""}},"ast-content-background-meta":{"desktop":{"background-color":"var(--ast-global-color-5)","background-image":"","background-repeat":"repeat","background-position":"center center","background-size":"auto","background-attachment":"scroll","background-type":"","background-media":"","overlay-type":"","overlay-color":"","overlay-opacity":"","overlay-gradient":""},"tablet":{"background-color":"var(--ast-global-color-5)","background-image":"","background-repeat":"repeat","background-position":"center center","background-size":"auto","background-attachment":"scroll","background-type":"","background-media":"","overlay-type":"","overlay-color":"","overlay-opacity":"","overlay-gradient":""},"mobile":{"background-color":"var(--ast-global-color-5)","background-image":"","background-repeat":"repeat","background-position":"center center","background-size":"auto","background-attachment":"scroll","background-type":"","background-media":"","overlay-type":"","overlay-color":"","overlay-opacity":"","overlay-gradient":""}},"footnotes":""},"class_list":["post-28887","page","type-page","status-publish","hentry"],"post_mailing_queue_ids":[],"_links":{"self":[{"href":"https:\/\/serveiseducatius.xtec.cat\/baixllobregat6\/wp-json\/wp\/v2\/pages\/28887","targetHints":{"allow":["GET"]}}],"collection":[{"href":"https:\/\/serveiseducatius.xtec.cat\/baixllobregat6\/wp-json\/wp\/v2\/pages"}],"about":[{"href":"https:\/\/serveiseducatius.xtec.cat\/baixllobregat6\/wp-json\/wp\/v2\/types\/page"}],"author":[{"embeddable":true,"href":"https:\/\/serveiseducatius.xtec.cat\/baixllobregat6\/wp-json\/wp\/v2\/users\/1"}],"replies":[{"embeddable":true,"href":"https:\/\/serveiseducatius.xtec.cat\/baixllobregat6\/wp-json\/wp\/v2\/comments?post=28887"}],"version-history":[{"count":6,"href":"https:\/\/serveiseducatius.xtec.cat\/baixllobregat6\/wp-json\/wp\/v2\/pages\/28887\/revisions"}],"predecessor-version":[{"id":29615,"href":"https:\/\/serveiseducatius.xtec.cat\/baixllobregat6\/wp-json\/wp\/v2\/pages\/28887\/revisions\/29615"}],"wp:attachment":[{"href":"https:\/\/serveiseducatius.xtec.cat\/baixllobregat6\/wp-json\/wp\/v2\/media?parent=28887"}],"curies":[{"name":"wp","href":"https:\/\/api.w.org\/{rel}","templated":true}]}}