{"id":28689,"date":"2025-01-16T16:18:28","date_gmt":"2025-01-16T15:18:28","guid":{"rendered":"https:\/\/serveiseducatius.xtec.cat\/baixllobregat6\/?page_id=28689"},"modified":"2025-01-24T12:27:36","modified_gmt":"2025-01-24T11:27:36","slug":"kits-video-digital","status":"publish","type":"page","link":"https:\/\/serveiseducatius.xtec.cat\/baixllobregat6\/recursos\/kits-video-digital\/","title":{"rendered":"Kits Video  Digital"},"content":{"rendered":"\n<p>Els recursos audiovisuals estan cada cop prenent m\u00e9s protagonisme coma recurs educatius. Aquests poden afavorir la creaci\u00f3 d\u2019escenaris d\u2019aula competencials on l\u2019alumnat sigui el protagonista actiu i reflexiu del seu aprenentatge.<\/p>\n\n\n\n<p>El Centre de Recursos Pedag\u00f2gics Baix Llobregat-6 posa a disposici\u00f3 dels centres de prim\u00e0ria i secund\u00e0ria kits d&#8217;\u00e0udio i v\u00eddeo.<\/p>\n\n\n\n<div class=\"wp-block-getwid-toggle has-icon-left\">\n<div class=\"wp-block-getwid-toggle__row\"><div class=\"wp-block-getwid-toggle__header-wrapper\"><span class=\"wp-block-getwid-toggle__header\"><a href=\"#\"><span class=\"wp-block-getwid-toggle__header-title\">Kit  Chroma<\/span><span class=\"wp-block-getwid-toggle__icon is-active\"><i class=\"fas fa-plus\"><\/i><\/span><span class=\"wp-block-getwid-toggle__icon is-passive\"><i class=\"fas fa-minus\"><\/i><\/span><\/a><\/span><\/div><div class=\"wp-block-getwid-toggle__content-wrapper\"><div class=\"wp-block-getwid-toggle__content\">\n<p><a href=\"https:\/\/docs.google.com\/document\/d\/1Pt2WdQrn5U0QqhVHKEeQAEL4NIw2Ognafmjw89-VaEM\/edit?usp=sharing\" target=\"_blank\" rel=\"noreferrer noopener\">Kit Chroma<\/a><\/p>\n\n\n\n<p><img loading=\"lazy\" decoding=\"async\" width=\"682\" height=\"518\" src=\"https:\/\/serveiseducatius.xtec.cat\/baixllobregat6\/wp-content\/uploads\/usu778\/2023\/10\/chroma.jpg\" alt=\"Chroma\"><\/p>\n<\/div><\/div><\/div>\n\n\n\n<div class=\"wp-block-getwid-toggle__row\"><div class=\"wp-block-getwid-toggle__header-wrapper\"><span class=\"wp-block-getwid-toggle__header\"><a href=\"#\"><span class=\"wp-block-getwid-toggle__header-title\">C\u00e0mera 360\u00ba<\/span><span class=\"wp-block-getwid-toggle__icon is-active\"><i class=\"fas fa-plus\"><\/i><\/span><span class=\"wp-block-getwid-toggle__icon is-passive\"><i class=\"fas fa-minus\"><\/i><\/span><\/a><\/span><\/div><div class=\"wp-block-getwid-toggle__content-wrapper\"><div class=\"wp-block-getwid-toggle__content\">\n<p><a href=\"https:\/\/docs.google.com\/document\/d\/1FnB102wfmqBXCfCY25dSgPKIkPsQL9zQoU_3v_GbfKg\/edit?usp=drive_link\" target=\"_blank\" rel=\"noreferrer noopener\">C\u00e0mera 360\u00ba<\/a><\/p>\n\n\n\n<p><img loading=\"lazy\" decoding=\"async\" width=\"424\" height=\"382\" src=\"https:\/\/serveiseducatius.xtec.cat\/baixllobregat6\/wp-content\/uploads\/usu778\/2023\/10\/360.jpg\" alt=\"C\u00e0mera 360\u00ba\"><\/p>\n<\/div><\/div><\/div>\n\n\n\n<div class=\"wp-block-getwid-toggle__row\"><div class=\"wp-block-getwid-toggle__header-wrapper\"><span class=\"wp-block-getwid-toggle__header\"><a href=\"#\"><span class=\"wp-block-getwid-toggle__header-title\">Ipad+Cat\u00e0tula+Tr\u00edpode<\/span><span class=\"wp-block-getwid-toggle__icon is-active\"><i class=\"fas fa-plus\"><\/i><\/span><span class=\"wp-block-getwid-toggle__icon is-passive\"><i class=\"fas fa-minus\"><\/i><\/span><\/a><\/span><\/div><div class=\"wp-block-getwid-toggle__content-wrapper\"><div class=\"wp-block-getwid-toggle__content\">\n<p><a href=\"https:\/\/docs.google.com\/document\/d\/1JZDwf-tonO6Dh4Ht0YZtn9qtzF41dGTVP0LutAXt99A\/edit?usp=drive_link\" target=\"_blank\" rel=\"noreferrer noopener\">Ipad + Car\u00e0tula + Tr\u00edpode<\/a><\/p>\n\n\n\n<p><img loading=\"lazy\" decoding=\"async\" width=\"485\" height=\"392\" src=\"https:\/\/serveiseducatius.xtec.cat\/baixllobregat6\/wp-content\/uploads\/usu778\/2023\/10\/Ipad.jpg\" alt=\"Ipad + Car\u00e0tula + Tr\u00edpode\"><\/p>\n<\/div><\/div><\/div>\n\n\n\n<div class=\"wp-block-getwid-toggle__row\"><div class=\"wp-block-getwid-toggle__header-wrapper\"><span class=\"wp-block-getwid-toggle__header\"><a href=\"#\"><span class=\"wp-block-getwid-toggle__header-title\">C\u00e0mera Zenital UE<\/span><span class=\"wp-block-getwid-toggle__icon is-active\"><i class=\"fas fa-plus\"><\/i><\/span><span class=\"wp-block-getwid-toggle__icon is-passive\"><i class=\"fas fa-minus\"><\/i><\/span><\/a><\/span><\/div><div class=\"wp-block-getwid-toggle__content-wrapper\"><div class=\"wp-block-getwid-toggle__content\">\n<p><a href=\"https:\/\/docs.google.com\/document\/d\/1uDSJ4g4bFk96BFmF7fzrj3vwCix0rDQqr7nwQJeFKNI\/edit?usp=drive_link\" target=\"_blank\" rel=\"noreferrer noopener\">C\u00e0mera Zenital UE<\/a><\/p>\n\n\n\n<p><img loading=\"lazy\" decoding=\"async\" width=\"347\" height=\"463\" src=\"https:\/\/serveiseducatius.xtec.cat\/baixllobregat6\/wp-content\/uploads\/usu778\/2023\/10\/Camera_HUE-1.jpg\" alt=\"C\u00e0mera Zenital UE\"><\/p>\n<\/div><\/div><\/div>\n\n\n\n<div class=\"wp-block-getwid-toggle__row\"><div class=\"wp-block-getwid-toggle__header-wrapper\"><span class=\"wp-block-getwid-toggle__header\"><a href=\"#\"><span class=\"wp-block-getwid-toggle__header-title\">C\u00e0mera digital Canon A610 5Mp<\/span><span class=\"wp-block-getwid-toggle__icon is-active\"><i class=\"fas fa-plus\"><\/i><\/span><span class=\"wp-block-getwid-toggle__icon is-passive\"><i class=\"fas fa-minus\"><\/i><\/span><\/a><\/span><\/div><div class=\"wp-block-getwid-toggle__content-wrapper\"><div class=\"wp-block-getwid-toggle__content\">\n<p><a href=\"https:\/\/docs.google.com\/document\/d\/1lnBvAWZo3RwM7L3tBx10Dr0Vjd5O5Z8wml58WUHYVR0\/edit?usp=drive_link\" target=\"_blank\" rel=\"noreferrer noopener\">C\u00e0mera digital Canon A610 5Mp<\/a><\/p>\n\n\n\n<p><img loading=\"lazy\" decoding=\"async\" width=\"185\" height=\"146\" src=\"https:\/\/serveiseducatius.xtec.cat\/baixllobregat6\/wp-content\/uploads\/usu778\/2023\/10\/canon-a610.jpg\" alt=\"C\u00e0mera Powershot Canon A610-5Mp\"><\/p>\n<\/div><\/div><\/div>\n\n\n\n<div class=\"wp-block-getwid-toggle__row\"><div class=\"wp-block-getwid-toggle__header-wrapper\"><span class=\"wp-block-getwid-toggle__header\"><a href=\"#\"><span class=\"wp-block-getwid-toggle__header-title\">EPSON EMP61<\/span><span class=\"wp-block-getwid-toggle__icon is-active\"><i class=\"fas fa-plus\"><\/i><\/span><span class=\"wp-block-getwid-toggle__icon is-passive\"><i class=\"fas fa-minus\"><\/i><\/span><\/a><\/span><\/div><div class=\"wp-block-getwid-toggle__content-wrapper\"><div class=\"wp-block-getwid-toggle__content\">\n<p><a href=\"https:\/\/docs.google.com\/document\/d\/1n5hJxf0uVDl3t-l13I6T0NmBts3eSunhg-xh3X7YZQ0\/edit?usp=drive_link\" target=\"_blank\" rel=\"noreferrer noopener\">EPSON EMP61<\/a><\/p>\n\n\n\n<p><img loading=\"lazy\" decoding=\"async\" width=\"463\" height=\"347\" src=\"https:\/\/serveiseducatius.xtec.cat\/baixllobregat6\/wp-content\/uploads\/usu778\/2023\/10\/Epson-EMP61.jpg\" alt=\"Projector EPSON EMP61\"><\/p>\n<\/div><\/div><\/div>\n\n\n\n<div class=\"wp-block-getwid-toggle__row\"><div class=\"wp-block-getwid-toggle__header-wrapper\"><span class=\"wp-block-getwid-toggle__header\"><a href=\"#\"><span class=\"wp-block-getwid-toggle__header-title\">EPSON EMP62<\/span><span class=\"wp-block-getwid-toggle__icon is-active\"><i class=\"fas fa-plus\"><\/i><\/span><span class=\"wp-block-getwid-toggle__icon is-passive\"><i class=\"fas fa-minus\"><\/i><\/span><\/a><\/span><\/div><div class=\"wp-block-getwid-toggle__content-wrapper\"><div class=\"wp-block-getwid-toggle__content\">\n<p><a href=\"https:\/\/docs.google.com\/document\/d\/1n5hJxf0uVDl3t-l13I6T0NmBts3eSunhg-xh3X7YZQ0\/edit?usp=drive_link\" target=\"_blank\" rel=\"noreferrer noopener\">EPSON EMP62<\/a><\/p>\n\n\n\n<p><img loading=\"lazy\" decoding=\"async\" width=\"463\" height=\"347\" src=\"https:\/\/serveiseducatius.xtec.cat\/baixllobregat6\/wp-content\/uploads\/usu778\/2023\/10\/Epson-EMP62.jpg\" alt=\"Epson-EMP62\"><\/p>\n<\/div><\/div><\/div>\n\n\n\n<div class=\"wp-block-getwid-toggle__row\"><div class=\"wp-block-getwid-toggle__header-wrapper\"><span class=\"wp-block-getwid-toggle__header\"><a href=\"#\"><span class=\"wp-block-getwid-toggle__header-title\">HITACHI CPS-225<\/span><span class=\"wp-block-getwid-toggle__icon is-active\"><i class=\"fas fa-plus\"><\/i><\/span><span class=\"wp-block-getwid-toggle__icon is-passive\"><i class=\"fas fa-minus\"><\/i><\/span><\/a><\/span><\/div><div class=\"wp-block-getwid-toggle__content-wrapper\"><div class=\"wp-block-getwid-toggle__content\">\n<p><a href=\"https:\/\/docs.google.com\/document\/d\/1n5hJxf0uVDl3t-l13I6T0NmBts3eSunhg-xh3X7YZQ0\/edit?usp=drive_link\" target=\"_blank\" rel=\"noreferrer noopener\">HITACHI CPS-225<\/a><\/p>\n\n\n\n<p><img loading=\"lazy\" decoding=\"async\" width=\"463\" height=\"347\" src=\"https:\/\/serveiseducatius.xtec.cat\/baixllobregat6\/wp-content\/uploads\/usu778\/2023\/10\/Hitachi-CPS225.jpg\" alt=\"Hitachi-CPS225\"><\/p>\n<\/div><\/div><\/div>\n\n\n\n<div class=\"wp-block-getwid-toggle__row\"><div class=\"wp-block-getwid-toggle__header-wrapper\"><span class=\"wp-block-getwid-toggle__header\"><a href=\"#\"><span class=\"wp-block-getwid-toggle__header-title\">Retropojector d&#8217;ombres<\/span><span class=\"wp-block-getwid-toggle__icon is-active\"><i class=\"fas fa-plus\"><\/i><\/span><span class=\"wp-block-getwid-toggle__icon is-passive\"><i class=\"fas fa-minus\"><\/i><\/span><\/a><\/span><\/div><div class=\"wp-block-getwid-toggle__content-wrapper\"><div class=\"wp-block-getwid-toggle__content\">\n<p><a href=\"https:\/\/docs.google.com\/document\/d\/1n5hJxf0uVDl3t-l13I6T0NmBts3eSunhg-xh3X7YZQ0\/edit?usp=drive_link\" target=\"_blank\" rel=\"noreferrer noopener\">Retroprojector d&#8217;ombres<\/a><\/p>\n\n\n\n<p><img loading=\"lazy\" decoding=\"async\" width=\"347\" height=\"463\" src=\"https:\/\/serveiseducatius.xtec.cat\/baixllobregat6\/wp-content\/uploads\/usu778\/2023\/10\/retroprojector.jpg\" alt=\"retroprojector\"><\/p>\n<\/div><\/div><\/div>\n\n\n\n<div class=\"wp-block-getwid-toggle__row\"><div class=\"wp-block-getwid-toggle__header-wrapper\"><span class=\"wp-block-getwid-toggle__header\"><a href=\"#\"><span class=\"wp-block-getwid-toggle__header-title\">HDMI a VGA +  \u00c0UDIO<\/span><span class=\"wp-block-getwid-toggle__icon is-active\"><i class=\"fas fa-plus\"><\/i><\/span><span class=\"wp-block-getwid-toggle__icon is-passive\"><i class=\"fas fa-minus\"><\/i><\/span><\/a><\/span><\/div><div class=\"wp-block-getwid-toggle__content-wrapper\"><div class=\"wp-block-getwid-toggle__content\">\n<p><a href=\"https:\/\/docs.google.com\/document\/d\/1n5hJxf0uVDl3t-l13I6T0NmBts3eSunhg-xh3X7YZQ0\/edit?usp=drive_link\" target=\"_blank\" rel=\"noreferrer noopener\">HDMI a VGA + \u00c0udio<\/a><\/p>\n\n\n\n<p><img loading=\"lazy\" decoding=\"async\" width=\"463\" height=\"347\" src=\"https:\/\/serveiseducatius.xtec.cat\/baixllobregat6\/wp-content\/uploads\/usu778\/2023\/10\/HDMI-VGA-audio-1.jpg\" alt=\"\"><\/p>\n<\/div><\/div><\/div>\n\n\n\n<div class=\"wp-block-getwid-toggle__row\"><div class=\"wp-block-getwid-toggle__header-wrapper\"><span class=\"wp-block-getwid-toggle__header\"><a href=\"#\"><span class=\"wp-block-getwid-toggle__header-title\">Ulleres Realitat Virtual<\/span><span class=\"wp-block-getwid-toggle__icon is-active\"><i class=\"fas fa-plus\"><\/i><\/span><span class=\"wp-block-getwid-toggle__icon is-passive\"><i class=\"fas fa-minus\"><\/i><\/span><\/a><\/span><\/div><div class=\"wp-block-getwid-toggle__content-wrapper\"><div class=\"wp-block-getwid-toggle__content\">\n<p><a href=\"https:\/\/docs.google.com\/document\/d\/1n5hJxf0uVDl3t-l13I6T0NmBts3eSunhg-xh3X7YZQ0\/edit?usp=drive_link\" target=\"_blank\" rel=\"noreferrer noopener\"><\/a><a href=\"https:\/\/docs.google.com\/document\/d\/1n5hJxf0uVDl3t-l13I6T0NmBts3eSunhg-xh3X7YZQ0\/edit?usp=drive_link\" target=\"_blank\" rel=\"noreferrer noopener\">Ulleres VR<\/a>&nbsp;<\/p>\n\n\n\n<p>Formaci\u00f3 Oberta relacionada:<\/p>\n\n\n\n<ul class=\"wp-block-list\">\n<li><a href=\"https:\/\/odissea.xtec.cat\/course\/view.php?id=133154\">Digitalitzaci\u00f3 aplicada als sectors productius: Introducci\u00f3 al Metaverso en Educaci\u00f3.&nbsp;Realitat&nbsp;Augmentada i&nbsp;Realitat&nbsp;Virtual<\/a><\/li>\n\n\n\n<li><a href=\"https:\/\/odissea.xtec.cat\/course\/view.php?id=127312\">Formaci\u00f3 Oberta: KUAG_CO &#8211; KUDI de&nbsp;realitat&nbsp;augmentada i&nbsp;virtual&nbsp;21-22<\/a><\/li>\n\n\n\n<li><a href=\"https:\/\/odissea.xtec.cat\/course\/view.php?id=132921\">Formaci\u00f3 Oberta: MKRV_CO &#8211; MacroKudi de&nbsp;realitat&nbsp;virtual&nbsp;21-22<\/a><\/li>\n\n\n\n<li><a href=\"https:\/\/odissea.xtec.cat\/course\/view.php?id=82463\">Programa de simulaci\u00f3n avanzada de procesos 3D i\u00a0realitat\u00a0virtual\u00a0con\u00a0Virtual\u00a0Universe Pro<\/a><\/li>\n<\/ul>\n\n\n\n<p><img loading=\"lazy\" decoding=\"async\" width=\"409\" height=\"359\" src=\"https:\/\/serveiseducatius.xtec.cat\/baixllobregat6\/wp-content\/uploads\/usu778\/2024\/02\/ulleres-VR.jpg\" alt=\"Ulleres VR\"><\/p>\n<\/div><\/div><\/div>\n<\/div>\n","protected":false},"excerpt":{"rendered":"<p>Els recursos audiovisuals estan cada cop prenent m\u00e9s protagonisme coma recurs educatius. Aquests poden afavorir la creaci\u00f3 d\u2019escenaris d\u2019aula competencials on l\u2019alumnat sigui el protagonista actiu i reflexiu del seu aprenentatge. El Centre de Recursos Pedag\u00f2gics Baix Llobregat-6 posa a disposici\u00f3 dels centres de prim\u00e0ria i secund\u00e0ria kits d&#8217;\u00e0udio i v\u00eddeo.<\/p>\n","protected":false},"author":1,"featured_media":0,"parent":906,"menu_order":0,"comment_status":"closed","ping_status":"close","template":"","meta":{"_bbp_topic_count":0,"_bbp_reply_count":0,"_bbp_total_topic_count":0,"_bbp_total_reply_count":0,"_bbp_voice_count":0,"_bbp_anonymous_reply_count":0,"_bbp_topic_count_hidden":0,"_bbp_reply_count_hidden":0,"_bbp_forum_subforum_count":0,"site-sidebar-layout":"default","site-content-layout":"","ast-site-content-layout":"default","site-content-style":"default","site-sidebar-style":"default","ast-global-header-display":"","ast-banner-title-visibility":"","ast-main-header-display":"","ast-hfb-above-header-display":"","ast-hfb-below-header-display":"","ast-hfb-mobile-header-display":"","site-post-title":"","ast-breadcrumbs-content":"","ast-featured-img":"","footer-sml-layout":"","theme-transparent-header-meta":"","adv-header-id-meta":"","stick-header-meta":"","header-above-stick-meta":"","header-main-stick-meta":"","header-below-stick-meta":"","astra-migrate-meta-layouts":"set","ast-page-background-enabled":"default","ast-page-background-meta":{"desktop":{"background-color":"var(--ast-global-color-4)","background-image":"","background-repeat":"repeat","background-position":"center center","background-size":"auto","background-attachment":"scroll","background-type":"","background-media":"","overlay-type":"","overlay-color":"","overlay-opacity":"","overlay-gradient":""},"tablet":{"background-color":"","background-image":"","background-repeat":"repeat","background-position":"center center","background-size":"auto","background-attachment":"scroll","background-type":"","background-media":"","overlay-type":"","overlay-color":"","overlay-opacity":"","overlay-gradient":""},"mobile":{"background-color":"","background-image":"","background-repeat":"repeat","background-position":"center center","background-size":"auto","background-attachment":"scroll","background-type":"","background-media":"","overlay-type":"","overlay-color":"","overlay-opacity":"","overlay-gradient":""}},"ast-content-background-meta":{"desktop":{"background-color":"var(--ast-global-color-5)","background-image":"","background-repeat":"repeat","background-position":"center center","background-size":"auto","background-attachment":"scroll","background-type":"","background-media":"","overlay-type":"","overlay-color":"","overlay-opacity":"","overlay-gradient":""},"tablet":{"background-color":"var(--ast-global-color-5)","background-image":"","background-repeat":"repeat","background-position":"center center","background-size":"auto","background-attachment":"scroll","background-type":"","background-media":"","overlay-type":"","overlay-color":"","overlay-opacity":"","overlay-gradient":""},"mobile":{"background-color":"var(--ast-global-color-5)","background-image":"","background-repeat":"repeat","background-position":"center center","background-size":"auto","background-attachment":"scroll","background-type":"","background-media":"","overlay-type":"","overlay-color":"","overlay-opacity":"","overlay-gradient":""}},"footnotes":""},"class_list":["post-28689","page","type-page","status-publish","hentry"],"post_mailing_queue_ids":[],"_links":{"self":[{"href":"https:\/\/serveiseducatius.xtec.cat\/baixllobregat6\/wp-json\/wp\/v2\/pages\/28689","targetHints":{"allow":["GET"]}}],"collection":[{"href":"https:\/\/serveiseducatius.xtec.cat\/baixllobregat6\/wp-json\/wp\/v2\/pages"}],"about":[{"href":"https:\/\/serveiseducatius.xtec.cat\/baixllobregat6\/wp-json\/wp\/v2\/types\/page"}],"author":[{"embeddable":true,"href":"https:\/\/serveiseducatius.xtec.cat\/baixllobregat6\/wp-json\/wp\/v2\/users\/1"}],"replies":[{"embeddable":true,"href":"https:\/\/serveiseducatius.xtec.cat\/baixllobregat6\/wp-json\/wp\/v2\/comments?post=28689"}],"version-history":[{"count":6,"href":"https:\/\/serveiseducatius.xtec.cat\/baixllobregat6\/wp-json\/wp\/v2\/pages\/28689\/revisions"}],"predecessor-version":[{"id":28850,"href":"https:\/\/serveiseducatius.xtec.cat\/baixllobregat6\/wp-json\/wp\/v2\/pages\/28689\/revisions\/28850"}],"up":[{"embeddable":true,"href":"https:\/\/serveiseducatius.xtec.cat\/baixllobregat6\/wp-json\/wp\/v2\/pages\/906"}],"wp:attachment":[{"href":"https:\/\/serveiseducatius.xtec.cat\/baixllobregat6\/wp-json\/wp\/v2\/media?parent=28689"}],"curies":[{"name":"wp","href":"https:\/\/api.w.org\/{rel}","templated":true}]}}