{"id":28207,"date":"2024-12-02T13:36:05","date_gmt":"2024-12-02T12:36:05","guid":{"rendered":"https:\/\/serveiseducatius.xtec.cat\/baixllobregat6\/?page_id=28207"},"modified":"2024-12-02T13:36:07","modified_gmt":"2024-12-02T12:36:07","slug":"xcb-2022-2024","status":"publish","type":"page","link":"https:\/\/serveiseducatius.xtec.cat\/baixllobregat6\/xcb-2022-2024\/","title":{"rendered":"XCB 2022-2024"},"content":{"rendered":"\n<h4 class=\"wp-block-heading\"><strong>Cervell\u00f3, Corbera, La Palma de Cervell\u00f3, Sant Vicen\u00e7 dels Horts i Vallirana&nbsp;<\/strong><\/h4>\n\n\n\n<p>6\u00e8 curs a la XdC dels centres de <strong>Cervell\u00f3, Corbera, Sant Vicen\u00e7 dels Horts i Vallirana: <\/strong>9 escoles i 3 instituts.<\/p>\n\n\n\n<figure class=\"wp-block-table\"><table><tbody><tr><td><strong>Cervell\u00f3<\/strong><\/td><td><strong>Corbera<\/strong><\/td><td><strong>La Palma de Cervell\u00f3&nbsp;<\/strong><\/td><td><strong>Sant Vicen\u00e7 dels Horts<\/strong><\/td><td><strong>Vallirana<\/strong><\/td><\/tr><tr><td><a href=\"https:\/\/www.institutdecervello.cat\/web\/https:\/\/www.institutdecervello.cat\/web\/\"><strong>Institut<\/strong><strong> Cervell\u00f3<\/strong><\/a><\/td><td><a href=\"https:\/\/agora.xtec.cat\/escolaelcorb\/\"><strong>Escola El Corb<\/strong><\/a><\/td><td><a href=\"https:\/\/agora.xtec.cat\/ceipelsolell\/\"><strong>Escola el Solell<\/strong><\/a><\/td><td><a href=\"https:\/\/agora.xtec.cat\/escolalaguardia\/\"><strong>Escola La G<\/strong><strong>u\u00e0rdia<\/strong><\/a><\/td><td><a href=\"https:\/\/agora.xtec.cat\/escolacampderros\/\" target=\"_blank\" rel=\"noreferrer noopener\"><strong>Escola Campderr\u00f3s<\/strong><\/a><\/td><\/tr><tr><td><a href=\"https:\/\/agora.xtec.cat\/escolasantamariacervello\/\" target=\"_blank\" rel=\"noreferrer noopener\">Escola Santa Maria de Cervell\u00f3<\/a><\/td><td><a href=\"https:\/\/agora.xtec.cat\/ceippuigdagulles\/\"><strong>Escola Puig d&#8217;Agulles<\/strong><\/a><\/td><td>&nbsp;<\/td><td><a href=\"https:\/\/agora.xtec.cat\/ceip-santjordi-svhorts\/\"><strong>Escola Sant Jordi<\/strong><\/a><\/td><td><a href=\"https:\/\/agora.xtec.cat\/escpompeuvalli\/\" target=\"_blank\" rel=\"noreferrer noopener\"><strong>Escola Pompeu Fabra<\/strong><\/a><\/td><\/tr><tr><td>&nbsp;<\/td><td>&nbsp;<\/td><td>&nbsp;<\/td><td><a href=\"https:\/\/agora.xtec.cat\/iesfmompou\/\"><strong>Institut Frederic Mompou<\/strong><\/a><\/td><td><\/td><\/tr><tr><td>&nbsp;<\/td><td>&nbsp;<\/td><td>&nbsp;<\/td><td><a href=\"https:\/\/agora.xtec.cat\/iesgabrielamistral\/\"><strong>Institut Gabriela Mistral<\/strong><\/a><\/td><td>&nbsp;<\/td><\/tr><\/tbody><\/table><\/figure>\n\n\n\n<figure class=\"wp-block-embed is-type-wp-embed is-provider-genially wp-block-embed-genially\"><div class=\"wp-block-embed__wrapper\">\n<iframe class=\"wp-embedded-content\" sandbox=\"allow-scripts\" security=\"restricted\" title=\"XCBT8-2122\" frameborder='0' width='1600' height='800' src='https:\/\/view.genially.com\/61efebd8a85c1f0013c413bb#?secret=V2V8SkHCXr' data-secret='V2V8SkHCXr' scrolling='yes'><\/iframe>\n<\/div><\/figure>\n\n\n\n<figure class=\"wp-block-embed is-type-wp-embed is-provider-genially wp-block-embed-genially\"><div class=\"wp-block-embed__wrapper\">\n<iframe class=\"wp-embedded-content\" sandbox=\"allow-scripts\" security=\"restricted\" title=\"Instruments d&#039;avaluaci\u00f3\" frameborder='0' width='1200' height='675' src='https:\/\/view.genially.com\/6213ca771df951001a362f23#?secret=T5INGbz5yE' data-secret='T5INGbz5yE' scrolling='yes'><\/iframe>\n<\/div><\/figure>\n","protected":false},"excerpt":{"rendered":"<p>Cervell\u00f3, Corbera, La Palma de Cervell\u00f3, Sant Vicen\u00e7 dels Horts i Vallirana&nbsp; 6\u00e8 curs a la XdC dels centres de Cervell\u00f3, Corbera, Sant Vicen\u00e7 dels Horts i Vallirana: 9 escoles i 3 instituts. Cervell\u00f3 Corbera La Palma de Cervell\u00f3&nbsp; Sant Vicen\u00e7 dels Horts Vallirana Institut Cervell\u00f3 Escola El Corb Escola el Solell Escola La Gu\u00e0rdia [&hellip;]<\/p>\n","protected":false},"author":1,"featured_media":0,"parent":0,"menu_order":0,"comment_status":"closed","ping_status":"close","template":"","meta":{"_bbp_topic_count":0,"_bbp_reply_count":0,"_bbp_total_topic_count":0,"_bbp_total_reply_count":0,"_bbp_voice_count":0,"_bbp_anonymous_reply_count":0,"_bbp_topic_count_hidden":0,"_bbp_reply_count_hidden":0,"_bbp_forum_subforum_count":0,"site-sidebar-layout":"default","site-content-layout":"","ast-site-content-layout":"","site-content-style":"default","site-sidebar-style":"default","ast-global-header-display":"","ast-banner-title-visibility":"","ast-main-header-display":"","ast-hfb-above-header-display":"","ast-hfb-below-header-display":"","ast-hfb-mobile-header-display":"","site-post-title":"","ast-breadcrumbs-content":"","ast-featured-img":"","footer-sml-layout":"","theme-transparent-header-meta":"","adv-header-id-meta":"","stick-header-meta":"","header-above-stick-meta":"","header-main-stick-meta":"","header-below-stick-meta":"","astra-migrate-meta-layouts":"default","ast-page-background-enabled":"default","ast-page-background-meta":{"desktop":{"background-color":"var(--ast-global-color-4)","background-image":"","background-repeat":"repeat","background-position":"center center","background-size":"auto","background-attachment":"scroll","background-type":"","background-media":"","overlay-type":"","overlay-color":"","overlay-opacity":"","overlay-gradient":""},"tablet":{"background-color":"","background-image":"","background-repeat":"repeat","background-position":"center center","background-size":"auto","background-attachment":"scroll","background-type":"","background-media":"","overlay-type":"","overlay-color":"","overlay-opacity":"","overlay-gradient":""},"mobile":{"background-color":"","background-image":"","background-repeat":"repeat","background-position":"center center","background-size":"auto","background-attachment":"scroll","background-type":"","background-media":"","overlay-type":"","overlay-color":"","overlay-opacity":"","overlay-gradient":""}},"ast-content-background-meta":{"desktop":{"background-color":"var(--ast-global-color-5)","background-image":"","background-repeat":"repeat","background-position":"center center","background-size":"auto","background-attachment":"scroll","background-type":"","background-media":"","overlay-type":"","overlay-color":"","overlay-opacity":"","overlay-gradient":""},"tablet":{"background-color":"var(--ast-global-color-5)","background-image":"","background-repeat":"repeat","background-position":"center center","background-size":"auto","background-attachment":"scroll","background-type":"","background-media":"","overlay-type":"","overlay-color":"","overlay-opacity":"","overlay-gradient":""},"mobile":{"background-color":"var(--ast-global-color-5)","background-image":"","background-repeat":"repeat","background-position":"center center","background-size":"auto","background-attachment":"scroll","background-type":"","background-media":"","overlay-type":"","overlay-color":"","overlay-opacity":"","overlay-gradient":""}},"footnotes":""},"class_list":["post-28207","page","type-page","status-publish","hentry"],"post_mailing_queue_ids":[],"_links":{"self":[{"href":"https:\/\/serveiseducatius.xtec.cat\/baixllobregat6\/wp-json\/wp\/v2\/pages\/28207","targetHints":{"allow":["GET"]}}],"collection":[{"href":"https:\/\/serveiseducatius.xtec.cat\/baixllobregat6\/wp-json\/wp\/v2\/pages"}],"about":[{"href":"https:\/\/serveiseducatius.xtec.cat\/baixllobregat6\/wp-json\/wp\/v2\/types\/page"}],"author":[{"embeddable":true,"href":"https:\/\/serveiseducatius.xtec.cat\/baixllobregat6\/wp-json\/wp\/v2\/users\/1"}],"replies":[{"embeddable":true,"href":"https:\/\/serveiseducatius.xtec.cat\/baixllobregat6\/wp-json\/wp\/v2\/comments?post=28207"}],"version-history":[{"count":1,"href":"https:\/\/serveiseducatius.xtec.cat\/baixllobregat6\/wp-json\/wp\/v2\/pages\/28207\/revisions"}],"predecessor-version":[{"id":28210,"href":"https:\/\/serveiseducatius.xtec.cat\/baixllobregat6\/wp-json\/wp\/v2\/pages\/28207\/revisions\/28210"}],"wp:attachment":[{"href":"https:\/\/serveiseducatius.xtec.cat\/baixllobregat6\/wp-json\/wp\/v2\/media?parent=28207"}],"curies":[{"name":"wp","href":"https:\/\/api.w.org\/{rel}","templated":true}]}}