{"id":28204,"date":"2024-12-02T13:32:39","date_gmt":"2024-12-02T12:32:39","guid":{"rendered":"https:\/\/serveiseducatius.xtec.cat\/baixllobregat6\/?page_id=28204"},"modified":"2024-12-02T13:32:52","modified_gmt":"2024-12-02T12:32:52","slug":"xcb-2018-2020","status":"publish","type":"page","link":"https:\/\/serveiseducatius.xtec.cat\/baixllobregat6\/xcb-2018-2020\/","title":{"rendered":"XCB 2018-2020"},"content":{"rendered":"\n<h4 class=\"wp-block-heading\"><strong>Cervell\u00f3, Corbera, Sant Vicen\u00e7 dels Horts i Vallirana&nbsp;<\/strong><\/h4>\n\n\n\n<p>2n i 3r curs a la XdC dels centres de <strong>Cervell\u00f3, Corbera, Sant Vicen\u00e7 dels Horts i Vallirana.<\/strong> En total son 11 centres: 8 escoles i 3 instituts.<\/p>\n\n\n\n<h5 class=\"wp-block-heading\">\u00a0 \u00a0 \u00a0 \u00a0 \u00a0 \u00a0 \u00a0 \u00a0 \u00a0 \u00a0 \u00a0 \u00a0<a href=\"https:\/\/blocs.xtec.cat\/xcbprojecte318\/\" target=\"_blank\" rel=\"noreferrer noopener\"><strong>Blog XCBT8 del CRP del Servei Educatiu Baix Llobregat-6 (Sant Vicen\u00e7 dels Horts)<\/strong><\/a><\/h5>\n\n\n\n<figure class=\"wp-block-table\"><table><tbody><tr><td><strong>Cervell\u00f3<\/strong><\/td><td><strong>Corbera<\/strong><\/td><td><strong>Sant Vicen\u00e7 dels Horts&nbsp;<\/strong><\/td><td><strong>Vallirana<\/strong><\/td><\/tr><tr><td><strong><a href=\"https:\/\/blocs.xtec.cat\/xcbprojecte318\/category\/centres-docents\/ins-cervello\/\" target=\"_blank\" rel=\"noreferrer noopener\">Institut Cervell\u00f3<\/a><\/strong><\/td><td><strong><a href=\"https:\/\/blocs.xtec.cat\/xcbprojecte318\/category\/centres-docents\/esc-el-corb\/\" target=\"_blank\" rel=\"noreferrer noopener\">Escola El Corb<\/a><\/strong><\/td><td><strong><a href=\"https:\/\/blocs.xtec.cat\/xcbprojecte318\/category\/centres-docents\/esc-la-guardia\/\" target=\"_blank\" rel=\"noreferrer noopener\">EscolaLa Gu\u00e0rdia<\/a><\/strong><\/td><td><strong><a href=\"https:\/\/blocs.xtec.cat\/xcbprojecte318\/category\/centres-docents\/esc-campderros\/\" target=\"_blank\" rel=\"noreferrer noopener\">Escola Campderr\u00f3s<\/a><\/strong><\/td><\/tr><tr><td>&nbsp;<\/td><td><strong><a href=\"https:\/\/blocs.xtec.cat\/xcbprojecte318\/category\/centres-docents\/esc-puig-dagulles\/\" target=\"_blank\" rel=\"noreferrer noopener\">Escola Puig d&#8217;Agulles<\/a><\/strong><\/td><td><strong><a href=\"https:\/\/blocs.xtec.cat\/xcbprojecte318\/category\/centres-docents\/esc-sant-jordi\/\" target=\"_blank\" rel=\"noreferrer noopener\">Escola Sant Jordi<\/a><\/strong><\/td><td><strong><a href=\"https:\/\/blocs.xtec.cat\/xcbprojecte318\/category\/centres-docents\/esc-la-ginesta\/\" target=\"_blank\" rel=\"noreferrer noopener\">Escola La Ginesta<\/a><\/strong><\/td><\/tr><tr><td>&nbsp;<\/td><td>&nbsp;<\/td><td><strong><a href=\"https:\/\/blocs.xtec.cat\/xcbprojecte318\/category\/centres-docents\/esc-sant-josep\/\" target=\"_blank\" rel=\"noreferrer noopener\">Escola Sant Josep&nbsp;<\/a><\/strong><\/td><td><strong><a href=\"https:\/\/blocs.xtec.cat\/xcbprojecte318\/category\/centres-docents\/esc-pompeu-fabra\/\" target=\"_blank\" rel=\"noreferrer noopener\">Escola Pompeu Fabra<\/a><\/strong><\/td><\/tr><tr><td>&nbsp;<\/td><td>&nbsp;<\/td><td><strong><a href=\"https:\/\/blocs.xtec.cat\/xcbprojecte318\/category\/centres-docents\/ins-frederic-mompou\/\" target=\"_blank\" rel=\"noreferrer noopener\">Institut Frederic Mompou<\/a><\/strong><\/td><td>&nbsp;<\/td><\/tr><tr><td>&nbsp;<\/td><td>&nbsp;<\/td><td><strong><a href=\"https:\/\/blocs.xtec.cat\/xcbprojecte318\/category\/centres-docents\/ins-gabriela-mistral\/\" target=\"_blank\" rel=\"noreferrer noopener\">Institut Gabriela Mistral<\/a><\/strong><\/td><td><\/td><\/tr><\/tbody><\/table><\/figure>\n","protected":false},"excerpt":{"rendered":"<p>Cervell\u00f3, Corbera, Sant Vicen\u00e7 dels Horts i Vallirana&nbsp; 2n i 3r curs a la XdC dels centres de Cervell\u00f3, Corbera, Sant Vicen\u00e7 dels Horts i Vallirana. En total son 11 centres: 8 escoles i 3 instituts. \u00a0 \u00a0 \u00a0 \u00a0 \u00a0 \u00a0 \u00a0 \u00a0 \u00a0 \u00a0 \u00a0 \u00a0Blog XCBT8 del CRP del Servei Educatiu Baix [&hellip;]<\/p>\n","protected":false},"author":1,"featured_media":0,"parent":0,"menu_order":0,"comment_status":"closed","ping_status":"close","template":"","meta":{"_bbp_topic_count":0,"_bbp_reply_count":0,"_bbp_total_topic_count":0,"_bbp_total_reply_count":0,"_bbp_voice_count":0,"_bbp_anonymous_reply_count":0,"_bbp_topic_count_hidden":0,"_bbp_reply_count_hidden":0,"_bbp_forum_subforum_count":0,"site-sidebar-layout":"default","site-content-layout":"","ast-site-content-layout":"","site-content-style":"default","site-sidebar-style":"default","ast-global-header-display":"","ast-banner-title-visibility":"","ast-main-header-display":"","ast-hfb-above-header-display":"","ast-hfb-below-header-display":"","ast-hfb-mobile-header-display":"","site-post-title":"","ast-breadcrumbs-content":"","ast-featured-img":"","footer-sml-layout":"","theme-transparent-header-meta":"","adv-header-id-meta":"","stick-header-meta":"","header-above-stick-meta":"","header-main-stick-meta":"","header-below-stick-meta":"","astra-migrate-meta-layouts":"default","ast-page-background-enabled":"default","ast-page-background-meta":{"desktop":{"background-color":"var(--ast-global-color-4)","background-image":"","background-repeat":"repeat","background-position":"center center","background-size":"auto","background-attachment":"scroll","background-type":"","background-media":"","overlay-type":"","overlay-color":"","overlay-opacity":"","overlay-gradient":""},"tablet":{"background-color":"","background-image":"","background-repeat":"repeat","background-position":"center center","background-size":"auto","background-attachment":"scroll","background-type":"","background-media":"","overlay-type":"","overlay-color":"","overlay-opacity":"","overlay-gradient":""},"mobile":{"background-color":"","background-image":"","background-repeat":"repeat","background-position":"center center","background-size":"auto","background-attachment":"scroll","background-type":"","background-media":"","overlay-type":"","overlay-color":"","overlay-opacity":"","overlay-gradient":""}},"ast-content-background-meta":{"desktop":{"background-color":"var(--ast-global-color-5)","background-image":"","background-repeat":"repeat","background-position":"center center","background-size":"auto","background-attachment":"scroll","background-type":"","background-media":"","overlay-type":"","overlay-color":"","overlay-opacity":"","overlay-gradient":""},"tablet":{"background-color":"var(--ast-global-color-5)","background-image":"","background-repeat":"repeat","background-position":"center center","background-size":"auto","background-attachment":"scroll","background-type":"","background-media":"","overlay-type":"","overlay-color":"","overlay-opacity":"","overlay-gradient":""},"mobile":{"background-color":"var(--ast-global-color-5)","background-image":"","background-repeat":"repeat","background-position":"center center","background-size":"auto","background-attachment":"scroll","background-type":"","background-media":"","overlay-type":"","overlay-color":"","overlay-opacity":"","overlay-gradient":""}},"footnotes":""},"class_list":["post-28204","page","type-page","status-publish","hentry"],"post_mailing_queue_ids":[],"_links":{"self":[{"href":"https:\/\/serveiseducatius.xtec.cat\/baixllobregat6\/wp-json\/wp\/v2\/pages\/28204","targetHints":{"allow":["GET"]}}],"collection":[{"href":"https:\/\/serveiseducatius.xtec.cat\/baixllobregat6\/wp-json\/wp\/v2\/pages"}],"about":[{"href":"https:\/\/serveiseducatius.xtec.cat\/baixllobregat6\/wp-json\/wp\/v2\/types\/page"}],"author":[{"embeddable":true,"href":"https:\/\/serveiseducatius.xtec.cat\/baixllobregat6\/wp-json\/wp\/v2\/users\/1"}],"replies":[{"embeddable":true,"href":"https:\/\/serveiseducatius.xtec.cat\/baixllobregat6\/wp-json\/wp\/v2\/comments?post=28204"}],"version-history":[{"count":1,"href":"https:\/\/serveiseducatius.xtec.cat\/baixllobregat6\/wp-json\/wp\/v2\/pages\/28204\/revisions"}],"predecessor-version":[{"id":28206,"href":"https:\/\/serveiseducatius.xtec.cat\/baixllobregat6\/wp-json\/wp\/v2\/pages\/28204\/revisions\/28206"}],"wp:attachment":[{"href":"https:\/\/serveiseducatius.xtec.cat\/baixllobregat6\/wp-json\/wp\/v2\/media?parent=28204"}],"curies":[{"name":"wp","href":"https:\/\/api.w.org\/{rel}","templated":true}]}}