{"id":27536,"date":"2024-09-10T16:16:25","date_gmt":"2024-09-10T14:16:25","guid":{"rendered":"https:\/\/serveiseducatius.xtec.cat\/baixllobregat6\/?page_id=27536"},"modified":"2024-09-12T10:03:04","modified_gmt":"2024-09-12T08:03:04","slug":"oferta-dactivitats-formatives-del-servei-territorial-del-baix-llobregat","status":"publish","type":"page","link":"https:\/\/serveiseducatius.xtec.cat\/baixllobregat6\/formacio\/oferta-dactivitats-formatives-del-servei-territorial-del-baix-llobregat\/","title":{"rendered":"Oferta d&#8217;activitats formatives del Servei Territorial del Baix Llobregat"},"content":{"rendered":"<p style=\"font-weight: 400;\">A continuaci\u00f3 us informem de l&#8217;oferta formativa XTEC del curs 2024-2025 (primer torn) que s&#8217;ofereix al professorat des dels Serveis Territorials al Baix Llobregat, a banda de la qual podeu trobar al <a href=\"https:\/\/serveiseducatius.xtec.cat\/baixllobregat6\/formacio\/activitats\/\">CRP<\/a>.<\/p>\n<p style=\"font-weight: 400;\">Al quadre seg\u00fcent podeu trobar l&#8217;oferta de les activitats de\u00a0formaci\u00f3\u00a0permanent d&#8217;enguany.\u00a0La\u00a0<strong>inscripci\u00f3\u00a0<\/strong>es podr\u00e0 fer<strong>\u00a0<\/strong>fins al pr\u00f2xim\u00a0<strong>22\/09\/2024\u00a0<\/strong>(consulta adjudicaci\u00f3 de places el 7 d&#8217;octubre). Podeu consultar a l&#8217;apartat &#8220;m\u00e9s informaci\u00f3&#8221; de cada activitat el contingut, objectius&#8230;\u00a0 En el cas que siguin del vostre inter\u00e8s podeu clicar a sobre del codi de l&#8217;activitat corresponent.<\/p>\n<table style=\"font-weight: 400; width: 52.6586%;\" width=\"521\">\n<tbody>\n<tr>\n<td style=\"width: 19.2748%;\" width=\"90\"><a href=\"https:\/\/aplicacions.gestioeducativa.gencat.cat\/pls\/soloas\/pk_for_mod_ins.p_for_pre_cons_activitats?p_any=2024-2025&amp;p_codi=3000010519\" data-saferedirecturl=\"https:\/\/www.google.com\/url?q=https:\/\/aplicacions.gestioeducativa.gencat.cat\/pls\/soloas\/pk_for_mod_ins.p_for_pre_cons_activitats?p_any%3D2024-2025%26p_codi%3D3000010519&amp;source=gmail&amp;ust=1726041195821000&amp;usg=AOvVaw3yyjQ2_Ue4gIJG8hSoJebf\">3000010519\u00a0<\/a><\/td>\n<td style=\"width: 130.264%;\" width=\"431\">La conducta su\u00efcida i la mort per su\u00efcidi en l&#8217;adolesc\u00e8ncia<\/td>\n<\/tr>\n<tr>\n<td style=\"width: 19.2748%;\"><a href=\"https:\/\/aplicacions.gestioeducativa.gencat.cat\/pls\/soloas\/pk_for_mod_ins.p_for_pre_cons_activitats?p_any=2024-2025&amp;p_codi=3000020519\" data-saferedirecturl=\"https:\/\/www.google.com\/url?q=https:\/\/aplicacions.gestioeducativa.gencat.cat\/pls\/soloas\/pk_for_mod_ins.p_for_pre_cons_activitats?p_any%3D2024-2025%26p_codi%3D3000020519&amp;source=gmail&amp;ust=1726041195821000&amp;usg=AOvVaw3BGIK-39oEh-0yMBwBEIpC\">3000020519<\/a><\/td>\n<td style=\"width: 130.264%;\">Coeduca&#8217;t amb el curr\u00edculum<\/td>\n<\/tr>\n<tr>\n<td style=\"width: 19.2748%;\"><a href=\"https:\/\/aplicacions.gestioeducativa.gencat.cat\/pls\/soloas\/pk_for_mod_ins.p_for_pre_cons_activitats?p_any=2024-2025&amp;p_codi=3000050542\" data-saferedirecturl=\"https:\/\/www.google.com\/url?q=https:\/\/aplicacions.gestioeducativa.gencat.cat\/pls\/soloas\/pk_for_mod_ins.p_for_pre_cons_activitats?p_any%3D2024-2025%26p_codi%3D3000050542&amp;source=gmail&amp;ust=1726041195821000&amp;usg=AOvVaw1LJ_Ynn710kqxbtBDEcSDe\">3000050542<\/a><\/td>\n<td style=\"width: 130.264%;\">Formaci\u00f3\u00a0d&#8217;acollida, seguiment i avaluaci\u00f3 dels auxiliars de conversa<\/td>\n<\/tr>\n<tr>\n<td style=\"width: 19.2748%;\"><a href=\"https:\/\/aplicacions.gestioeducativa.gencat.cat\/pls\/soloas\/pk_for_mod_ins.p_for_pre_cons_activitats?p_any=2024-2025&amp;p_codi=3000060503\" data-saferedirecturl=\"https:\/\/www.google.com\/url?q=https:\/\/aplicacions.gestioeducativa.gencat.cat\/pls\/soloas\/pk_for_mod_ins.p_for_pre_cons_activitats?p_any%3D2024-2025%26p_codi%3D3000060503&amp;source=gmail&amp;ust=1726041195821000&amp;usg=AOvVaw1HdIoxMwDxTWyWhf4H7z9B\">3000060503<\/a><\/td>\n<td style=\"width: 130.264%;\">Interescolais 6.0<\/td>\n<\/tr>\n<tr>\n<td style=\"width: 19.2748%;\"><a href=\"https:\/\/aplicacions.gestioeducativa.gencat.cat\/pls\/soloas\/pk_for_mod_ins.p_for_pre_cons_activitats?p_any=2024-2025&amp;p_codi=3000080503\" data-saferedirecturl=\"https:\/\/www.google.com\/url?q=https:\/\/aplicacions.gestioeducativa.gencat.cat\/pls\/soloas\/pk_for_mod_ins.p_for_pre_cons_activitats?p_any%3D2024-2025%26p_codi%3D3000080503&amp;source=gmail&amp;ust=1726041195821000&amp;usg=AOvVaw10hACrlIZanF2ap2MeER47\">3000080503<\/a><\/td>\n<td style=\"width: 130.264%;\">Interescolais 6.0.1<\/td>\n<\/tr>\n<tr>\n<td style=\"width: 19.2748%;\"><a href=\"https:\/\/aplicacions.gestioeducativa.gencat.cat\/pls\/soloas\/pk_for_mod_ins.p_for_pre_cons_activitats?p_any=2024-2025&amp;p_codi=3000090519\" data-saferedirecturl=\"https:\/\/www.google.com\/url?q=https:\/\/aplicacions.gestioeducativa.gencat.cat\/pls\/soloas\/pk_for_mod_ins.p_for_pre_cons_activitats?p_any%3D2024-2025%26p_codi%3D3000090519&amp;source=gmail&amp;ust=1726041195821000&amp;usg=AOvVaw2a1cooRSGlHjZ3KLbyV-z1\">3000090519<\/a><\/td>\n<td style=\"width: 130.264%;\" width=\"431\">C\u00e0psules. Els Trastorns de la Conducta Aliment\u00e0ria.<br \/>\nPrevenci\u00f3 i acompanyament des del centre docent<\/td>\n<\/tr>\n<tr>\n<td style=\"width: 19.2748%;\"><a href=\"https:\/\/aplicacions.gestioeducativa.gencat.cat\/pls\/soloas\/pk_for_mod_ins.p_for_pre_cons_activitats?p_any=2024-2025&amp;p_codi=3000100542\" data-saferedirecturl=\"https:\/\/www.google.com\/url?q=https:\/\/aplicacions.gestioeducativa.gencat.cat\/pls\/soloas\/pk_for_mod_ins.p_for_pre_cons_activitats?p_any%3D2024-2025%26p_codi%3D3000100542&amp;source=gmail&amp;ust=1726041195821000&amp;usg=AOvVaw0l6DFxbaJIAysa7dGUQpEX\">3000100542<\/a><\/td>\n<td style=\"width: 130.264%;\">Sinergies eTwinning &#8211; Erasmusplus<\/td>\n<\/tr>\n<tr>\n<td style=\"width: 19.2748%;\"><a href=\"https:\/\/aplicacions.gestioeducativa.gencat.cat\/pls\/soloas\/pk_for_mod_ins.p_for_pre_cons_activitats?p_any=2024-2025&amp;p_codi=3000120542\" data-saferedirecturl=\"https:\/\/www.google.com\/url?q=https:\/\/aplicacions.gestioeducativa.gencat.cat\/pls\/soloas\/pk_for_mod_ins.p_for_pre_cons_activitats?p_any%3D2024-2025%26p_codi%3D3000120542&amp;source=gmail&amp;ust=1726041195821000&amp;usg=AOvVaw0I2NLipcW36bkv0sVYfyjm\">3000120542<\/a><\/td>\n<td style=\"width: 130.264%;\">International Caf\u00e9<\/td>\n<\/tr>\n<tr>\n<td style=\"width: 19.2748%;\"><a href=\"https:\/\/aplicacions.gestioeducativa.gencat.cat\/pls\/soloas\/pk_for_mod_ins.p_for_pre_cons_activitats?p_any=2024-2025&amp;p_codi=3000150509\" data-saferedirecturl=\"https:\/\/www.google.com\/url?q=https:\/\/aplicacions.gestioeducativa.gencat.cat\/pls\/soloas\/pk_for_mod_ins.p_for_pre_cons_activitats?p_any%3D2024-2025%26p_codi%3D3000150509&amp;source=gmail&amp;ust=1726041195821000&amp;usg=AOvVaw1XvKVtVBYtXjPSnzm7i_t2\">3000150509<\/a><\/td>\n<td style=\"width: 130.264%;\">Aprendre a l&#8217;educaci\u00f3 infantil (0-6 anys) &#8211; St Boi<\/td>\n<\/tr>\n<tr>\n<td style=\"width: 19.2748%;\"><a href=\"https:\/\/aplicacions.gestioeducativa.gencat.cat\/pls\/soloas\/pk_for_mod_ins.p_for_pre_cons_activitats?p_any=2024-2025&amp;p_codi=3000160509\" data-saferedirecturl=\"https:\/\/www.google.com\/url?q=https:\/\/aplicacions.gestioeducativa.gencat.cat\/pls\/soloas\/pk_for_mod_ins.p_for_pre_cons_activitats?p_any%3D2024-2025%26p_codi%3D3000160509&amp;source=gmail&amp;ust=1726041195821000&amp;usg=AOvVaw2gA-QsIGme3GCuOpNNPGmf\">3000160509<\/a><\/td>\n<td style=\"width: 130.264%;\">Aprendre a l&#8217;educaci\u00f3 infantil (0-6 anys) &#8211; El Prat<\/td>\n<\/tr>\n<tr>\n<td style=\"width: 19.2748%;\"><a href=\"https:\/\/aplicacions.gestioeducativa.gencat.cat\/pls\/soloas\/pk_for_mod_ins.p_for_pre_cons_activitats?p_any=2024-2025&amp;p_codi=3000170509\" data-saferedirecturl=\"https:\/\/www.google.com\/url?q=https:\/\/aplicacions.gestioeducativa.gencat.cat\/pls\/soloas\/pk_for_mod_ins.p_for_pre_cons_activitats?p_any%3D2024-2025%26p_codi%3D3000170509&amp;source=gmail&amp;ust=1726041195821000&amp;usg=AOvVaw2Pa78Di2RBn8fHUy1eXTs_\">3000170509<\/a><\/td>\n<td style=\"width: 130.264%;\">Aprendre a l&#8217;educaci\u00f3 infantil (0-6 anys) &#8211; Martorell<\/td>\n<\/tr>\n<tr>\n<td style=\"width: 19.2748%;\"><a href=\"https:\/\/aplicacions.gestioeducativa.gencat.cat\/pls\/soloas\/pk_for_mod_ins.p_for_pre_cons_activitats?p_any=2024-2025&amp;p_codi=3000180509\" data-saferedirecturl=\"https:\/\/www.google.com\/url?q=https:\/\/aplicacions.gestioeducativa.gencat.cat\/pls\/soloas\/pk_for_mod_ins.p_for_pre_cons_activitats?p_any%3D2024-2025%26p_codi%3D3000180509&amp;source=gmail&amp;ust=1726041195821000&amp;usg=AOvVaw3CrPRKmYh93TSXfTsnuO42\">3000180509<\/a><\/td>\n<td style=\"width: 130.264%;\">Aprendre a l&#8217;educaci\u00f3 infantil (0-6 anys) &#8211; Martorell<\/td>\n<\/tr>\n<tr>\n<td style=\"width: 19.2748%;\"><a href=\"https:\/\/aplicacions.gestioeducativa.gencat.cat\/pls\/soloas\/pk_for_mod_ins.p_for_pre_cons_activitats?p_any=2024-2025&amp;p_codi=3000190509\" data-saferedirecturl=\"https:\/\/www.google.com\/url?q=https:\/\/aplicacions.gestioeducativa.gencat.cat\/pls\/soloas\/pk_for_mod_ins.p_for_pre_cons_activitats?p_any%3D2024-2025%26p_codi%3D3000190509&amp;source=gmail&amp;ust=1726041195821000&amp;usg=AOvVaw2UAwWQGMiq_XunzEYhMBgb\">3000190509<\/a><\/td>\n<td style=\"width: 130.264%;\">Aprendre a l&#8217;educaci\u00f3 infantil (0-6 anys) &#8211; Esplugues<\/td>\n<\/tr>\n<tr>\n<td style=\"width: 19.2748%;\"><a href=\"https:\/\/aplicacions.gestioeducativa.gencat.cat\/pls\/soloas\/pk_for_mod_ins.p_for_pre_cons_activitats?p_any=2024-2025&amp;p_codi=3000210509\" data-saferedirecturl=\"https:\/\/www.google.com\/url?q=https:\/\/aplicacions.gestioeducativa.gencat.cat\/pls\/soloas\/pk_for_mod_ins.p_for_pre_cons_activitats?p_any%3D2024-2025%26p_codi%3D3000210509&amp;source=gmail&amp;ust=1726041195821000&amp;usg=AOvVaw2lvVnIEstTO0YRjurpIcAa\">3000210509<\/a><\/td>\n<td style=\"width: 130.264%;\">Taller situacions d&#8217;aprenentatge prim\u00e0ria &#8211; Sant Boi de Llobregat<\/td>\n<\/tr>\n<tr>\n<td style=\"width: 19.2748%;\"><a href=\"https:\/\/aplicacions.gestioeducativa.gencat.cat\/pls\/soloas\/pk_for_mod_ins.p_for_pre_cons_activitats?p_any=2024-2025&amp;p_codi=3000220509\" data-saferedirecturl=\"https:\/\/www.google.com\/url?q=https:\/\/aplicacions.gestioeducativa.gencat.cat\/pls\/soloas\/pk_for_mod_ins.p_for_pre_cons_activitats?p_any%3D2024-2025%26p_codi%3D3000220509&amp;source=gmail&amp;ust=1726041195821000&amp;usg=AOvVaw2PbJBLhQsHmkInVYEenBBD\">3000220509<\/a><\/td>\n<td style=\"width: 130.264%;\">Taller situacions d&#8217;aprenentatge prim\u00e0ria &#8211; El Prat de Llobregat<\/td>\n<\/tr>\n<tr>\n<td style=\"width: 19.2748%;\"><a href=\"https:\/\/aplicacions.gestioeducativa.gencat.cat\/pls\/soloas\/pk_for_mod_ins.p_for_pre_cons_activitats?p_any=2024-2025&amp;p_codi=3000230509\" data-saferedirecturl=\"https:\/\/www.google.com\/url?q=https:\/\/aplicacions.gestioeducativa.gencat.cat\/pls\/soloas\/pk_for_mod_ins.p_for_pre_cons_activitats?p_any%3D2024-2025%26p_codi%3D3000230509&amp;source=gmail&amp;ust=1726041195821000&amp;usg=AOvVaw0FmOtpIwdvb5hXXNdCgocv\">3000230509<\/a><\/td>\n<td style=\"width: 130.264%;\">Taller situacions d&#8217;aprenentatge prim\u00e0ria &#8211; Esplugues de Llobregat<\/td>\n<\/tr>\n<tr>\n<td style=\"width: 19.2748%;\"><a href=\"https:\/\/aplicacions.gestioeducativa.gencat.cat\/pls\/soloas\/pk_for_mod_ins.p_for_pre_cons_activitats?p_any=2024-2025&amp;p_codi=3000240509\" data-saferedirecturl=\"https:\/\/www.google.com\/url?q=https:\/\/aplicacions.gestioeducativa.gencat.cat\/pls\/soloas\/pk_for_mod_ins.p_for_pre_cons_activitats?p_any%3D2024-2025%26p_codi%3D3000240509&amp;source=gmail&amp;ust=1726041195821000&amp;usg=AOvVaw3PT-A0UWhPFtexaWlXk4Dl\">3000240509<\/a><\/td>\n<td style=\"width: 130.264%;\">Taller situacions d&#8217;aprenentatge prim\u00e0ria &#8211; El Prat de Llobregat<\/td>\n<\/tr>\n<tr>\n<td style=\"width: 19.2748%;\"><a href=\"https:\/\/aplicacions.gestioeducativa.gencat.cat\/pls\/soloas\/pk_for_mod_ins.p_for_pre_cons_activitats?p_any=2024-2025&amp;p_codi=3000250509\" data-saferedirecturl=\"https:\/\/www.google.com\/url?q=https:\/\/aplicacions.gestioeducativa.gencat.cat\/pls\/soloas\/pk_for_mod_ins.p_for_pre_cons_activitats?p_any%3D2024-2025%26p_codi%3D3000250509&amp;source=gmail&amp;ust=1726041195821000&amp;usg=AOvVaw1oon3ASINtfUGIQjf4BX3A\">3000250509<\/a><\/td>\n<td style=\"width: 130.264%;\">Taller situacions d&#8217;aprenentatge prim\u00e0ria &#8211; Castelldefels<\/td>\n<\/tr>\n<tr>\n<td style=\"width: 19.2748%;\"><a href=\"https:\/\/aplicacions.gestioeducativa.gencat.cat\/pls\/soloas\/pk_for_mod_ins.p_for_pre_cons_activitats?p_any=2024-2025&amp;p_codi=3000270509\" data-saferedirecturl=\"https:\/\/www.google.com\/url?q=https:\/\/aplicacions.gestioeducativa.gencat.cat\/pls\/soloas\/pk_for_mod_ins.p_for_pre_cons_activitats?p_any%3D2024-2025%26p_codi%3D3000270509&amp;source=gmail&amp;ust=1726041195821000&amp;usg=AOvVaw1es-Rl_J0KBwKTqrLQCdk8\">3000270509<\/a><\/td>\n<td style=\"width: 130.264%;\">AraMat 0-8<\/td>\n<\/tr>\n<tr>\n<td style=\"width: 19.2748%;\"><a href=\"https:\/\/aplicacions.gestioeducativa.gencat.cat\/pls\/soloas\/pk_for_mod_ins.p_for_pre_cons_activitats?p_any=2024-2025&amp;p_codi=3000420509\" data-saferedirecturl=\"https:\/\/www.google.com\/url?q=https:\/\/aplicacions.gestioeducativa.gencat.cat\/pls\/soloas\/pk_for_mod_ins.p_for_pre_cons_activitats?p_any%3D2024-2025%26p_codi%3D3000420509&amp;source=gmail&amp;ust=1726041195821000&amp;usg=AOvVaw1GDSjCSmiVtfS2V47cGzWT\">3000420509<\/a><\/td>\n<td style=\"width: 130.264%;\">Mentoria curricular. Matem\u00e0tica prim\u00e0ria (Centres educatius)<\/td>\n<\/tr>\n<tr>\n<td style=\"width: 19.2748%;\"><a href=\"https:\/\/aplicacions.gestioeducativa.gencat.cat\/pls\/soloas\/pk_for_mod_ins.p_for_pre_cons_activitats?p_any=2024-2025&amp;p_codi=3000430509\" data-saferedirecturl=\"https:\/\/www.google.com\/url?q=https:\/\/aplicacions.gestioeducativa.gencat.cat\/pls\/soloas\/pk_for_mod_ins.p_for_pre_cons_activitats?p_any%3D2024-2025%26p_codi%3D3000430509&amp;source=gmail&amp;ust=1726041195821000&amp;usg=AOvVaw0_0AiNO8vRm74d_AKI6CVv\">3000430509<\/a><\/td>\n<td style=\"width: 130.264%;\">Mentoria curricular. Matem\u00e0tica prim\u00e0ria (Centres educatius)<\/td>\n<\/tr>\n<tr>\n<td style=\"width: 19.2748%;\"><a href=\"https:\/\/aplicacions.gestioeducativa.gencat.cat\/pls\/soloas\/pk_for_mod_ins.p_for_pre_cons_activitats?p_any=2024-2025&amp;p_codi=3000480503\" data-saferedirecturl=\"https:\/\/www.google.com\/url?q=https:\/\/aplicacions.gestioeducativa.gencat.cat\/pls\/soloas\/pk_for_mod_ins.p_for_pre_cons_activitats?p_any%3D2024-2025%26p_codi%3D3000480503&amp;source=gmail&amp;ust=1726041195821000&amp;usg=AOvVaw0nFplddEi3lOcrG5-H34iu\">3000480503<\/a><\/td>\n<td style=\"width: 130.264%;\">MATCompetents<\/td>\n<\/tr>\n<tr>\n<td style=\"width: 19.2748%;\"><\/td>\n<td style=\"width: 130.264%;\"><\/td>\n<\/tr>\n<\/tbody>\n<\/table>\n<p>&nbsp;<\/p>\n","protected":false},"excerpt":{"rendered":"<p>A continuaci\u00f3 us informem de l&#8217;oferta formativa XTEC del curs 2024-2025 (primer torn) que s&#8217;ofereix al professorat des dels Serveis Territorials al Baix Llobregat, a banda de la qual podeu trobar al CRP. Al quadre seg\u00fcent podeu trobar l&#8217;oferta de les activitats de\u00a0formaci\u00f3\u00a0permanent d&#8217;enguany.\u00a0La\u00a0inscripci\u00f3\u00a0es podr\u00e0 fer\u00a0fins al pr\u00f2xim\u00a022\/09\/2024\u00a0(consulta adjudicaci\u00f3 de places el 7 d&#8217;octubre). Podeu [&hellip;]<\/p>\n","protected":false},"author":1,"featured_media":0,"parent":416,"menu_order":0,"comment_status":"closed","ping_status":"closed","template":"","meta":{"_bbp_topic_count":0,"_bbp_reply_count":0,"_bbp_total_topic_count":0,"_bbp_total_reply_count":0,"_bbp_voice_count":0,"_bbp_anonymous_reply_count":0,"_bbp_topic_count_hidden":0,"_bbp_reply_count_hidden":0,"_bbp_forum_subforum_count":0,"site-sidebar-layout":"default","site-content-layout":"","ast-site-content-layout":"","site-content-style":"default","site-sidebar-style":"default","ast-global-header-display":"","ast-banner-title-visibility":"","ast-main-header-display":"","ast-hfb-above-header-display":"","ast-hfb-below-header-display":"","ast-hfb-mobile-header-display":"","site-post-title":"","ast-breadcrumbs-content":"","ast-featured-img":"","footer-sml-layout":"","theme-transparent-header-meta":"","adv-header-id-meta":"","stick-header-meta":"","header-above-stick-meta":"","header-main-stick-meta":"","header-below-stick-meta":"","astra-migrate-meta-layouts":"default","ast-page-background-enabled":"default","ast-page-background-meta":{"desktop":{"background-color":"var(--ast-global-color-4)","background-image":"","background-repeat":"repeat","background-position":"center center","background-size":"auto","background-attachment":"scroll","background-type":"","background-media":"","overlay-type":"","overlay-color":"","overlay-opacity":"","overlay-gradient":""},"tablet":{"background-color":"","background-image":"","background-repeat":"repeat","background-position":"center center","background-size":"auto","background-attachment":"scroll","background-type":"","background-media":"","overlay-type":"","overlay-color":"","overlay-opacity":"","overlay-gradient":""},"mobile":{"background-color":"","background-image":"","background-repeat":"repeat","background-position":"center center","background-size":"auto","background-attachment":"scroll","background-type":"","background-media":"","overlay-type":"","overlay-color":"","overlay-opacity":"","overlay-gradient":""}},"ast-content-background-meta":{"desktop":{"background-color":"var(--ast-global-color-5)","background-image":"","background-repeat":"repeat","background-position":"center center","background-size":"auto","background-attachment":"scroll","background-type":"","background-media":"","overlay-type":"","overlay-color":"","overlay-opacity":"","overlay-gradient":""},"tablet":{"background-color":"var(--ast-global-color-5)","background-image":"","background-repeat":"repeat","background-position":"center center","background-size":"auto","background-attachment":"scroll","background-type":"","background-media":"","overlay-type":"","overlay-color":"","overlay-opacity":"","overlay-gradient":""},"mobile":{"background-color":"var(--ast-global-color-5)","background-image":"","background-repeat":"repeat","background-position":"center center","background-size":"auto","background-attachment":"scroll","background-type":"","background-media":"","overlay-type":"","overlay-color":"","overlay-opacity":"","overlay-gradient":""}},"footnotes":""},"class_list":["post-27536","page","type-page","status-publish","hentry"],"post_mailing_queue_ids":[],"_links":{"self":[{"href":"https:\/\/serveiseducatius.xtec.cat\/baixllobregat6\/wp-json\/wp\/v2\/pages\/27536","targetHints":{"allow":["GET"]}}],"collection":[{"href":"https:\/\/serveiseducatius.xtec.cat\/baixllobregat6\/wp-json\/wp\/v2\/pages"}],"about":[{"href":"https:\/\/serveiseducatius.xtec.cat\/baixllobregat6\/wp-json\/wp\/v2\/types\/page"}],"author":[{"embeddable":true,"href":"https:\/\/serveiseducatius.xtec.cat\/baixllobregat6\/wp-json\/wp\/v2\/users\/1"}],"replies":[{"embeddable":true,"href":"https:\/\/serveiseducatius.xtec.cat\/baixllobregat6\/wp-json\/wp\/v2\/comments?post=27536"}],"version-history":[{"count":4,"href":"https:\/\/serveiseducatius.xtec.cat\/baixllobregat6\/wp-json\/wp\/v2\/pages\/27536\/revisions"}],"predecessor-version":[{"id":27551,"href":"https:\/\/serveiseducatius.xtec.cat\/baixllobregat6\/wp-json\/wp\/v2\/pages\/27536\/revisions\/27551"}],"up":[{"embeddable":true,"href":"https:\/\/serveiseducatius.xtec.cat\/baixllobregat6\/wp-json\/wp\/v2\/pages\/416"}],"wp:attachment":[{"href":"https:\/\/serveiseducatius.xtec.cat\/baixllobregat6\/wp-json\/wp\/v2\/media?parent=27536"}],"curies":[{"name":"wp","href":"https:\/\/api.w.org\/{rel}","templated":true}]}}