{"id":27462,"date":"2024-09-03T14:10:49","date_gmt":"2024-09-03T12:10:49","guid":{"rendered":"https:\/\/serveiseducatius.xtec.cat\/baixllobregat6\/?page_id=27462"},"modified":"2026-05-11T13:41:03","modified_gmt":"2026-05-11T11:41:03","slug":"portada-2","status":"publish","type":"page","link":"https:\/\/serveiseducatius.xtec.cat\/baixllobregat6\/","title":{"rendered":""},"content":{"rendered":"\n<div class=\"wp-block-columns is-layout-flex wp-container-core-columns-is-layout-1 wp-block-columns-is-layout-flex\">\n<div class=\"wp-block-column is-layout-flow wp-block-column-is-layout-flow\">\n<figure class=\"wp-block-image aligncenter size-full\"><img loading=\"lazy\" decoding=\"async\" width=\"427\" height=\"217\" src=\"https:\/\/serveiseducatius.xtec.cat\/baixllobregat6\/wp-content\/uploads\/usu778\/2026\/05\/benestar3.jpg\" alt=\"\" class=\"wp-image-33396\"\/><\/figure>\n\n\n\n<p class=\"has-text-align-center has-ast-global-color-6-color has-light-green-cyan-background-color has-text-color has-background has-link-color has-medium-font-size wp-elements-da6c17995e374132bae0a768f9559e84\"><a href=\"https:\/\/serveiseducatius.xtec.cat\/baixllobregat6\/se-baixllobregat6\/jornada-pedagogica-final-curs-convivencia-de-lemocio-al-vincle\/\">Jornada Pedag\u00f2gica &#8211; Final Curs<\/a> &#8211; <a href=\"https:\/\/serveiseducatius.xtec.cat\/baixllobregat6\/se-baixllobregat6\/jornada-pedagogica-final-curs-convivencia-de-lemocio-al-vincle\/\">Conviv\u00e8ncia: de l&#8217;emoci\u00f3 al vincle &#8211; 2 de juliol<\/a><\/p>\n<\/div>\n\n\n\n<div class=\"wp-block-column is-layout-flow wp-block-column-is-layout-flow\">\n<figure class=\"wp-block-image aligncenter size-full is-resized\"><a href=\"https:\/\/xtec.gencat.cat\/ca\/formacio\/formacio-estiu\/\" target=\"_blank\" rel=\" noreferrer noopener\"><img loading=\"lazy\" decoding=\"async\" width=\"548\" height=\"463\" src=\"https:\/\/serveiseducatius.xtec.cat\/baixllobregat6\/wp-content\/uploads\/usu778\/2026\/05\/festiu2.png\" alt=\"\" class=\"wp-image-33340\" style=\"width:279px;height:auto\" srcset=\"https:\/\/serveiseducatius.xtec.cat\/baixllobregat6\/wp-content\/uploads\/usu778\/2026\/05\/festiu2.png 548w, https:\/\/serveiseducatius.xtec.cat\/baixllobregat6\/wp-content\/uploads\/usu778\/2026\/05\/festiu2-520x439.png 520w\" sizes=\"auto, (max-width: 548px) 100vw, 548px\" \/><\/a><\/figure>\n\n\n\n<p class=\"has-text-align-center has-ast-global-color-6-color has-light-green-cyan-background-color has-text-color has-background has-link-color has-medium-font-size wp-elements-fbbd9a4b68e005877ae9368b9ec638af\"><a href=\"https:\/\/serveiseducatius.xtec.cat\/baixllobregat6\/formacio\/activitats\/\" target=\"_blank\" rel=\"noreferrer noopener\">Formaci\u00f3 d&#8217;estiu per a docents (Inscripci\u00f3 14-28 de maig)<\/a><\/p>\n<\/div>\n<\/div>\n\n\n\n<figure class=\"wp-block-image size-large\"><a href=\"https:\/\/serveiseducatius.xtec.cat\/baixllobregat6\/se-baixllobregat6\/demanda-del-pla-de-formacio-de-zona-2026-2027\/\"><img loading=\"lazy\" decoding=\"async\" width=\"1024\" height=\"345\" src=\"https:\/\/serveiseducatius.xtec.cat\/baixllobregat6\/wp-content\/uploads\/usu778\/2025\/03\/image-1024x345.png\" alt=\"Inici del proc\u00e9s de la demanda de formaci\u00f3 al centre\" class=\"wp-image-29446\" srcset=\"https:\/\/serveiseducatius.xtec.cat\/baixllobregat6\/wp-content\/uploads\/usu778\/2025\/03\/image-1024x345.png 1024w, https:\/\/serveiseducatius.xtec.cat\/baixllobregat6\/wp-content\/uploads\/usu778\/2025\/03\/image-520x175.png 520w, https:\/\/serveiseducatius.xtec.cat\/baixllobregat6\/wp-content\/uploads\/usu778\/2025\/03\/image-768x258.png 768w, https:\/\/serveiseducatius.xtec.cat\/baixllobregat6\/wp-content\/uploads\/usu778\/2025\/03\/image-1536x517.png 1536w, https:\/\/serveiseducatius.xtec.cat\/baixllobregat6\/wp-content\/uploads\/usu778\/2025\/03\/image.png 1908w\" sizes=\"auto, (max-width: 1024px) 100vw, 1024px\" \/><\/a><figcaption class=\"wp-element-caption\">Pla de Formaci\u00f3 de Zona del SE del BLL-VI: <a href=\"https:\/\/serveiseducatius.xtec.cat\/baixllobregat6\/se-baixllobregat6\/demanda-del-pla-de-formacio-de-zona-2026-2027\/\">Demanda des dels centres<\/a>  de les activitats formatives<\/figcaption><\/figure>\n\n\n\n<p class=\"has-vivid-cyan-blue-color has-text-color has-link-color has-medium-font-size wp-elements-8affc3ebf4f4afc448f36c564fefa478\"><strong>Activitats setmana 11 a 15 de maig<\/strong><\/p>\n\n\n\n<figure class=\"wp-block-table\"><table class=\"has-fixed-layout\"><thead><tr><th class=\"has-text-align-center\" data-align=\"center\">Data<\/th><th>Activitat<\/th><th class=\"has-text-align-center\" data-align=\"center\">Hora<\/th><th>Lloc<\/th><\/tr><\/thead><tbody><tr><td class=\"has-text-align-center\" data-align=\"center\">dilluns, 11 de maig<\/td><td>Xarxa d&#8217;especialistes en educaci\u00f3 inclusiva i SIEI 16:30\/18:30<\/td><td class=\"has-text-align-center\" data-align=\"center\">16:30-18:30<\/td><td>Servei Educatiu<\/td><\/tr><tr><td class=\"has-text-align-center\" data-align=\"center\">dijous, 14 de maig<\/td><td>sessi\u00f3 8 Grup de Mestres de M\u00fasica<\/td><td class=\"has-text-align-center\" data-align=\"center\">12:00-14:00<\/td><td>Servei Educatiu<\/td><\/tr><tr><td class=\"has-text-align-center\" data-align=\"center\">dijous, 14 de maig<\/td><td>Sessi\u00f3 7 Xarxa de Secretaris<\/td><td class=\"has-text-align-center\" data-align=\"center\">09:30-11:30<\/td><td>Servei Educatiu<\/td><\/tr><tr><td class=\"has-text-align-center\" data-align=\"center\">dijous, 14 de maig<\/td><td><a href=\"https:\/\/projectes.xtec.cat\/digital\/formacio-docent\/xtcd\/\" target=\"_blank\" rel=\"noreferrer noopener\">Webinars Xarxes Cultura Digital<\/a><\/td><td class=\"has-text-align-center\" data-align=\"center\">17:30-19:00<\/td><td><\/td><\/tr><\/tbody><\/table><\/figure>\n\n\n\n<p><\/p>\n","protected":false},"excerpt":{"rendered":"<p>Jornada Pedag\u00f2gica &#8211; Final Curs &#8211; Conviv\u00e8ncia: de l&#8217;emoci\u00f3 al vincle &#8211; 2 de juliol Formaci\u00f3 d&#8217;estiu per a docents (Inscripci\u00f3 14-28 de maig) Activitats setmana 11 a 15 de maig Data Activitat Hora Lloc dilluns, 11 de maig Xarxa d&#8217;especialistes en educaci\u00f3 inclusiva i SIEI 16:30\/18:30 16:30-18:30 Servei Educatiu dijous, 14 de maig sessi\u00f3 [&hellip;]<\/p>\n","protected":false},"author":1,"featured_media":0,"parent":0,"menu_order":0,"comment_status":"closed","ping_status":"closed","template":"page-templates\/front-page.php","meta":{"_bbp_topic_count":0,"_bbp_reply_count":0,"_bbp_total_topic_count":0,"_bbp_total_reply_count":0,"_bbp_voice_count":0,"_bbp_anonymous_reply_count":0,"_bbp_topic_count_hidden":0,"_bbp_reply_count_hidden":0,"_bbp_forum_subforum_count":0,"site-sidebar-layout":"default","site-content-layout":"","ast-site-content-layout":"default","site-content-style":"default","site-sidebar-style":"default","ast-global-header-display":"","ast-banner-title-visibility":"","ast-main-header-display":"","ast-hfb-above-header-display":"","ast-hfb-below-header-display":"","ast-hfb-mobile-header-display":"","site-post-title":"","ast-breadcrumbs-content":"","ast-featured-img":"","footer-sml-layout":"","theme-transparent-header-meta":"","adv-header-id-meta":"","stick-header-meta":"","header-above-stick-meta":"","header-main-stick-meta":"","header-below-stick-meta":"","astra-migrate-meta-layouts":"set","ast-page-background-enabled":"default","ast-page-background-meta":{"desktop":{"background-color":"var(--ast-global-color-4)","background-image":"","background-repeat":"repeat","background-position":"center center","background-size":"auto","background-attachment":"scroll","background-type":"","background-media":"","overlay-type":"","overlay-color":"","overlay-opacity":"","overlay-gradient":""},"tablet":{"background-color":"","background-image":"","background-repeat":"repeat","background-position":"center center","background-size":"auto","background-attachment":"scroll","background-type":"","background-media":"","overlay-type":"","overlay-color":"","overlay-opacity":"","overlay-gradient":""},"mobile":{"background-color":"","background-image":"","background-repeat":"repeat","background-position":"center center","background-size":"auto","background-attachment":"scroll","background-type":"","background-media":"","overlay-type":"","overlay-color":"","overlay-opacity":"","overlay-gradient":""}},"ast-content-background-meta":{"desktop":{"background-color":"var(--ast-global-color-5)","background-image":"","background-repeat":"repeat","background-position":"center center","background-size":"auto","background-attachment":"scroll","background-type":"","background-media":"","overlay-type":"","overlay-color":"","overlay-opacity":"","overlay-gradient":""},"tablet":{"background-color":"var(--ast-global-color-5)","background-image":"","background-repeat":"repeat","background-position":"center center","background-size":"auto","background-attachment":"scroll","background-type":"","background-media":"","overlay-type":"","overlay-color":"","overlay-opacity":"","overlay-gradient":""},"mobile":{"background-color":"var(--ast-global-color-5)","background-image":"","background-repeat":"repeat","background-position":"center center","background-size":"auto","background-attachment":"scroll","background-type":"","background-media":"","overlay-type":"","overlay-color":"","overlay-opacity":"","overlay-gradient":""}},"footnotes":""},"class_list":["post-27462","page","type-page","status-publish","hentry"],"post_mailing_queue_ids":[],"_links":{"self":[{"href":"https:\/\/serveiseducatius.xtec.cat\/baixllobregat6\/wp-json\/wp\/v2\/pages\/27462","targetHints":{"allow":["GET"]}}],"collection":[{"href":"https:\/\/serveiseducatius.xtec.cat\/baixllobregat6\/wp-json\/wp\/v2\/pages"}],"about":[{"href":"https:\/\/serveiseducatius.xtec.cat\/baixllobregat6\/wp-json\/wp\/v2\/types\/page"}],"author":[{"embeddable":true,"href":"https:\/\/serveiseducatius.xtec.cat\/baixllobregat6\/wp-json\/wp\/v2\/users\/1"}],"replies":[{"embeddable":true,"href":"https:\/\/serveiseducatius.xtec.cat\/baixllobregat6\/wp-json\/wp\/v2\/comments?post=27462"}],"version-history":[{"count":6,"href":"https:\/\/serveiseducatius.xtec.cat\/baixllobregat6\/wp-json\/wp\/v2\/pages\/27462\/revisions"}],"predecessor-version":[{"id":33415,"href":"https:\/\/serveiseducatius.xtec.cat\/baixllobregat6\/wp-json\/wp\/v2\/pages\/27462\/revisions\/33415"}],"wp:attachment":[{"href":"https:\/\/serveiseducatius.xtec.cat\/baixllobregat6\/wp-json\/wp\/v2\/media?parent=27462"}],"curies":[{"name":"wp","href":"https:\/\/api.w.org\/{rel}","templated":true}]}}