{"id":27165,"date":"2024-06-03T10:32:24","date_gmt":"2024-06-03T08:32:24","guid":{"rendered":"https:\/\/serveiseducatius.xtec.cat\/baixllobregat6\/?page_id=27165"},"modified":"2025-04-30T13:32:45","modified_gmt":"2025-04-30T11:32:45","slug":"salvem-fantasia","status":"publish","type":"page","link":"https:\/\/serveiseducatius.xtec.cat\/baixllobregat6\/xarxa-grup-mestres-de-musica\/salvem-fantasia\/","title":{"rendered":"Salvem Fantasia!"},"content":{"rendered":"<p><img loading=\"lazy\" decoding=\"async\" class=\" wp-image-27168 alignleft\" src=\"https:\/\/serveiseducatius.xtec.cat\/baixllobregat6\/wp-content\/uploads\/usu778\/2024\/06\/salvem-fantasia.jpg\" alt=\"\" width=\"253\" height=\"334\" srcset=\"https:\/\/serveiseducatius.xtec.cat\/baixllobregat6\/wp-content\/uploads\/usu778\/2024\/06\/salvem-fantasia.jpg 411w, https:\/\/serveiseducatius.xtec.cat\/baixllobregat6\/wp-content\/uploads\/usu778\/2024\/06\/salvem-fantasia-394x520.jpg 394w\" sizes=\"auto, (max-width: 253px) 100vw, 253px\" \/>El\u00a0<a href=\"http:\/\/serveiseducatius.xtec.cat\/baixllobregat6\/categoria\/grup-de-mestres-de-musica\/\"><strong>Grup de Mestres de M\u00fasica<\/strong>\u00a0<\/a>del Servei Educatiu Baix Llobregat-VI ha preparat un nou espectacle : <b><i>\u201cSalvem Fantasia\u201d<\/i><\/b>\u00a0.<span id=\"more-22660\"><\/span><\/p>\n<p>Aquest espectacle basat en la pel\u00b7l\u00edcula: <b><i>\u201cLa Hist\u00f2ria Interminable\u201d,<\/i><\/b> va comptar amb la participaci\u00f3 de les Escoles: El Solell (La Palma de Cervell\u00f3), Joan Juncadella, La Immaculada, La Gu\u00e0rdia, La Vinyala, Sant Antoni, Sant Jordi, Sant Josep (Sant Vicen\u00e7 dels Horts), IE de Torrelles (Torrelles de Llobregat), Escola Nova, Santa Maria de Cervell\u00f3 (Cervell\u00f3) Castella (Barcelona)<\/p>\n<p>Com en altres edicions, a l\u2019espectacle es van combinar les arts pl\u00e0stiques, el cant coral, la dansa i la literatura.<\/p>\n<p>La representaci\u00f3 es va desenvolupar el <strong>28 de maig de 2024<\/strong>\u00a0a les\u00a0<strong>14:30<\/strong>\u00a0al\u00a0<strong>Teatre de la Passi\u00f3 d\u2019Olesa de Montserrat<\/strong> i va comptar amb la participaci\u00f3 directa d\u2019uns 438 alumnes que van cantar i ballar al ritme dels instruments dels docents del Grup de Mestres de M\u00fasica.<\/p>\n\n\n<div class=\"wp-block-columns is-layout-flex wp-container-core-columns-is-layout-1 wp-block-columns-is-layout-flex\">\n<div class=\"wp-block-column is-layout-flow wp-block-column-is-layout-flow\" style=\"flex-basis:20px\"><\/div>\n\n\n\n<div class=\"wp-block-column is-layout-flow wp-block-column-is-layout-flow\" style=\"flex-basis:20px\"><\/div>\n\n\n\n<div class=\"wp-block-column is-layout-flow wp-block-column-is-layout-flow\">\n<iframe loading=\"lazy\" width=\"560\" height=\"315\" src=\"https:\/\/www.youtube.com\/embed\/_0RWDhaEau8?si=WUqHzLUySC0-M8MP\" title=\"YouTube video player\" frameborder=\"0\" allow=\"accelerometer; autoplay; clipboard-write; encrypted-media; gyroscope; picture-in-picture; web-share\" referrerpolicy=\"strict-origin-when-cross-origin\" allowfullscreen><\/iframe>\n<\/div>\n<\/div>\n","protected":false},"excerpt":{"rendered":"<p>El\u00a0Grup de Mestres de M\u00fasica\u00a0del Servei Educatiu Baix Llobregat-VI ha preparat un nou espectacle : \u201cSalvem Fantasia\u201d\u00a0. Aquest espectacle basat en la pel\u00b7l\u00edcula: \u201cLa Hist\u00f2ria Interminable\u201d, va comptar amb la participaci\u00f3 de les Escoles: El Solell (La Palma de Cervell\u00f3), Joan Juncadella, La Immaculada, La Gu\u00e0rdia, La Vinyala, Sant Antoni, Sant Jordi, Sant Josep (Sant [&hellip;]<\/p>\n","protected":false},"author":1,"featured_media":0,"parent":29851,"menu_order":0,"comment_status":"closed","ping_status":"closed","template":"page-templates\/side-menu.php","meta":{"_bbp_topic_count":0,"_bbp_reply_count":0,"_bbp_total_topic_count":0,"_bbp_total_reply_count":0,"_bbp_voice_count":0,"_bbp_anonymous_reply_count":0,"_bbp_topic_count_hidden":0,"_bbp_reply_count_hidden":0,"_bbp_forum_subforum_count":0,"site-sidebar-layout":"default","site-content-layout":"","ast-site-content-layout":"default","site-content-style":"default","site-sidebar-style":"default","ast-global-header-display":"","ast-banner-title-visibility":"","ast-main-header-display":"","ast-hfb-above-header-display":"","ast-hfb-below-header-display":"","ast-hfb-mobile-header-display":"","site-post-title":"","ast-breadcrumbs-content":"","ast-featured-img":"","footer-sml-layout":"","theme-transparent-header-meta":"","adv-header-id-meta":"","stick-header-meta":"","header-above-stick-meta":"","header-main-stick-meta":"","header-below-stick-meta":"","astra-migrate-meta-layouts":"set","ast-page-background-enabled":"default","ast-page-background-meta":{"desktop":{"background-color":"var(--ast-global-color-4)","background-image":"","background-repeat":"repeat","background-position":"center center","background-size":"auto","background-attachment":"scroll","background-type":"","background-media":"","overlay-type":"","overlay-color":"","overlay-opacity":"","overlay-gradient":""},"tablet":{"background-color":"","background-image":"","background-repeat":"repeat","background-position":"center center","background-size":"auto","background-attachment":"scroll","background-type":"","background-media":"","overlay-type":"","overlay-color":"","overlay-opacity":"","overlay-gradient":""},"mobile":{"background-color":"","background-image":"","background-repeat":"repeat","background-position":"center center","background-size":"auto","background-attachment":"scroll","background-type":"","background-media":"","overlay-type":"","overlay-color":"","overlay-opacity":"","overlay-gradient":""}},"ast-content-background-meta":{"desktop":{"background-color":"var(--ast-global-color-5)","background-image":"","background-repeat":"repeat","background-position":"center center","background-size":"auto","background-attachment":"scroll","background-type":"","background-media":"","overlay-type":"","overlay-color":"","overlay-opacity":"","overlay-gradient":""},"tablet":{"background-color":"var(--ast-global-color-5)","background-image":"","background-repeat":"repeat","background-position":"center center","background-size":"auto","background-attachment":"scroll","background-type":"","background-media":"","overlay-type":"","overlay-color":"","overlay-opacity":"","overlay-gradient":""},"mobile":{"background-color":"var(--ast-global-color-5)","background-image":"","background-repeat":"repeat","background-position":"center center","background-size":"auto","background-attachment":"scroll","background-type":"","background-media":"","overlay-type":"","overlay-color":"","overlay-opacity":"","overlay-gradient":""}},"footnotes":""},"class_list":["post-27165","page","type-page","status-publish","hentry"],"post_mailing_queue_ids":[],"_links":{"self":[{"href":"https:\/\/serveiseducatius.xtec.cat\/baixllobregat6\/wp-json\/wp\/v2\/pages\/27165","targetHints":{"allow":["GET"]}}],"collection":[{"href":"https:\/\/serveiseducatius.xtec.cat\/baixllobregat6\/wp-json\/wp\/v2\/pages"}],"about":[{"href":"https:\/\/serveiseducatius.xtec.cat\/baixllobregat6\/wp-json\/wp\/v2\/types\/page"}],"author":[{"embeddable":true,"href":"https:\/\/serveiseducatius.xtec.cat\/baixllobregat6\/wp-json\/wp\/v2\/users\/1"}],"replies":[{"embeddable":true,"href":"https:\/\/serveiseducatius.xtec.cat\/baixllobregat6\/wp-json\/wp\/v2\/comments?post=27165"}],"version-history":[{"count":5,"href":"https:\/\/serveiseducatius.xtec.cat\/baixllobregat6\/wp-json\/wp\/v2\/pages\/27165\/revisions"}],"predecessor-version":[{"id":29847,"href":"https:\/\/serveiseducatius.xtec.cat\/baixllobregat6\/wp-json\/wp\/v2\/pages\/27165\/revisions\/29847"}],"up":[{"embeddable":true,"href":"https:\/\/serveiseducatius.xtec.cat\/baixllobregat6\/wp-json\/wp\/v2\/pages\/29851"}],"wp:attachment":[{"href":"https:\/\/serveiseducatius.xtec.cat\/baixllobregat6\/wp-json\/wp\/v2\/media?parent=27165"}],"curies":[{"name":"wp","href":"https:\/\/api.w.org\/{rel}","templated":true}]}}