{"id":26975,"date":"2024-05-02T09:40:06","date_gmt":"2024-05-02T07:40:06","guid":{"rendered":"https:\/\/serveiseducatius.xtec.cat\/baixllobregat6\/?page_id=26975"},"modified":"2024-05-02T09:40:06","modified_gmt":"2024-05-02T07:40:06","slug":"usuari-i-contrasenya-xtec","status":"publish","type":"page","link":"https:\/\/serveiseducatius.xtec.cat\/baixllobregat6\/usuari-i-contrasenya-xtec\/","title":{"rendered":"Usuari i contrasenya XTEC"},"content":{"rendered":"<header class=\"entry-header\">\n<h1 class=\"entry-title\"><\/h1>\n<\/header>\n<div class=\"entry-content\">\n<h5><strong>Alta inicial d\u2019usuari XTEC<\/strong><\/h5>\n<p>Has d\u2019emplenar el formulari\u00a0<strong><em>Alta sol\u00b7licitud per nou usuari XTEC.<\/em><\/strong>\u00a0A m\u00e9s de les teves dades personals, haur\u00e0s d\u2019informar una adre\u00e7a de correu alternativa que ser\u00e0 on t\u2019arribaran les instruccions per a l\u2019activaci\u00f3 del compte XTEC.<\/p>\n<ul>\n<li><a href=\"https:\/\/aplicacions.gestioeducativa.gencat.cat\/pls\/apex\/f?p=GUX_PUB:41:0:\" target=\"_blank\" rel=\"noopener\">Acc\u00e9s al formulari<\/a><\/li>\n<\/ul>\n<p><img loading=\"lazy\" decoding=\"async\" class=\"aligncenter size-medium wp-image-13316\" src=\"https:\/\/serveiseducatius.xtec.cat\/baixllobregat7\/wp-content\/uploads\/usu1179\/2023\/11\/alta-usuari-300x104.png\" sizes=\"auto, (max-width: 300px) 100vw, 300px\" srcset=\"https:\/\/serveiseducatius.xtec.cat\/baixllobregat7\/wp-content\/uploads\/usu1179\/2023\/11\/alta-usuari-300x104.png 300w, https:\/\/serveiseducatius.xtec.cat\/baixllobregat7\/wp-content\/uploads\/usu1179\/2023\/11\/alta-usuari.png 678w\" alt=\"\" width=\"300\" height=\"104\" \/><\/p>\n<ul>\n<li>Un cop envi\u00efs la sol\u00b7licitud, t\u2019arribar\u00e0 un missatge de confirmaci\u00f3 a aquesta adre\u00e7a de correu alternativa. Haur\u00e0s de validar aquest missatge (compte, que no el tinguis a Spam)<\/li>\n<li>Despr\u00e9s, haur\u00e0s de demanar a la Direcci\u00f3 del centre que accedeixi a l\u2019aplicaci\u00f3\u00a0<strong><em>Gesti\u00f3 d\u2019usuaris XTEC<\/em><\/strong>\u00a0per validar la sol\u00b7licitud.<\/li>\n<li>Per acabar, rebr\u00e0s un nou missatge a l\u2019adre\u00e7a alternativa amb les instruccions finals.<\/li>\n<li><strong>Validaci\u00f3 de la sol\u00b7licitud<\/strong>. Ho ha de fer el\/la Director\/a del centre, a l\u2019aplicatiu\u00a0<a href=\"http:\/\/aplicacions.gestioeducativa.gencat.cat\/pls\/apex\/f?p=GUX\" target=\"_blank\" rel=\"noopener\"><em><strong>Gesti\u00f3 d\u2019usuaris XTEC<\/strong><\/em><\/a>\u00a0(amb credencials GICAR)<\/li>\n<li>\n<ul>\n<li>Desplegar el men\u00fa\u00a0<em><strong>Sol\u00b7licituds<\/strong><\/em>.<\/li>\n<li>Localitzar el nom de la persona i polsar la icona del llapis per desplegar les dades de la sol\u00b7licitud<\/li>\n<li>Comprovar que hi ha incl\u00f2s una adre\u00e7a de correu alternativa<\/li>\n<li>Polsar el bot\u00f3 de validaci\u00f3<\/li>\n<li>Arribar\u00e0 un missatge a l\u2019adre\u00e7a alternativa de la persona interessada, amb les instruccions per acabar la creaci\u00f3 de l\u2019usuari i la contrasenya XTEC<\/li>\n<\/ul>\n<\/li>\n<\/ul>\n<h5><strong>Canvi de contrasenya<\/strong><\/h5>\n<p>Has de fer un canvi de contrasenya cada 6 mesos. No facis el canvi en cap aplicaci\u00f3 Google. Necess\u00e0riament ho has de fer a l\u2019aplicaci\u00f3 XTEC:\u00a0<a href=\"https:\/\/aplicacions.gestioeducativa.gencat.cat\/pls\/apex\/f?p=GUX_PUB:99\" target=\"_blank\" rel=\"noopener\">https:\/\/aplicacions.gestioeducativa.gencat.cat\/pls\/apex\/f?p=GUX_PUB:99<\/a>. Altrament, no funcionaran tots els serveis associats al compte XTEC.<\/p>\n<p><img loading=\"lazy\" decoding=\"async\" class=\"aligncenter wp-image-13314 size-medium\" src=\"https:\/\/serveiseducatius.xtec.cat\/baixllobregat7\/wp-content\/uploads\/usu1179\/2023\/11\/canvi-contrasenya-300x106.png\" sizes=\"auto, (max-width: 300px) 100vw, 300px\" srcset=\"https:\/\/serveiseducatius.xtec.cat\/baixllobregat7\/wp-content\/uploads\/usu1179\/2023\/11\/canvi-contrasenya-300x106.png 300w, https:\/\/serveiseducatius.xtec.cat\/baixllobregat7\/wp-content\/uploads\/usu1179\/2023\/11\/canvi-contrasenya.png 343w\" alt=\"\" width=\"300\" height=\"106\" \/><\/p>\n<h5><strong>Recuperaci\u00f3 de contrasenya<\/strong><\/h5>\n<p>En cas que no recordis la contrasenya actual, pots intentar generar-ne una nova.<\/p>\n<ul>\n<li>Haur\u00e0s d\u2019emplenar aquest formulari\u00a0<a href=\"https:\/\/aplicacions.gestioeducativa.gencat.cat\/pls\/apex\/f?p=GUX_PUB:41:0:\" target=\"_blank\" rel=\"noopener\">https:\/\/aplicacions.gestioeducativa.gencat.cat\/pls\/apex\/f?p=GUX_PUB:41:0:<\/a>\u00a0que, en realitat,<\/li>\n<li>De fet, \u00e9s el mateix formulari que vas emplenar quan vas demanar l\u2019alta inicial. Per\u00f2 el\u00a0sistema detectar\u00e0 que l\u2019usuari ja existeix (perqu\u00e8 reconeix el DNI) i en lloc de crear un nou usuari tramitar\u00e0 la teva sol\u00b7licitud de recuperaci\u00f3.<\/li>\n<\/ul>\n<p><img loading=\"lazy\" decoding=\"async\" class=\"aligncenter wp-image-13315 \" src=\"https:\/\/serveiseducatius.xtec.cat\/baixllobregat7\/wp-content\/uploads\/usu1179\/2023\/11\/recuperacio-contrasenya.png\" sizes=\"auto, (max-width: 666px) 100vw, 666px\" srcset=\"https:\/\/serveiseducatius.xtec.cat\/baixllobregat7\/wp-content\/uploads\/usu1179\/2023\/11\/recuperacio-contrasenya.png 934w, https:\/\/serveiseducatius.xtec.cat\/baixllobregat7\/wp-content\/uploads\/usu1179\/2023\/11\/recuperacio-contrasenya-300x72.png 300w, https:\/\/serveiseducatius.xtec.cat\/baixllobregat7\/wp-content\/uploads\/usu1179\/2023\/11\/recuperacio-contrasenya-768x183.png 768w\" alt=\"\" width=\"666\" height=\"159\" \/><\/p>\n<ul>\n<li>Despr\u00e9s haur\u00e0s de demanar a la Direcci\u00f3 del teu centre que accedeixi a l\u2019aplicaci\u00f3\u00a0<em><strong>Gesti\u00f3 d\u2019Usuaris XTEC<\/strong><\/em>\u00a0i validi la sol\u00b7licitud.<\/li>\n<li>Finalment, rebr\u00e0s un missatge (a l\u2019adre\u00e7a de correu alternativa) amb un enlla\u00e7 per acabar el proc\u00e9s.<\/li>\n<\/ul>\n<h5><strong>Desbloquejar usuaris XTEC o recuperar contrasenyes (La direcci\u00f3 del centre)<\/strong><\/h5>\n<p>Si se t\u2019ha bloquejat el compte XTEC (probablement perqu\u00e8 no has fet el canvi de contrasenya quan correspon), disposes d\u2019uns dies perqu\u00e8 la\u00a0Direcci\u00f3 del centre pugui desbloquejar-lo accedint a l\u2019aplicaci\u00f3 Gesti\u00f3 d\u2019usuaris XTEC:\u00a0<a href=\"http:\/\/aplicacions.gestioeducativa.gencat.cat\/pls\/apex\/f?p=GUX\" target=\"_blank\" rel=\"noopener\">http:\/\/aplicacions.gestioeducativa.gencat.cat\/pls\/apex\/f?p=GUX<\/a><\/p>\n<p>En cas que siguis jubilat\/da o docent que est\u00e0 a la borsa, envia un missatge a duplicat@xtec.cat, indicar NIF, nom i cognoms,<br \/>\ncorreu XTEC a desbloquejar o per restablir contrasenya, correu alternatiu (no XTEC) i tel\u00e8fon de contacte per si t\u2019haguessin de trucar.<\/p>\n<ul>\n<li>Haur\u00e0 d\u2019accedir a l\u2019apartat \u201c<strong>Gesti\u00f3 d\u2019usuaris<\/strong>\u201d. Es desplegar\u00e0 la finestra\u00a0<strong>Consulta d\u2019usuaris<\/strong>.<\/li>\n<\/ul>\n<p><img loading=\"lazy\" decoding=\"async\" class=\"aligncenter wp-image-13006\" src=\"https:\/\/serveiseducatius.xtec.cat\/baixllobregat7\/wp-content\/uploads\/usu1179\/2023\/09\/gux-1.png\" sizes=\"auto, (max-width: 472px) 100vw, 472px\" srcset=\"https:\/\/serveiseducatius.xtec.cat\/baixllobregat7\/wp-content\/uploads\/usu1179\/2023\/09\/gux-1.png 690w, https:\/\/serveiseducatius.xtec.cat\/baixllobregat7\/wp-content\/uploads\/usu1179\/2023\/09\/gux-1-300x169.png 300w\" alt=\"\" width=\"472\" height=\"266\" \/><\/p>\n<ul>\n<li>Pot polsar la\u00a0<strong>icona de la lupa<\/strong>\u00a0al peu de la p\u00e0gina per mostrar el llistat de totes persones del centre on s\u2019indica si n\u2019hi ha cap\u00a0<strong>Bloquejat<\/strong>.<br \/>\nO es pot cercar una persona concreta emplenant, per exmeple, el camp usuari o cognom\u2026 i posant despr\u00e9s la icona de la lupa.<\/li>\n<\/ul>\n<p><img loading=\"lazy\" decoding=\"async\" class=\"aligncenter size-full wp-image-13007\" src=\"https:\/\/serveiseducatius.xtec.cat\/baixllobregat7\/wp-content\/uploads\/usu1179\/2023\/09\/gux-2.png\" sizes=\"auto, (max-width: 690px) 100vw, 690px\" srcset=\"https:\/\/serveiseducatius.xtec.cat\/baixllobregat7\/wp-content\/uploads\/usu1179\/2023\/09\/gux-2.png 690w, https:\/\/serveiseducatius.xtec.cat\/baixllobregat7\/wp-content\/uploads\/usu1179\/2023\/09\/gux-2-300x93.png 300w\" alt=\"\" width=\"690\" height=\"215\" \/><\/p>\n<ul>\n<li>Un cop localitzat el nom de la persona, es polsa la\u00a0<strong>icona del llapis<\/strong>\u00a0que hi ha a l\u2019esquerra i s\u2019accedeix a les dades d\u2019aquella persona<\/li>\n<li>Cal assegurar-se que aquella persona tingui una\u00a0<strong>adre\u00e7a de correu alternativa<\/strong>\u00a0perqu\u00e8 ser\u00e0 all\u00e0 on rebr\u00e0 les instruccions. Si cal, es pot escriure, ara, aquesta adre\u00e7a de correu alternativa.<\/li>\n<li>Finalment, a sota de les dades, cal polsar el bot\u00f3\u00a0<strong>Reactivar usuari<\/strong>\u00a0(o b\u00e9\u00a0<strong>Regenerar la contrasenya<\/strong>).<\/li>\n<li>Finalment, el sistema envia un missatge a l\u2019adre\u00e7a de correu alternativa (de l\u2019usuari afectat) amb instruccions<\/li>\n<\/ul>\n<h5><strong>M\u00e9s informaci\u00f3<\/strong><\/h5>\n<ul>\n<li>Web\u00a0<strong><a href=\"http:\/\/xtec.gencat.cat\/ca\/at_usuari\/gestio\/\" target=\"_blank\" rel=\"noopener noreferrer\">XTEC \/ Atenci\u00f3 a l\u2019usuari \/ Gesti\u00f3 d\u2019usuaris<\/a><\/strong><\/li>\n<li>Tamb\u00e9 podeu consultar l\u2019article:\u00a0<strong><a href=\"https:\/\/serveiseducatius.xtec.cat\/baixllobregat7\/portada\/us-aclariu-amb-els-usuaris-xtec-i-gicar\/\"><em>Us aclariu amb els usuaris XTEC i GICAR?<\/em><\/a><\/strong><\/li>\n<\/ul>\n<\/div>\n","protected":false},"excerpt":{"rendered":"<p>Alta inicial d\u2019usuari XTEC Has d\u2019emplenar el formulari\u00a0Alta sol\u00b7licitud per nou usuari XTEC.\u00a0A m\u00e9s de les teves dades personals, haur\u00e0s d\u2019informar una adre\u00e7a de correu alternativa que ser\u00e0 on t\u2019arribaran les instruccions per a l\u2019activaci\u00f3 del compte XTEC. Acc\u00e9s al formulari Un cop envi\u00efs la sol\u00b7licitud, t\u2019arribar\u00e0 un missatge de confirmaci\u00f3 a aquesta adre\u00e7a de [&hellip;]<\/p>\n","protected":false},"author":1,"featured_media":0,"parent":0,"menu_order":0,"comment_status":"closed","ping_status":"closed","template":"","meta":{"_bbp_topic_count":0,"_bbp_reply_count":0,"_bbp_total_topic_count":0,"_bbp_total_reply_count":0,"_bbp_voice_count":0,"_bbp_anonymous_reply_count":0,"_bbp_topic_count_hidden":0,"_bbp_reply_count_hidden":0,"_bbp_forum_subforum_count":0,"site-sidebar-layout":"default","site-content-layout":"","ast-site-content-layout":"","site-content-style":"default","site-sidebar-style":"default","ast-global-header-display":"","ast-banner-title-visibility":"","ast-main-header-display":"","ast-hfb-above-header-display":"","ast-hfb-below-header-display":"","ast-hfb-mobile-header-display":"","site-post-title":"","ast-breadcrumbs-content":"","ast-featured-img":"","footer-sml-layout":"","theme-transparent-header-meta":"","adv-header-id-meta":"","stick-header-meta":"","header-above-stick-meta":"","header-main-stick-meta":"","header-below-stick-meta":"","astra-migrate-meta-layouts":"default","ast-page-background-enabled":"default","ast-page-background-meta":{"desktop":{"background-color":"var(--ast-global-color-4)","background-image":"","background-repeat":"repeat","background-position":"center center","background-size":"auto","background-attachment":"scroll","background-type":"","background-media":"","overlay-type":"","overlay-color":"","overlay-opacity":"","overlay-gradient":""},"tablet":{"background-color":"","background-image":"","background-repeat":"repeat","background-position":"center center","background-size":"auto","background-attachment":"scroll","background-type":"","background-media":"","overlay-type":"","overlay-color":"","overlay-opacity":"","overlay-gradient":""},"mobile":{"background-color":"","background-image":"","background-repeat":"repeat","background-position":"center center","background-size":"auto","background-attachment":"scroll","background-type":"","background-media":"","overlay-type":"","overlay-color":"","overlay-opacity":"","overlay-gradient":""}},"ast-content-background-meta":{"desktop":{"background-color":"var(--ast-global-color-5)","background-image":"","background-repeat":"repeat","background-position":"center center","background-size":"auto","background-attachment":"scroll","background-type":"","background-media":"","overlay-type":"","overlay-color":"","overlay-opacity":"","overlay-gradient":""},"tablet":{"background-color":"var(--ast-global-color-5)","background-image":"","background-repeat":"repeat","background-position":"center center","background-size":"auto","background-attachment":"scroll","background-type":"","background-media":"","overlay-type":"","overlay-color":"","overlay-opacity":"","overlay-gradient":""},"mobile":{"background-color":"var(--ast-global-color-5)","background-image":"","background-repeat":"repeat","background-position":"center center","background-size":"auto","background-attachment":"scroll","background-type":"","background-media":"","overlay-type":"","overlay-color":"","overlay-opacity":"","overlay-gradient":""}},"footnotes":""},"class_list":["post-26975","page","type-page","status-publish","hentry"],"post_mailing_queue_ids":[],"_links":{"self":[{"href":"https:\/\/serveiseducatius.xtec.cat\/baixllobregat6\/wp-json\/wp\/v2\/pages\/26975","targetHints":{"allow":["GET"]}}],"collection":[{"href":"https:\/\/serveiseducatius.xtec.cat\/baixllobregat6\/wp-json\/wp\/v2\/pages"}],"about":[{"href":"https:\/\/serveiseducatius.xtec.cat\/baixllobregat6\/wp-json\/wp\/v2\/types\/page"}],"author":[{"embeddable":true,"href":"https:\/\/serveiseducatius.xtec.cat\/baixllobregat6\/wp-json\/wp\/v2\/users\/1"}],"replies":[{"embeddable":true,"href":"https:\/\/serveiseducatius.xtec.cat\/baixllobregat6\/wp-json\/wp\/v2\/comments?post=26975"}],"version-history":[{"count":3,"href":"https:\/\/serveiseducatius.xtec.cat\/baixllobregat6\/wp-json\/wp\/v2\/pages\/26975\/revisions"}],"predecessor-version":[{"id":27625,"href":"https:\/\/serveiseducatius.xtec.cat\/baixllobregat6\/wp-json\/wp\/v2\/pages\/26975\/revisions\/27625"}],"wp:attachment":[{"href":"https:\/\/serveiseducatius.xtec.cat\/baixllobregat6\/wp-json\/wp\/v2\/media?parent=26975"}],"curies":[{"name":"wp","href":"https:\/\/api.w.org\/{rel}","templated":true}]}}