{"id":26938,"date":"2024-04-23T16:14:46","date_gmt":"2024-04-23T14:14:46","guid":{"rendered":"https:\/\/serveiseducatius.xtec.cat\/baixllobregat6\/?page_id=26938"},"modified":"2024-04-24T09:45:03","modified_gmt":"2024-04-24T07:45:03","slug":"els-contes-de-cinque-i-sise-2023-2024","status":"publish","type":"page","link":"https:\/\/serveiseducatius.xtec.cat\/baixllobregat6\/compartim-un-conte\/els-contes\/els-contes-de-cinque-i-sise-2023-2024\/","title":{"rendered":"Els contes de cinqu\u00e8 i sis\u00e8 (2023-2024)"},"content":{"rendered":"<table style=\"border-collapse: collapse; width: 100%;\">\n<tbody>\n<tr>\n<td style=\"width: 25%;\"><img loading=\"lazy\" decoding=\"async\" class=\"aligncenter size-full wp-image-26943\" src=\"https:\/\/serveiseducatius.xtec.cat\/baixllobregat6\/wp-content\/uploads\/usu778\/2024\/04\/CC1.png\" alt=\"\" width=\"443\" height=\"637\" srcset=\"https:\/\/serveiseducatius.xtec.cat\/baixllobregat6\/wp-content\/uploads\/usu778\/2024\/04\/CC1.png 443w, https:\/\/serveiseducatius.xtec.cat\/baixllobregat6\/wp-content\/uploads\/usu778\/2024\/04\/CC1-362x520.png 362w\" sizes=\"auto, (max-width: 443px) 100vw, 443px\" \/><\/td>\n<td style=\"width: 25%;\"><img loading=\"lazy\" decoding=\"async\" class=\"aligncenter size-full wp-image-26942\" src=\"https:\/\/serveiseducatius.xtec.cat\/baixllobregat6\/wp-content\/uploads\/usu778\/2024\/04\/cc2.png\" alt=\"\" width=\"443\" height=\"772\" srcset=\"https:\/\/serveiseducatius.xtec.cat\/baixllobregat6\/wp-content\/uploads\/usu778\/2024\/04\/cc2.png 443w, https:\/\/serveiseducatius.xtec.cat\/baixllobregat6\/wp-content\/uploads\/usu778\/2024\/04\/cc2-298x520.png 298w\" sizes=\"auto, (max-width: 443px) 100vw, 443px\" \/><\/td>\n<td style=\"width: 25%;\"><img loading=\"lazy\" decoding=\"async\" class=\"aligncenter size-full wp-image-26939\" src=\"https:\/\/serveiseducatius.xtec.cat\/baixllobregat6\/wp-content\/uploads\/usu778\/2024\/04\/cc6.png\" alt=\"\" width=\"610\" height=\"806\" srcset=\"https:\/\/serveiseducatius.xtec.cat\/baixllobregat6\/wp-content\/uploads\/usu778\/2024\/04\/cc6.png 610w, https:\/\/serveiseducatius.xtec.cat\/baixllobregat6\/wp-content\/uploads\/usu778\/2024\/04\/cc6-394x520.png 394w\" sizes=\"auto, (max-width: 610px) 100vw, 610px\" \/><\/td>\n<\/tr>\n<tr>\n<td style=\"width: 25%;\"><a href=\"https:\/\/drive.google.com\/file\/d\/1A0r5X_ESwrxb8BkeqCZL8dasV9bJGaJ6\/view?usp=drive_link\" target=\"_blank\" rel=\"noopener\">Santi Balmes<\/a><br \/>\n<a href=\"https:\/\/drive.google.com\/file\/d\/1A0r5X_ESwrxb8BkeqCZL8dasV9bJGaJ6\/view?usp=drive_link\" target=\"_blank\" rel=\"noopener\">Escola l\u2019Olivera 5\u00e8 B<\/a><br \/>\n<a href=\"https:\/\/drive.google.com\/file\/d\/1A0r5X_ESwrxb8BkeqCZL8dasV9bJGaJ6\/view?usp=drive_link\" target=\"_blank\" rel=\"noopener\">Col\u00b7legi Sant Vicen\u00e7 5\u00e8 A<\/a><\/td>\n<td style=\"width: 25%;\"><a href=\"https:\/\/drive.google.com\/file\/d\/15XhJqW8TGmlIONH0C0seuiI72ohjzfr_\/view?usp=drive_link\" target=\"_blank\" rel=\"noopener\">Santi Balmes<\/a><br \/>\n<a href=\"https:\/\/drive.google.com\/file\/d\/15XhJqW8TGmlIONH0C0seuiI72ohjzfr_\/view?usp=drive_link\" target=\"_blank\" rel=\"noopener\">Col\u00b7legi Sant Vicen\u00e7 5\u00e8 B<\/a><br \/>\n<a href=\"https:\/\/drive.google.com\/file\/d\/15XhJqW8TGmlIONH0C0seuiI72ohjzfr_\/view?usp=drive_link\" target=\"_blank\" rel=\"noopener\">Escola L\u2019Olivera 5\u00e8 A<\/a><\/td>\n<td style=\"width: 25%;\"><a href=\"https:\/\/drive.google.com\/file\/d\/14_FdoflEGBK3llQ6JenqrAGN1BA4kCGg\/view?usp=drive_link\" target=\"_blank\" rel=\"noopener\">Santi Balmes<\/a><br \/>\n<a href=\"https:\/\/drive.google.com\/file\/d\/14_FdoflEGBK3llQ6JenqrAGN1BA4kCGg\/view?usp=drive_link\" target=\"_blank\" rel=\"noopener\">Escola Jaume Balmes 5\u00e8 A<\/a><br \/>\n<a href=\"https:\/\/drive.google.com\/file\/d\/14_FdoflEGBK3llQ6JenqrAGN1BA4kCGg\/view?usp=drive_link\" target=\"_blank\" rel=\"noopener\">Escola Pompeu Fabra 6\u00e8<\/a><\/td>\n<\/tr>\n<\/tbody>\n<\/table>\n<p>&nbsp;<\/p>\n<table style=\"border-collapse: collapse; width: 100%;\">\n<tbody>\n<tr>\n<td style=\"width: 25%;\"><img loading=\"lazy\" decoding=\"async\" class=\"aligncenter size-full wp-image-26941\" src=\"https:\/\/serveiseducatius.xtec.cat\/baixllobregat6\/wp-content\/uploads\/usu778\/2024\/04\/cc4.png\" alt=\"\" width=\"493\" height=\"635\" srcset=\"https:\/\/serveiseducatius.xtec.cat\/baixllobregat6\/wp-content\/uploads\/usu778\/2024\/04\/cc4.png 493w, https:\/\/serveiseducatius.xtec.cat\/baixllobregat6\/wp-content\/uploads\/usu778\/2024\/04\/cc4-404x520.png 404w\" sizes=\"auto, (max-width: 493px) 100vw, 493px\" \/><\/td>\n<td style=\"width: 25%;\"><img loading=\"lazy\" decoding=\"async\" class=\"aligncenter size-full wp-image-26940\" src=\"https:\/\/serveiseducatius.xtec.cat\/baixllobregat6\/wp-content\/uploads\/usu778\/2024\/04\/cc5.png\" alt=\"\" width=\"567\" height=\"800\" srcset=\"https:\/\/serveiseducatius.xtec.cat\/baixllobregat6\/wp-content\/uploads\/usu778\/2024\/04\/cc5.png 567w, https:\/\/serveiseducatius.xtec.cat\/baixllobregat6\/wp-content\/uploads\/usu778\/2024\/04\/cc5-369x520.png 369w\" sizes=\"auto, (max-width: 567px) 100vw, 567px\" \/><\/td>\n<td style=\"width: 25%;\"><img loading=\"lazy\" decoding=\"async\" class=\"aligncenter size-full wp-image-26943\" src=\"https:\/\/serveiseducatius.xtec.cat\/baixllobregat6\/wp-content\/uploads\/usu778\/2024\/04\/CC1.png\" alt=\"\" width=\"443\" height=\"637\" srcset=\"https:\/\/serveiseducatius.xtec.cat\/baixllobregat6\/wp-content\/uploads\/usu778\/2024\/04\/CC1.png 443w, https:\/\/serveiseducatius.xtec.cat\/baixllobregat6\/wp-content\/uploads\/usu778\/2024\/04\/CC1-362x520.png 362w\" sizes=\"auto, (max-width: 443px) 100vw, 443px\" \/><\/td>\n<\/tr>\n<tr>\n<td style=\"width: 25%;\"><a href=\"https:\/\/drive.google.com\/file\/d\/1WEO8LE960Cj03YHt36FM1dYPmetSOWvw\/view?usp=drive_link\" target=\"_blank\" rel=\"noopener\">Santi Balmes<\/a><br \/>\n<a href=\"https:\/\/drive.google.com\/file\/d\/1WEO8LE960Cj03YHt36FM1dYPmetSOWvw\/view?usp=drive_link\" target=\"_blank\" rel=\"noopener\">Escola La Ginesta 5\u00e8<\/a><br \/>\n<a href=\"https:\/\/drive.google.com\/file\/d\/1WEO8LE960Cj03YHt36FM1dYPmetSOWvw\/view?usp=drive_link\" target=\"_blank\" rel=\"noopener\">Escola Jaume Balmes 5\u00e8 B<\/a><\/td>\n<td style=\"width: 25%;\"><a href=\"https:\/\/drive.google.com\/file\/d\/1Hv9oaYlMIDwf7qfw4LFP08uN1Wb9Dopt\/view?usp=drive_link\" target=\"_blank\" rel=\"noopener\">Santi Balmes<\/a><br \/>\n<a href=\"https:\/\/drive.google.com\/file\/d\/1Hv9oaYlMIDwf7qfw4LFP08uN1Wb9Dopt\/view?usp=drive_link\" target=\"_blank\" rel=\"noopener\">Escola Pompeu Fabra 5\u00e8<\/a><br \/>\n<a href=\"https:\/\/drive.google.com\/file\/d\/1Hv9oaYlMIDwf7qfw4LFP08uN1Wb9Dopt\/view?usp=drive_link\" target=\"_blank\" rel=\"noopener\">Escola La Gu\u00e0rdia 5\u00e8<\/a><\/td>\n<td style=\"width: 25%;\"><a href=\"https:\/\/drive.google.com\/file\/d\/1wJWIh1qR8tAmnJN3MEb8xtTM-U7ORqos\/view?usp=drive_link\" target=\"_blank\" rel=\"noopener\">Santi Balmes<\/a><br \/>\n<a href=\"https:\/\/drive.google.com\/file\/d\/1wJWIh1qR8tAmnJN3MEb8xtTM-U7ORqos\/view?usp=drive_link\" target=\"_blank\" rel=\"noopener\">Escola l\u2019Olivera 5\u00e8 B<\/a><br \/>\n<a href=\"https:\/\/drive.google.com\/file\/d\/1wJWIh1qR8tAmnJN3MEb8xtTM-U7ORqos\/view?usp=drive_link\" target=\"_blank\" rel=\"noopener\">Escola Puig d\u2019Agulles 6\u00e8<\/a><\/td>\n<\/tr>\n<\/tbody>\n<\/table>\n","protected":false},"excerpt":{"rendered":"<p>Santi Balmes Escola l\u2019Olivera 5\u00e8 B Col\u00b7legi Sant Vicen\u00e7 5\u00e8 A Santi Balmes Col\u00b7legi Sant Vicen\u00e7 5\u00e8 B Escola L\u2019Olivera 5\u00e8 A Santi Balmes Escola Jaume Balmes 5\u00e8 A Escola Pompeu Fabra 6\u00e8 &nbsp; Santi Balmes Escola La Ginesta 5\u00e8 Escola Jaume Balmes 5\u00e8 B Santi Balmes Escola Pompeu Fabra 5\u00e8 Escola La Gu\u00e0rdia 5\u00e8 [&hellip;]<\/p>\n","protected":false},"author":1,"featured_media":0,"parent":18716,"menu_order":0,"comment_status":"closed","ping_status":"closed","template":"page-templates\/side-menu.php","meta":{"_bbp_topic_count":0,"_bbp_reply_count":0,"_bbp_total_topic_count":0,"_bbp_total_reply_count":0,"_bbp_voice_count":0,"_bbp_anonymous_reply_count":0,"_bbp_topic_count_hidden":0,"_bbp_reply_count_hidden":0,"_bbp_forum_subforum_count":0,"site-sidebar-layout":"default","site-content-layout":"","ast-site-content-layout":"","site-content-style":"default","site-sidebar-style":"default","ast-global-header-display":"","ast-banner-title-visibility":"","ast-main-header-display":"","ast-hfb-above-header-display":"","ast-hfb-below-header-display":"","ast-hfb-mobile-header-display":"","site-post-title":"","ast-breadcrumbs-content":"","ast-featured-img":"","footer-sml-layout":"","theme-transparent-header-meta":"","adv-header-id-meta":"","stick-header-meta":"","header-above-stick-meta":"","header-main-stick-meta":"","header-below-stick-meta":"","astra-migrate-meta-layouts":"default","ast-page-background-enabled":"default","ast-page-background-meta":{"desktop":{"background-color":"var(--ast-global-color-4)","background-image":"","background-repeat":"repeat","background-position":"center center","background-size":"auto","background-attachment":"scroll","background-type":"","background-media":"","overlay-type":"","overlay-color":"","overlay-opacity":"","overlay-gradient":""},"tablet":{"background-color":"","background-image":"","background-repeat":"repeat","background-position":"center center","background-size":"auto","background-attachment":"scroll","background-type":"","background-media":"","overlay-type":"","overlay-color":"","overlay-opacity":"","overlay-gradient":""},"mobile":{"background-color":"","background-image":"","background-repeat":"repeat","background-position":"center center","background-size":"auto","background-attachment":"scroll","background-type":"","background-media":"","overlay-type":"","overlay-color":"","overlay-opacity":"","overlay-gradient":""}},"ast-content-background-meta":{"desktop":{"background-color":"var(--ast-global-color-5)","background-image":"","background-repeat":"repeat","background-position":"center center","background-size":"auto","background-attachment":"scroll","background-type":"","background-media":"","overlay-type":"","overlay-color":"","overlay-opacity":"","overlay-gradient":""},"tablet":{"background-color":"var(--ast-global-color-5)","background-image":"","background-repeat":"repeat","background-position":"center center","background-size":"auto","background-attachment":"scroll","background-type":"","background-media":"","overlay-type":"","overlay-color":"","overlay-opacity":"","overlay-gradient":""},"mobile":{"background-color":"var(--ast-global-color-5)","background-image":"","background-repeat":"repeat","background-position":"center center","background-size":"auto","background-attachment":"scroll","background-type":"","background-media":"","overlay-type":"","overlay-color":"","overlay-opacity":"","overlay-gradient":""}},"footnotes":""},"class_list":["post-26938","page","type-page","status-publish","hentry"],"post_mailing_queue_ids":[],"_links":{"self":[{"href":"https:\/\/serveiseducatius.xtec.cat\/baixllobregat6\/wp-json\/wp\/v2\/pages\/26938","targetHints":{"allow":["GET"]}}],"collection":[{"href":"https:\/\/serveiseducatius.xtec.cat\/baixllobregat6\/wp-json\/wp\/v2\/pages"}],"about":[{"href":"https:\/\/serveiseducatius.xtec.cat\/baixllobregat6\/wp-json\/wp\/v2\/types\/page"}],"author":[{"embeddable":true,"href":"https:\/\/serveiseducatius.xtec.cat\/baixllobregat6\/wp-json\/wp\/v2\/users\/1"}],"replies":[{"embeddable":true,"href":"https:\/\/serveiseducatius.xtec.cat\/baixllobregat6\/wp-json\/wp\/v2\/comments?post=26938"}],"version-history":[{"count":2,"href":"https:\/\/serveiseducatius.xtec.cat\/baixllobregat6\/wp-json\/wp\/v2\/pages\/26938\/revisions"}],"predecessor-version":[{"id":26954,"href":"https:\/\/serveiseducatius.xtec.cat\/baixllobregat6\/wp-json\/wp\/v2\/pages\/26938\/revisions\/26954"}],"up":[{"embeddable":true,"href":"https:\/\/serveiseducatius.xtec.cat\/baixllobregat6\/wp-json\/wp\/v2\/pages\/18716"}],"wp:attachment":[{"href":"https:\/\/serveiseducatius.xtec.cat\/baixllobregat6\/wp-json\/wp\/v2\/media?parent=26938"}],"curies":[{"name":"wp","href":"https:\/\/api.w.org\/{rel}","templated":true}]}}