{"id":26682,"date":"2024-03-14T16:16:35","date_gmt":"2024-03-14T15:16:35","guid":{"rendered":"https:\/\/serveiseducatius.xtec.cat\/baixllobregat6\/?page_id=26682"},"modified":"2026-01-29T13:43:08","modified_gmt":"2026-01-29T12:43:08","slug":"maletes-de-lectura","status":"publish","type":"page","link":"https:\/\/serveiseducatius.xtec.cat\/baixllobregat6\/recursos\/maletes-de-lectura\/","title":{"rendered":"Maletes de Lectura"},"content":{"rendered":"\n<figure class=\"wp-block-image aligncenter is-resized\"><img loading=\"lazy\" decoding=\"async\" width=\"2560\" height=\"1920\" src=\"https:\/\/serveiseducatius.xtec.cat\/baixllobregat6\/wp-content\/uploads\/usu778\/2024\/03\/Maleta-lectura-scaled.jpg\" alt=\"\" class=\"wp-image-26684\" style=\"width:309px;height:auto\" srcset=\"https:\/\/serveiseducatius.xtec.cat\/baixllobregat6\/wp-content\/uploads\/usu778\/2024\/03\/Maleta-lectura-scaled.jpg 2560w, https:\/\/serveiseducatius.xtec.cat\/baixllobregat6\/wp-content\/uploads\/usu778\/2024\/03\/Maleta-lectura-520x390.jpg 520w, https:\/\/serveiseducatius.xtec.cat\/baixllobregat6\/wp-content\/uploads\/usu778\/2024\/03\/Maleta-lectura-1024x768.jpg 1024w, https:\/\/serveiseducatius.xtec.cat\/baixllobregat6\/wp-content\/uploads\/usu778\/2024\/03\/Maleta-lectura-768x576.jpg 768w, https:\/\/serveiseducatius.xtec.cat\/baixllobregat6\/wp-content\/uploads\/usu778\/2024\/03\/Maleta-lectura-1536x1152.jpg 1536w, https:\/\/serveiseducatius.xtec.cat\/baixllobregat6\/wp-content\/uploads\/usu778\/2024\/03\/Maleta-lectura-2048x1536.jpg 2048w, https:\/\/serveiseducatius.xtec.cat\/baixllobregat6\/wp-content\/uploads\/usu778\/2024\/03\/Maleta-lectura-200x150.jpg 200w\" sizes=\"auto, (max-width: 2560px) 100vw, 2560px\" \/><\/figure>\n\n\n\n<p>En aquest apartat es pot trobar el llistat de totes les maletes de lectura amb el llistat de llibres que t\u00e9 cadascuna.<\/p>\n\n\n\n<p class=\"has-text-align-center has-black-color has-light-green-cyan-background-color has-text-color has-background has-link-color has-medium-font-size wp-elements-d6df4f28609c93fb898efb0575fa6349\"><a href=\"https:\/\/serveiseducatius.xtec.cat\/baixllobregat6\/recursos\/maletes-democions-i-valors\/prova-imatges-prestec\/\" data-type=\"page\" data-id=\"31455\">Imatges de les maletes de lectura<\/a><\/p>\n\n\n\n<figure class=\"wp-block-table\"><table><tbody><tr><td><\/td><td><strong>T\u00edtol<\/strong><\/td><td class=\"has-text-align-center\" data-align=\"center\"><strong>Nivell educatiu<br>recomanat<\/strong><\/td><td class=\"has-text-align-center\" data-align=\"center\"><strong>Materials per<br>treballar a l&#8217;aula<\/strong><\/td><\/tr><tr><td>1<\/td><td><a href=\"https:\/\/docs.google.com\/document\/d\/1fPZxCRlC7qy0qlQ6ks3PNrfpJ_Aj6wgTEzep12XMOQc\/edit?usp=sharing\" target=\"_blank\" rel=\"noopener\">\u00c0LBUMS DE KALANDRAKA<\/a><\/td><td class=\"has-text-align-center\" data-align=\"center\">C.INICIAL+C.MITJ\u00c0<\/td><td class=\"has-text-align-center\" data-align=\"center\"><\/td><\/tr><tr><td>2<\/td><td><a href=\"https:\/\/docs.google.com\/document\/d\/1E17lpoWuykCCJ8l20nITSi6r6VN4AlKHNHz8K6kKV0U\/edit?usp=sharing\" target=\"_blank\" rel=\"noopener\">LIONNI &#8211; SENDAK &#8211; UNGERER<\/a><\/td><td class=\"has-text-align-center\" data-align=\"center\">C.INICIAL+C.MITJ\u00c0<\/td><td class=\"has-text-align-center\" data-align=\"center\"><\/td><\/tr><tr><td>3<\/td><td><a href=\"https:\/\/docs.google.com\/document\/d\/1mOA5g_U5XNpRSCVO81Zh4QVD1yjhZUNxEK7uY36iDXM\/edit?usp=sharing\" target=\"_blank\" rel=\"noopener\">I1. \u00c0LBUMS IL\u00b7LUSTRATS PER A EDUCACI\u00d3 INFANTIL I CICLE INICIAL &#8211; A<\/a><\/td><td class=\"has-text-align-center\" data-align=\"center\">INFANTIL+C.INICIAL<\/td><td class=\"has-text-align-center\" data-align=\"center\"><\/td><\/tr><tr><td>4<\/td><td><a href=\"https:\/\/docs.google.com\/document\/d\/1mSJc1G_ghA6cfzkAMZex9dhgPU87CF9XUS3ePubVeHw\/edit?usp=sharing\" target=\"_blank\" rel=\"noopener\">I1. \u00c0LBUMS IL\u00b7LUSTRATS PER A EDUCACI\u00d3 INFANTIL I CICLE INICIAL &#8211; B<\/a><\/td><td class=\"has-text-align-center\" data-align=\"center\">INFANTIL+C.INICIAL<\/td><td class=\"has-text-align-center\" data-align=\"center\"><\/td><\/tr><tr><td>5<\/td><td><a href=\"https:\/\/docs.google.com\/document\/d\/1-lmh3Ub9TCT_Xpl9zPWC9p2FhbkRVPAJrwjBPK5Cazk\/edit?usp=sharing\" target=\"_blank\" rel=\"noopener\">I2 \/ I3. \u00c0LBUMS IL\u00b7LUSTRATS PER A CICLE MITJ\u00c0 I CICLE SUPERIOR &#8211; A<\/a><\/td><td class=\"has-text-align-center\" data-align=\"center\">C.MITJ\u00c0+C.SUPERIOR<\/td><td class=\"has-text-align-center\" data-align=\"center\"><\/td><\/tr><tr><td>6<\/td><td><a href=\"https:\/\/docs.google.com\/document\/d\/1NxuggIfsXtJ4ZG6j2QbRwMg9bTHYUgZi3A0gnjJDFK8\/edit?usp=sharing\" target=\"_blank\" rel=\"noopener\">I2 \/ I3. \u00c0LBUMS IL\u00b7LUSTRATS PER A CICLE MITJ\u00c0 I CICLE SUPERIOR &#8211; B<\/a><\/td><td class=\"has-text-align-center\" data-align=\"center\">C.MITJ\u00c0+C.SUPERIOR<\/td><td class=\"has-text-align-center\" data-align=\"center\"><\/td><\/tr><tr><td>7<\/td><td><a href=\"https:\/\/docs.google.com\/document\/d\/1ERtSpX-7S68tiwvRmmj0mbI9kGGQjPYpf1yIVyUqV2Q\/edit?usp=sharing\" target=\"_blank\" rel=\"noopener\">LECTURES DE MISTERI<\/a><\/td><td class=\"has-text-align-center\" data-align=\"center\">C.MITJ\u00c0+C.SUPERIOR<\/td><td class=\"has-text-align-center\" data-align=\"center\"><\/td><\/tr><tr><td>8<\/td><td><a href=\"https:\/\/docs.google.com\/document\/d\/1Lbs6WILqpswBcBLtXrNGfrH3313VMDSXKUUzxmbcR-s\/edit?usp=sharing\" target=\"_blank\" rel=\"noopener\">C\u00d2MICS PER CICLE SUPERIOR<\/a><\/td><td class=\"has-text-align-center\" data-align=\"center\">C.SUPERIOR<\/td><td class=\"has-text-align-center\" data-align=\"center\"><\/td><\/tr><tr><td>9<\/td><td><a href=\"https:\/\/docs.google.com\/document\/d\/1VZVQvzY0MMhswshRmkoy9WqqWMp2rOKsofFjYIz5odY\/edit?usp=sharing\" target=\"_blank\" rel=\"noopener\">MALETA DE CONTES<\/a><\/td><td class=\"has-text-align-center\" data-align=\"center\">C.MITJ\u00c0+C.SUPERIOR<\/td><td class=\"has-text-align-center\" data-align=\"center\"><\/td><\/tr><tr><td>10<\/td><td><a href=\"https:\/\/docs.google.com\/document\/d\/1aSe5z3_uoKnv8px-BoALwpXLEG5xIlkaDM1KwGydTKg\/edit?usp=sharing\" target=\"_blank\" rel=\"noopener\">MALETA DE POESIA (1). INFANTIL I PRIM\u00c0RIA<\/a><\/td><td class=\"has-text-align-center\" data-align=\"center\">INFANTIL+PRIM\u00c0RIA<\/td><td class=\"has-text-align-center\" data-align=\"center\"><a href=\"https:\/\/drive.google.com\/file\/d\/1BoGmT_NleZf94IybuQzPaPnIU1_2gwSb\/view?usp=sharing\" target=\"_blank\" rel=\"noreferrer noopener\">Dec\u00e0leg . <br>Com no llegir<br>un poema.<\/a><\/td><\/tr><tr><td>11<\/td><td><a href=\"https:\/\/docs.google.com\/document\/d\/1A4z6SqzX_tGiTJ6_D0hrxeAlH_CsRvbjr9HoVMkdszo\/edit?usp=sharing\" target=\"_blank\" rel=\"noopener\">MALETA DE POESIA (2). PRIM\u00c0RIA<\/a><\/td><td class=\"has-text-align-center\" data-align=\"center\">PRIM\u00c0RIA<\/td><td class=\"has-text-align-center\" data-align=\"center\"><a href=\"https:\/\/drive.google.com\/file\/d\/1BoGmT_NleZf94IybuQzPaPnIU1_2gwSb\/view?usp=sharing\" target=\"_blank\" rel=\"noreferrer noopener\">Dec\u00e0leg . <br>Com no llegir<br>un poema.<\/a><\/td><\/tr><tr><td>12<\/td><td><a href=\"https:\/\/docs.google.com\/document\/d\/1haTlIkgU8sxdgAXfwaMHBjVExAI9y-n761GFewgNvTE\/edit?usp=sharing\" target=\"_blank\" rel=\"noopener\">MALETA DE SUPORT A LA BIBLIOTECA D\u2019AULA DE CICLE MITJ\u00c0 I2<\/a><\/td><td class=\"has-text-align-center\" data-align=\"center\">C.MITJ\u00c0<\/td><td class=\"has-text-align-center\" data-align=\"center\"><\/td><\/tr><tr><td>13<\/td><td><a href=\"https:\/\/docs.google.com\/document\/d\/1_12wwjGede9YY2Y52DJd_hzY4KHmfMG0AmFGlTq-r6Y\/edit?usp=sharing\" target=\"_blank\" rel=\"noopener\">MALETA DE SUPORT A LA BIBLIOTECA D\u2019AULA DE CICLE SUPERIOR I3 &#8211; A<\/a><\/td><td class=\"has-text-align-center\" data-align=\"center\">C.SUPERIOR<\/td><td class=\"has-text-align-center\" data-align=\"center\"><\/td><\/tr><tr><td>14<\/td><td><a href=\"https:\/\/docs.google.com\/document\/d\/14iFbLhsG7T7c1wKl1YRvHCgxteKW5b_cG9FqUs8ArT0\/edit?usp=sharing\" target=\"_blank\" rel=\"noopener\">MALETA DE SUPORT A LA BIBLIOTECA D\u2019AULA DE CICLE SUPERIOR I3 &#8211; B<\/a><\/td><td class=\"has-text-align-center\" data-align=\"center\">C.SUPERIOR<\/td><td class=\"has-text-align-center\" data-align=\"center\"><\/td><\/tr><tr><td>15<\/td><td><a href=\"https:\/\/docs.google.com\/document\/d\/1-otEr8HlGODBIyd4PDxFT80_8ygDP-oE-mgXRb7f10c\/edit?usp=sharing\" target=\"_blank\" rel=\"noopener\">MALETA D\u2019ANGL\u00c8S PER A CICLE SUPERIOR (1)<\/a><\/td><td class=\"has-text-align-center\" data-align=\"center\">C.SUPERIOR<\/td><td class=\"has-text-align-center\" data-align=\"center\"><\/td><\/tr><tr><td>16<\/td><td><a href=\"https:\/\/docs.google.com\/document\/d\/1B_3-9ZfaNThyJp3CTmlWknkmaRbIcWMGTNnMjNFEJ-w\/edit?usp=sharing\" target=\"_blank\" rel=\"noopener\">MALETA D\u2019ANGL\u00c8S (2)<\/a><\/td><td class=\"has-text-align-center\" data-align=\"center\">C.SUPERIOR + ESO<\/td><td class=\"has-text-align-center\" data-align=\"center\"><\/td><\/tr><tr><td>17<\/td><td><a href=\"https:\/\/docs.google.com\/document\/d\/1IWfkjnWPAShA7_fG7A3LvK_OQ17P88GHiTe4BxqUSto\/edit?usp=sharing\" target=\"_blank\" rel=\"noopener\">MALETA D\u2019ART D\u2019EDUCACI\u00d3 PRIM\u00c0RIA<\/a><\/td><td class=\"has-text-align-center\" data-align=\"center\">PRIM\u00c0RIA<\/td><td class=\"has-text-align-center\" data-align=\"center\"><a href=\"https:\/\/static1.squarespace.com\/static\/540c0c93e4b068678cd28998\/t\/646f5723be41cd156aaa5435\/1685018424151\/ASOMBRO+Y+CURIOSIDAD+EN+EL+MUSEO_sueltas_logos+corregidos.pdf\" data-type=\"link\" data-id=\"https:\/\/static1.squarespace.com\/static\/540c0c93e4b068678cd28998\/t\/646f5723be41cd156aaa5435\/1685018424151\/ASOMBRO+Y+CURIOSIDAD+EN+EL+MUSEO_sueltas_logos+corregidos.pdf\" target=\"_blank\" rel=\"noreferrer noopener\">Wonder Ponder<\/a><\/td><\/tr><tr><td>18<\/td><td><a href=\"https:\/\/docs.google.com\/document\/d\/1wiAz5lAzBSmmc9SBct89i4QlE6IJpFKLA0YUm_7FKy0\/edit?usp=sharing\" target=\"_blank\" rel=\"noopener\">BESTIAL! UNA MALETA PLENA D&#8217;ANIMALS (A)<\/a><\/td><td class=\"has-text-align-center\" data-align=\"center\">INFANTIL+C.INICIAL+C.MITJ\u00c0<\/td><td class=\"has-text-align-center\" data-align=\"center\"><\/td><\/tr><tr><td>19<\/td><td><a href=\"https:\/\/docs.google.com\/document\/d\/1xK-d1XgCmT54h8-la0WUNqbn_M2q8cAY74js_5FmlkQ\/edit?usp=sharing\" target=\"_blank\" rel=\"noopener\">BESTIAL! UNA MALETA PLENA D&#8217;ANIMALS &nbsp;(B)<\/a><\/td><td class=\"has-text-align-center\" data-align=\"center\">INFANTIL+C.INICIAL+C.MITJ\u00c0<\/td><td class=\"has-text-align-center\" data-align=\"center\"><\/td><\/tr><tr><td>20<\/td><td><a href=\"https:\/\/docs.google.com\/document\/d\/17CNC9LDdWvsrdzVbml551V8uLYUjdSC9lXKJZ4Twslk\/edit?usp=sharing\" target=\"_blank\" rel=\"noopener\">LLIBRES D\u2019ARTISTA: MUNARI, KOMAGATA, PACOVSK\u00c1 (EDUCACI\u00d3 INFANTIL 0-6)<\/a><\/td><td class=\"has-text-align-center\" data-align=\"center\">INFANTIL<\/td><td class=\"has-text-align-center\" data-align=\"center\"><\/td><\/tr><tr><td>21<\/td><td><a href=\"https:\/\/docs.google.com\/document\/d\/1NwITB5TgW888ZbVVFBD7OS9emDuoHscUvs0w6ZxIGqs\/edit?usp=sharing\" target=\"_blank\" rel=\"noopener\">MALETA D\u2019\u00c0LBUMS DOCUMENTALS<\/a><\/td><td class=\"has-text-align-center\" data-align=\"center\">C.SUPERIOR+ESO<\/td><td class=\"has-text-align-center\" data-align=\"center\"><\/td><\/tr><tr><td>22<\/td><td><a href=\"https:\/\/docs.google.com\/document\/d\/1NPci34d5ijQF9oKEkR6bKo3r4upDqy2kUHSBJ3Hv3r0\/edit?usp=sharing\" target=\"_blank\" rel=\"noopener\">MALETA DE LLENGUATGE ORAL PER EDUCACI\u00d3 INFANTIL (A)<\/a><\/td><td class=\"has-text-align-center\" data-align=\"center\">INFANTIL<\/td><td class=\"has-text-align-center\" data-align=\"center\"><\/td><\/tr><tr><td>23<\/td><td><a href=\"https:\/\/docs.google.com\/document\/d\/1gECSuN0nL8f0WhXKRJvITyTvXYozKd5NkKPZDS6n69E\/edit?usp=sharing\" target=\"_blank\" rel=\"noopener\">MALETA DE LLENGUATGE ORAL PER EDUCACI\u00d3 INFANTIL (B)<\/a><\/td><td class=\"has-text-align-center\" data-align=\"center\">INFANTIL<\/td><td class=\"has-text-align-center\" data-align=\"center\"><\/td><\/tr><tr><td>24<\/td><td><a href=\"https:\/\/docs.google.com\/document\/d\/1eRl7vNxny4w8BEoRe2QbX2sTlWTXyGf3rM6kcwlFXh0\/edit?usp=sharing\" target=\"_blank\" rel=\"noopener\">LABORATORI DE LECTURA: VIATGERS I EXPLORADORS (CICLE MITJ\u00c0 I SUPERIOR) 2 maletes<\/a><\/td><td class=\"has-text-align-center\" data-align=\"center\">C.MITJ\u00c0+C.SUPERIOR<\/td><td class=\"has-text-align-center\" data-align=\"center\"><\/td><\/tr><tr><td>25<\/td><td><a href=\"https:\/\/docs.google.com\/document\/d\/1SwZF6XMoO2utLPdeG4UJEO8ZwPSockH7qiEDG_-lFCY\/edit?usp=sharing\" target=\"_blank\" rel=\"noopener\">LABORATORI DE LECTURA: EL GRAN CIRC DE LA POR (CICLE INFANTIL I CICLE INICIAL)<\/a><\/td><td class=\"has-text-align-center\" data-align=\"center\">INFANTIL+C.INICIAL<\/td><td class=\"has-text-align-center\" data-align=\"center\"><\/td><\/tr><tr><td>26<\/td><td><a href=\"https:\/\/docs.google.com\/document\/d\/1QGMgZCXaRL4HxXSLfeCASyMJss4XlB_x_wXc9zAmJ-I\/edit?usp=sharing\" target=\"_blank\" rel=\"noopener\">MALETA DE DOL I P\u00c8RDUES 1<\/a><\/td><td class=\"has-text-align-center\" data-align=\"center\">EDUCACI\u00d3 B\u00c0SICA<\/td><td class=\"has-text-align-center\" data-align=\"center\"><\/td><\/tr><tr><td>27<\/td><td><a href=\"https:\/\/docs.google.com\/document\/d\/1_P5adyk4AG0CEtMKUVCNpKpJYQ3h9G5XXk0aE0rtt2Q\/edit?usp=sharing\" target=\"_blank\" rel=\"noopener\">MALETA DE DOL I P\u00c8RDUES 2<\/a><\/td><td class=\"has-text-align-center\" data-align=\"center\">EDUCACI\u00d3 B\u00c0SICA<\/td><td class=\"has-text-align-center\" data-align=\"center\"><\/td><\/tr><tr><td>28<\/td><td><a href=\"https:\/\/docs.google.com\/document\/d\/1uxYWFHPxzpLxQ2qN9DU7tdMkJJN01XN3t1_GmBqkT-M\/edit?usp=sharing\" target=\"_blank\" rel=\"noopener\">MALETA ODS 1 I ODS 10. FI DE LA POBRESA \/ REDUCCI\u00d3 DE LES DESIGUALTATS EN I ENTRE ELS PA\u00cfSOS<\/a><\/td><td class=\"has-text-align-center\" data-align=\"center\">C.SUPERIOR+ESO<\/td><td class=\"has-text-align-center\" data-align=\"center\"><\/td><\/tr><tr><td>29<\/td><td><a href=\"https:\/\/docs.google.com\/document\/d\/1q_Sy_KFiaZjfT8bKVPr05w7hDEyDUnvJanDabUoinqY\/edit?usp=sharing\" target=\"_blank\" rel=\"noopener\">MALETA ODS 13. ACCI\u00d3 PEL CLIMA<\/a><\/td><td class=\"has-text-align-center\" data-align=\"center\">C.SUPERIOR+ESO<\/td><td class=\"has-text-align-center\" data-align=\"center\"><\/td><\/tr><tr><td>30<\/td><td><a href=\"https:\/\/docs.google.com\/document\/d\/11BzXdIhvRkT2skwnl1iI-t1leSR26M4HaPfqinyxMJg\/edit?usp=sharing\" target=\"_blank\" rel=\"noopener\">MALETA ODS 15. VIDA D\u2019ECOSISTEMES TERRESTRES<\/a><\/td><td class=\"has-text-align-center\" data-align=\"center\">C.SUPERIOR+ESO<\/td><td class=\"has-text-align-center\" data-align=\"center\"><\/td><\/tr><tr><td>31<\/td><td><a href=\"https:\/\/docs.google.com\/document\/d\/1UA5hPNojV5PDtCyws04j_vkj17BA0yxE2PAtoQyKqJc\/edit?usp=sharing\" target=\"_blank\" rel=\"noopener\">MALETA ODS 16. PAU, JUST\u00cdCIA I INSTITUCIONS S\u00d2LIDES<\/a><\/td><td class=\"has-text-align-center\" data-align=\"center\">C.SUPERIOR+ESO<\/td><td class=\"has-text-align-center\" data-align=\"center\"><a href=\"https:\/\/www.wonderponderonline.com\/descargables\" target=\"_blank\" rel=\"noreferrer noopener\">Wonder Ponder<\/a><\/td><\/tr><tr><td>45<\/td><td><a href=\"https:\/\/serveiseducatius.xtec.cat\/baixllobregat6\/maletes-de-acollida\/\">Maleta Acollida &#8211; Prim\u00e0ria<\/a><\/td><td class=\"has-text-align-center\" data-align=\"center\"><\/td><td class=\"has-text-align-center\" data-align=\"center\"><\/td><\/tr><tr><td>46<\/td><td><a href=\"https:\/\/serveiseducatius.xtec.cat\/baixllobregat6\/maletes-de-acollida\/\">Maleta Acollida &#8211; Secund\u00e0ria<\/a><\/td><td class=\"has-text-align-center\" data-align=\"center\"><\/td><td class=\"has-text-align-center\" data-align=\"center\"><\/td><\/tr><tr><td>47<\/td><td><a href=\"https:\/\/docs.google.com\/document\/d\/10-rNBo9TS1YkcBwdOjUuXYJ0YhEe1OMcuHEJHLj7EKc\/edit?usp=sharing\" target=\"_blank\" rel=\"noreferrer noopener\">Maleta biblio aula secund\u00e0ria A<\/a><\/td><td class=\"has-text-align-center\" data-align=\"center\"><\/td><td class=\"has-text-align-center\" data-align=\"center\"><\/td><\/tr><tr><td>48<\/td><td><a href=\"https:\/\/docs.google.com\/document\/d\/1JFKLGXlAvb0AhgyoZU1pyBL8fxj3MZ5ukbAVdqZV8fE\/edit?usp=sharing\" target=\"_blank\" rel=\"noreferrer noopener\">Maleta biblio aula secund\u00e0ria B<\/a><\/td><td class=\"has-text-align-center\" data-align=\"center\"><\/td><td class=\"has-text-align-center\" data-align=\"center\"><\/td><\/tr><tr><td>50<\/td><td>BESTIAL! Una maleta plena d&#8217;animals (C)<\/td><td class=\"has-text-align-center\" data-align=\"center\"><\/td><td class=\"has-text-align-center\" data-align=\"center\"><\/td><\/tr><\/tbody><\/table><\/figure>\n\n\n\n<p><\/p>\n","protected":false},"excerpt":{"rendered":"<p>En aquest apartat es pot trobar el llistat de totes les maletes de lectura amb el llistat de llibres que t\u00e9 cadascuna. Imatges de les maletes de lectura T\u00edtol Nivell educatiurecomanat Materials pertreballar a l&#8217;aula 1 \u00c0LBUMS DE KALANDRAKA C.INICIAL+C.MITJ\u00c0 2 LIONNI &#8211; SENDAK &#8211; UNGERER C.INICIAL+C.MITJ\u00c0 3 I1. \u00c0LBUMS IL\u00b7LUSTRATS PER A EDUCACI\u00d3 INFANTIL [&hellip;]<\/p>\n","protected":false},"author":1,"featured_media":0,"parent":906,"menu_order":0,"comment_status":"closed","ping_status":"closed","template":"","meta":{"_bbp_topic_count":0,"_bbp_reply_count":0,"_bbp_total_topic_count":0,"_bbp_total_reply_count":0,"_bbp_voice_count":0,"_bbp_anonymous_reply_count":0,"_bbp_topic_count_hidden":0,"_bbp_reply_count_hidden":0,"_bbp_forum_subforum_count":0,"site-sidebar-layout":"default","site-content-layout":"","ast-site-content-layout":"default","site-content-style":"default","site-sidebar-style":"default","ast-global-header-display":"","ast-banner-title-visibility":"","ast-main-header-display":"","ast-hfb-above-header-display":"","ast-hfb-below-header-display":"","ast-hfb-mobile-header-display":"","site-post-title":"","ast-breadcrumbs-content":"","ast-featured-img":"","footer-sml-layout":"","theme-transparent-header-meta":"","adv-header-id-meta":"","stick-header-meta":"","header-above-stick-meta":"","header-main-stick-meta":"","header-below-stick-meta":"","astra-migrate-meta-layouts":"set","ast-page-background-enabled":"default","ast-page-background-meta":{"desktop":{"background-color":"var(--ast-global-color-4)","background-image":"","background-repeat":"repeat","background-position":"center center","background-size":"auto","background-attachment":"scroll","background-type":"","background-media":"","overlay-type":"","overlay-color":"","overlay-opacity":"","overlay-gradient":""},"tablet":{"background-color":"","background-image":"","background-repeat":"repeat","background-position":"center center","background-size":"auto","background-attachment":"scroll","background-type":"","background-media":"","overlay-type":"","overlay-color":"","overlay-opacity":"","overlay-gradient":""},"mobile":{"background-color":"","background-image":"","background-repeat":"repeat","background-position":"center center","background-size":"auto","background-attachment":"scroll","background-type":"","background-media":"","overlay-type":"","overlay-color":"","overlay-opacity":"","overlay-gradient":""}},"ast-content-background-meta":{"desktop":{"background-color":"var(--ast-global-color-5)","background-image":"","background-repeat":"repeat","background-position":"center center","background-size":"auto","background-attachment":"scroll","background-type":"","background-media":"","overlay-type":"","overlay-color":"","overlay-opacity":"","overlay-gradient":""},"tablet":{"background-color":"var(--ast-global-color-5)","background-image":"","background-repeat":"repeat","background-position":"center center","background-size":"auto","background-attachment":"scroll","background-type":"","background-media":"","overlay-type":"","overlay-color":"","overlay-opacity":"","overlay-gradient":""},"mobile":{"background-color":"var(--ast-global-color-5)","background-image":"","background-repeat":"repeat","background-position":"center center","background-size":"auto","background-attachment":"scroll","background-type":"","background-media":"","overlay-type":"","overlay-color":"","overlay-opacity":"","overlay-gradient":""}},"footnotes":""},"class_list":["post-26682","page","type-page","status-publish","hentry"],"post_mailing_queue_ids":[],"_links":{"self":[{"href":"https:\/\/serveiseducatius.xtec.cat\/baixllobregat6\/wp-json\/wp\/v2\/pages\/26682","targetHints":{"allow":["GET"]}}],"collection":[{"href":"https:\/\/serveiseducatius.xtec.cat\/baixllobregat6\/wp-json\/wp\/v2\/pages"}],"about":[{"href":"https:\/\/serveiseducatius.xtec.cat\/baixllobregat6\/wp-json\/wp\/v2\/types\/page"}],"author":[{"embeddable":true,"href":"https:\/\/serveiseducatius.xtec.cat\/baixllobregat6\/wp-json\/wp\/v2\/users\/1"}],"replies":[{"embeddable":true,"href":"https:\/\/serveiseducatius.xtec.cat\/baixllobregat6\/wp-json\/wp\/v2\/comments?post=26682"}],"version-history":[{"count":6,"href":"https:\/\/serveiseducatius.xtec.cat\/baixllobregat6\/wp-json\/wp\/v2\/pages\/26682\/revisions"}],"predecessor-version":[{"id":32970,"href":"https:\/\/serveiseducatius.xtec.cat\/baixllobregat6\/wp-json\/wp\/v2\/pages\/26682\/revisions\/32970"}],"up":[{"embeddable":true,"href":"https:\/\/serveiseducatius.xtec.cat\/baixllobregat6\/wp-json\/wp\/v2\/pages\/906"}],"wp:attachment":[{"href":"https:\/\/serveiseducatius.xtec.cat\/baixllobregat6\/wp-json\/wp\/v2\/media?parent=26682"}],"curies":[{"name":"wp","href":"https:\/\/api.w.org\/{rel}","templated":true}]}}