{"id":26482,"date":"2024-02-21T11:19:34","date_gmt":"2024-02-21T10:19:34","guid":{"rendered":"https:\/\/serveiseducatius.xtec.cat\/baixllobregat6\/?page_id=26482"},"modified":"2024-04-30T10:11:04","modified_gmt":"2024-04-30T08:11:04","slug":"correcull-suport","status":"publish","type":"page","link":"https:\/\/serveiseducatius.xtec.cat\/baixllobregat6\/correcull-suport\/","title":{"rendered":"correcull-suport"},"content":{"rendered":"<header class=\"entry-header\">\n<h1 class=\"entry-title\">Materials de suport<\/h1>\n<\/header>\n<div class=\"entry-content\">\n<p><a href=\"https:\/\/docs.google.com\/document\/d\/1d6FMc46XmqpP90yc05A-7Bj1nru_HImq975XpylUupQ\/edit?usp=sharing\" target=\"_blank\" rel=\"noopener\">Llistat de material del kit Correcull <img loading=\"lazy\" decoding=\"async\" class=\"alignleft wp-image-26490\" src=\"https:\/\/serveiseducatius.xtec.cat\/baixllobregat6\/wp-content\/uploads\/usu778\/2024\/03\/Correcull-fc.jpg\" alt=\"\" width=\"229\" height=\"271\" \/><\/a><\/p>\n<p><a href=\"https:\/\/serveiseducatius.xtec.cat\/baixllobregat6\/recursos\/formulari-del-prestec-daltres-maletes-pedagogiques\/\"><span style=\"font-weight: 400;\">Formulari de pr\u00e9stec<\/span><\/a> i <a href=\"https:\/\/serveiseducatius.xtec.cat\/baixllobregat6\/calendari-general\/\" target=\"_blank\" rel=\"noopener\">Calendari de pr\u00e9stec<\/a>\u00a0<span style=\"font-weight: 400;\">(taula Ci\u00e8ncia i Steam)<\/span><\/p>\n<p>En aquest apartat hi trobarem els diferents materials, xerrades, lectures, APP, ppt que s\u2019ha anat exposant en les formacions realitzades.<\/p>\n<p><em>Full de ruta<\/em><\/p>\n<p><strong>Consells de seguretat i documentaci\u00f3 complement\u00e0ria per preparar la sortida<\/strong><\/p>\n<\/div>\n<p>&nbsp;<\/p>\n<table style=\"border-collapse: collapse; width: 100%;\">\n<tbody>\n<tr>\n<td style=\"width: 33.3333%;\"><iframe loading=\"lazy\" src=\"https:\/\/drive.google.com\/file\/d\/1JXug7W4iFnadJgwDvvfL8aBDcCgjp_hM\/preview\" width=\"350\" height=\"380\"><\/iframe><\/td>\n<td style=\"width: 33.3333%;\"><iframe loading=\"lazy\" src=\"https:\/\/drive.google.com\/file\/d\/1s5wOy_S4lDdGUl98KhXSMopKIlLZpzKa\/preview\" width=\"350\" height=\"380\"><\/iframe><\/td>\n<td style=\"width: 33.3333%;\"><iframe loading=\"lazy\" src=\"https:\/\/drive.google.com\/file\/d\/12JYaluZ9g4OfX2t7Z3221T9s0o9ISyOI\/preview\" width=\"350\" height=\"380\"><\/iframe><\/td>\n<\/tr>\n<tr>\n<td style=\"width: 33.3333%;\"><iframe loading=\"lazy\" title=\"YouTube video player\" src=\"https:\/\/www.youtube.com\/embed\/LTPtG9yK5FA\" width=\"400\" height=\"400\" frameborder=\"0\" allowfullscreen=\"allowfullscreen\" data-ruffle-polyfilled=\"\" data-mce-fragment=\"1\"><\/iframe><\/td>\n<td style=\"width: 33.3333%;\"><iframe loading=\"lazy\" title=\"YouTube video player\" src=\"https:\/\/www.youtube.com\/embed\/VD_vIjdfd0s\" width=\"400\" height=\"400\" frameborder=\"0\" allowfullscreen=\"allowfullscreen\" data-ruffle-polyfilled=\"\" data-mce-fragment=\"1\"><\/iframe><\/td>\n<td style=\"width: 33.3333%;\">\n<p style=\"text-align: center;\"><span style=\"font-size: 14pt;\"><a href=\"https:\/\/www.litterati.org\/\"><strong>Sessi\u00f3<\/strong> APP Litterati<\/a><\/span><\/p>\n<p><a href=\"https:\/\/serveiseducatius.xtec.cat\/altemporda\/wp-content\/uploads\/usu1156\/2022\/02\/lcuE-1.png\"><img loading=\"lazy\" decoding=\"async\" class=\"alignnone size-full wp-image-16121 aligncenter\" src=\"https:\/\/serveiseducatius.xtec.cat\/altemporda\/wp-content\/uploads\/usu1156\/2022\/02\/lcuE-1.png\" sizes=\"auto, (max-width: 516px) 100vw, 516px\" srcset=\"https:\/\/serveiseducatius.xtec.cat\/altemporda\/wp-content\/uploads\/usu1156\/2022\/02\/lcuE-1.png 516w, https:\/\/serveiseducatius.xtec.cat\/altemporda\/wp-content\/uploads\/usu1156\/2022\/02\/lcuE-1-300x260.png 300w\" alt=\"\" width=\"516\" height=\"448\" \/><\/a><\/p>\n<p style=\"text-align: center;\"><a href=\"https:\/\/www.diba.cat\/xarxasost\/seminaris-de-presentaci%C3%B3\">Materials Seminari LCUE_2022<\/a><\/p>\n<\/td>\n<\/tr>\n<tr>\n<td style=\"width: 33.3333%;\"><iframe loading=\"lazy\" src=\"https:\/\/drive.google.com\/file\/d\/1qM6RJOV0e3tcH3Z3fffKmHhtr-2yAV44\/preview\" width=\"350\" height=\"380\"><\/iframe><\/td>\n<td style=\"width: 33.3333%;\"><iframe loading=\"lazy\" src=\"https:\/\/drive.google.com\/file\/d\/1manAbiq9RHpe7Iudn8o8qbYrLXJWkBys\/preview\" width=\"350\" height=\"380\"><\/iframe><\/td>\n<td style=\"width: 33.3333%;\"><iframe loading=\"lazy\" src=\"https:\/\/drive.google.com\/file\/d\/13zn8qtlipUAymbzkswmmlt2OQ0U4F8JS\/preview\" width=\"350\" height=\"380\"><\/iframe><\/td>\n<\/tr>\n<tr>\n<td style=\"width: 33.3333%;\"><iframe loading=\"lazy\" src=\"https:\/\/drive.google.com\/file\/d\/1Ps8BZhwgobPTaeHaxaFYEkKCu3JIBIs2\/preview\" width=\"350\" height=\"380\"><\/iframe><\/td>\n<td style=\"width: 33.3333%;\"><iframe loading=\"lazy\" title=\"YouTube video player\" src=\"https:\/\/www.youtube.com\/embed\/B65djMid3F0\" width=\"400\" height=\"350\" frameborder=\"0\" allowfullscreen=\"allowfullscreen\" data-ruffle-polyfilled=\"\" data-mce-fragment=\"1\"><\/iframe><\/td>\n<td style=\"width: 33.3333%;\"><iframe loading=\"lazy\" title=\"YouTube video player\" src=\"https:\/\/www.youtube.com\/embed\/wG8gcPLt4WI\" width=\"360\" height=\"215\" frameborder=\"0\" allowfullscreen=\"allowfullscreen\"><span data-mce-type=\"bookmark\" style=\"display: inline-block; width: 0px; overflow: hidden; line-height: 0;\" class=\"mce_SELRES_start\">\ufeff<\/span><span data-mce-type=\"bookmark\" style=\"display: inline-block; width: 0px; overflow: hidden; line-height: 0;\" class=\"mce_SELRES_start\">\ufeff<\/span><\/iframe><\/td>\n<\/tr>\n<tr>\n<td style=\"width: 33.3333%;\"><iframe loading=\"lazy\" title=\"YouTube video player\" src=\"https:\/\/www.youtube.com\/embed\/ZsHDkgUlYRw\" width=\"250\" height=\"300\" frameborder=\"0\" allowfullscreen=\"allowfullscreen\" data-ruffle-polyfilled=\"\" data-mce-fragment=\"1\"><\/iframe><\/td>\n<td style=\"width: 33.3333%;\"><iframe loading=\"lazy\" src=\"https:\/\/drive.google.com\/file\/d\/1bmxgrU0fJxR48zzlmc3vu6EvgEuogJCP\/preview\" width=\"350\" height=\"220\"><\/iframe><\/td>\n<td style=\"width: 33.3333%;\"><iframe loading=\"lazy\" title=\"LCUE 2023: Crear situacions d\u2019aprenentatge. Let\u2019s Clean Up Europe!\" src=\"https:\/\/www.youtube.com\/embed\/PsPp-U-z7Ck\" width=\"265\" height=\"220\" frameborder=\"0\" allowfullscreen=\"allowfullscreen\"><\/iframe><\/td>\n<\/tr>\n<\/tbody>\n<\/table>\n","protected":false},"excerpt":{"rendered":"<p>Materials de suport Llistat de material del kit Correcull Formulari de pr\u00e9stec i Calendari de pr\u00e9stec\u00a0(taula Ci\u00e8ncia i Steam) En aquest apartat hi trobarem els diferents materials, xerrades, lectures, APP, ppt que s\u2019ha anat exposant en les formacions realitzades. Full de ruta Consells de seguretat i documentaci\u00f3 complement\u00e0ria per preparar la sortida &nbsp; Sessi\u00f3 APP [&hellip;]<\/p>\n","protected":false},"author":1,"featured_media":0,"parent":0,"menu_order":0,"comment_status":"closed","ping_status":"closed","template":"","meta":{"_bbp_topic_count":0,"_bbp_reply_count":0,"_bbp_total_topic_count":0,"_bbp_total_reply_count":0,"_bbp_voice_count":0,"_bbp_anonymous_reply_count":0,"_bbp_topic_count_hidden":0,"_bbp_reply_count_hidden":0,"_bbp_forum_subforum_count":0,"site-sidebar-layout":"default","site-content-layout":"","ast-site-content-layout":"","site-content-style":"default","site-sidebar-style":"default","ast-global-header-display":"","ast-banner-title-visibility":"","ast-main-header-display":"","ast-hfb-above-header-display":"","ast-hfb-below-header-display":"","ast-hfb-mobile-header-display":"","site-post-title":"","ast-breadcrumbs-content":"","ast-featured-img":"","footer-sml-layout":"","theme-transparent-header-meta":"","adv-header-id-meta":"","stick-header-meta":"","header-above-stick-meta":"","header-main-stick-meta":"","header-below-stick-meta":"","astra-migrate-meta-layouts":"default","ast-page-background-enabled":"default","ast-page-background-meta":{"desktop":{"background-color":"var(--ast-global-color-4)","background-image":"","background-repeat":"repeat","background-position":"center center","background-size":"auto","background-attachment":"scroll","background-type":"","background-media":"","overlay-type":"","overlay-color":"","overlay-opacity":"","overlay-gradient":""},"tablet":{"background-color":"","background-image":"","background-repeat":"repeat","background-position":"center center","background-size":"auto","background-attachment":"scroll","background-type":"","background-media":"","overlay-type":"","overlay-color":"","overlay-opacity":"","overlay-gradient":""},"mobile":{"background-color":"","background-image":"","background-repeat":"repeat","background-position":"center center","background-size":"auto","background-attachment":"scroll","background-type":"","background-media":"","overlay-type":"","overlay-color":"","overlay-opacity":"","overlay-gradient":""}},"ast-content-background-meta":{"desktop":{"background-color":"var(--ast-global-color-5)","background-image":"","background-repeat":"repeat","background-position":"center center","background-size":"auto","background-attachment":"scroll","background-type":"","background-media":"","overlay-type":"","overlay-color":"","overlay-opacity":"","overlay-gradient":""},"tablet":{"background-color":"var(--ast-global-color-5)","background-image":"","background-repeat":"repeat","background-position":"center center","background-size":"auto","background-attachment":"scroll","background-type":"","background-media":"","overlay-type":"","overlay-color":"","overlay-opacity":"","overlay-gradient":""},"mobile":{"background-color":"var(--ast-global-color-5)","background-image":"","background-repeat":"repeat","background-position":"center center","background-size":"auto","background-attachment":"scroll","background-type":"","background-media":"","overlay-type":"","overlay-color":"","overlay-opacity":"","overlay-gradient":""}},"footnotes":""},"class_list":["post-26482","page","type-page","status-publish","hentry"],"post_mailing_queue_ids":[],"_links":{"self":[{"href":"https:\/\/serveiseducatius.xtec.cat\/baixllobregat6\/wp-json\/wp\/v2\/pages\/26482","targetHints":{"allow":["GET"]}}],"collection":[{"href":"https:\/\/serveiseducatius.xtec.cat\/baixllobregat6\/wp-json\/wp\/v2\/pages"}],"about":[{"href":"https:\/\/serveiseducatius.xtec.cat\/baixllobregat6\/wp-json\/wp\/v2\/types\/page"}],"author":[{"embeddable":true,"href":"https:\/\/serveiseducatius.xtec.cat\/baixllobregat6\/wp-json\/wp\/v2\/users\/1"}],"replies":[{"embeddable":true,"href":"https:\/\/serveiseducatius.xtec.cat\/baixllobregat6\/wp-json\/wp\/v2\/comments?post=26482"}],"version-history":[{"count":6,"href":"https:\/\/serveiseducatius.xtec.cat\/baixllobregat6\/wp-json\/wp\/v2\/pages\/26482\/revisions"}],"predecessor-version":[{"id":26968,"href":"https:\/\/serveiseducatius.xtec.cat\/baixllobregat6\/wp-json\/wp\/v2\/pages\/26482\/revisions\/26968"}],"wp:attachment":[{"href":"https:\/\/serveiseducatius.xtec.cat\/baixllobregat6\/wp-json\/wp\/v2\/media?parent=26482"}],"curies":[{"name":"wp","href":"https:\/\/api.w.org\/{rel}","templated":true}]}}