{"id":26001,"date":"2023-11-28T15:41:09","date_gmt":"2023-11-28T14:41:09","guid":{"rendered":"https:\/\/serveiseducatius.xtec.cat\/baixllobregat6\/?page_id=26001"},"modified":"2025-07-11T10:55:51","modified_gmt":"2025-07-11T08:55:51","slug":"correcull","status":"publish","type":"page","link":"https:\/\/serveiseducatius.xtec.cat\/baixllobregat6\/correcull\/","title":{"rendered":"Correcull"},"content":{"rendered":"<p style=\"font-family: 'Helvetica Neue', Helvetica, Helvetica, Arial, sans-serif; font-size: 16px;\"><a href=\"https:\/\/serveiseducatius.xtec.cat\/baixllobregat6\/correcull\/attachment\/svh-segle-xx-300x156-1\/\" target=\"_blank\" rel=\"noopener\"><img loading=\"lazy\" decoding=\"async\" class=\"alignleft size-full wp-image-26005\" src=\"https:\/\/serveiseducatius.xtec.cat\/baixllobregat6\/wp-content\/uploads\/usu778\/2023\/11\/svh-segle-xx-300x156-1.jpg\" alt=\"\" width=\"300\" height=\"156\" \/><\/a><\/p>\n<p><strong><em>Correcull, un repte que intenta canviar el m\u00f3n.\u00a0<\/em><\/strong>Aquesta proposta educativa impulsada des de Su\u00e8cia amb el nom de\u00a0<em>Plogging,<\/em>\u00a0uneix l\u2019activitat f\u00edsica amb el respecte pel medi ambient. E<em>s tracta de \u201csortir a c\u00f3rrer i anar recollint les deixalles que els corredors es van trobant pel cam\u00ed\u201d.<\/em>\u00a0El terme \u00e9s el resultat de la fusi\u00f3 de la popular paraula anglesa\u00a0<i>\u2018running\u2019\u00a0\u00a0<\/i>i de l\u2019expressi\u00f3 sueca \u2018<i>plocka upp<\/i>\u2018, que significa recollir.<\/p>\n<p>Quan surts a c\u00f3rrer et poses roba esportiva, agafes el m\u00f2bil o un reproductor de m\u00fasica i, en aquest cas, si decideixes practicar\u00a0<i>\u2018Plogging\u2019\u00a0<\/i>tamb\u00e9 haur\u00e0s de dur una bossa d\u2019escombraries. D\u2019aquesta manera el concepte \u201c<i>running\u201d<\/i>\u00a0ha fet un pas m\u00e9s per convertir-se en un esport amb consci\u00e8ncia social i valor afegit. Aquesta pr\u00e0ctica s\u2019ha instaurat en molts pa\u00efsos entre els corredors que, cansats de veure escombraries en els seus entrenaments diaris, decideixen dedicar un temps a recollir la brossa que es van trobant.<\/p>\n<p><span style=\"font-family: inherit; font-size: 1em;\">i\u00f3 ecol\u00f2gic-esportiva s\u2019ha est\u00e8s tant, que ha traspassat les barreres del <\/span><em style=\"font-family: inherit; font-size: 1em;\">running<\/em><span style=\"font-family: inherit; font-size: 1em;\">\u00a0arribant a altres modalitats esportives practicades al medi natural com ara el caiac o la BTT. Les Xarxes Socials han estat essencials per a la seva difusi\u00f3, utilitzant el hashtag\u00a0#Plogging\u00a0s\u2019han arribat a compartir milers d\u2019imatges, localitzacions i itineraris lliures de deixalles. Fins i tot, en diferents indrets s\u2019ha arribat a generar un nom propi com \u00e9s el cas de Catalunya amb el concepte\u00a0<\/span><strong style=\"font-family: inherit; font-size: 1em;\">#Correcull<\/strong><span style=\"font-family: inherit; font-size: 1em;\">. Una iniciativa esperan\u00e7adora que pret\u00e9n ser un toc d\u2019alerta davant d\u2019un problema descomunal.\u00a0<\/span><\/p>\n<p>Segons s\u2019anuncia a la p\u00e0gina\u00a0<em><a href=\"https:\/\/www.plogga.se\/en\/\"><b>web del plogga\u00a0<\/b><\/a><\/em>la iniciativa s\u2019ha est\u00e8s a m\u00e9s de 150 pa\u00efsos i cada dia m\u00e9s de 20.000 persones\u00a0<i>\u201ccorren pel planeta\u201d.\u00a0<\/i>\u00c9s a dir, es dediquen a recollir les escombraries que han tirat els altres, mentre practiquen esport.<\/p>\n<p><strong>Val a dir que aquesta iniciativa tan lloable parteix de la premissa de recollir all\u00f2 que els humans tirem a terra, per\u00f2 tots sabem que la reflexi\u00f3 b\u00e0sica passa per no llen\u00e7ar-hi res i, per tant, evitar el consum excessiu de productes.<\/strong><\/p>\n<p>La\u00a0<strong><a href=\"https:\/\/www.kilianjornetfoundation.org\/ca\/\">Fundaci\u00f3 Kilian Jornet<\/a><\/strong>,\u00a0en el seu programa educatiu, ha donat suport a aquesta proposta amb el nom de\u00a0<em><strong>Plogga Week<\/strong>, compartint la\u00a0<\/em>seg\u00fcent reflexi\u00f3:<a href=\"https:\/\/serveiseducatius.xtec.cat\/baixllobregat6\/wp-content\/uploads\/usu778\/2024\/02\/plogga-week.png\"><img loading=\"lazy\" decoding=\"async\" class=\"alignright wp-image-12986\" src=\"https:\/\/serveiseducatius.xtec.cat\/altemporda\/wp-content\/uploads\/usu1156\/2021\/04\/plogga-week.png\" sizes=\"auto, (max-width: 147px) 100vw, 147px\" srcset=\"https:\/\/serveiseducatius.xtec.cat\/altemporda\/wp-content\/uploads\/usu1156\/2021\/04\/plogga-week.png 576w, https:\/\/serveiseducatius.xtec.cat\/altemporda\/wp-content\/uploads\/usu1156\/2021\/04\/plogga-week-239x300.png 239w\" alt=\"\" width=\"147\" height=\"184\" \/><\/a><\/p>\n<p><em>\u201cEns cal una societat en la qual els \u00e9ssers humans visquin amb un \u00fas sostenible dels recursos naturals per garantir la qualitat de vida de totes les esp\u00e8cies, inclosa la nostra, i ens porti a una societat m\u00e9s equitativa. Amb un respecte i coneixement universal de la natura com a valor clau, on aquesta estigui integrada en la vida de tots\/es i on els espais naturals siguin m\u00e9s amplis i salvatges.<\/em><\/p>\n<p><em>\u00a0 \u00a0 \u00a0Perqu\u00e8 aquesta visi\u00f3 es faci realitat necessitem canviar el model de la nostra societat, des de com treballem, produ\u00efm, ens movem o practiquem esport, necessitem preservar els llocs que encara s\u00f3n salvatges i ampliar-los, i fer un \u00fas millor i m\u00e9s sostenible de la resta. Hem de repensar els nostres models econ\u00f2mics i de productivitat perqu\u00e8 siguin m\u00e9s justos per la natura i per a la nostra societat. Tot i que aquesta visi\u00f3 s\u2019ha de dur a terme a escala global, creiem que la for\u00e7a de la comunitat i els petits passos condueixen a transicions m\u00e9s grans, i aquest \u00e9s l\u2019objectiu pel qual va n\u00e9ixer aquesta fundaci\u00f3, treballar en la preservaci\u00f3 d\u2019un dels majors espais naturals cap a un futur millor per a tots els i les habitants de la Terra\u201d.<\/em><\/p>\n<p><img loading=\"lazy\" decoding=\"async\" class=\"wp-image-17274 alignleft\" src=\"https:\/\/serveiseducatius.xtec.cat\/altemporda\/wp-content\/uploads\/usu1156\/2022\/05\/corre.png\" sizes=\"auto, (max-width: 233px) 100vw, 233px\" srcset=\"https:\/\/serveiseducatius.xtec.cat\/altemporda\/wp-content\/uploads\/usu1156\/2022\/05\/corre.png 709w, https:\/\/serveiseducatius.xtec.cat\/altemporda\/wp-content\/uploads\/usu1156\/2022\/05\/corre-300x64.png 300w\" alt=\"\" width=\"233\" height=\"50\" \/>A Catalunya aquesta proposta es popularitza amb el nom de\u00a0<strong>Correcull<\/strong>\u00a0i uneix l\u2019acci\u00f3 dels verbs,\u00a0<strong>c\u00f3rrer<\/strong>\u00a0i\u00a0<strong>recollir<\/strong>.\u00a0Per\u00f2\u2026 aquesta paraula composta tamb\u00e9 ens permet un joc de lletres m\u00e9s po\u00e8tic. En aquest cas, un verb i un nom.\u00a0<strong>Recollir\u00a0<\/strong>i<strong>\u00a0cor<\/strong>. Que ve a ser el mateix que dir<strong><em>\u00a0Recollir amb el cor<\/em><\/strong>. Aix\u00ed doncs, amb aquest m\u00e0gic nom ple d\u2019intencions l\u2019any 2022 neix de la m\u00e0 dels centres que formen part de la Xarxa d\u2019escoles del parc natural de Cap de Creus (XEPNCC) la\u00a0<strong>PRIMERA<\/strong><strong>\u00a0edici\u00f3<\/strong>\u00a0del\u00a0<strong>Correcull\u00a0<\/strong>a l\u2019Alt Empord\u00e0. Actualment es vol estendre aquesta actuaci\u00f3 arreu del territori catal\u00e0. \u00c9s per aquest motiu que s&#8217;ha dotat d&#8217;un &#8220;contenidor&#8221;, amb els estris necessaris per a poder dur a terme l&#8217;activitat, a tots els CRP per a que ho puguin deixar en pr\u00e9stec als centres de la seva zona. <a href=\"https:\/\/serveiseducatius.xtec.cat\/baixllobregat6\/recursos\/formulari-del-prestec-daltres-maletes-pedagogiques\/\"><span style=\"font-weight: 400;\">Formulari de pr\u00e9stec <\/span><\/a>i <a href=\"https:\/\/serveiseducatius.xtec.cat\/baixllobregat6\/calendari-general\/\" target=\"_blank\" rel=\"noopener\"><span style=\"font-weight: 400;\">Calendari del pr\u00e9stec<\/span><\/a> <span style=\"font-weight: 400;\">(Ci\u00e8ncia i Steam)<\/span><\/p>\n<p>\u00c9s tot un repte netejar camins plens d\u2019escombraries ubicats al nord, sud, est i oest dels centres educatius. Aquesta acci\u00f3 pot esdevenir una aut\u00e8ntica <strong>situaci\u00f3 d\u2019aprenentatge<\/strong>\u00a0per part de les escoles participants<strong>,<\/strong>\u00a0responent als reptes:\u00a0<strong>30 minuts de pati, 30 minuts de deixalles? De casa a l\u2019escola, zero deixalles. \u00c9s possible?\u00a0<\/strong>O b\u00e9.<strong>\u00a0Quantes deixalles poden haver-hi escampades fora de les papereres i contenidors dels nostres municipis?\u00a0\ud83e\udd14<\/strong><\/p>\n<p>Paral\u00b7lelament al treball curricular entre \u00e0rees tamb\u00e9 s\u2019incideix en els diferents\u00a0<strong>objectius de desenvolupament sostenible.\u00a0<\/strong>Concretament els\u00a0<strong>ODS 6, 12, 13, 14 i 15.<\/strong><\/p>\n<p>Aquesta acci\u00f3 ambiental per un m\u00f3n m\u00e9s net, just i sostenible es va anar estenent a partir de les primeres accions impulsades per\u00a0<em>Erik Ahlstr\u00f6m<\/em>, amb el nom de\u00a0<em>Plogga<\/em>\u00a0l\u2019any 2000,<a href=\"https:\/\/serveiseducatius.xtec.cat\/baixllobregat6\/wp-content\/uploads\/usu778\/2024\/02\/banner-web-LCUE.jpg\"><img loading=\"lazy\" decoding=\"async\" class=\"alignright wp-image-16163\" src=\"https:\/\/serveiseducatius.xtec.cat\/altemporda\/wp-content\/uploads\/usu1156\/2022\/02\/banner-web-LCUE-717x1024.jpg\" sizes=\"auto, (max-width: 109px) 100vw, 109px\" srcset=\"https:\/\/serveiseducatius.xtec.cat\/altemporda\/wp-content\/uploads\/usu1156\/2022\/02\/banner-web-LCUE-717x1024.jpg 717w, https:\/\/serveiseducatius.xtec.cat\/altemporda\/wp-content\/uploads\/usu1156\/2022\/02\/banner-web-LCUE-210x300.jpg 210w, https:\/\/serveiseducatius.xtec.cat\/altemporda\/wp-content\/uploads\/usu1156\/2022\/02\/banner-web-LCUE-768x1098.jpg 768w, https:\/\/serveiseducatius.xtec.cat\/altemporda\/wp-content\/uploads\/usu1156\/2022\/02\/banner-web-LCUE-1075x1536.jpg 1075w, https:\/\/serveiseducatius.xtec.cat\/altemporda\/wp-content\/uploads\/usu1156\/2022\/02\/banner-web-LCUE.jpg 1184w\" alt=\"\" width=\"109\" height=\"156\" \/><\/a>\u00a0La Comissi\u00f3 Europea va impulsar el programa europeu\u00a0<em><a href=\"https:\/\/residus.gencat.cat\/ca\/ambits_dactuacio\/prevencio\/setmana_europea\/lets_clean_up_europe\/\" target=\"_blank\" rel=\"noopener\"><strong>Let\u2019s Clean Up Europe<\/strong><\/a> (LCUE)<\/em>\u00a0iniciat a Catalunya, l\u2019any 2014, per l\u2019Ag\u00e8ncia de Residus de Catalunya (ARC). Posteriorment, l\u2019any 2020 la Fundaci\u00f3 Kilian Jornet dona suport a la iniciativa amb el projecte\u00a0<em>Plogga Week i l\u2019any 2021\u00a0<\/em>aterra a la comarca de l\u2019Alt Empord\u00e0 amb el nom de Correcull.<\/p>\n<p>Val a dir que aquesta acci\u00f3 se suma a les diferents iniciatives ciutadanes que, tant en l\u2019\u00e0mbit individual, com col\u00b7lectiu, s\u2019han anat estenent al llarg de tot el territori.<\/p>\n<div class=\"fila;\" align=\"center\">\n<div class=\"columna\"><\/div>\n<\/div>\n<h1><a href=\"https:\/\/serveiseducatius.xtec.cat\/baixllobregat6\/?page_id=26482&amp;preview=true\" target=\"_blank\" rel=\"noopener\"><strong>Materials did\u00e0ctics<\/strong><\/a><\/h1>\n<p><iframe loading=\"lazy\" title=\"LCUE 2024. V\u00eddeo promocional\" src=\"https:\/\/www.youtube.com\/embed\/GS5B5T-giCs\" width=\"256\" height=\"205\" frameborder=\"0\" allowfullscreen=\"allowfullscreen\"><\/iframe><br \/>\n<strong>Aliances:<\/strong><\/p>\n<p>Fundaci\u00f3 Kilian Jornet,<\/p>\n<p><a href=\"https:\/\/residus.gencat.cat\/ca\/actualitat\/agenda_dactivitats\/detall\/seminari_preparacio_escoles_LCUE2024\" target=\"_blank\" rel=\"noopener\"><em>Let\u2019s Clean Up Europe, Ag\u00e8ncia de Residus de Catalunya.<\/em><\/a><\/p>\n<hr \/>\n<p><strong>Si voleu difondre l\u2019esdeveniment a les xarxes socials, podem utilitzar els\u00a0<em>hashtags<\/em>:<\/strong><\/p>\n<p>#Correcull\u00a0 \u00a0#EconomiaCircular\u00a0 \u00a0#LCUE\u00a0 \u00a0#Plogging<\/p>\n<p>@serveieducatiubaixllobregat6\u00a0 @<wbr \/>kilianjornetfoundation \u00a0@educaciocat\u00a0 \u00a0@residuscat<a class=\"css-4rbku5 css-18t94o4 css-901oao css-16my406 r-1cvl2hr r-1loqt21 r-poiln3 r-bcqeeo r-qvutc0\" dir=\"ltr\" role=\"link\" href=\"https:\/\/twitter.com\/TeachSDGs\">\u00a0 \u00a0 @TheGlobalGoals<\/a><\/p>\n<p>Una paraula, tres lectures, un sol objectiu\u00a0<strong>#NoplanetB<\/strong><\/p>\n","protected":false},"excerpt":{"rendered":"<p>Correcull, un repte que intenta canviar el m\u00f3n.\u00a0Aquesta proposta educativa impulsada des de Su\u00e8cia amb el nom de\u00a0Plogging,\u00a0uneix l\u2019activitat f\u00edsica amb el respecte pel medi ambient. Es tracta de \u201csortir a c\u00f3rrer i anar recollint les deixalles que els corredors es van trobant pel cam\u00ed\u201d.\u00a0El terme \u00e9s el resultat de la fusi\u00f3 de la popular [&hellip;]<\/p>\n","protected":false},"author":1,"featured_media":0,"parent":0,"menu_order":0,"comment_status":"closed","ping_status":"closed","template":"","meta":{"_bbp_topic_count":0,"_bbp_reply_count":0,"_bbp_total_topic_count":0,"_bbp_total_reply_count":0,"_bbp_voice_count":0,"_bbp_anonymous_reply_count":0,"_bbp_topic_count_hidden":0,"_bbp_reply_count_hidden":0,"_bbp_forum_subforum_count":0,"site-sidebar-layout":"default","site-content-layout":"","ast-site-content-layout":"default","site-content-style":"default","site-sidebar-style":"default","ast-global-header-display":"","ast-banner-title-visibility":"","ast-main-header-display":"","ast-hfb-above-header-display":"","ast-hfb-below-header-display":"","ast-hfb-mobile-header-display":"","site-post-title":"","ast-breadcrumbs-content":"","ast-featured-img":"","footer-sml-layout":"","theme-transparent-header-meta":"","adv-header-id-meta":"","stick-header-meta":"","header-above-stick-meta":"","header-main-stick-meta":"","header-below-stick-meta":"","astra-migrate-meta-layouts":"set","ast-page-background-enabled":"default","ast-page-background-meta":{"desktop":{"background-color":"var(--ast-global-color-4)","background-image":"","background-repeat":"repeat","background-position":"center center","background-size":"auto","background-attachment":"scroll","background-type":"","background-media":"","overlay-type":"","overlay-color":"","overlay-opacity":"","overlay-gradient":""},"tablet":{"background-color":"","background-image":"","background-repeat":"repeat","background-position":"center center","background-size":"auto","background-attachment":"scroll","background-type":"","background-media":"","overlay-type":"","overlay-color":"","overlay-opacity":"","overlay-gradient":""},"mobile":{"background-color":"","background-image":"","background-repeat":"repeat","background-position":"center center","background-size":"auto","background-attachment":"scroll","background-type":"","background-media":"","overlay-type":"","overlay-color":"","overlay-opacity":"","overlay-gradient":""}},"ast-content-background-meta":{"desktop":{"background-color":"var(--ast-global-color-5)","background-image":"","background-repeat":"repeat","background-position":"center center","background-size":"auto","background-attachment":"scroll","background-type":"","background-media":"","overlay-type":"","overlay-color":"","overlay-opacity":"","overlay-gradient":""},"tablet":{"background-color":"var(--ast-global-color-5)","background-image":"","background-repeat":"repeat","background-position":"center center","background-size":"auto","background-attachment":"scroll","background-type":"","background-media":"","overlay-type":"","overlay-color":"","overlay-opacity":"","overlay-gradient":""},"mobile":{"background-color":"var(--ast-global-color-5)","background-image":"","background-repeat":"repeat","background-position":"center center","background-size":"auto","background-attachment":"scroll","background-type":"","background-media":"","overlay-type":"","overlay-color":"","overlay-opacity":"","overlay-gradient":""}},"footnotes":""},"class_list":["post-26001","page","type-page","status-publish","hentry"],"post_mailing_queue_ids":[],"_links":{"self":[{"href":"https:\/\/serveiseducatius.xtec.cat\/baixllobregat6\/wp-json\/wp\/v2\/pages\/26001","targetHints":{"allow":["GET"]}}],"collection":[{"href":"https:\/\/serveiseducatius.xtec.cat\/baixllobregat6\/wp-json\/wp\/v2\/pages"}],"about":[{"href":"https:\/\/serveiseducatius.xtec.cat\/baixllobregat6\/wp-json\/wp\/v2\/types\/page"}],"author":[{"embeddable":true,"href":"https:\/\/serveiseducatius.xtec.cat\/baixllobregat6\/wp-json\/wp\/v2\/users\/1"}],"replies":[{"embeddable":true,"href":"https:\/\/serveiseducatius.xtec.cat\/baixllobregat6\/wp-json\/wp\/v2\/comments?post=26001"}],"version-history":[{"count":6,"href":"https:\/\/serveiseducatius.xtec.cat\/baixllobregat6\/wp-json\/wp\/v2\/pages\/26001\/revisions"}],"predecessor-version":[{"id":31060,"href":"https:\/\/serveiseducatius.xtec.cat\/baixllobregat6\/wp-json\/wp\/v2\/pages\/26001\/revisions\/31060"}],"wp:attachment":[{"href":"https:\/\/serveiseducatius.xtec.cat\/baixllobregat6\/wp-json\/wp\/v2\/media?parent=26001"}],"curies":[{"name":"wp","href":"https:\/\/api.w.org\/{rel}","templated":true}]}}