{"id":25782,"date":"2023-10-19T13:02:17","date_gmt":"2023-10-19T11:02:17","guid":{"rendered":"https:\/\/serveiseducatius.xtec.cat\/baixllobregat6\/?page_id=25782"},"modified":"2023-10-19T13:07:06","modified_gmt":"2023-10-19T11:07:06","slug":"lautor-curs-2023-24","status":"publish","type":"page","link":"https:\/\/serveiseducatius.xtec.cat\/baixllobregat6\/compartim-un-conte\/inici-del-conte\/lautor-curs-2023-24\/","title":{"rendered":"L&#8217;autor. Curs 2023-24"},"content":{"rendered":"<p>&nbsp;<\/p>\n<p><a href=\"https:\/\/serveiseducatius.xtec.cat\/baixllobregat6\/lautor-curs-2023-24\/attachment\/dena-flows\/\" rel=\"attachment wp-att-25785\"><img loading=\"lazy\" decoding=\"async\" class=\"size-full wp-image-25785 aligncenter\" src=\"https:\/\/serveiseducatius.xtec.cat\/baixllobregat6\/wp-content\/uploads\/usu778\/2023\/10\/020-Bilbao-BBK-Live-2016-Love-Of-Lesbian-8VII16-por-Dena-Flows-1.jpg\" alt=\"\" width=\"520\" height=\"293\" \/><\/a><\/p>\n<p><b>Santi Balmes Sanfeliu<\/b><span style=\"font-weight: 400;\">, nascut el 25 de novembre de 1970 a Barcelona. \u00c9s cantant, compositor i escriptor catal\u00e0, vocalista i lletrista de la banda <\/span><a href=\"https:\/\/loveoflesbianband.com\/\"><i><span style=\"font-weight: 400;\">Love of Lesbian<\/span><\/i><\/a><span style=\"font-weight: 400;\">. <\/span><\/p>\n<p><span style=\"font-weight: 400;\">Est\u00e0 casat i \u00e9s un pare orgull\u00f3s de les seves filles, Laura i Irene. Defineix la fam\u00edlia com el campament base o el lloc de tornada.\u00a0\u00a0\u00a0<\/span><\/p>\n<p><span style=\"font-weight: 400;\">Viu a <\/span><a href=\"https:\/\/ca.wikipedia.org\/wiki\/Sant_Vicen%C3%A7_dels_Horts\"><span style=\"font-weight: 400;\">Sant Vicen\u00e7 dels Horts<\/span><\/a><span style=\"font-weight: 400;\"> d\u2019on n&#8217;\u00e9s originari i on va iniciar la seva carrera musical el 1997. Des del 2011 va donar a con\u00e8ixer la seva vessant com a escriptor i ha publicat diverses novel\u00b7les de ficci\u00f3 i no ficci\u00f3. Tamb\u00e9 \u00e9s articulista en diversos mitjans i col.laborador habitual del programa El M\u00f3n a Rac1.\u00a0<\/span><\/p>\n<p><span style=\"font-weight: 400;\">Juntament amb la seva banda ha participat en diversos projectes, <strong>col.laboracions<\/strong> amb altres grups i autors\u00a0 i companyes solid\u00e0ries\u00a0<\/span><\/p>\n<p><span style=\"font-weight: 400;\">Ha escrit molts poemes que s\u2019han convertits en can\u00e7ons i que formen part de l\u2019extensa <strong>discografia<\/strong> del grup <\/span><b><i>Love of Lesbian<\/i><\/b><span style=\"font-weight: 400;\">:\u00a0<\/span><\/p>\n<p><span style=\"font-weight: 400;\">1999<\/span> <strong><em>Microscopic Movies<\/em><\/strong><\/p>\n<p><span style=\"font-weight: 400;\">2002<\/span><strong><em> Is It Fiction?<\/em><\/strong><\/p>\n<p><span style=\"font-weight: 400;\">2003<\/span> <strong><em>Ungravity<\/em><\/strong><\/p>\n<p><span style=\"font-weight: 400;\">2005<\/span><strong><em> Maniobras de escapismo<\/em><\/strong><\/p>\n<p><span style=\"font-weight: 400;\">2007<\/span> <strong><em>Cuentos chinos para ni\u00f1os del Jap\u00f3n<\/em><\/strong><\/p>\n<p><span style=\"font-weight: 400;\">2009<\/span> <em><strong>1999 (o c\u00f3mo generar incendios de nieve con una lupa enfocando a la luna)<\/strong><\/em><\/p>\n<p><span style=\"font-weight: 400;\">2010 <\/span> <strong><em>Maniobras en Jap\u00f3n<\/em><\/strong><\/p>\n<p><span style=\"font-weight: 400;\">2011<\/span> <strong><em>\u00daltimos d\u00edas de 1999: Aquellas noches de incendio<\/em><\/strong><\/p>\n<p><span style=\"font-weight: 400;\">2012 <\/span> <strong><em>La noche eterna. Los d\u00edas no vividos. <\/em><\/strong><\/p>\n<p><span style=\"font-weight: 400;\">2013\u00a0 <\/span> <strong><em>Fantastic Shine<\/em><\/strong><\/p>\n<p><span style=\"font-weight: 400;\">2014<\/span> <strong><em>Nouvelle Cuisine Can\u00edbal<\/em><\/strong><\/p>\n<p><span style=\"font-weight: 400;\">2016<\/span> <strong><em>El Poeta Halley\u00a0<\/em><\/strong><\/p>\n<p><span style=\"font-weight: 400;\">2017<\/span> <em><strong>Nouvelle Cuisine Can\u00edbal (Vol II)<\/strong><\/em><\/p>\n<p><span style=\"font-weight: 400;\">2018 <em><strong>El gran truco final<\/strong><\/em>\u00a0<\/span><\/p>\n<p>2021 <strong><em>Viaje \u00e9pico hacia la nada<\/em><\/strong><\/p>\n<p><span style=\"font-weight: 400;\">En la seva <strong>faceta d\u2019escriptor<\/strong>, Santi Balmes <\/span><span style=\"font-weight: 400;\">ha publicat els seg\u00fcents obres:\u00a0<\/span><\/p>\n<ul style=\"list-style-type: circle;\">\n<li><span style=\"font-weight: 400;\">Yo matar\u00e9 monstruos por ti (2011)<\/span><\/li>\n<li style=\"font-weight: 400;\" aria-level=\"1\"><span style=\"font-weight: 400;\">\u00bfPor qu\u00e9 me comprasteis un walkie-talkie si era hijo \u00fanico? (2012)<\/span><\/li>\n<li style=\"font-weight: 400;\" aria-level=\"1\"><span style=\"font-weight: 400;\">La doble vida de las hadas (2014)<\/span><\/li>\n<li style=\"font-weight: 400;\" aria-level=\"1\"><span style=\"font-weight: 400;\">Canci\u00f3n de bruma (2017)<\/span><\/li>\n<li style=\"font-weight: 400;\" aria-level=\"1\"><span style=\"font-weight: 400;\">El hambre invisible (2018)<\/span><\/li>\n<li style=\"font-weight: 400;\" aria-level=\"1\"><span style=\"font-weight: 400;\">Bajar\u00e9 de la luna en tirolina (2021)\u00a0<\/span><\/li>\n<li style=\"font-weight: 400;\" aria-level=\"1\"><span style=\"font-weight: 400;\">Esa pieza que no encaja (2023)<\/span><\/li>\n<\/ul>\n","protected":false},"excerpt":{"rendered":"<p>&nbsp; Santi Balmes Sanfeliu, nascut el 25 de novembre de 1970 a Barcelona. \u00c9s cantant, compositor i escriptor catal\u00e0, vocalista i lletrista de la banda Love of Lesbian. Est\u00e0 casat i \u00e9s un pare orgull\u00f3s de les seves filles, Laura i Irene. Defineix la fam\u00edlia com el campament base o el lloc de tornada.\u00a0\u00a0\u00a0 Viu [&hellip;]<\/p>\n","protected":false},"author":1,"featured_media":0,"parent":17615,"menu_order":0,"comment_status":"closed","ping_status":"closed","template":"page-templates\/side-menu.php","meta":{"_bbp_topic_count":0,"_bbp_reply_count":0,"_bbp_total_topic_count":0,"_bbp_total_reply_count":0,"_bbp_voice_count":0,"_bbp_anonymous_reply_count":0,"_bbp_topic_count_hidden":0,"_bbp_reply_count_hidden":0,"_bbp_forum_subforum_count":0,"site-sidebar-layout":"default","site-content-layout":"","ast-site-content-layout":"","site-content-style":"default","site-sidebar-style":"default","ast-global-header-display":"","ast-banner-title-visibility":"","ast-main-header-display":"","ast-hfb-above-header-display":"","ast-hfb-below-header-display":"","ast-hfb-mobile-header-display":"","site-post-title":"","ast-breadcrumbs-content":"","ast-featured-img":"","footer-sml-layout":"","theme-transparent-header-meta":"","adv-header-id-meta":"","stick-header-meta":"","header-above-stick-meta":"","header-main-stick-meta":"","header-below-stick-meta":"","astra-migrate-meta-layouts":"default","ast-page-background-enabled":"default","ast-page-background-meta":{"desktop":{"background-color":"var(--ast-global-color-4)","background-image":"","background-repeat":"repeat","background-position":"center center","background-size":"auto","background-attachment":"scroll","background-type":"","background-media":"","overlay-type":"","overlay-color":"","overlay-opacity":"","overlay-gradient":""},"tablet":{"background-color":"","background-image":"","background-repeat":"repeat","background-position":"center center","background-size":"auto","background-attachment":"scroll","background-type":"","background-media":"","overlay-type":"","overlay-color":"","overlay-opacity":"","overlay-gradient":""},"mobile":{"background-color":"","background-image":"","background-repeat":"repeat","background-position":"center center","background-size":"auto","background-attachment":"scroll","background-type":"","background-media":"","overlay-type":"","overlay-color":"","overlay-opacity":"","overlay-gradient":""}},"ast-content-background-meta":{"desktop":{"background-color":"var(--ast-global-color-5)","background-image":"","background-repeat":"repeat","background-position":"center center","background-size":"auto","background-attachment":"scroll","background-type":"","background-media":"","overlay-type":"","overlay-color":"","overlay-opacity":"","overlay-gradient":""},"tablet":{"background-color":"var(--ast-global-color-5)","background-image":"","background-repeat":"repeat","background-position":"center center","background-size":"auto","background-attachment":"scroll","background-type":"","background-media":"","overlay-type":"","overlay-color":"","overlay-opacity":"","overlay-gradient":""},"mobile":{"background-color":"var(--ast-global-color-5)","background-image":"","background-repeat":"repeat","background-position":"center center","background-size":"auto","background-attachment":"scroll","background-type":"","background-media":"","overlay-type":"","overlay-color":"","overlay-opacity":"","overlay-gradient":""}},"footnotes":""},"class_list":["post-25782","page","type-page","status-publish","hentry"],"post_mailing_queue_ids":[],"_links":{"self":[{"href":"https:\/\/serveiseducatius.xtec.cat\/baixllobregat6\/wp-json\/wp\/v2\/pages\/25782","targetHints":{"allow":["GET"]}}],"collection":[{"href":"https:\/\/serveiseducatius.xtec.cat\/baixllobregat6\/wp-json\/wp\/v2\/pages"}],"about":[{"href":"https:\/\/serveiseducatius.xtec.cat\/baixllobregat6\/wp-json\/wp\/v2\/types\/page"}],"author":[{"embeddable":true,"href":"https:\/\/serveiseducatius.xtec.cat\/baixllobregat6\/wp-json\/wp\/v2\/users\/1"}],"replies":[{"embeddable":true,"href":"https:\/\/serveiseducatius.xtec.cat\/baixllobregat6\/wp-json\/wp\/v2\/comments?post=25782"}],"version-history":[{"count":7,"href":"https:\/\/serveiseducatius.xtec.cat\/baixllobregat6\/wp-json\/wp\/v2\/pages\/25782\/revisions"}],"predecessor-version":[{"id":25802,"href":"https:\/\/serveiseducatius.xtec.cat\/baixllobregat6\/wp-json\/wp\/v2\/pages\/25782\/revisions\/25802"}],"up":[{"embeddable":true,"href":"https:\/\/serveiseducatius.xtec.cat\/baixllobregat6\/wp-json\/wp\/v2\/pages\/17615"}],"wp:attachment":[{"href":"https:\/\/serveiseducatius.xtec.cat\/baixllobregat6\/wp-json\/wp\/v2\/media?parent=25782"}],"curies":[{"name":"wp","href":"https:\/\/api.w.org\/{rel}","templated":true}]}}