{"id":25149,"date":"2023-05-16T12:58:19","date_gmt":"2023-05-16T10:58:19","guid":{"rendered":"https:\/\/serveiseducatius.xtec.cat\/baixllobregat6\/?page_id=25149"},"modified":"2025-04-30T13:33:19","modified_gmt":"2025-04-30T11:33:19","slug":"encantats","status":"publish","type":"page","link":"https:\/\/serveiseducatius.xtec.cat\/baixllobregat6\/xarxa-grup-mestres-de-musica\/encantats\/","title":{"rendered":"Encantat"},"content":{"rendered":"<p><a href=\"https:\/\/serveiseducatius.xtec.cat\/baixllobregat6\/se-baixllobregat6\/programa-del-musical-encantats-harry-potter-i-la-pedra-filosofal\/attachment\/xxl\/\" rel=\"attachment wp-att-25144\"><img loading=\"lazy\" decoding=\"async\" class=\"alignleft wp-image-25144\" src=\"https:\/\/serveiseducatius.xtec.cat\/baixllobregat6\/wp-content\/uploads\/usu778\/2023\/05\/XXL-201x520.png\" alt=\"\" width=\"111\" height=\"287\" srcset=\"https:\/\/serveiseducatius.xtec.cat\/baixllobregat6\/wp-content\/uploads\/usu778\/2023\/05\/XXL-201x520.png 201w, https:\/\/serveiseducatius.xtec.cat\/baixllobregat6\/wp-content\/uploads\/usu778\/2023\/05\/XXL.png 266w\" sizes=\"auto, (max-width: 111px) 100vw, 111px\" \/><\/a>El\u00a0<a href=\"http:\/\/serveiseducatius.xtec.cat\/baixllobregat6\/categoria\/grup-de-mestres-de-musica\/\"><strong>Grup de Mestres de M\u00fasica<\/strong>\u00a0<\/a>del Servei Educatiu Baix Llobregat-6 ha preparat un nou espectacle :\u00a0<b><i>\u201cEncantat\u201d<\/i><\/b>\u00a0.<span id=\"more-22660\"><\/span><\/p>\n<p>Aquest espectacle basat en la pel\u00b7l\u00edcula: <b><i>\u201cHarry Potter i la pedra filosofal\u201d,<\/i><\/b> va comptar amb la participaci\u00f3 de les Escoles: El Solell, Joan Juncadella, La Immaculada, La Gu\u00e0rdia, La Vinyala, Sant Antoni, Sant Jordi, Sant Jsep, Ins-Esc de Torrelles de Llobregat, Escola Nova de Cervell\u00f3 i Santa Maria de Cervell\u00f3<\/p>\n<p>Com en altres edicions, a l\u2019espectacle es van combinar les arts pl\u00e0stiques, el cant coral, la dansa i la literatura.<\/p>\n<p>La representaci\u00f3 es va desenvolupar el <strong>17 de maig de 2023<\/strong>\u00a0a les\u00a0<strong>14:30<\/strong>\u00a0al\u00a0<strong>Teatre de la Passi\u00f3 d\u2019Olesa de Montserrat<\/strong> i va comptar amb la participaci\u00f3 directa d\u2019uns 300 alumnes que van cantar i ballar al ritme dels instruments dels docents del Grup de Mestres de M\u00fasica.<\/p>\n","protected":false},"excerpt":{"rendered":"<p>El\u00a0Grup de Mestres de M\u00fasica\u00a0del Servei Educatiu Baix Llobregat-6 ha preparat un nou espectacle :\u00a0\u201cEncantat\u201d\u00a0. Aquest espectacle basat en la pel\u00b7l\u00edcula: \u201cHarry Potter i la pedra filosofal\u201d, va comptar amb la participaci\u00f3 de les Escoles: El Solell, Joan Juncadella, La Immaculada, La Gu\u00e0rdia, La Vinyala, Sant Antoni, Sant Jordi, Sant Jsep, Ins-Esc de Torrelles de [&hellip;]<\/p>\n","protected":false},"author":1,"featured_media":0,"parent":29851,"menu_order":0,"comment_status":"closed","ping_status":"closed","template":"page-templates\/side-menu.php","meta":{"_bbp_topic_count":0,"_bbp_reply_count":0,"_bbp_total_topic_count":0,"_bbp_total_reply_count":0,"_bbp_voice_count":0,"_bbp_anonymous_reply_count":0,"_bbp_topic_count_hidden":0,"_bbp_reply_count_hidden":0,"_bbp_forum_subforum_count":0,"site-sidebar-layout":"default","site-content-layout":"","ast-site-content-layout":"default","site-content-style":"default","site-sidebar-style":"default","ast-global-header-display":"","ast-banner-title-visibility":"","ast-main-header-display":"","ast-hfb-above-header-display":"","ast-hfb-below-header-display":"","ast-hfb-mobile-header-display":"","site-post-title":"","ast-breadcrumbs-content":"","ast-featured-img":"","footer-sml-layout":"","theme-transparent-header-meta":"","adv-header-id-meta":"","stick-header-meta":"","header-above-stick-meta":"","header-main-stick-meta":"","header-below-stick-meta":"","astra-migrate-meta-layouts":"set","ast-page-background-enabled":"default","ast-page-background-meta":{"desktop":{"background-color":"var(--ast-global-color-4)","background-image":"","background-repeat":"repeat","background-position":"center center","background-size":"auto","background-attachment":"scroll","background-type":"","background-media":"","overlay-type":"","overlay-color":"","overlay-opacity":"","overlay-gradient":""},"tablet":{"background-color":"","background-image":"","background-repeat":"repeat","background-position":"center center","background-size":"auto","background-attachment":"scroll","background-type":"","background-media":"","overlay-type":"","overlay-color":"","overlay-opacity":"","overlay-gradient":""},"mobile":{"background-color":"","background-image":"","background-repeat":"repeat","background-position":"center center","background-size":"auto","background-attachment":"scroll","background-type":"","background-media":"","overlay-type":"","overlay-color":"","overlay-opacity":"","overlay-gradient":""}},"ast-content-background-meta":{"desktop":{"background-color":"var(--ast-global-color-5)","background-image":"","background-repeat":"repeat","background-position":"center center","background-size":"auto","background-attachment":"scroll","background-type":"","background-media":"","overlay-type":"","overlay-color":"","overlay-opacity":"","overlay-gradient":""},"tablet":{"background-color":"var(--ast-global-color-5)","background-image":"","background-repeat":"repeat","background-position":"center center","background-size":"auto","background-attachment":"scroll","background-type":"","background-media":"","overlay-type":"","overlay-color":"","overlay-opacity":"","overlay-gradient":""},"mobile":{"background-color":"var(--ast-global-color-5)","background-image":"","background-repeat":"repeat","background-position":"center center","background-size":"auto","background-attachment":"scroll","background-type":"","background-media":"","overlay-type":"","overlay-color":"","overlay-opacity":"","overlay-gradient":""}},"footnotes":""},"class_list":["post-25149","page","type-page","status-publish","hentry"],"post_mailing_queue_ids":[],"_links":{"self":[{"href":"https:\/\/serveiseducatius.xtec.cat\/baixllobregat6\/wp-json\/wp\/v2\/pages\/25149","targetHints":{"allow":["GET"]}}],"collection":[{"href":"https:\/\/serveiseducatius.xtec.cat\/baixllobregat6\/wp-json\/wp\/v2\/pages"}],"about":[{"href":"https:\/\/serveiseducatius.xtec.cat\/baixllobregat6\/wp-json\/wp\/v2\/types\/page"}],"author":[{"embeddable":true,"href":"https:\/\/serveiseducatius.xtec.cat\/baixllobregat6\/wp-json\/wp\/v2\/users\/1"}],"replies":[{"embeddable":true,"href":"https:\/\/serveiseducatius.xtec.cat\/baixllobregat6\/wp-json\/wp\/v2\/comments?post=25149"}],"version-history":[{"count":4,"href":"https:\/\/serveiseducatius.xtec.cat\/baixllobregat6\/wp-json\/wp\/v2\/pages\/25149\/revisions"}],"predecessor-version":[{"id":29848,"href":"https:\/\/serveiseducatius.xtec.cat\/baixllobregat6\/wp-json\/wp\/v2\/pages\/25149\/revisions\/29848"}],"up":[{"embeddable":true,"href":"https:\/\/serveiseducatius.xtec.cat\/baixllobregat6\/wp-json\/wp\/v2\/pages\/29851"}],"wp:attachment":[{"href":"https:\/\/serveiseducatius.xtec.cat\/baixllobregat6\/wp-json\/wp\/v2\/media?parent=25149"}],"curies":[{"name":"wp","href":"https:\/\/api.w.org\/{rel}","templated":true}]}}