{"id":24393,"date":"2023-02-17T12:09:21","date_gmt":"2023-02-17T11:09:21","guid":{"rendered":"https:\/\/serveiseducatius.xtec.cat\/baixllobregat6\/?page_id=24393"},"modified":"2024-04-30T10:20:17","modified_gmt":"2024-04-30T08:20:17","slug":"proves-competencies-basiques-4t-deso-2024","status":"publish","type":"page","link":"https:\/\/serveiseducatius.xtec.cat\/baixllobregat6\/proves-competencies-basiques-4t-deso-2024\/","title":{"rendered":"Avaluaci\u00f3 Final d&#8217;Etapa 4t d&#8217;ESO 23-24"},"content":{"rendered":"<p><a href=\"https:\/\/espai.educacio.gencat.cat\/Alumnes\/Avaluacions-censals\/Avaluacio-4rt-ESO\/Pagines\/default.aspx\" target=\"_blank\" rel=\"noopener\"><img loading=\"lazy\" decoding=\"async\" class=\"alignleft size-full wp-image-26377\" src=\"https:\/\/serveiseducatius.xtec.cat\/baixllobregat6\/wp-content\/uploads\/usu778\/2024\/02\/CB4t.png\" alt=\"\" width=\"747\" height=\"100\" srcset=\"https:\/\/serveiseducatius.xtec.cat\/baixllobregat6\/wp-content\/uploads\/usu778\/2024\/02\/CB4t.png 747w, https:\/\/serveiseducatius.xtec.cat\/baixllobregat6\/wp-content\/uploads\/usu778\/2024\/02\/CB4t-520x70.png 520w\" sizes=\"auto, (max-width: 747px) 100vw, 747px\" \/><\/a><\/p>\n<p>&nbsp;<\/p>\n<p>&nbsp;<\/p>\n<p>&nbsp;<\/p>\n<h3><a href=\"https:\/\/aplicacions.gestioeducativa.gencat.cat\/pls\/apex\/f?p=2011002:1:302111292784654::NO::P1_PAG_ORIGEN:INICI&amp;cs=1ZLBd7NXKcRgAYm39k9lRZHNB54w\" target=\"_blank\" rel=\"noopener\">Aplicatiu 4AS<\/a><\/h3>\n<h3><a href=\"https:\/\/docs.google.com\/document\/d\/1wxOxY2BH0RDZ6gXW_n8URRHlzF2Vu735\/edit?usp=sharing&amp;ouid=108426786508299015368&amp;rtpof=true&amp;sd=true\" target=\"_blank\" rel=\"noopener\">Horari de lliurament de les proves al CRP<\/a><\/h3>\n<h3><a href=\"https:\/\/drive.google.com\/file\/d\/1_OJHvfPMnZhzSXm5pEH52oIYA03y2FcY\/view?usp=sharing\" target=\"_blank\" rel=\"noopener\">Guia d&#8217;Aplicaci\u00f3 de la prova <\/a>&#8211; <a href=\"https:\/\/drive.google.com\/file\/d\/1kE93Tca70xmP_eYdbip0Kriw65zcq2nU\/view?usp=sharing\" target=\"_blank\" rel=\"noopener\">Manual<\/a> &#8211; <a href=\"https:\/\/docs.google.com\/presentation\/d\/11LGU7y8hNlA1ZSDJ9p84ucdtlY_5v0LE\/edit?usp=sharing&amp;ouid=116662249614283198956&amp;rtpof=true&amp;sd=true\" target=\"_blank\" rel=\"noopener\">Presentaci\u00f3<\/a><\/h3>\n<h3 class=\"CDt4Ke zfr3Q\" dir=\"ltr\"><strong><span class=\" aw5Odc\"><a class=\"XqQF9c\" href=\"https:\/\/drive.google.com\/file\/d\/19cokZH_Uk3HeUhiGsnzMyfN66W2c8jWI\/view?usp=drive_link\" target=\"_blank\" rel=\"noopener noreferrer\">Resoluci\u00f3 EDU\/3992\/2023<\/a> &#8211; modificada per &#8211; <a href=\"https:\/\/drive.google.com\/file\/d\/1olcVbi4nddI7HEoIVPaDlbR43hX83wz3\/view?usp=sharing\" target=\"_blank\" rel=\"noopener\">Resoluci\u00f3 EDU\/642\/2024<\/a><\/span><\/strong><\/h3>\n<h3><a href=\"https:\/\/drive.google.com\/file\/d\/1DSr1D1uu_fbU3bynIVHwhIgo0dTTrXch\/view?usp=sharing\" target=\"_blank\" rel=\"noopener\">Instrucci\u00f3 complement\u00e0ria 5 pel canvi de dates<\/a><\/h3>\n<h3><a href=\"https:\/\/drive.google.com\/drive\/folders\/1tzSe4t5yyYa2tv1eCS4-kgTFKcfCLA9i?usp=sharing\" target=\"_blank\" rel=\"noopener\">Proves d&#8217;Avaluaci\u00f3 de Final d&#8217;Etapa 4t d&#8217;ESO 2024 (drive)<\/a><\/h3>\n<h3 class=\"CDt4Ke zfr3Q\" dir=\"ltr\"><span style=\"color: #000000;\">Proves corregides per a fer la correcci\u00f3 interna<\/span><\/h3>\n<h3><a href=\"https:\/\/drive.google.com\/file\/d\/1VNZzV9oDjeVNeJoLwLqsNYwHrspqdfAk\/view?usp=sharing\" target=\"_blank\" rel=\"noopener\">Criteris de correcci\u00f3 de catal\u00e0 i castell\u00e0<\/a><\/h3>\n<h3><a href=\"https:\/\/drive.google.com\/file\/d\/1h8ga-u1R6_loS1BgLVJZWnqymtHmYFz_\/view?usp=sharing\" target=\"_blank\" rel=\"noopener\">Criteris de correcci\u00f3 d&#8217;angl\u00e8s<\/a><\/h3>\n<h3><a href=\"https:\/\/drive.google.com\/file\/d\/1NbT0MV6nwoNT5pclFtnfZ03JKSfha8vf\/view?usp=sharing\" target=\"_blank\" rel=\"noopener\">Clau respostes cient\u00edfic-t\u00e8cnic<\/a><\/h3>\n<h3><a href=\"https:\/\/drive.google.com\/file\/d\/1k6FMDoZ9npFhEcaDjfV01n0u2aLdVyB4\/view?usp=sharing\" target=\"_blank\" rel=\"noopener\">Clau respostes matem\u00e0tiques<\/a><\/h3>\n<h3><a href=\"https:\/\/docs.google.com\/document\/d\/1va99NqE0Qh2bqPehxOeC1eHRrcpgEr7m\/edit?usp=sharing&amp;ouid=108426786508299015368&amp;rtpof=true&amp;sd=true\" target=\"_blank\" rel=\"noopener\">Model d&#8217;informe per les fam\u00edlies d&#8217;alumnes amb correcci\u00f3 interna<\/a><\/h3>\n<h3><span style=\"color: #ff0000;\">Les proves s\u2019han aplicat el dimarts 16 i el dimecres 17 d&#8217;abril de 2024<\/span><\/h3>\n<h3><\/h3>\n<ul>\n<li><iframe loading=\"lazy\" src=\"https:\/\/drive.google.com\/file\/d\/1cmaSK57NcTTjkQjeMiJLGJSUnd5MvJ0m\/preview\" width=\"640\" height=\"900\"><\/iframe><\/li>\n<\/ul>\n<p>&nbsp;<\/p>\n<p style=\"text-align: left;\">\n","protected":false},"excerpt":{"rendered":"<p>&nbsp; &nbsp; &nbsp; Aplicatiu 4AS Horari de lliurament de les proves al CRP Guia d&#8217;Aplicaci\u00f3 de la prova &#8211; Manual &#8211; Presentaci\u00f3 Resoluci\u00f3 EDU\/3992\/2023 &#8211; modificada per &#8211; Resoluci\u00f3 EDU\/642\/2024 Instrucci\u00f3 complement\u00e0ria 5 pel canvi de dates Proves d&#8217;Avaluaci\u00f3 de Final d&#8217;Etapa 4t d&#8217;ESO 2024 (drive) Proves corregides per a fer la correcci\u00f3 interna Criteris [&hellip;]<\/p>\n","protected":false},"author":1,"featured_media":0,"parent":0,"menu_order":0,"comment_status":"closed","ping_status":"closed","template":"","meta":{"_bbp_topic_count":0,"_bbp_reply_count":0,"_bbp_total_topic_count":0,"_bbp_total_reply_count":0,"_bbp_voice_count":0,"_bbp_anonymous_reply_count":0,"_bbp_topic_count_hidden":0,"_bbp_reply_count_hidden":0,"_bbp_forum_subforum_count":0,"site-sidebar-layout":"default","site-content-layout":"","ast-site-content-layout":"","site-content-style":"default","site-sidebar-style":"default","ast-global-header-display":"","ast-banner-title-visibility":"","ast-main-header-display":"","ast-hfb-above-header-display":"","ast-hfb-below-header-display":"","ast-hfb-mobile-header-display":"","site-post-title":"","ast-breadcrumbs-content":"","ast-featured-img":"","footer-sml-layout":"","theme-transparent-header-meta":"","adv-header-id-meta":"","stick-header-meta":"","header-above-stick-meta":"","header-main-stick-meta":"","header-below-stick-meta":"","astra-migrate-meta-layouts":"default","ast-page-background-enabled":"default","ast-page-background-meta":{"desktop":{"background-color":"var(--ast-global-color-4)","background-image":"","background-repeat":"repeat","background-position":"center center","background-size":"auto","background-attachment":"scroll","background-type":"","background-media":"","overlay-type":"","overlay-color":"","overlay-opacity":"","overlay-gradient":""},"tablet":{"background-color":"","background-image":"","background-repeat":"repeat","background-position":"center center","background-size":"auto","background-attachment":"scroll","background-type":"","background-media":"","overlay-type":"","overlay-color":"","overlay-opacity":"","overlay-gradient":""},"mobile":{"background-color":"","background-image":"","background-repeat":"repeat","background-position":"center center","background-size":"auto","background-attachment":"scroll","background-type":"","background-media":"","overlay-type":"","overlay-color":"","overlay-opacity":"","overlay-gradient":""}},"ast-content-background-meta":{"desktop":{"background-color":"var(--ast-global-color-5)","background-image":"","background-repeat":"repeat","background-position":"center center","background-size":"auto","background-attachment":"scroll","background-type":"","background-media":"","overlay-type":"","overlay-color":"","overlay-opacity":"","overlay-gradient":""},"tablet":{"background-color":"var(--ast-global-color-5)","background-image":"","background-repeat":"repeat","background-position":"center center","background-size":"auto","background-attachment":"scroll","background-type":"","background-media":"","overlay-type":"","overlay-color":"","overlay-opacity":"","overlay-gradient":""},"mobile":{"background-color":"var(--ast-global-color-5)","background-image":"","background-repeat":"repeat","background-position":"center center","background-size":"auto","background-attachment":"scroll","background-type":"","background-media":"","overlay-type":"","overlay-color":"","overlay-opacity":"","overlay-gradient":""}},"footnotes":""},"class_list":["post-24393","page","type-page","status-publish","hentry"],"post_mailing_queue_ids":[],"_links":{"self":[{"href":"https:\/\/serveiseducatius.xtec.cat\/baixllobregat6\/wp-json\/wp\/v2\/pages\/24393","targetHints":{"allow":["GET"]}}],"collection":[{"href":"https:\/\/serveiseducatius.xtec.cat\/baixllobregat6\/wp-json\/wp\/v2\/pages"}],"about":[{"href":"https:\/\/serveiseducatius.xtec.cat\/baixllobregat6\/wp-json\/wp\/v2\/types\/page"}],"author":[{"embeddable":true,"href":"https:\/\/serveiseducatius.xtec.cat\/baixllobregat6\/wp-json\/wp\/v2\/users\/1"}],"replies":[{"embeddable":true,"href":"https:\/\/serveiseducatius.xtec.cat\/baixllobregat6\/wp-json\/wp\/v2\/comments?post=24393"}],"version-history":[{"count":5,"href":"https:\/\/serveiseducatius.xtec.cat\/baixllobregat6\/wp-json\/wp\/v2\/pages\/24393\/revisions"}],"predecessor-version":[{"id":26970,"href":"https:\/\/serveiseducatius.xtec.cat\/baixllobregat6\/wp-json\/wp\/v2\/pages\/24393\/revisions\/26970"}],"wp:attachment":[{"href":"https:\/\/serveiseducatius.xtec.cat\/baixllobregat6\/wp-json\/wp\/v2\/media?parent=24393"}],"curies":[{"name":"wp","href":"https:\/\/api.w.org\/{rel}","templated":true}]}}