{"id":23934,"date":"2022-12-12T17:02:44","date_gmt":"2022-12-12T16:02:44","guid":{"rendered":"https:\/\/serveiseducatius.xtec.cat\/baixllobregat6\/?page_id=23934"},"modified":"2023-10-19T13:05:28","modified_gmt":"2023-10-19T11:05:28","slug":"lautora","status":"publish","type":"page","link":"https:\/\/serveiseducatius.xtec.cat\/baixllobregat6\/compartim-un-conte\/inici-del-conte\/lautora\/","title":{"rendered":"L&#8217;autora. Curs 2022-23"},"content":{"rendered":"<p><a href=\"https:\/\/serveiseducatius.xtec.cat\/baixllobregat6\/wp-content\/uploads\/usu778\/2022\/12\/1078795_10202812528188029_964091462_o.jpg\"><img loading=\"lazy\" decoding=\"async\" class=\"aligncenter size-medium wp-image-23930\" src=\"https:\/\/serveiseducatius.xtec.cat\/baixllobregat6\/wp-content\/uploads\/usu778\/2022\/12\/1078795_10202812528188029_964091462_o-520x293.jpg\" alt=\"\" width=\"520\" height=\"293\" srcset=\"https:\/\/serveiseducatius.xtec.cat\/baixllobregat6\/wp-content\/uploads\/usu778\/2022\/12\/1078795_10202812528188029_964091462_o-520x293.jpg 520w, https:\/\/serveiseducatius.xtec.cat\/baixllobregat6\/wp-content\/uploads\/usu778\/2022\/12\/1078795_10202812528188029_964091462_o-768x433.jpg 768w, https:\/\/serveiseducatius.xtec.cat\/baixllobregat6\/wp-content\/uploads\/usu778\/2022\/12\/1078795_10202812528188029_964091462_o.jpg 960w\" sizes=\"auto, (max-width: 520px) 100vw, 520px\" \/><\/a><\/p>\n<p>L\u2019autora de l\u2019inici del conte \u00e9s la <strong>Margarida Camprub\u00ed Vendrell<\/strong>, nascuda al 1957 a Barcelona i baixllobregatina de resid\u00e8ncia (Begues). Psic\u00f2loga, m\u00e0ster en administraci\u00f3 local i actriu dram\u00e0tica. Mare d\u2019un fill i divorciada.<\/p>\n<p>Ha escrit diverses obres fent \u00fas de diferents g\u00e8neres literaris.\u00a0 Us en fem un tastet com a resum de la seva traject\u00f2ria:<\/p>\n<ul>\n<li>Assaig<\/li>\n<\/ul>\n<p><em><strong>Despr\u00e8s de newton o com fer realitat la transformaci\u00f3 de l\u2019administraci\u00f3 p\u00fablica<\/strong><\/em>. Edicions del serbal, (catal\u00e0) 2001. Premi d\u2019investigaci\u00f3 local per la Diputaci\u00f3 de Barcelona. Tradu\u00eft al castell\u00e0 per la mateixa editorial.<\/p>\n<p><em><strong>El consell de les dones s\u00e0vies.<\/strong><\/em>\u00a0editorial El clavell, 2007. El model ha estat triat com a pr\u00e0ctica significativa en l\u2019\u00e0mbit de participaci\u00f3 ciutadana. Inclosa en el banc de bona pr\u00e0ctica en govern local.<\/p>\n<ul>\n<li>Ficci\u00f3<\/li>\n<\/ul>\n<p>Dins el recull col\u00b7lectiu <em>Guspires al quadern<\/em> he publicat la poesia \u201c<em><strong>El cam\u00ed<\/strong><\/em>\u201d i el relat \u201c<em><strong>Solitud<\/strong><\/em>\u201d, 2015<\/p>\n<p>Segon premi Sant Jordi (Begues) amb el relat \u201c<strong><em>Vidres esmicolats<\/em><\/strong>\u201d, 2016<\/p>\n<p>Primer premi del concurs <em>El pot petit<\/em> amb el relat \u201c<strong>La malura dels cirerers<\/strong>, 2018<\/p>\n<p><em><strong>La maleta. Contes no mis\u00f2gins<\/strong><\/em>. Editorial voliana. 2020. Presentat a la setmana del llibre en catal\u00e0.<\/p>\n<p><strong><em>A la recerca del matriarcat<\/em><\/strong>. Editorial Comte d\u2019Aure. 2021. Presentat a la llibreria documenta.<\/p>\n<p>Finalista del concurs de novel.la negra de Canyelles amb <em><strong>El gat de Canyelles<\/strong><\/em>. 2022<\/p>\n<p><strong><em>Per on mamen els elefants?<\/em><\/strong> Editorial Tushita 2022. Presentat a la llibreria Alta\u00efr.<\/p>\n<ul>\n<li>Poesia<\/li>\n<\/ul>\n<p>Primer premi del concurs d\u2019arts <em>Gav\u00e0m\u00f3n<\/em> amb el poema titulat \u201c<em><strong>Drets<\/strong><\/em>\u201d, 2017<\/p>\n<ul>\n<li>Articles<\/li>\n<\/ul>\n<p>Diverses publicacions a <em>Dones digita<\/em>l<\/p>\n","protected":false},"excerpt":{"rendered":"<p>L\u2019autora de l\u2019inici del conte \u00e9s la Margarida Camprub\u00ed Vendrell, nascuda al 1957 a Barcelona i baixllobregatina de resid\u00e8ncia (Begues). Psic\u00f2loga, m\u00e0ster en administraci\u00f3 local i actriu dram\u00e0tica. Mare d\u2019un fill i divorciada. Ha escrit diverses obres fent \u00fas de diferents g\u00e8neres literaris.\u00a0 Us en fem un tastet com a resum de la seva traject\u00f2ria: [&hellip;]<\/p>\n","protected":false},"author":1,"featured_media":0,"parent":17615,"menu_order":10,"comment_status":"closed","ping_status":"closed","template":"page-templates\/side-menu.php","meta":{"_bbp_topic_count":0,"_bbp_reply_count":0,"_bbp_total_topic_count":0,"_bbp_total_reply_count":0,"_bbp_voice_count":0,"_bbp_anonymous_reply_count":0,"_bbp_topic_count_hidden":0,"_bbp_reply_count_hidden":0,"_bbp_forum_subforum_count":0,"site-sidebar-layout":"default","site-content-layout":"","ast-site-content-layout":"","site-content-style":"default","site-sidebar-style":"default","ast-global-header-display":"","ast-banner-title-visibility":"","ast-main-header-display":"","ast-hfb-above-header-display":"","ast-hfb-below-header-display":"","ast-hfb-mobile-header-display":"","site-post-title":"","ast-breadcrumbs-content":"","ast-featured-img":"","footer-sml-layout":"","theme-transparent-header-meta":"","adv-header-id-meta":"","stick-header-meta":"","header-above-stick-meta":"","header-main-stick-meta":"","header-below-stick-meta":"","astra-migrate-meta-layouts":"default","ast-page-background-enabled":"default","ast-page-background-meta":{"desktop":{"background-color":"var(--ast-global-color-4)","background-image":"","background-repeat":"repeat","background-position":"center center","background-size":"auto","background-attachment":"scroll","background-type":"","background-media":"","overlay-type":"","overlay-color":"","overlay-opacity":"","overlay-gradient":""},"tablet":{"background-color":"","background-image":"","background-repeat":"repeat","background-position":"center center","background-size":"auto","background-attachment":"scroll","background-type":"","background-media":"","overlay-type":"","overlay-color":"","overlay-opacity":"","overlay-gradient":""},"mobile":{"background-color":"","background-image":"","background-repeat":"repeat","background-position":"center center","background-size":"auto","background-attachment":"scroll","background-type":"","background-media":"","overlay-type":"","overlay-color":"","overlay-opacity":"","overlay-gradient":""}},"ast-content-background-meta":{"desktop":{"background-color":"var(--ast-global-color-5)","background-image":"","background-repeat":"repeat","background-position":"center center","background-size":"auto","background-attachment":"scroll","background-type":"","background-media":"","overlay-type":"","overlay-color":"","overlay-opacity":"","overlay-gradient":""},"tablet":{"background-color":"var(--ast-global-color-5)","background-image":"","background-repeat":"repeat","background-position":"center center","background-size":"auto","background-attachment":"scroll","background-type":"","background-media":"","overlay-type":"","overlay-color":"","overlay-opacity":"","overlay-gradient":""},"mobile":{"background-color":"var(--ast-global-color-5)","background-image":"","background-repeat":"repeat","background-position":"center center","background-size":"auto","background-attachment":"scroll","background-type":"","background-media":"","overlay-type":"","overlay-color":"","overlay-opacity":"","overlay-gradient":""}},"footnotes":""},"class_list":["post-23934","page","type-page","status-publish","hentry"],"post_mailing_queue_ids":[],"_links":{"self":[{"href":"https:\/\/serveiseducatius.xtec.cat\/baixllobregat6\/wp-json\/wp\/v2\/pages\/23934","targetHints":{"allow":["GET"]}}],"collection":[{"href":"https:\/\/serveiseducatius.xtec.cat\/baixllobregat6\/wp-json\/wp\/v2\/pages"}],"about":[{"href":"https:\/\/serveiseducatius.xtec.cat\/baixllobregat6\/wp-json\/wp\/v2\/types\/page"}],"author":[{"embeddable":true,"href":"https:\/\/serveiseducatius.xtec.cat\/baixllobregat6\/wp-json\/wp\/v2\/users\/1"}],"replies":[{"embeddable":true,"href":"https:\/\/serveiseducatius.xtec.cat\/baixllobregat6\/wp-json\/wp\/v2\/comments?post=23934"}],"version-history":[{"count":2,"href":"https:\/\/serveiseducatius.xtec.cat\/baixllobregat6\/wp-json\/wp\/v2\/pages\/23934\/revisions"}],"predecessor-version":[{"id":23938,"href":"https:\/\/serveiseducatius.xtec.cat\/baixllobregat6\/wp-json\/wp\/v2\/pages\/23934\/revisions\/23938"}],"up":[{"embeddable":true,"href":"https:\/\/serveiseducatius.xtec.cat\/baixllobregat6\/wp-json\/wp\/v2\/pages\/17615"}],"wp:attachment":[{"href":"https:\/\/serveiseducatius.xtec.cat\/baixllobregat6\/wp-json\/wp\/v2\/media?parent=23934"}],"curies":[{"name":"wp","href":"https:\/\/api.w.org\/{rel}","templated":true}]}}