{"id":23491,"date":"2022-10-27T13:09:43","date_gmt":"2022-10-27T11:09:43","guid":{"rendered":"https:\/\/serveiseducatius.xtec.cat\/baixllobregat6\/?page_id=23491"},"modified":"2026-01-09T11:16:33","modified_gmt":"2026-01-09T10:16:33","slug":"microbit","status":"publish","type":"page","link":"https:\/\/serveiseducatius.xtec.cat\/baixllobregat6\/recursos\/microbit\/","title":{"rendered":"kit microbit"},"content":{"rendered":"\n<header class=\"entry-header\">\n<h1 class=\"entry-title\"><strong style=\"font-family: inherit; font-size: 1em;\"><figure><img loading=\"lazy\" decoding=\"async\" class=\"size-full wp-image-23490 alignleft\" src=\"https:\/\/serveiseducatius.xtec.cat\/baixllobregat6\/wp-content\/uploads\/usu778\/2022\/10\/microbit.png\" alt=\"\" width=\"249\" height=\"203\"><\/figure><\/strong><\/h1>\n<\/header>\n\n\n\n<div class=\"entry-content\">\n<p><strong>Micro:bit<\/strong> \u00e9s una proposta per\u00a0 treballar el pensament computacional i la programaci\u00f3 d&#8217;una manera f\u00e0cil a partir de blocs de programaci\u00f3 enlloc de les l\u00ednies de codi tradicionals. Es pot treballar a cicle superior\u00a0 de prim\u00e0ria i tamb\u00e9 a tota l&#8217;ESO, ja que amb el kit IoT i tot el conjunt de sensors que incorpora es poden fer projectes m\u00e9s complexos.<\/p>\n<p>L&#8217;entorn de programaci\u00f3 \u00e9s web, per tant no cal instal\u00b7lar res en els ordinadors del centre ni dels alumnes. Amb una connexi\u00f3 micro USB es pot programar la placa i veure el resultat. Tamb\u00e9 pot funcionar de manera aut\u00f2noma gr\u00e0cies a unes piles que es poden acoblar a la placa.<\/p>\n<h4>\u00a0<\/h4>\n<h3>CONTINGUT DEL KIT Micro:bit<\/h3>\n<ul>\n<li>\n<h4><span style=\"color: #3366ff;\">15 plaques microbit<\/span><\/h4>\n<\/li>\n<li>\n<h4><span style=\"color: #3366ff;\">Cables usb\u00a0 i portapiles per totes les plaques<\/span><\/h4>\n<\/li>\n<li>\n<h4><span style=\"color: #3366ff;\">6 kits IoT<\/span><\/h4>\n<\/li>\n<\/ul>\n<h6><span style=\"background-color: #ffffff; color: #ff0000;\">Cada kit IoT inclou:<\/span><\/h6>\n<blockquote>\n<figure><img loading=\"lazy\" decoding=\"async\" class=\" wp-image-23496 alignright\" src=\"https:\/\/serveiseducatius.xtec.cat\/baixllobregat6\/wp-content\/uploads\/usu778\/2022\/10\/IoT-1.jpg\" alt=\"\" width=\"402\" height=\"402\" srcset=\"https:\/\/serveiseducatius.xtec.cat\/baixllobregat6\/wp-content\/uploads\/usu778\/2022\/10\/IoT-1.jpg 800w, https:\/\/serveiseducatius.xtec.cat\/baixllobregat6\/wp-content\/uploads\/usu778\/2022\/10\/IoT-1-520x520.jpg 520w, https:\/\/serveiseducatius.xtec.cat\/baixllobregat6\/wp-content\/uploads\/usu778\/2022\/10\/IoT-1-150x150.jpg 150w, https:\/\/serveiseducatius.xtec.cat\/baixllobregat6\/wp-content\/uploads\/usu778\/2022\/10\/IoT-1-768x768.jpg 768w\" sizes=\"auto, (max-width: 402px) 100vw, 402px\" \/><\/figure>\n<p>\u25fePlaca IoT:bit<br \/>\u25fePlaca sensor de llum<br \/>\u25fePlaca sensor de soroll<br \/>\u25fePlaca sensor d&#8217;humitat del terra<br \/>\u25fePlaca sensor de temperatura, humitat relativa i pressi\u00f3 atmosf\u00e8rica<br \/>\u25fePlaca sensor de pres\u00e8ncia (PIR)<br \/>\u25fePlaca sensor de nivell d&#8217;aigua<br \/>\u25fePlaca sensor d&#8217;ultrasons (proximitat)<br \/>\u25fePlaca sensor de part\u00edcules a l&#8217;aire<br \/>\u25feDisplay OLED de 64 x 128 p\u00edxels<br \/>\u25feServomotor<br \/>\u25feCables de connexions<\/p>\n<\/blockquote>\n<\/div>\n\n\n\n<ul class=\"wp-block-list\">\n<li><a href=\"https:\/\/makecode.microbit.org\/\">https:\/\/makecode.microbit.org\/<\/a><\/li>\n\n\n\n<li><a href=\"https:\/\/microbit.org\/es-es\/\">https:\/\/microbit.org\/es-es\/<\/a><\/li>\n\n\n\n<li><a href=\"https:\/\/projectes.xtec.cat\/digital\/equipaments-i-infraestructures\/robotica\/formacio-tecnica-robotica\/plaques-microcontroladores\/microbit\/\" target=\"_blank\" rel=\"noreferrer noopener\">Materials Did\u00e0ctics<\/a><\/li>\n\n\n\n<li><a href=\"https:\/\/projectes.xtec.cat\/pensament-computacional\/activitats-robotica\/node-activitats-microbit\/\" target=\"_blank\" rel=\"noreferrer noopener\">Activitats\/Reptes<\/a><\/li>\n\n\n\n<li><a href=\"https:\/\/\/www.elecfreaks.com\/learn-en\/iot_bit\">IoT.bit<\/a><\/li>\n<\/ul>\n","protected":false},"excerpt":{"rendered":"<p>Micro:bit \u00e9s una proposta per\u00a0 treballar el pensament computacional i la programaci\u00f3 d&#8217;una manera f\u00e0cil a partir de blocs de programaci\u00f3 enlloc de les l\u00ednies de codi tradicionals. Es pot treballar a cicle superior\u00a0 de prim\u00e0ria i tamb\u00e9 a tota l&#8217;ESO, ja que amb el kit IoT i tot el conjunt de sensors que incorpora [&hellip;]<\/p>\n","protected":false},"author":1,"featured_media":0,"parent":906,"menu_order":0,"comment_status":"closed","ping_status":"closed","template":"","meta":{"_bbp_topic_count":0,"_bbp_reply_count":0,"_bbp_total_topic_count":0,"_bbp_total_reply_count":0,"_bbp_voice_count":0,"_bbp_anonymous_reply_count":0,"_bbp_topic_count_hidden":0,"_bbp_reply_count_hidden":0,"_bbp_forum_subforum_count":0,"site-sidebar-layout":"default","site-content-layout":"","ast-site-content-layout":"default","site-content-style":"default","site-sidebar-style":"default","ast-global-header-display":"","ast-banner-title-visibility":"","ast-main-header-display":"","ast-hfb-above-header-display":"","ast-hfb-below-header-display":"","ast-hfb-mobile-header-display":"","site-post-title":"","ast-breadcrumbs-content":"","ast-featured-img":"","footer-sml-layout":"","theme-transparent-header-meta":"","adv-header-id-meta":"","stick-header-meta":"","header-above-stick-meta":"","header-main-stick-meta":"","header-below-stick-meta":"","astra-migrate-meta-layouts":"set","ast-page-background-enabled":"default","ast-page-background-meta":{"desktop":{"background-color":"var(--ast-global-color-4)","background-image":"","background-repeat":"repeat","background-position":"center center","background-size":"auto","background-attachment":"scroll","background-type":"","background-media":"","overlay-type":"","overlay-color":"","overlay-opacity":"","overlay-gradient":""},"tablet":{"background-color":"","background-image":"","background-repeat":"repeat","background-position":"center center","background-size":"auto","background-attachment":"scroll","background-type":"","background-media":"","overlay-type":"","overlay-color":"","overlay-opacity":"","overlay-gradient":""},"mobile":{"background-color":"","background-image":"","background-repeat":"repeat","background-position":"center center","background-size":"auto","background-attachment":"scroll","background-type":"","background-media":"","overlay-type":"","overlay-color":"","overlay-opacity":"","overlay-gradient":""}},"ast-content-background-meta":{"desktop":{"background-color":"var(--ast-global-color-5)","background-image":"","background-repeat":"repeat","background-position":"center center","background-size":"auto","background-attachment":"scroll","background-type":"","background-media":"","overlay-type":"","overlay-color":"","overlay-opacity":"","overlay-gradient":""},"tablet":{"background-color":"var(--ast-global-color-5)","background-image":"","background-repeat":"repeat","background-position":"center center","background-size":"auto","background-attachment":"scroll","background-type":"","background-media":"","overlay-type":"","overlay-color":"","overlay-opacity":"","overlay-gradient":""},"mobile":{"background-color":"var(--ast-global-color-5)","background-image":"","background-repeat":"repeat","background-position":"center center","background-size":"auto","background-attachment":"scroll","background-type":"","background-media":"","overlay-type":"","overlay-color":"","overlay-opacity":"","overlay-gradient":""}},"footnotes":""},"class_list":["post-23491","page","type-page","status-publish","hentry"],"post_mailing_queue_ids":[],"_links":{"self":[{"href":"https:\/\/serveiseducatius.xtec.cat\/baixllobregat6\/wp-json\/wp\/v2\/pages\/23491","targetHints":{"allow":["GET"]}}],"collection":[{"href":"https:\/\/serveiseducatius.xtec.cat\/baixllobregat6\/wp-json\/wp\/v2\/pages"}],"about":[{"href":"https:\/\/serveiseducatius.xtec.cat\/baixllobregat6\/wp-json\/wp\/v2\/types\/page"}],"author":[{"embeddable":true,"href":"https:\/\/serveiseducatius.xtec.cat\/baixllobregat6\/wp-json\/wp\/v2\/users\/1"}],"replies":[{"embeddable":true,"href":"https:\/\/serveiseducatius.xtec.cat\/baixllobregat6\/wp-json\/wp\/v2\/comments?post=23491"}],"version-history":[{"count":6,"href":"https:\/\/serveiseducatius.xtec.cat\/baixllobregat6\/wp-json\/wp\/v2\/pages\/23491\/revisions"}],"predecessor-version":[{"id":32594,"href":"https:\/\/serveiseducatius.xtec.cat\/baixllobregat6\/wp-json\/wp\/v2\/pages\/23491\/revisions\/32594"}],"up":[{"embeddable":true,"href":"https:\/\/serveiseducatius.xtec.cat\/baixllobregat6\/wp-json\/wp\/v2\/pages\/906"}],"wp:attachment":[{"href":"https:\/\/serveiseducatius.xtec.cat\/baixllobregat6\/wp-json\/wp\/v2\/media?parent=23491"}],"curies":[{"name":"wp","href":"https:\/\/api.w.org\/{rel}","templated":true}]}}