{"id":18716,"date":"2020-04-03T10:56:19","date_gmt":"2020-04-03T08:56:19","guid":{"rendered":"http:\/\/serveiseducatius.xtec.cat\/baixllobregat6\/?page_id=18716"},"modified":"2024-04-24T10:00:39","modified_gmt":"2024-04-24T08:00:39","slug":"els-contes","status":"publish","type":"page","link":"https:\/\/serveiseducatius.xtec.cat\/baixllobregat6\/compartim-un-conte\/els-contes\/","title":{"rendered":"Els contes"},"content":{"rendered":"<p>Aquesta din\u00e0mica est\u00e0 adre\u00e7ada als alumnes\u00a0 de 5\u00e8 i 6\u00e8 de prim\u00e0ria dels centres de la demarcaci\u00f3 Baix Llobregat-VI. Consisteix en treballar col\u00b7laborativament amb la finalitat de construir <a href=\"https:\/\/serveiseducatius.xtec.cat\/baixllobregat6\/compartim-un-conte\/els-contes\/els-contes-de-cinque-i-sise-2023-2024\/\" target=\"_blank\" rel=\"noopener\">un conte compartit<\/a>.<span id=\"more-26950\"><\/span><\/p>\n<p>El procediment per a realitzar-ho ha estat el seg\u00fcent: un autor que ha escrit diverses obres fent \u00fas de diferents g\u00e8neres literaris ens escriu <a href=\"https:\/\/serveiseducatius.xtec.cat\/baixllobregat6\/compartim-un-conte\/inici-del-conte\/\" target=\"_blank\" rel=\"noopener\">l\u2019inici del conte<\/a>. El seu relat ens permet con\u00e8ixer els primers personatges i l&#8217;inici d&#8217;una hist\u00f2ria.\u00a0<span id=\"more-24841\"><\/span><\/p>\n<p>A partir d\u2019aqu\u00ed, un centre se n\u2019ocupa de redactar el nus i un de diferent el desenlla\u00e7 del conte, incorporant alhora en l\u2019edici\u00f3 de les il\u00b7lustracions, per a obtenir una hist\u00f2ria completa.<\/p>\n<p>El resultat d\u2019aquesta activitat s\u00f3n els diferents contes plens d\u2019aventures i descobriment de secrets a partir de la relaci\u00f3 dels protagonistes.<\/p>\n<p>En el men\u00fa de l&#8217;esquerra es pot accedir al contingut dels contes de les diferents edicions<\/p>\n","protected":false},"excerpt":{"rendered":"<p>Aquesta din\u00e0mica est\u00e0 adre\u00e7ada als alumnes\u00a0 de 5\u00e8 i 6\u00e8 de prim\u00e0ria dels centres de la demarcaci\u00f3 Baix Llobregat-VI. Consisteix en treballar col\u00b7laborativament amb la finalitat de construir un conte compartit. El procediment per a realitzar-ho ha estat el seg\u00fcent: un autor que ha escrit diverses obres fent \u00fas de diferents g\u00e8neres literaris ens escriu [&hellip;]<\/p>\n","protected":false},"author":1,"featured_media":0,"parent":17613,"menu_order":11,"comment_status":"closed","ping_status":"closed","template":"page-templates\/side-menu.php","meta":{"_bbp_topic_count":0,"_bbp_reply_count":0,"_bbp_total_topic_count":0,"_bbp_total_reply_count":0,"_bbp_voice_count":0,"_bbp_anonymous_reply_count":0,"_bbp_topic_count_hidden":0,"_bbp_reply_count_hidden":0,"_bbp_forum_subforum_count":0,"site-sidebar-layout":"default","site-content-layout":"","ast-site-content-layout":"","site-content-style":"default","site-sidebar-style":"default","ast-global-header-display":"","ast-banner-title-visibility":"","ast-main-header-display":"","ast-hfb-above-header-display":"","ast-hfb-below-header-display":"","ast-hfb-mobile-header-display":"","site-post-title":"","ast-breadcrumbs-content":"","ast-featured-img":"","footer-sml-layout":"","theme-transparent-header-meta":"","adv-header-id-meta":"","stick-header-meta":"","header-above-stick-meta":"","header-main-stick-meta":"","header-below-stick-meta":"","astra-migrate-meta-layouts":"default","ast-page-background-enabled":"default","ast-page-background-meta":{"desktop":{"background-color":"var(--ast-global-color-4)","background-image":"","background-repeat":"repeat","background-position":"center center","background-size":"auto","background-attachment":"scroll","background-type":"","background-media":"","overlay-type":"","overlay-color":"","overlay-opacity":"","overlay-gradient":""},"tablet":{"background-color":"","background-image":"","background-repeat":"repeat","background-position":"center center","background-size":"auto","background-attachment":"scroll","background-type":"","background-media":"","overlay-type":"","overlay-color":"","overlay-opacity":"","overlay-gradient":""},"mobile":{"background-color":"","background-image":"","background-repeat":"repeat","background-position":"center center","background-size":"auto","background-attachment":"scroll","background-type":"","background-media":"","overlay-type":"","overlay-color":"","overlay-opacity":"","overlay-gradient":""}},"ast-content-background-meta":{"desktop":{"background-color":"var(--ast-global-color-5)","background-image":"","background-repeat":"repeat","background-position":"center center","background-size":"auto","background-attachment":"scroll","background-type":"","background-media":"","overlay-type":"","overlay-color":"","overlay-opacity":"","overlay-gradient":""},"tablet":{"background-color":"var(--ast-global-color-5)","background-image":"","background-repeat":"repeat","background-position":"center center","background-size":"auto","background-attachment":"scroll","background-type":"","background-media":"","overlay-type":"","overlay-color":"","overlay-opacity":"","overlay-gradient":""},"mobile":{"background-color":"var(--ast-global-color-5)","background-image":"","background-repeat":"repeat","background-position":"center center","background-size":"auto","background-attachment":"scroll","background-type":"","background-media":"","overlay-type":"","overlay-color":"","overlay-opacity":"","overlay-gradient":""}},"footnotes":""},"class_list":["post-18716","page","type-page","status-publish","hentry"],"post_mailing_queue_ids":[],"_links":{"self":[{"href":"https:\/\/serveiseducatius.xtec.cat\/baixllobregat6\/wp-json\/wp\/v2\/pages\/18716","targetHints":{"allow":["GET"]}}],"collection":[{"href":"https:\/\/serveiseducatius.xtec.cat\/baixllobregat6\/wp-json\/wp\/v2\/pages"}],"about":[{"href":"https:\/\/serveiseducatius.xtec.cat\/baixllobregat6\/wp-json\/wp\/v2\/types\/page"}],"author":[{"embeddable":true,"href":"https:\/\/serveiseducatius.xtec.cat\/baixllobregat6\/wp-json\/wp\/v2\/users\/1"}],"replies":[{"embeddable":true,"href":"https:\/\/serveiseducatius.xtec.cat\/baixllobregat6\/wp-json\/wp\/v2\/comments?post=18716"}],"version-history":[{"count":5,"href":"https:\/\/serveiseducatius.xtec.cat\/baixllobregat6\/wp-json\/wp\/v2\/pages\/18716\/revisions"}],"predecessor-version":[{"id":26957,"href":"https:\/\/serveiseducatius.xtec.cat\/baixllobregat6\/wp-json\/wp\/v2\/pages\/18716\/revisions\/26957"}],"up":[{"embeddable":true,"href":"https:\/\/serveiseducatius.xtec.cat\/baixllobregat6\/wp-json\/wp\/v2\/pages\/17613"}],"wp:attachment":[{"href":"https:\/\/serveiseducatius.xtec.cat\/baixllobregat6\/wp-json\/wp\/v2\/media?parent=18716"}],"curies":[{"name":"wp","href":"https:\/\/api.w.org\/{rel}","templated":true}]}}