{"id":17643,"date":"2019-11-21T08:46:48","date_gmt":"2019-11-21T07:46:48","guid":{"rendered":"http:\/\/serveiseducatius.xtec.cat\/baixllobregat6\/?page_id=17643"},"modified":"2023-10-19T13:07:54","modified_gmt":"2023-10-19T11:07:54","slug":"lautor","status":"publish","type":"page","link":"https:\/\/serveiseducatius.xtec.cat\/baixllobregat6\/compartim-un-conte\/inici-del-conte\/lautor\/","title":{"rendered":"L&#8217;autor. Curs 2021-22"},"content":{"rendered":"<p><img loading=\"lazy\" decoding=\"async\" class=\" wp-image-21868 aligncenter\" src=\"https:\/\/serveiseducatius.xtec.cat\/baixllobregat6\/wp-content\/uploads\/usu778\/2021\/11\/xavi.jpg\" alt=\"\" width=\"616\" height=\"616\" srcset=\"https:\/\/serveiseducatius.xtec.cat\/baixllobregat6\/wp-content\/uploads\/usu778\/2021\/11\/xavi.jpg 1024w, https:\/\/serveiseducatius.xtec.cat\/baixllobregat6\/wp-content\/uploads\/usu778\/2021\/11\/xavi-520x520.jpg 520w, https:\/\/serveiseducatius.xtec.cat\/baixllobregat6\/wp-content\/uploads\/usu778\/2021\/11\/xavi-150x150.jpg 150w, https:\/\/serveiseducatius.xtec.cat\/baixllobregat6\/wp-content\/uploads\/usu778\/2021\/11\/xavi-768x768.jpg 768w\" sizes=\"auto, (max-width: 616px) 100vw, 616px\" \/><\/p>\n<p>L\u2019autor de l\u2019inici del conte \u00e9s en <strong>Xavier V\u00e1zquez Chimeno<\/strong>.<\/p>\n<p>Va n\u00e9ixer a Barcelona el 1982. Ha fet de mestre molts anys a diferents poblacions del Baix Llobregat. Actualment resideix a Cervell\u00f3 i treballa al Servei de Suport a la Comunitat Educativa del Departament d\u2019Educaci\u00f3, on mira d\u2019aportar el seu granet de sorra perqu\u00e8 totes les persones que hi treballen recordin l\u2019objectiu final: l\u2019\u00e8xit educatiu i personal de tots els infants i joves de\u00a0Catalunya.<\/p>\n<p>Membre d\u2019una fam\u00edlia nombrosa, va cr\u00e9ixer al barri hospitalenc de Bellvitge envoltat sempre dels seus germans i germanes, amb qui no parava d\u2019inventar-se jocs per fer passar l\u2019estona. Sempre li ha agradat escriure i imaginar-se hist\u00f2ries, fins que va passar per l\u2019escola de Narrativa Terap\u00e8utica i va descobrir que podia ser bona idea compartir amb tothom all\u00f2 que escrivia.<\/p>\n<p>Va guanyar el premi a millor autor proper al concurs internacional de relat curt El Laurel, i el seu relat Aquella mirada va ser publicat a la XV Antologia del certamen. Tamb\u00e9 ha escrit el pr\u00f2leg de la mateixa antologia de l\u2019edici\u00f3 de 2021, Manos de mantequilla.<\/p>\n<p>Actualment segueix escrivint quan t\u00e9 estones lliures tot combinant-ho, per a delit de les seves dues filles, amb bones dosis de pallassades. Per a ell, el sentit m\u00e9s important de tots, \u00e9s el de l\u2019humor.<\/p>\n","protected":false},"excerpt":{"rendered":"<p>L\u2019autor de l\u2019inici del conte \u00e9s en Xavier V\u00e1zquez Chimeno. Va n\u00e9ixer a Barcelona el 1982. Ha fet de mestre molts anys a diferents poblacions del Baix Llobregat. Actualment resideix a Cervell\u00f3 i treballa al Servei de Suport a la Comunitat Educativa del Departament d\u2019Educaci\u00f3, on mira d\u2019aportar el seu granet de sorra perqu\u00e8 totes [&hellip;]<\/p>\n","protected":false},"author":1,"featured_media":0,"parent":17615,"menu_order":110,"comment_status":"closed","ping_status":"closed","template":"page-templates\/side-menu.php","meta":{"_bbp_topic_count":0,"_bbp_reply_count":0,"_bbp_total_topic_count":0,"_bbp_total_reply_count":0,"_bbp_voice_count":0,"_bbp_anonymous_reply_count":0,"_bbp_topic_count_hidden":0,"_bbp_reply_count_hidden":0,"_bbp_forum_subforum_count":0,"site-sidebar-layout":"default","site-content-layout":"","ast-site-content-layout":"","site-content-style":"default","site-sidebar-style":"default","ast-global-header-display":"","ast-banner-title-visibility":"","ast-main-header-display":"","ast-hfb-above-header-display":"","ast-hfb-below-header-display":"","ast-hfb-mobile-header-display":"","site-post-title":"","ast-breadcrumbs-content":"","ast-featured-img":"","footer-sml-layout":"","theme-transparent-header-meta":"","adv-header-id-meta":"","stick-header-meta":"","header-above-stick-meta":"","header-main-stick-meta":"","header-below-stick-meta":"","astra-migrate-meta-layouts":"default","ast-page-background-enabled":"default","ast-page-background-meta":{"desktop":{"background-color":"var(--ast-global-color-4)","background-image":"","background-repeat":"repeat","background-position":"center center","background-size":"auto","background-attachment":"scroll","background-type":"","background-media":"","overlay-type":"","overlay-color":"","overlay-opacity":"","overlay-gradient":""},"tablet":{"background-color":"","background-image":"","background-repeat":"repeat","background-position":"center center","background-size":"auto","background-attachment":"scroll","background-type":"","background-media":"","overlay-type":"","overlay-color":"","overlay-opacity":"","overlay-gradient":""},"mobile":{"background-color":"","background-image":"","background-repeat":"repeat","background-position":"center center","background-size":"auto","background-attachment":"scroll","background-type":"","background-media":"","overlay-type":"","overlay-color":"","overlay-opacity":"","overlay-gradient":""}},"ast-content-background-meta":{"desktop":{"background-color":"var(--ast-global-color-5)","background-image":"","background-repeat":"repeat","background-position":"center center","background-size":"auto","background-attachment":"scroll","background-type":"","background-media":"","overlay-type":"","overlay-color":"","overlay-opacity":"","overlay-gradient":""},"tablet":{"background-color":"var(--ast-global-color-5)","background-image":"","background-repeat":"repeat","background-position":"center center","background-size":"auto","background-attachment":"scroll","background-type":"","background-media":"","overlay-type":"","overlay-color":"","overlay-opacity":"","overlay-gradient":""},"mobile":{"background-color":"var(--ast-global-color-5)","background-image":"","background-repeat":"repeat","background-position":"center center","background-size":"auto","background-attachment":"scroll","background-type":"","background-media":"","overlay-type":"","overlay-color":"","overlay-opacity":"","overlay-gradient":""}},"footnotes":""},"class_list":["post-17643","page","type-page","status-publish","hentry"],"post_mailing_queue_ids":[],"_links":{"self":[{"href":"https:\/\/serveiseducatius.xtec.cat\/baixllobregat6\/wp-json\/wp\/v2\/pages\/17643","targetHints":{"allow":["GET"]}}],"collection":[{"href":"https:\/\/serveiseducatius.xtec.cat\/baixllobregat6\/wp-json\/wp\/v2\/pages"}],"about":[{"href":"https:\/\/serveiseducatius.xtec.cat\/baixllobregat6\/wp-json\/wp\/v2\/types\/page"}],"author":[{"embeddable":true,"href":"https:\/\/serveiseducatius.xtec.cat\/baixllobregat6\/wp-json\/wp\/v2\/users\/1"}],"replies":[{"embeddable":true,"href":"https:\/\/serveiseducatius.xtec.cat\/baixllobregat6\/wp-json\/wp\/v2\/comments?post=17643"}],"version-history":[{"count":5,"href":"https:\/\/serveiseducatius.xtec.cat\/baixllobregat6\/wp-json\/wp\/v2\/pages\/17643\/revisions"}],"predecessor-version":[{"id":25803,"href":"https:\/\/serveiseducatius.xtec.cat\/baixllobregat6\/wp-json\/wp\/v2\/pages\/17643\/revisions\/25803"}],"up":[{"embeddable":true,"href":"https:\/\/serveiseducatius.xtec.cat\/baixllobregat6\/wp-json\/wp\/v2\/pages\/17615"}],"wp:attachment":[{"href":"https:\/\/serveiseducatius.xtec.cat\/baixllobregat6\/wp-json\/wp\/v2\/media?parent=17643"}],"curies":[{"name":"wp","href":"https:\/\/api.w.org\/{rel}","templated":true}]}}