{"id":17621,"date":"2019-11-20T10:47:48","date_gmt":"2019-11-20T09:47:48","guid":{"rendered":"http:\/\/serveiseducatius.xtec.cat\/baixllobregat6\/?page_id=17621"},"modified":"2024-01-17T10:16:34","modified_gmt":"2024-01-17T09:16:34","slug":"organitzacio-dels-grups","status":"publish","type":"page","link":"https:\/\/serveiseducatius.xtec.cat\/baixllobregat6\/compartim-un-conte\/organitzacio-dels-grups\/","title":{"rendered":"Organitzaci\u00f3 dels grups i centres participants"},"content":{"rendered":"<p>El centres s&#8217;agrupen en dos grups, els que redacten el nus i els que redacten el desenlla\u00e7.<\/p>\n<p>Les assignacions i combinacions de grups es faran des del servei educatiu. Alguns aspectes que s&#8217;han tingut en compte en aquest proc\u00e9s s\u00f3n:<\/p>\n<ul>\n<li>No coincid\u00e8ncia en nus i desenlla\u00e7 de grups d\u2019un mateix centre.<\/li>\n<li>S&#8217;ha procurat, sempre que ha estat possible, que els aparellaments fossin entre centres de poblacions diferents.<\/li>\n<\/ul>\n<p>Les escoles participants en l&#8217;edici\u00f3 del curs 2023-2024 s\u00f3n<strong>:<\/strong><\/p>\n<h5>Corbera de Llobregat<\/h5>\n<ul>\n<li style=\"list-style-type: none;\">\n<ul>\n<li><strong>Jaume Balmes <\/strong>(5\u00e8A i 5\u00e8B)<\/li>\n<li><strong>Puig d&#8217;Agulles<\/strong> (6\u00e8)<\/li>\n<\/ul>\n<\/li>\n<\/ul>\n<h5>Sant Vicen\u00e7 dels Horts<\/h5>\n<ul>\n<li style=\"list-style-type: none;\">\n<ul>\n<li><strong>La Gu\u00e0rdia<\/strong> (5\u00e8)<\/li>\n<li><strong>Sant Vicen\u00e7<\/strong> (5\u00e8A i 5\u00e8B)<\/li>\n<\/ul>\n<\/li>\n<\/ul>\n<h5>Vallirana<\/h5>\n<ul>\n<li style=\"list-style-type: none;\">\n<ul>\n<li><strong>La Ginesta<\/strong> (5\u00e8)<\/li>\n<li><strong>L&#8217;Olivera<\/strong> (5\u00e8A i 5\u00e8B)<\/li>\n<\/ul>\n<\/li>\n<\/ul>\n<p><a href=\"https:\/\/serveiseducatius.xtec.cat\/baixllobregat6\/compartim-un-conte\/organitzacio-dels-grups\/attachment\/compartim-23-24\/\" rel=\"attachment wp-att-26200\"><img loading=\"lazy\" decoding=\"async\" class=\"alignleft size-full wp-image-26200\" src=\"https:\/\/serveiseducatius.xtec.cat\/baixllobregat6\/wp-content\/uploads\/usu778\/2024\/01\/compartim-23-24.jpg\" alt=\"\" width=\"838\" height=\"598\" srcset=\"https:\/\/serveiseducatius.xtec.cat\/baixllobregat6\/wp-content\/uploads\/usu778\/2024\/01\/compartim-23-24.jpg 838w, https:\/\/serveiseducatius.xtec.cat\/baixllobregat6\/wp-content\/uploads\/usu778\/2024\/01\/compartim-23-24-520x371.jpg 520w, https:\/\/serveiseducatius.xtec.cat\/baixllobregat6\/wp-content\/uploads\/usu778\/2024\/01\/compartim-23-24-768x548.jpg 768w\" sizes=\"auto, (max-width: 838px) 100vw, 838px\" \/><\/a><\/p>\n<p>&nbsp;<\/p>\n<p>&nbsp;<\/p>\n<p>&nbsp;<\/p>\n<p>&nbsp;<\/p>\n<p>&nbsp;<\/p>\n<p>&nbsp;<\/p>\n<p>&nbsp;<\/p>\n<p>&nbsp;<\/p>\n<p>&nbsp;<\/p>\n<p>&nbsp;<\/p>\n<p>&nbsp;<\/p>\n<p>&nbsp;<\/p>\n","protected":false},"excerpt":{"rendered":"<p>El centres s&#8217;agrupen en dos grups, els que redacten el nus i els que redacten el desenlla\u00e7. Les assignacions i combinacions de grups es faran des del servei educatiu. Alguns aspectes que s&#8217;han tingut en compte en aquest proc\u00e9s s\u00f3n: No coincid\u00e8ncia en nus i desenlla\u00e7 de grups d\u2019un mateix centre. S&#8217;ha procurat, sempre que [&hellip;]<\/p>\n","protected":false},"author":1,"featured_media":0,"parent":17613,"menu_order":20,"comment_status":"closed","ping_status":"closed","template":"page-templates\/side-menu.php","meta":{"_bbp_topic_count":0,"_bbp_reply_count":0,"_bbp_total_topic_count":0,"_bbp_total_reply_count":0,"_bbp_voice_count":0,"_bbp_anonymous_reply_count":0,"_bbp_topic_count_hidden":0,"_bbp_reply_count_hidden":0,"_bbp_forum_subforum_count":0,"site-sidebar-layout":"default","site-content-layout":"","ast-site-content-layout":"","site-content-style":"default","site-sidebar-style":"default","ast-global-header-display":"","ast-banner-title-visibility":"","ast-main-header-display":"","ast-hfb-above-header-display":"","ast-hfb-below-header-display":"","ast-hfb-mobile-header-display":"","site-post-title":"","ast-breadcrumbs-content":"","ast-featured-img":"","footer-sml-layout":"","theme-transparent-header-meta":"","adv-header-id-meta":"","stick-header-meta":"","header-above-stick-meta":"","header-main-stick-meta":"","header-below-stick-meta":"","astra-migrate-meta-layouts":"default","ast-page-background-enabled":"default","ast-page-background-meta":{"desktop":{"background-color":"var(--ast-global-color-4)","background-image":"","background-repeat":"repeat","background-position":"center center","background-size":"auto","background-attachment":"scroll","background-type":"","background-media":"","overlay-type":"","overlay-color":"","overlay-opacity":"","overlay-gradient":""},"tablet":{"background-color":"","background-image":"","background-repeat":"repeat","background-position":"center center","background-size":"auto","background-attachment":"scroll","background-type":"","background-media":"","overlay-type":"","overlay-color":"","overlay-opacity":"","overlay-gradient":""},"mobile":{"background-color":"","background-image":"","background-repeat":"repeat","background-position":"center center","background-size":"auto","background-attachment":"scroll","background-type":"","background-media":"","overlay-type":"","overlay-color":"","overlay-opacity":"","overlay-gradient":""}},"ast-content-background-meta":{"desktop":{"background-color":"var(--ast-global-color-5)","background-image":"","background-repeat":"repeat","background-position":"center center","background-size":"auto","background-attachment":"scroll","background-type":"","background-media":"","overlay-type":"","overlay-color":"","overlay-opacity":"","overlay-gradient":""},"tablet":{"background-color":"var(--ast-global-color-5)","background-image":"","background-repeat":"repeat","background-position":"center center","background-size":"auto","background-attachment":"scroll","background-type":"","background-media":"","overlay-type":"","overlay-color":"","overlay-opacity":"","overlay-gradient":""},"mobile":{"background-color":"var(--ast-global-color-5)","background-image":"","background-repeat":"repeat","background-position":"center center","background-size":"auto","background-attachment":"scroll","background-type":"","background-media":"","overlay-type":"","overlay-color":"","overlay-opacity":"","overlay-gradient":""}},"footnotes":""},"class_list":["post-17621","page","type-page","status-publish","hentry"],"post_mailing_queue_ids":[],"_links":{"self":[{"href":"https:\/\/serveiseducatius.xtec.cat\/baixllobregat6\/wp-json\/wp\/v2\/pages\/17621","targetHints":{"allow":["GET"]}}],"collection":[{"href":"https:\/\/serveiseducatius.xtec.cat\/baixllobregat6\/wp-json\/wp\/v2\/pages"}],"about":[{"href":"https:\/\/serveiseducatius.xtec.cat\/baixllobregat6\/wp-json\/wp\/v2\/types\/page"}],"author":[{"embeddable":true,"href":"https:\/\/serveiseducatius.xtec.cat\/baixllobregat6\/wp-json\/wp\/v2\/users\/1"}],"replies":[{"embeddable":true,"href":"https:\/\/serveiseducatius.xtec.cat\/baixllobregat6\/wp-json\/wp\/v2\/comments?post=17621"}],"version-history":[{"count":4,"href":"https:\/\/serveiseducatius.xtec.cat\/baixllobregat6\/wp-json\/wp\/v2\/pages\/17621\/revisions"}],"predecessor-version":[{"id":26201,"href":"https:\/\/serveiseducatius.xtec.cat\/baixllobregat6\/wp-json\/wp\/v2\/pages\/17621\/revisions\/26201"}],"up":[{"embeddable":true,"href":"https:\/\/serveiseducatius.xtec.cat\/baixllobregat6\/wp-json\/wp\/v2\/pages\/17613"}],"wp:attachment":[{"href":"https:\/\/serveiseducatius.xtec.cat\/baixllobregat6\/wp-json\/wp\/v2\/media?parent=17621"}],"curies":[{"name":"wp","href":"https:\/\/api.w.org\/{rel}","templated":true}]}}