{"id":17613,"date":"2019-11-20T10:38:54","date_gmt":"2019-11-20T09:38:54","guid":{"rendered":"http:\/\/serveiseducatius.xtec.cat\/baixllobregat6\/?page_id=17613"},"modified":"2024-04-24T09:53:11","modified_gmt":"2024-04-24T07:53:11","slug":"compartim-un-conte","status":"publish","type":"page","link":"https:\/\/serveiseducatius.xtec.cat\/baixllobregat6\/compartim-un-conte\/","title":{"rendered":"Compartim un conte"},"content":{"rendered":"<p><strong>Compartim un conte<\/strong> \u00e9s una proposta que fa el Centre de Recursos Pedag\u00f2gics i la Coordinaci\u00f3 LIC del Servei Educatiu Baix Llobregat-VI als alumnes de cicle superior de les escoles de la seva demarcaci\u00f3. La 1a edici\u00f3 s&#8217;inicia en el marc del Seminari de Biblioteques del curs 2004-2005. De manera intermitent s&#8217;ha mantingut l&#8217;activitat i enguany la continuem.<\/p>\n<p>Es tracta d&#8217;una activitat d\u2019escriptura creativa on els alumnes participants han d&#8217;escriure la continuaci\u00f3 (nus i desenlla\u00e7) d&#8217;un inici de conte que es proposa des del servei educatiu. Enguany aquest inici anir\u00e0 a c\u00e0rrec de <a href=\"https:\/\/serveiseducatius.xtec.cat\/baixllobregat6\/compartim-un-conte\/inici-del-conte\/lautor-curs-2023-24\/\" target=\"_blank\" rel=\"noopener\">Santi Balmes<\/a>.<\/p>\n<p>En aquesta edici\u00f3 2023-2024 de <strong>Compartim un conte <\/strong>hi participen 7 escoles i un total de 11 grups, nou de cinqu\u00e8 i dos de sis\u00e8.<\/p>\n<p>A continuaci\u00f3 podeu llegir els contes de les edicions passades:<\/p>\n<ul>\n<li><a href=\"https:\/\/serveiseducatius.xtec.cat\/baixllobregat6\/compartim-un-conte\/inici-del-conte\/lautor-curs-2023-24\/\" target=\"_blank\" rel=\"noopener\">2023-2024. Inici escrit pel Santi Balmes<\/a><\/li>\n<li><a href=\"https:\/\/serveiseducatius.xtec.cat\/baixllobregat6\/compartim-un-conte\/els-contes\/els-contes-de-cinque-2022-2023\/\" target=\"_blank\" rel=\"noopener\">2022-2023. Inici escrit per la Margarida Camprub\u00ed.<\/a><\/li>\n<li><a href=\"https:\/\/serveiseducatius.xtec.cat\/baixllobregat6\/compartim-un-conte\/els-contes\/els-contes-de-cinque-i-sise-2021-2022\/\" target=\"_blank\" rel=\"noopener\">2021-2022. Inici escrit per la Xavier V\u00e0zquez.<\/a><\/li>\n<li><a href=\"https:\/\/serveiseducatius.xtec.cat\/baixllobregat6\/compartim-un-conte\/els-contes\/els-contes-de-cinque-2020-2021\/\" target=\"_blank\" rel=\"noopener\">2020-2021. Inici escrit per la Merc\u00e8 Anguera.<\/a><\/li>\n<li><a href=\"https:\/\/serveiseducatius.xtec.cat\/baixllobregat6\/portada\/compartim-un-conte-ja-podeu-llegir-les-histories-de-markmarc\/\" target=\"_blank\" rel=\"noopener noreferrer\">2019-2020. Inici escrit per la Merc\u00e8 Anguera.<\/a><\/li>\n<li><a href=\"http:\/\/www.xtec.cat\/crp-baixllobregat6\/mesv\/conte06\/conte06.htm\" target=\"_blank\" rel=\"noopener noreferrer\">2005-2006. Inici escrit per la Merc\u00e8 Anguera<\/a>.<\/li>\n<li><a style=\"font-family: inherit; font-size: 1em;\" href=\"http:\/\/www.xtec.cat\/crp-baixllobregat6\/mesv\/conte\/conte00.htm\" target=\"_blank\" rel=\"noopener noreferrer\">2004-2005. Inici escrit per l&#8217;Elena O&#8217;Callaghan<\/a><span style=\"font-family: inherit; font-size: 1em;\">.<\/span><\/li>\n<\/ul>\n<p>&nbsp;<\/p>\n","protected":false},"excerpt":{"rendered":"<p>Compartim un conte \u00e9s una proposta que fa el Centre de Recursos Pedag\u00f2gics i la Coordinaci\u00f3 LIC del Servei Educatiu Baix Llobregat-VI als alumnes de cicle superior de les escoles de la seva demarcaci\u00f3. La 1a edici\u00f3 s&#8217;inicia en el marc del Seminari de Biblioteques del curs 2004-2005. De manera intermitent s&#8217;ha mantingut l&#8217;activitat i [&hellip;]<\/p>\n","protected":false},"author":1,"featured_media":0,"parent":0,"menu_order":0,"comment_status":"closed","ping_status":"closed","template":"page-templates\/side-menu.php","meta":{"_bbp_topic_count":0,"_bbp_reply_count":0,"_bbp_total_topic_count":0,"_bbp_total_reply_count":0,"_bbp_voice_count":0,"_bbp_anonymous_reply_count":0,"_bbp_topic_count_hidden":0,"_bbp_reply_count_hidden":0,"_bbp_forum_subforum_count":0,"site-sidebar-layout":"default","site-content-layout":"","ast-site-content-layout":"","site-content-style":"default","site-sidebar-style":"default","ast-global-header-display":"","ast-banner-title-visibility":"","ast-main-header-display":"","ast-hfb-above-header-display":"","ast-hfb-below-header-display":"","ast-hfb-mobile-header-display":"","site-post-title":"","ast-breadcrumbs-content":"","ast-featured-img":"","footer-sml-layout":"","theme-transparent-header-meta":"","adv-header-id-meta":"","stick-header-meta":"","header-above-stick-meta":"","header-main-stick-meta":"","header-below-stick-meta":"","astra-migrate-meta-layouts":"default","ast-page-background-enabled":"default","ast-page-background-meta":{"desktop":{"background-color":"var(--ast-global-color-4)","background-image":"","background-repeat":"repeat","background-position":"center center","background-size":"auto","background-attachment":"scroll","background-type":"","background-media":"","overlay-type":"","overlay-color":"","overlay-opacity":"","overlay-gradient":""},"tablet":{"background-color":"","background-image":"","background-repeat":"repeat","background-position":"center center","background-size":"auto","background-attachment":"scroll","background-type":"","background-media":"","overlay-type":"","overlay-color":"","overlay-opacity":"","overlay-gradient":""},"mobile":{"background-color":"","background-image":"","background-repeat":"repeat","background-position":"center center","background-size":"auto","background-attachment":"scroll","background-type":"","background-media":"","overlay-type":"","overlay-color":"","overlay-opacity":"","overlay-gradient":""}},"ast-content-background-meta":{"desktop":{"background-color":"var(--ast-global-color-5)","background-image":"","background-repeat":"repeat","background-position":"center center","background-size":"auto","background-attachment":"scroll","background-type":"","background-media":"","overlay-type":"","overlay-color":"","overlay-opacity":"","overlay-gradient":""},"tablet":{"background-color":"var(--ast-global-color-5)","background-image":"","background-repeat":"repeat","background-position":"center center","background-size":"auto","background-attachment":"scroll","background-type":"","background-media":"","overlay-type":"","overlay-color":"","overlay-opacity":"","overlay-gradient":""},"mobile":{"background-color":"var(--ast-global-color-5)","background-image":"","background-repeat":"repeat","background-position":"center center","background-size":"auto","background-attachment":"scroll","background-type":"","background-media":"","overlay-type":"","overlay-color":"","overlay-opacity":"","overlay-gradient":""}},"footnotes":""},"class_list":["post-17613","page","type-page","status-publish","hentry"],"post_mailing_queue_ids":[],"_links":{"self":[{"href":"https:\/\/serveiseducatius.xtec.cat\/baixllobregat6\/wp-json\/wp\/v2\/pages\/17613","targetHints":{"allow":["GET"]}}],"collection":[{"href":"https:\/\/serveiseducatius.xtec.cat\/baixllobregat6\/wp-json\/wp\/v2\/pages"}],"about":[{"href":"https:\/\/serveiseducatius.xtec.cat\/baixllobregat6\/wp-json\/wp\/v2\/types\/page"}],"author":[{"embeddable":true,"href":"https:\/\/serveiseducatius.xtec.cat\/baixllobregat6\/wp-json\/wp\/v2\/users\/1"}],"replies":[{"embeddable":true,"href":"https:\/\/serveiseducatius.xtec.cat\/baixllobregat6\/wp-json\/wp\/v2\/comments?post=17613"}],"version-history":[{"count":6,"href":"https:\/\/serveiseducatius.xtec.cat\/baixllobregat6\/wp-json\/wp\/v2\/pages\/17613\/revisions"}],"predecessor-version":[{"id":26955,"href":"https:\/\/serveiseducatius.xtec.cat\/baixllobregat6\/wp-json\/wp\/v2\/pages\/17613\/revisions\/26955"}],"wp:attachment":[{"href":"https:\/\/serveiseducatius.xtec.cat\/baixllobregat6\/wp-json\/wp\/v2\/media?parent=17613"}],"curies":[{"name":"wp","href":"https:\/\/api.w.org\/{rel}","templated":true}]}}