{"id":16589,"date":"2019-06-12T09:26:57","date_gmt":"2019-06-12T07:26:57","guid":{"rendered":"http:\/\/serveiseducatius.xtec.cat\/baixllobregat6\/?page_id=16589"},"modified":"2019-07-02T12:01:48","modified_gmt":"2019-07-02T10:01:48","slug":"laura-moya-prados","status":"publish","type":"page","link":"https:\/\/serveiseducatius.xtec.cat\/baixllobregat6\/trobada-pedagogica-educacio-infantil-2019\/laura-moya-prados\/","title":{"rendered":"Laura Moya Prados"},"content":{"rendered":"<blockquote><p>Contacte: <strong>Laura.Moya@uab.cat<\/strong><\/p><\/blockquote>\n<table style=\"width: 820px;\">\n<tbody>\n<tr>\n<td style=\"width: 144px; vertical-align: top;\"><img loading=\"lazy\" decoding=\"async\" class=\"alignnone size-full wp-image-16614\" src=\"https:\/\/serveiseducatius.xtec.cat\/baixllobregat6\/wp-content\/uploads\/usu778\/2019\/06\/trobada_moya.png\" alt=\"\" width=\"129\" height=\"147\" \/><\/td>\n<td style=\"width: 668px;\"><em><strong>La corpore\u00eftat dels i les mestres d\u2019educaci\u00f3 Infantil<\/strong><\/em><\/p>\n<blockquote><p>Mestra d&#8217;educaci\u00f3 infantil, psicopedagoga, m\u00e0ster en educaci\u00f3 de l&#8217;especialitat en art, cos i moviment. Doctoranda (formaci\u00f3 corp\u00f2ria de la mestra d&#8217;educaci\u00f3 infantil)<\/p><\/blockquote>\n<\/td>\n<\/tr>\n<tr>\n<td style=\"width: 814px;\" colspan=\"2\">Aproximaci\u00f3 conceptual i reflexiva sobre la corpore\u00eftat dels i les mestres d\u2019Educaci\u00f3 Infantil.<br \/>\nEs repensar\u00e0 el concepte de \u201ccos\u201d des d\u2019una perspectiva globalitzadora i relacional per, despr\u00e9s, repensar-lo des d\u2019una perspectiva pedag\u00f2gica, tot focalitzant l\u2019atenci\u00f3 especialment en el paper dels i les mestres d\u2019Educaci\u00f3 Infantil.<\/td>\n<\/tr>\n<\/tbody>\n<\/table>\n<hr \/>\n<p><iframe loading=\"lazy\" src=\"https:\/\/drive.google.com\/file\/d\/1pDTe40v29IWFJ4AvdF6TGMMHM-p86aqN\/preview\" width=\"800\" height=\"480\"><\/iframe><\/p>\n<h5>Refer\u00e8ncies<\/h5>\n<blockquote><p><a href=\"http:\/\/grupsderecerca.uab.cat\/grepuab\/ca\" target=\"_blank\" rel=\"noopener noreferrer\">Grup de Recerca en Educaci\u00f3 Psicomotriu<\/a><\/p><\/blockquote>\n","protected":false},"excerpt":{"rendered":"<p>Contacte: Laura.Moya@uab.cat La corpore\u00eftat dels i les mestres d\u2019educaci\u00f3 Infantil Mestra d&#8217;educaci\u00f3 infantil, psicopedagoga, m\u00e0ster en educaci\u00f3 de l&#8217;especialitat en art, cos i moviment. Doctoranda (formaci\u00f3 corp\u00f2ria de la mestra d&#8217;educaci\u00f3 infantil) Aproximaci\u00f3 conceptual i reflexiva sobre la corpore\u00eftat dels i les mestres d\u2019Educaci\u00f3 Infantil. Es repensar\u00e0 el concepte de \u201ccos\u201d des d\u2019una perspectiva globalitzadora [&hellip;]<\/p>\n","protected":false},"author":1,"featured_media":0,"parent":16568,"menu_order":70,"comment_status":"closed","ping_status":"closed","template":"","meta":{"_bbp_topic_count":0,"_bbp_reply_count":0,"_bbp_total_topic_count":0,"_bbp_total_reply_count":0,"_bbp_voice_count":0,"_bbp_anonymous_reply_count":0,"_bbp_topic_count_hidden":0,"_bbp_reply_count_hidden":0,"_bbp_forum_subforum_count":0,"site-sidebar-layout":"default","site-content-layout":"","ast-site-content-layout":"","site-content-style":"default","site-sidebar-style":"default","ast-global-header-display":"","ast-banner-title-visibility":"","ast-main-header-display":"","ast-hfb-above-header-display":"","ast-hfb-below-header-display":"","ast-hfb-mobile-header-display":"","site-post-title":"","ast-breadcrumbs-content":"","ast-featured-img":"","footer-sml-layout":"","theme-transparent-header-meta":"","adv-header-id-meta":"","stick-header-meta":"","header-above-stick-meta":"","header-main-stick-meta":"","header-below-stick-meta":"","astra-migrate-meta-layouts":"default","ast-page-background-enabled":"default","ast-page-background-meta":{"desktop":{"background-color":"var(--ast-global-color-4)","background-image":"","background-repeat":"repeat","background-position":"center center","background-size":"auto","background-attachment":"scroll","background-type":"","background-media":"","overlay-type":"","overlay-color":"","overlay-opacity":"","overlay-gradient":""},"tablet":{"background-color":"","background-image":"","background-repeat":"repeat","background-position":"center center","background-size":"auto","background-attachment":"scroll","background-type":"","background-media":"","overlay-type":"","overlay-color":"","overlay-opacity":"","overlay-gradient":""},"mobile":{"background-color":"","background-image":"","background-repeat":"repeat","background-position":"center center","background-size":"auto","background-attachment":"scroll","background-type":"","background-media":"","overlay-type":"","overlay-color":"","overlay-opacity":"","overlay-gradient":""}},"ast-content-background-meta":{"desktop":{"background-color":"var(--ast-global-color-5)","background-image":"","background-repeat":"repeat","background-position":"center center","background-size":"auto","background-attachment":"scroll","background-type":"","background-media":"","overlay-type":"","overlay-color":"","overlay-opacity":"","overlay-gradient":""},"tablet":{"background-color":"var(--ast-global-color-5)","background-image":"","background-repeat":"repeat","background-position":"center center","background-size":"auto","background-attachment":"scroll","background-type":"","background-media":"","overlay-type":"","overlay-color":"","overlay-opacity":"","overlay-gradient":""},"mobile":{"background-color":"var(--ast-global-color-5)","background-image":"","background-repeat":"repeat","background-position":"center center","background-size":"auto","background-attachment":"scroll","background-type":"","background-media":"","overlay-type":"","overlay-color":"","overlay-opacity":"","overlay-gradient":""}},"footnotes":""},"class_list":["post-16589","page","type-page","status-publish","hentry"],"post_mailing_queue_ids":[],"_links":{"self":[{"href":"https:\/\/serveiseducatius.xtec.cat\/baixllobregat6\/wp-json\/wp\/v2\/pages\/16589","targetHints":{"allow":["GET"]}}],"collection":[{"href":"https:\/\/serveiseducatius.xtec.cat\/baixllobregat6\/wp-json\/wp\/v2\/pages"}],"about":[{"href":"https:\/\/serveiseducatius.xtec.cat\/baixllobregat6\/wp-json\/wp\/v2\/types\/page"}],"author":[{"embeddable":true,"href":"https:\/\/serveiseducatius.xtec.cat\/baixllobregat6\/wp-json\/wp\/v2\/users\/1"}],"replies":[{"embeddable":true,"href":"https:\/\/serveiseducatius.xtec.cat\/baixllobregat6\/wp-json\/wp\/v2\/comments?post=16589"}],"version-history":[{"count":3,"href":"https:\/\/serveiseducatius.xtec.cat\/baixllobregat6\/wp-json\/wp\/v2\/pages\/16589\/revisions"}],"predecessor-version":[{"id":16969,"href":"https:\/\/serveiseducatius.xtec.cat\/baixllobregat6\/wp-json\/wp\/v2\/pages\/16589\/revisions\/16969"}],"up":[{"embeddable":true,"href":"https:\/\/serveiseducatius.xtec.cat\/baixllobregat6\/wp-json\/wp\/v2\/pages\/16568"}],"wp:attachment":[{"href":"https:\/\/serveiseducatius.xtec.cat\/baixllobregat6\/wp-json\/wp\/v2\/media?parent=16589"}],"curies":[{"name":"wp","href":"https:\/\/api.w.org\/{rel}","templated":true}]}}