{"id":16172,"date":"2019-05-29T10:47:55","date_gmt":"2019-05-29T08:47:55","guid":{"rendered":"http:\/\/serveiseducatius.xtec.cat\/baixllobregat6\/?page_id=16172"},"modified":"2025-04-30T13:39:52","modified_gmt":"2025-04-30T11:39:52","slug":"canco-del-dese-aniversari","status":"publish","type":"page","link":"https:\/\/serveiseducatius.xtec.cat\/baixllobregat6\/xarxa-grup-mestres-de-musica\/oz21\/espectacle2019\/canco-del-dese-aniversari\/","title":{"rendered":"Can\u00e7\u00f3 del des\u00e8 aniversari"},"content":{"rendered":"<p>El Grup de Mestres de M\u00fasica va voler celebrar 10 anys d&#8217;espectacles amb una can\u00e7\u00f3 commemorativa. S&#8217;hi feia refer\u00e8ncia a tots i cadascun d&#8217;ells.<\/p>\n<ul>\n<li style=\"list-style-type: none;\">\n<ul>\n<li>2008 &#8211; <a href=\"http:\/\/serveiseducatius.xtec.cat\/baixllobregat6\/grup-de-mestres-de-musica\/trobada-musical-dhomenatge-a-joana-raspall\/\">Homentatge a Joana Raspall<\/a><\/li>\n<li>2009 &#8211; <a href=\"http:\/\/serveiseducatius.xtec.cat\/baixllobregat6\/grup-de-mestres-de-musica\/la-mare-dels-ous\/\">La mare dels ous<\/a><\/li>\n<li>2011 &#8211; <a href=\"http:\/\/serveiseducatius.xtec.cat\/baixllobregat6\/tag\/gira-el-mon\/\">Gira el m\u00f3n! El musical<\/a><\/li>\n<li>2012 &#8211; <a href=\"http:\/\/serveiseducatius.xtec.cat\/baixllobregat6\/grup-de-mestres-de-musica\/contes\/\">Contes Rock<\/a><\/li>\n<li>2014 &#8211; <a href=\"http:\/\/serveiseducatius.xtec.cat\/baixllobregat6\/grup-de-mestres-de-musica\/el-dia-que-saint-exupery-i-the-beatles-es-van-donar-la-ma\/\">El Petit Pr\u00edncep i The Beatles<\/a><\/li>\n<li>2015 &#8211; <a href=\"https:\/\/sites.google.com\/a\/reporteducacio.cat\/abba-magica\/\">ABBA M\u00e0gica<\/a><\/li>\n<li>2016 &#8211; <a href=\"http:\/\/serveiseducatius.xtec.cat\/baixllobregat6\/grup-de-mestres-de-musica\/xocopop-2\/\">Xocopop!<\/a><\/li>\n<li>2017 &#8211; <a href=\"http:\/\/serveiseducatius.xtec.cat\/baixllobregat6\/alicia\/\">Al\u00edcia al pa\u00eds del rock<\/a><\/li>\n<li>2018 &#8211; <a href=\"http:\/\/serveiseducatius.xtec.cat\/baixllobregat6\/jacksonvila\/\">Jacksonvila<\/a><\/li>\n<li>2019 &#8211; <a href=\"https:\/\/serveiseducatius.xtec.cat\/baixllobregat6\/oz21\/\">OZ21. Can\u00e7ons del segon mil\u00b7leni<\/a><\/li>\n<\/ul>\n<\/li>\n<\/ul>\n<div class=\"ast-oembed-container \" style=\"height: 100%;\"><iframe loading=\"lazy\" title=\"16. OZ21 Can\u00e7ons del segon mil\u00b7lenni- Des\u00e8 aniversari\" width=\"500\" height=\"281\" src=\"https:\/\/www.youtube.com\/embed\/pIP_zDFRE7w?feature=oembed\" frameborder=\"0\" allow=\"accelerometer; autoplay; clipboard-write; encrypted-media; gyroscope; picture-in-picture; web-share\" referrerpolicy=\"strict-origin-when-cross-origin\" allowfullscreen><\/iframe><\/div>\n<table border=\"0\" width=\"100%\" cellspacing=\"5\">\n<tbody>\n<tr>\n<td valign=\"top\" width=\"40%\">\n<blockquote><p>Lletra: <strong>Grup de Mestres de M\u00fasica<\/strong><\/p>\n<p>M\u00fasica: <em><strong>[2008] VIVA LA VIDA &#8211; Coldplay<\/strong><\/em><\/p>\n<p>Canten: <strong>Totes les escoles<\/strong><\/p><\/blockquote>\n<p>Al dos mil vuit cantem,<br \/>\na la Joana musiquem<br \/>\nAmb la mare dels ous ballem<br \/>\nDanses, ritmes diferents.<\/p>\n<p>Amb gira el m\u00f3n i el rock<br \/>\narribem fins als pr\u00ednceps del pop.<br \/>\nI amb l\u2019Abba m\u00e0gica,<br \/>\ntamb\u00e9 al Xocopop, al Xocopop.<\/p>\n<p>Junts amb l\u2019Al\u00edcia<br \/>\ndescobrim el pa\u00eds del rock<br \/>\ni el Jacksonvila amb<br \/>\nels superherois, els superherois.<\/p>\n<p>Deu anys fa que cantem alegres,<br \/>\ndeu anys plens d\u2019il\u00b7lusions.<br \/>\nDeu hist\u00f2ries, cent can\u00e7ons i<br \/>\nmilers de veus i acords.<br \/>\nSempre junts cantarem ben fort,<br \/>\nles veus que arriben al cor.<br \/>\nEmocions, m\u00fasica i amor.<\/p>\n<p>Hem musicat poemes i<br \/>\ndansat al comp\u00e0s dels acordions<br \/>\namb el rock vam girar pel m\u00f3n<br \/>\ncantant els musicals, els musicals.<\/p>\n<p>Hem fusionat de tot<br \/>\nFins i tot \u00f2pera i pop<br \/>\nBojos per la m\u00fasica<br \/>\nque ens fa sentir m\u00e9s vius, sentir m\u00e9s vius<\/p>\n<p>Deu anys fa que cantem alegres,<br \/>\ndeu anys plens d\u2019il\u00b7lusions.<br \/>\nDeu hist\u00f2ries, cent can\u00e7ons i<br \/>\nmilers de veus i acords.<br \/>\nSempre junts cantarem ben fort,<br \/>\nles veus que arriben al cor.<br \/>\nEmocions, m\u00fasica i amor.<\/p>\n<p>Oh Oh Oh Ooh\u2026<\/p>\n<p>Deu anys fa que cantem alegres,<br \/>\ndeu anys plens d\u2019il\u00b7lusions.<br \/>\nDeu hist\u00f2ries, cent can\u00e7ons i<br \/>\nmilers de veus i acords.<br \/>\nSempre junts cantarem ben fort,<br \/>\nles veus que arriben al cor.<br \/>\nEmocions, m\u00fasica i amor.(X2)<\/td>\n<td style=\"text-align: center; vertical-align: top;\"><img loading=\"lazy\" decoding=\"async\" class=\"alignnone size-full wp-image-16519\" src=\"https:\/\/serveiseducatius.xtec.cat\/baixllobregat6\/wp-content\/uploads\/usu778\/2019\/06\/DSC_0378.jpg\" alt=\"\" width=\"400\" height=\"268\" \/><img loading=\"lazy\" decoding=\"async\" class=\"alignnone size-large wp-image-16520\" src=\"https:\/\/serveiseducatius.xtec.cat\/baixllobregat6\/wp-content\/uploads\/usu778\/2019\/06\/DSC_0380.jpg\" alt=\"\" width=\"400\" height=\"268\" \/><\/p>\n<p><img loading=\"lazy\" decoding=\"async\" class=\"alignnone size-large wp-image-16521\" src=\"https:\/\/serveiseducatius.xtec.cat\/baixllobregat6\/wp-content\/uploads\/usu778\/2019\/06\/DSC_0382.jpg\" alt=\"\" width=\"400\" height=\"268\" \/><\/p>\n<p><img loading=\"lazy\" decoding=\"async\" class=\"alignnone size-large wp-image-16522\" src=\"https:\/\/serveiseducatius.xtec.cat\/baixllobregat6\/wp-content\/uploads\/usu778\/2019\/06\/DSC_0383.jpg\" alt=\"\" width=\"400\" height=\"268\" \/><\/p>\n<p><img loading=\"lazy\" decoding=\"async\" class=\"alignnone size-large wp-image-16523\" src=\"https:\/\/serveiseducatius.xtec.cat\/baixllobregat6\/wp-content\/uploads\/usu778\/2019\/06\/DSC_0384.jpg\" alt=\"\" width=\"400\" height=\"268\" \/><\/p>\n<p><img loading=\"lazy\" decoding=\"async\" class=\"alignnone size-large wp-image-16524\" src=\"https:\/\/serveiseducatius.xtec.cat\/baixllobregat6\/wp-content\/uploads\/usu778\/2019\/06\/DSC_0385.jpg\" alt=\"\" width=\"400\" height=\"268\" \/><\/p>\n<p><img loading=\"lazy\" decoding=\"async\" class=\"alignnone size-large wp-image-16525\" src=\"https:\/\/serveiseducatius.xtec.cat\/baixllobregat6\/wp-content\/uploads\/usu778\/2019\/06\/DSC_0386.jpg\" alt=\"\" width=\"400\" height=\"268\" \/><\/p>\n<p><img loading=\"lazy\" decoding=\"async\" class=\"alignnone size-full wp-image-16526\" src=\"https:\/\/serveiseducatius.xtec.cat\/baixllobregat6\/wp-content\/uploads\/usu778\/2019\/06\/DSC_0389.jpg\" alt=\"\" width=\"400\" height=\"268\" \/><\/td>\n<\/tr>\n<\/tbody>\n<\/table>\n","protected":false},"excerpt":{"rendered":"<p>El Grup de Mestres de M\u00fasica va voler celebrar 10 anys d&#8217;espectacles amb una can\u00e7\u00f3 commemorativa. S&#8217;hi feia refer\u00e8ncia a tots i cadascun d&#8217;ells. 2008 &#8211; Homentatge a Joana Raspall 2009 &#8211; La mare dels ous 2011 &#8211; Gira el m\u00f3n! El musical 2012 &#8211; Contes Rock 2014 &#8211; El Petit Pr\u00edncep i The Beatles [&hellip;]<\/p>\n","protected":false},"author":1,"featured_media":0,"parent":16137,"menu_order":326,"comment_status":"closed","ping_status":"closed","template":"","meta":{"_bbp_topic_count":0,"_bbp_reply_count":0,"_bbp_total_topic_count":0,"_bbp_total_reply_count":0,"_bbp_voice_count":0,"_bbp_anonymous_reply_count":0,"_bbp_topic_count_hidden":0,"_bbp_reply_count_hidden":0,"_bbp_forum_subforum_count":0,"site-sidebar-layout":"default","site-content-layout":"","ast-site-content-layout":"default","site-content-style":"default","site-sidebar-style":"default","ast-global-header-display":"","ast-banner-title-visibility":"","ast-main-header-display":"","ast-hfb-above-header-display":"","ast-hfb-below-header-display":"","ast-hfb-mobile-header-display":"","site-post-title":"","ast-breadcrumbs-content":"","ast-featured-img":"","footer-sml-layout":"","theme-transparent-header-meta":"","adv-header-id-meta":"","stick-header-meta":"","header-above-stick-meta":"","header-main-stick-meta":"","header-below-stick-meta":"","astra-migrate-meta-layouts":"set","ast-page-background-enabled":"default","ast-page-background-meta":{"desktop":{"background-color":"var(--ast-global-color-4)","background-image":"","background-repeat":"repeat","background-position":"center center","background-size":"auto","background-attachment":"scroll","background-type":"","background-media":"","overlay-type":"","overlay-color":"","overlay-opacity":"","overlay-gradient":""},"tablet":{"background-color":"","background-image":"","background-repeat":"repeat","background-position":"center center","background-size":"auto","background-attachment":"scroll","background-type":"","background-media":"","overlay-type":"","overlay-color":"","overlay-opacity":"","overlay-gradient":""},"mobile":{"background-color":"","background-image":"","background-repeat":"repeat","background-position":"center center","background-size":"auto","background-attachment":"scroll","background-type":"","background-media":"","overlay-type":"","overlay-color":"","overlay-opacity":"","overlay-gradient":""}},"ast-content-background-meta":{"desktop":{"background-color":"var(--ast-global-color-5)","background-image":"","background-repeat":"repeat","background-position":"center center","background-size":"auto","background-attachment":"scroll","background-type":"","background-media":"","overlay-type":"","overlay-color":"","overlay-opacity":"","overlay-gradient":""},"tablet":{"background-color":"var(--ast-global-color-5)","background-image":"","background-repeat":"repeat","background-position":"center center","background-size":"auto","background-attachment":"scroll","background-type":"","background-media":"","overlay-type":"","overlay-color":"","overlay-opacity":"","overlay-gradient":""},"mobile":{"background-color":"var(--ast-global-color-5)","background-image":"","background-repeat":"repeat","background-position":"center center","background-size":"auto","background-attachment":"scroll","background-type":"","background-media":"","overlay-type":"","overlay-color":"","overlay-opacity":"","overlay-gradient":""}},"footnotes":""},"class_list":["post-16172","page","type-page","status-publish","hentry"],"post_mailing_queue_ids":[],"_links":{"self":[{"href":"https:\/\/serveiseducatius.xtec.cat\/baixllobregat6\/wp-json\/wp\/v2\/pages\/16172","targetHints":{"allow":["GET"]}}],"collection":[{"href":"https:\/\/serveiseducatius.xtec.cat\/baixllobregat6\/wp-json\/wp\/v2\/pages"}],"about":[{"href":"https:\/\/serveiseducatius.xtec.cat\/baixllobregat6\/wp-json\/wp\/v2\/types\/page"}],"author":[{"embeddable":true,"href":"https:\/\/serveiseducatius.xtec.cat\/baixllobregat6\/wp-json\/wp\/v2\/users\/1"}],"replies":[{"embeddable":true,"href":"https:\/\/serveiseducatius.xtec.cat\/baixllobregat6\/wp-json\/wp\/v2\/comments?post=16172"}],"version-history":[{"count":3,"href":"https:\/\/serveiseducatius.xtec.cat\/baixllobregat6\/wp-json\/wp\/v2\/pages\/16172\/revisions"}],"predecessor-version":[{"id":29855,"href":"https:\/\/serveiseducatius.xtec.cat\/baixllobregat6\/wp-json\/wp\/v2\/pages\/16172\/revisions\/29855"}],"up":[{"embeddable":true,"href":"https:\/\/serveiseducatius.xtec.cat\/baixllobregat6\/wp-json\/wp\/v2\/pages\/16137"}],"wp:attachment":[{"href":"https:\/\/serveiseducatius.xtec.cat\/baixllobregat6\/wp-json\/wp\/v2\/media?parent=16172"}],"curies":[{"name":"wp","href":"https:\/\/api.w.org\/{rel}","templated":true}]}}