{"id":16162,"date":"2019-05-29T10:34:41","date_gmt":"2019-05-29T08:34:41","guid":{"rendered":"http:\/\/serveiseducatius.xtec.cat\/baixllobregat6\/?page_id=16162"},"modified":"2019-07-02T09:37:02","modified_gmt":"2019-07-02T07:37:02","slug":"retorn-a-la-ciutat-maragda","status":"publish","type":"page","link":"https:\/\/serveiseducatius.xtec.cat\/baixllobregat6\/xarxa-grup-mestres-de-musica\/oz21\/espectacle2019\/retorn-a-la-ciutat-maragda\/","title":{"rendered":"Retorn a la Ciutat Maragda"},"content":{"rendered":"<blockquote><p>El guardi\u00e0 de la porta sort\u00ed i digu\u00e9:<br \/>\n&#8211; Com! Un altre cop aqu\u00ed? Em pensava que hav\u00edeu anat a visitar la bruixa malvada de l\u2019oest. Us ha deixat marxar?<\/p>\n<p style=\"text-align: right;\"><a href=\"https:\/\/drive.google.com\/open?id=1JYgu_NSUNKnMLKIqnLGnRjRorIIzwfHo\" target=\"_blank\" rel=\"noopener noreferrer\">| Continua llegint la hist\u00f2ria |<\/a><\/p>\n<\/blockquote>\n<p><img loading=\"lazy\" decoding=\"async\" class=\"alignnone size-full wp-image-16479\" src=\"https:\/\/serveiseducatius.xtec.cat\/baixllobregat6\/wp-content\/uploads\/usu778\/2019\/06\/DSC_0200.jpg\" alt=\"\" width=\"400\" height=\"268\" \/> <img loading=\"lazy\" decoding=\"async\" class=\"alignnone size-large wp-image-16480\" src=\"https:\/\/serveiseducatius.xtec.cat\/baixllobregat6\/wp-content\/uploads\/usu778\/2019\/06\/DSC_0274.jpg\" alt=\"\" width=\"400\" height=\"268\" \/><\/p>\n<hr \/>\n<table border=\"0\" width=\"100%\" cellspacing=\"5\">\n<tbody>\n<tr>\n<td valign=\"top\" width=\"40%\">\n<blockquote><p>Lletra: <strong>Escola\u00a0Can Coll<\/strong><\/p>\n<p>M\u00fasica: <em><strong>[2003] SKATER BOY &#8211; Avril Lavigne<\/strong><\/em><\/p>\n<p>Canta: <strong>Escola\u00a0Can Coll<\/strong><\/p>\n<p>Balla: <strong>Col\u00b7legi La Immaculada<\/strong><\/p><\/blockquote>\n<p>Ja som aqu\u00ed<br \/>\nUn altre cop<br \/>\nVolem que ens rebi el \u201cMag d&#8217;Oz\u201d,<br \/>\nHem passat por<br \/>\nPer aconseguir<br \/>\nDesfer la bruixa amb aigua.<\/p>\n<p>Diu el gran mag<br \/>\nQue ara no pot<br \/>\nNo t\u00e9 cap pressa per rebre ning\u00fa,<br \/>\nSi no ens fa cas<br \/>\nEls cridarem<br \/>\nEls micos amb ales&#8230;<\/p>\n<p>La veu del mag de Oz, se sent per tot arreu<br \/>\nNo el podem veure per\u00f2 ens fa- por (x3)<br \/>\nLa veu del mag de Oz, se sent per tot arreu<br \/>\nPotser algun dia en donar\u00e0 el que ha prom\u00e8s.<\/p>\n<p>Jo vull, un cor, un cor<br \/>\nJo vull, cervell, cervell<\/p>\n<p>El lle\u00f3 es va enfadar i va comen\u00e7ar a cridar<br \/>\nJo no vull ser tant poruc, jo no vull ser tant poruc. (x2)<\/p>\n<p>El gosset Toto<br \/>\nVa descobrir<br \/>\nQue el mag era un home petit i esquifit<br \/>\nQue s\u2019amagava<br \/>\nDarrera un llen\u00e7ol<br \/>\nEs feia passar per un mag poder\u00f3s<\/p>\n<p>La veu del mag de Oz, se sent per tot arreu<br \/>\nNo el podem veure per\u00f2 ens fa- por (x3)<br \/>\nLa veu del mag de Oz, se sent per tot arreu<br \/>\nPotser algun dia en donar\u00e0 el que ha prom\u00e8s.<\/td>\n<td style=\"text-align: center; vertical-align: top;\"><img loading=\"lazy\" decoding=\"async\" class=\"alignnone size-full wp-image-16484\" src=\"https:\/\/serveiseducatius.xtec.cat\/baixllobregat6\/wp-content\/uploads\/usu778\/2019\/06\/DSC_0290.jpg\" alt=\"\" width=\"400\" height=\"268\" \/><\/p>\n<p><img loading=\"lazy\" decoding=\"async\" class=\"alignnone size-full wp-image-16482\" src=\"https:\/\/serveiseducatius.xtec.cat\/baixllobregat6\/wp-content\/uploads\/usu778\/2019\/06\/DSC_0278.jpg\" alt=\"\" width=\"400\" height=\"268\" \/><\/p>\n<p><img loading=\"lazy\" decoding=\"async\" class=\"alignnone size-full wp-image-16483\" src=\"https:\/\/serveiseducatius.xtec.cat\/baixllobregat6\/wp-content\/uploads\/usu778\/2019\/06\/DSC_0284.jpg\" alt=\"\" width=\"400\" height=\"268\" \/><\/p>\n<p><img loading=\"lazy\" decoding=\"async\" class=\"alignnone size-full wp-image-16481\" src=\"https:\/\/serveiseducatius.xtec.cat\/baixllobregat6\/wp-content\/uploads\/usu778\/2019\/06\/DSC_0277.jpg\" alt=\"\" width=\"400\" height=\"268\" \/><\/td>\n<\/tr>\n<\/tbody>\n<\/table>\n<hr \/>\n<div class=\"ast-oembed-container \" style=\"height: 100%;\"><iframe loading=\"lazy\" title=\"11. OZ21 Can\u00e7ons del segon mil\u00b7lenni- RETORN A CIUTAT MARAGDA\" width=\"500\" height=\"281\" src=\"https:\/\/www.youtube.com\/embed\/u5Otl3C_r3A?feature=oembed\" frameborder=\"0\" allow=\"accelerometer; autoplay; clipboard-write; encrypted-media; gyroscope; picture-in-picture; web-share\" referrerpolicy=\"strict-origin-when-cross-origin\" allowfullscreen><\/iframe><\/div>\n","protected":false},"excerpt":{"rendered":"<p>El guardi\u00e0 de la porta sort\u00ed i digu\u00e9: &#8211; Com! Un altre cop aqu\u00ed? Em pensava que hav\u00edeu anat a visitar la bruixa malvada de l\u2019oest. Us ha deixat marxar? | Continua llegint la hist\u00f2ria | Lletra: Escola\u00a0Can Coll M\u00fasica: [2003] SKATER BOY &#8211; Avril Lavigne Canta: Escola\u00a0Can Coll Balla: Col\u00b7legi La Immaculada Ja som [&hellip;]<\/p>\n","protected":false},"author":1,"featured_media":0,"parent":16137,"menu_order":320,"comment_status":"closed","ping_status":"closed","template":"","meta":{"_bbp_topic_count":0,"_bbp_reply_count":0,"_bbp_total_topic_count":0,"_bbp_total_reply_count":0,"_bbp_voice_count":0,"_bbp_anonymous_reply_count":0,"_bbp_topic_count_hidden":0,"_bbp_reply_count_hidden":0,"_bbp_forum_subforum_count":0,"site-sidebar-layout":"default","site-content-layout":"","ast-site-content-layout":"","site-content-style":"default","site-sidebar-style":"default","ast-global-header-display":"","ast-banner-title-visibility":"","ast-main-header-display":"","ast-hfb-above-header-display":"","ast-hfb-below-header-display":"","ast-hfb-mobile-header-display":"","site-post-title":"","ast-breadcrumbs-content":"","ast-featured-img":"","footer-sml-layout":"","theme-transparent-header-meta":"","adv-header-id-meta":"","stick-header-meta":"","header-above-stick-meta":"","header-main-stick-meta":"","header-below-stick-meta":"","astra-migrate-meta-layouts":"default","ast-page-background-enabled":"default","ast-page-background-meta":{"desktop":{"background-color":"var(--ast-global-color-4)","background-image":"","background-repeat":"repeat","background-position":"center center","background-size":"auto","background-attachment":"scroll","background-type":"","background-media":"","overlay-type":"","overlay-color":"","overlay-opacity":"","overlay-gradient":""},"tablet":{"background-color":"","background-image":"","background-repeat":"repeat","background-position":"center center","background-size":"auto","background-attachment":"scroll","background-type":"","background-media":"","overlay-type":"","overlay-color":"","overlay-opacity":"","overlay-gradient":""},"mobile":{"background-color":"","background-image":"","background-repeat":"repeat","background-position":"center center","background-size":"auto","background-attachment":"scroll","background-type":"","background-media":"","overlay-type":"","overlay-color":"","overlay-opacity":"","overlay-gradient":""}},"ast-content-background-meta":{"desktop":{"background-color":"var(--ast-global-color-5)","background-image":"","background-repeat":"repeat","background-position":"center center","background-size":"auto","background-attachment":"scroll","background-type":"","background-media":"","overlay-type":"","overlay-color":"","overlay-opacity":"","overlay-gradient":""},"tablet":{"background-color":"var(--ast-global-color-5)","background-image":"","background-repeat":"repeat","background-position":"center center","background-size":"auto","background-attachment":"scroll","background-type":"","background-media":"","overlay-type":"","overlay-color":"","overlay-opacity":"","overlay-gradient":""},"mobile":{"background-color":"var(--ast-global-color-5)","background-image":"","background-repeat":"repeat","background-position":"center center","background-size":"auto","background-attachment":"scroll","background-type":"","background-media":"","overlay-type":"","overlay-color":"","overlay-opacity":"","overlay-gradient":""}},"footnotes":""},"class_list":["post-16162","page","type-page","status-publish","hentry"],"post_mailing_queue_ids":[],"_links":{"self":[{"href":"https:\/\/serveiseducatius.xtec.cat\/baixllobregat6\/wp-json\/wp\/v2\/pages\/16162","targetHints":{"allow":["GET"]}}],"collection":[{"href":"https:\/\/serveiseducatius.xtec.cat\/baixllobregat6\/wp-json\/wp\/v2\/pages"}],"about":[{"href":"https:\/\/serveiseducatius.xtec.cat\/baixllobregat6\/wp-json\/wp\/v2\/types\/page"}],"author":[{"embeddable":true,"href":"https:\/\/serveiseducatius.xtec.cat\/baixllobregat6\/wp-json\/wp\/v2\/users\/1"}],"replies":[{"embeddable":true,"href":"https:\/\/serveiseducatius.xtec.cat\/baixllobregat6\/wp-json\/wp\/v2\/comments?post=16162"}],"version-history":[{"count":4,"href":"https:\/\/serveiseducatius.xtec.cat\/baixllobregat6\/wp-json\/wp\/v2\/pages\/16162\/revisions"}],"predecessor-version":[{"id":16958,"href":"https:\/\/serveiseducatius.xtec.cat\/baixllobregat6\/wp-json\/wp\/v2\/pages\/16162\/revisions\/16958"}],"up":[{"embeddable":true,"href":"https:\/\/serveiseducatius.xtec.cat\/baixllobregat6\/wp-json\/wp\/v2\/pages\/16137"}],"wp:attachment":[{"href":"https:\/\/serveiseducatius.xtec.cat\/baixllobregat6\/wp-json\/wp\/v2\/media?parent=16162"}],"curies":[{"name":"wp","href":"https:\/\/api.w.org\/{rel}","templated":true}]}}