{"id":16137,"date":"2019-05-29T10:16:42","date_gmt":"2019-05-29T08:16:42","guid":{"rendered":"http:\/\/serveiseducatius.xtec.cat\/baixllobregat6\/?page_id=16137"},"modified":"2019-06-07T10:44:43","modified_gmt":"2019-06-07T08:44:43","slug":"espectacle2019","status":"publish","type":"page","link":"https:\/\/serveiseducatius.xtec.cat\/baixllobregat6\/xarxa-grup-mestres-de-musica\/oz21\/espectacle2019\/","title":{"rendered":"L&#8217;espectacle"},"content":{"rendered":"<blockquote><p>La Dorothy havia perdut els seus pares quan encara era una nena, i des de llavors havia viscut amb l\u2019oncle Herny i la tia Em, dos vells grangers que vivien en una petita casa al bell mig de les grans prades de Kansas, i que sempre estaven tristos i no somreien mai. Era una vida senzilla, la veritat \u00e9s que no era massa emocionant.<\/p>\n<p>Cada dia, despr\u00e9s de sortir de l\u2019escola, ajudava els seus oncles i feia feinetes a la granja, les que estaven al seu abast, recollir ous, posar menjar al bestiar&#8230;<\/p>\n<p>Si no hagu\u00e9s estat per en Toto, un grosset de color negre que la nena estimava amb bogeria i amb qui jugava a totes hores, la Dorothy s\u2019hauria tornat tan grisa com el paisatge.<\/p>\n<p>Aquell dia, per\u00f2, la Dorothy s\u2019havia aturat al costat de la porta, amb el Toto en bra\u00e7os, i com tantes altres vegades abans, pensava en com li agradaria veure el mar, era el seu gran desig.<\/p>\n<p>L\u2019oncle Henry mirava amb preocupaci\u00f3 el cel, que estava m\u00e9s gris que de costum. De sobte, l\u2019oncle Henry es va al\u00e7ar i va exclamar que s\u2019acostava un tornado. Mirant amb ulls d\u2019expert el cel, va saber que aquesta vegada seria dels perillosos.<\/p>\n<p>Va demanar a la tia Em que ella i la Dorothy anessin a aixoplugar-se al soterrani sense perdre temps.<\/p>\n<p>La nena, amb el Toto a coll, se\u2019n va anar corrents al soterrani, per\u00f2 el pobre gosset, que estava molt espantat se li va escapar dels bra\u00e7os i es va amagar sota el llit.<\/p>\n<p>La Dorothy no aconseguia fer-lo sortir. Primer el va reprendre, el tornado ja se sentia ben a prop i el soroll feia que el gosset tingu\u00e9s molta por de sortir. Per\u00f2 veient que el Toto no es deixava conv\u00e8ncer, el v provar d\u2019enredar prometent-li l\u2019os m\u00e9s gran que es pogu\u00e9s imaginar.<\/p>\n<p>&#8211; La tia Em, espantada, cridava a la Dorothy que s\u2019afany\u00e9s, el tornado estava cada vegada m\u00e9s a prop.<\/p>\n<p>Amb el gos novament als bra\u00e7os, la Dorothy va sortir corrents cap al soterrani, per\u00f2 quan estava a punt d\u2019arribar a la trapa, el vent va fer un rugit espant\u00f3s i la casa va comen\u00e7ar a girar com una baldufa embogia i es va enlairar a poc a poc amb la lleugeresa d\u2019una ploma.<br \/>\n\u201c\u00c9s com viatjar en globus\u201d, pens\u00e0 la Dorothy. Era una sensaci\u00f3 de benestar molt agradable.<\/p>\n<p>A l\u2019instant, ella i en Toto s\u2019adormiren profundament al damunt del llit.<\/p><\/blockquote>\n<p><img loading=\"lazy\" decoding=\"async\" class=\"alignnone size-full wp-image-16400\" src=\"https:\/\/serveiseducatius.xtec.cat\/baixllobregat6\/wp-content\/uploads\/usu778\/2019\/06\/DSC_0083.jpg\" alt=\"\" width=\"400\" height=\"268\" \/> <img loading=\"lazy\" decoding=\"async\" class=\"alignnone size-large wp-image-16401\" src=\"https:\/\/serveiseducatius.xtec.cat\/baixllobregat6\/wp-content\/uploads\/usu778\/2019\/06\/DSC_0085.jpg\" alt=\"\" width=\"400\" height=\"268\" \/> <img loading=\"lazy\" decoding=\"async\" class=\"alignnone size-large wp-image-16402\" src=\"https:\/\/serveiseducatius.xtec.cat\/baixllobregat6\/wp-content\/uploads\/usu778\/2019\/06\/DSC_0091.jpg\" alt=\"\" width=\"400\" height=\"268\" \/> <img loading=\"lazy\" decoding=\"async\" class=\"alignnone size-large wp-image-16403\" src=\"https:\/\/serveiseducatius.xtec.cat\/baixllobregat6\/wp-content\/uploads\/usu778\/2019\/06\/DSC_0142.jpg\" alt=\"\" width=\"400\" height=\"268\" \/><\/p>\n<hr \/>\n<p>Des del men\u00fa lateral podreu accedir a un petit reportatge de cada can\u00e7\u00f3 amb el text, el v\u00eddeo i les fotografies.<\/p>\n<p>El repertori:<\/p>\n<table style=\"width: 827px;\">\n<tbody>\n<tr>\n<td style=\"width: 318.4px;\"><strong><span style=\"color: #ff0000;\">Can\u00e7\u00f3<\/span><\/strong><\/td>\n<td style=\"width: 249.6px;\"><strong><span style=\"color: #ff0000;\">Canta<\/span><\/strong><\/td>\n<td style=\"width: 250.4px;\"><strong><span style=\"color: #ff0000;\">Balla<\/span><\/strong><\/td>\n<\/tr>\n<tr>\n<td style=\"width: 318.4px;\"><strong>1. Els mastegaires<\/strong><\/td>\n<td style=\"width: 249.6px;\">Escola Castella<\/td>\n<td style=\"width: 250.4px;\">Cor de l\u2019Escola El Solell<\/td>\n<\/tr>\n<tr>\n<td style=\"width: 318.4px;\"><strong>2. L&#8217;espantaocells<\/strong><\/td>\n<td style=\"width: 249.6px;\">Escola Sant Josep<\/td>\n<td style=\"width: 250.4px;\">Escola Castella<\/td>\n<\/tr>\n<tr>\n<td style=\"width: 318.4px;\"><strong>3. L&#8217;home de llauna<\/strong><\/td>\n<td style=\"width: 249.6px;\">Escola Sant Antoni<\/td>\n<td style=\"width: 250.4px;\">Escola Sant Josep<\/td>\n<\/tr>\n<tr>\n<td style=\"width: 318.4px;\"><strong>4. El lle\u00f3 covard<\/strong><\/td>\n<td style=\"width: 249.6px;\">Escola Sant Mart\u00ed<\/td>\n<td style=\"width: 250.4px;\">Escola Sant Antoni<\/td>\n<\/tr>\n<tr>\n<td style=\"width: 318.4px;\"><strong>5. El camp de roselles<\/strong><\/td>\n<td style=\"width: 249.6px;\">Escola La Gu\u00e0rdia<\/td>\n<td style=\"width: 250.4px;\">Escola Sant Mart\u00ed<\/td>\n<\/tr>\n<tr>\n<td style=\"width: 318.4px;\"><strong>6. A les portes de la ciutat<\/strong><\/td>\n<td style=\"width: 249.6px;\">4t Escola Joan Juncadella<\/td>\n<td style=\"width: 250.4px;\">Escola La Gu\u00e0rdia<\/td>\n<\/tr>\n<tr>\n<td style=\"width: 318.4px;\"><strong>7. Les meravelles de la ciutat<\/strong><\/td>\n<td style=\"width: 249.6px;\">4t Escola Puig de Na F\u00e0tima<\/td>\n<td style=\"width: 250.4px;\">4t Escola Joan Juncadella<\/td>\n<\/tr>\n<tr>\n<td style=\"width: 318.4px;\"><strong>8. La Dorothy<\/strong><\/td>\n<td style=\"width: 501.6px;\" colspan=\"2\">Totes les escoles<\/td>\n<\/tr>\n<tr>\n<td style=\"width: 318.4px;\"><strong>9. La recerca de la Bruixa Malvada<\/strong><\/td>\n<td style=\"width: 249.6px;\">3r Escola Joan Juncadella<\/td>\n<td style=\"width: 250.4px;\">4t Escola Puig de Na F\u00e0tima<\/td>\n<\/tr>\n<tr>\n<td style=\"width: 318.4px;\"><strong>10. El final de la bruixa<\/strong><\/td>\n<td style=\"width: 249.6px;\">Col\u00b7legi La Immaculada<\/td>\n<td style=\"width: 250.4px;\">3r Escola Joan Juncadella<\/td>\n<\/tr>\n<tr>\n<td style=\"width: 318.4px;\"><strong>11. Retorn a la ciutat Maragda<\/strong><\/td>\n<td style=\"width: 249.6px;\">Escola Can Coll<\/td>\n<td style=\"width: 250.4px;\">Col\u00b7legi La Immaculada<\/td>\n<\/tr>\n<tr>\n<td style=\"width: 318.4px;\"><strong>12. La hist\u00f2ria del gran Mag<\/strong><\/td>\n<td style=\"width: 249.6px;\">Escola Juan Jos\u00e9 Ortiz<\/td>\n<td style=\"width: 250.4px;\">Escola Can Coll<\/td>\n<\/tr>\n<tr>\n<td style=\"width: 318.4px;\"><strong>13. Els regals m\u00e0gics d&#8217;Oz<\/strong><\/td>\n<td style=\"width: 249.6px;\">Escola Sta Maria de Cervell\u00f3<\/td>\n<td style=\"width: 250.4px;\">Escola Juan Jos\u00e9 Ortiz<\/td>\n<\/tr>\n<tr>\n<td style=\"width: 318.4px;\"><strong>14 El perill\u00f3s cam\u00ed cap al sud<\/strong><\/td>\n<td style=\"width: 249.6px;\">Escola La Vinyala<\/td>\n<td style=\"width: 250.4px;\">Escola Sta Maria de Cervell\u00f3<\/td>\n<\/tr>\n<tr>\n<td style=\"width: 318.4px;\"><strong>15. Al castell de la Glinda<\/strong><\/td>\n<td style=\"width: 249.6px;\">Cor de l\u2019Escola El Solell<\/td>\n<td style=\"width: 250.4px;\">Escola La Vinyala<\/td>\n<\/tr>\n<tr>\n<td style=\"width: 318.4px;\"><strong>16. Can\u00e7\u00f3 del des\u00e8 aniversari<\/strong><\/td>\n<td style=\"width: 501.6px;\" colspan=\"2\">Totes les escoles<\/td>\n<\/tr>\n<\/tbody>\n<\/table>\n","protected":false},"excerpt":{"rendered":"<p>La Dorothy havia perdut els seus pares quan encara era una nena, i des de llavors havia viscut amb l\u2019oncle Herny i la tia Em, dos vells grangers que vivien en una petita casa al bell mig de les grans prades de Kansas, i que sempre estaven tristos i no somreien mai. Era una vida [&hellip;]<\/p>\n","protected":false},"author":1,"featured_media":0,"parent":16129,"menu_order":300,"comment_status":"closed","ping_status":"closed","template":"","meta":{"_bbp_topic_count":0,"_bbp_reply_count":0,"_bbp_total_topic_count":0,"_bbp_total_reply_count":0,"_bbp_voice_count":0,"_bbp_anonymous_reply_count":0,"_bbp_topic_count_hidden":0,"_bbp_reply_count_hidden":0,"_bbp_forum_subforum_count":0,"site-sidebar-layout":"default","site-content-layout":"","ast-site-content-layout":"","site-content-style":"default","site-sidebar-style":"default","ast-global-header-display":"","ast-banner-title-visibility":"","ast-main-header-display":"","ast-hfb-above-header-display":"","ast-hfb-below-header-display":"","ast-hfb-mobile-header-display":"","site-post-title":"","ast-breadcrumbs-content":"","ast-featured-img":"","footer-sml-layout":"","theme-transparent-header-meta":"","adv-header-id-meta":"","stick-header-meta":"","header-above-stick-meta":"","header-main-stick-meta":"","header-below-stick-meta":"","astra-migrate-meta-layouts":"default","ast-page-background-enabled":"default","ast-page-background-meta":{"desktop":{"background-color":"var(--ast-global-color-4)","background-image":"","background-repeat":"repeat","background-position":"center center","background-size":"auto","background-attachment":"scroll","background-type":"","background-media":"","overlay-type":"","overlay-color":"","overlay-opacity":"","overlay-gradient":""},"tablet":{"background-color":"","background-image":"","background-repeat":"repeat","background-position":"center center","background-size":"auto","background-attachment":"scroll","background-type":"","background-media":"","overlay-type":"","overlay-color":"","overlay-opacity":"","overlay-gradient":""},"mobile":{"background-color":"","background-image":"","background-repeat":"repeat","background-position":"center center","background-size":"auto","background-attachment":"scroll","background-type":"","background-media":"","overlay-type":"","overlay-color":"","overlay-opacity":"","overlay-gradient":""}},"ast-content-background-meta":{"desktop":{"background-color":"var(--ast-global-color-5)","background-image":"","background-repeat":"repeat","background-position":"center center","background-size":"auto","background-attachment":"scroll","background-type":"","background-media":"","overlay-type":"","overlay-color":"","overlay-opacity":"","overlay-gradient":""},"tablet":{"background-color":"var(--ast-global-color-5)","background-image":"","background-repeat":"repeat","background-position":"center center","background-size":"auto","background-attachment":"scroll","background-type":"","background-media":"","overlay-type":"","overlay-color":"","overlay-opacity":"","overlay-gradient":""},"mobile":{"background-color":"var(--ast-global-color-5)","background-image":"","background-repeat":"repeat","background-position":"center center","background-size":"auto","background-attachment":"scroll","background-type":"","background-media":"","overlay-type":"","overlay-color":"","overlay-opacity":"","overlay-gradient":""}},"footnotes":""},"class_list":["post-16137","page","type-page","status-publish","hentry"],"post_mailing_queue_ids":[],"_links":{"self":[{"href":"https:\/\/serveiseducatius.xtec.cat\/baixllobregat6\/wp-json\/wp\/v2\/pages\/16137","targetHints":{"allow":["GET"]}}],"collection":[{"href":"https:\/\/serveiseducatius.xtec.cat\/baixllobregat6\/wp-json\/wp\/v2\/pages"}],"about":[{"href":"https:\/\/serveiseducatius.xtec.cat\/baixllobregat6\/wp-json\/wp\/v2\/types\/page"}],"author":[{"embeddable":true,"href":"https:\/\/serveiseducatius.xtec.cat\/baixllobregat6\/wp-json\/wp\/v2\/users\/1"}],"replies":[{"embeddable":true,"href":"https:\/\/serveiseducatius.xtec.cat\/baixllobregat6\/wp-json\/wp\/v2\/comments?post=16137"}],"version-history":[{"count":4,"href":"https:\/\/serveiseducatius.xtec.cat\/baixllobregat6\/wp-json\/wp\/v2\/pages\/16137\/revisions"}],"predecessor-version":[{"id":16404,"href":"https:\/\/serveiseducatius.xtec.cat\/baixllobregat6\/wp-json\/wp\/v2\/pages\/16137\/revisions\/16404"}],"up":[{"embeddable":true,"href":"https:\/\/serveiseducatius.xtec.cat\/baixllobregat6\/wp-json\/wp\/v2\/pages\/16129"}],"wp:attachment":[{"href":"https:\/\/serveiseducatius.xtec.cat\/baixllobregat6\/wp-json\/wp\/v2\/media?parent=16137"}],"curies":[{"name":"wp","href":"https:\/\/api.w.org\/{rel}","templated":true}]}}