{"id":16129,"date":"2019-05-29T10:12:13","date_gmt":"2019-05-29T08:12:13","guid":{"rendered":"http:\/\/serveiseducatius.xtec.cat\/baixllobregat6\/?page_id=16129"},"modified":"2025-04-30T13:31:47","modified_gmt":"2025-04-30T11:31:47","slug":"oz21","status":"publish","type":"page","link":"https:\/\/serveiseducatius.xtec.cat\/baixllobregat6\/xarxa-grup-mestres-de-musica\/oz21\/","title":{"rendered":"OZ21"},"content":{"rendered":"<p><img loading=\"lazy\" decoding=\"async\" class=\" wp-image-16304 alignleft\" src=\"https:\/\/serveiseducatius.xtec.cat\/baixllobregat6\/wp-content\/uploads\/usu778\/2019\/06\/logooz21.png\" alt=\"\" width=\"245\" height=\"485\" srcset=\"https:\/\/serveiseducatius.xtec.cat\/baixllobregat6\/wp-content\/uploads\/usu778\/2019\/06\/logooz21.png 310w, https:\/\/serveiseducatius.xtec.cat\/baixllobregat6\/wp-content\/uploads\/usu778\/2019\/06\/logooz21-263x520.png 263w\" sizes=\"auto, (max-width: 245px) 100vw, 245px\" \/><\/p>\n<p><strong><em>OZ21. Can\u00e7ons del segon mil\u00b7leni <\/em><\/strong>\u00e9s un espectacle basat en la novel\u00b7la infantil &#8220;El mag d&#8217;Oz&#8221; escrita L. Frank Baum. Les 15 can\u00e7ons de la representaci\u00f3 expliquen la hist\u00f2ria de la Dorothy pel pa\u00eds d&#8217;Oz. Els alumnes les canten i les ballen al ritme de 15 can\u00e7ons publicades al segle XXI, d&#8217;autors com Bruno Mars, Mika, Maroon 5, Amy Winehouse o Adele (En el men\u00fa de l&#8217;esquerra disposeu de tot el repertori).<\/p>\n<p>A l\u2019espectacle, representat el 22 de maig a les 14.30 hores al Teatre de la Passi\u00f3 d\u2019Olesa de Montserrat, hi van participar uns 600 alumnes de les escoles Santa Maria de Cervell\u00f3; El Solell, de La Palma de Cervell\u00f3; Joan Juncadella, La Gu\u00e0rdia, La Vinyala, Sant Antoni, Sant Josep, i del Col\u00b7legi La Immaculada de Sant Vicen\u00e7 dels Horts; Can Coll i Sant Mart\u00ed, de Torrelles de Llobregat; Castella, de Barcelona; Juan Jos\u00e9 Ortiz, de Sant Andreu de la Barca, i Puig de Na F\u00e0tima, de Puigpunyent de Mallorca.<\/p>\n<p>El musical que combina les arts pl\u00e0stiques, el cant coral, la dansa i la literatura infantil va tornar a omplir l\u2019aforament (1500 butaques) del Nou Teatre de la Passi\u00f3 d\u2019Olesa de Montserrat.<\/p>\n<p>Amb l\u2019espectacle\u00a0<em><strong>OZ21. Can\u00e7ons del segon mil\u00b7leni<\/strong><\/em>, el <a href=\"https:\/\/serveiseducatius.xtec.cat\/baixllobregat6\/categoria\/grup-de-mestres-de-musica\/\" target=\"_blank\" rel=\"noopener noreferrer\">Grup de Mestres de M\u00fasica<\/a> est\u00e0 d\u2019aniversari. Han representat 10 espectacles i per aix\u00f2 al final de l\u2019espectacle d\u2019enguany tots els alumnes participants van cantar tots junts i al ritme de la m\u00fasica de\u00a0<em>Viva la vida<\/em> de Coldplay la <a href=\"https:\/\/serveiseducatius.xtec.cat\/baixllobregat6\/oz21\/espectacle2019\/canco-del-dese-aniversari\/\" target=\"_blank\" rel=\"noopener noreferrer\"><strong>Can\u00e7\u00f3 del des\u00e8 aniversari<\/strong><\/a>.<\/p>\n<table style=\"height: 215px;\" width=\"992\">\n<tbody>\n<tr style=\"height: 215px;\">\n<td style=\"width: 477.6px; height: 215px; border-style: none; vertical-align: top;\"><img loading=\"lazy\" decoding=\"async\" class=\"size-large wp-image-16397 alignnone\" src=\"https:\/\/serveiseducatius.xtec.cat\/baixllobregat6\/wp-content\/uploads\/usu778\/2019\/06\/DSC_0397.jpg\" alt=\"\" width=\"400\" height=\"268\" \/><\/td>\n<td style=\"width: 20.8px; height: 215px; border-style: none;\"><\/td>\n<td style=\"width: 485.6px; height: 215px; border-style: none; text-align: right; vertical-align: top;\"><img loading=\"lazy\" decoding=\"async\" class=\"size-full wp-image-16396 alignnone\" src=\"https:\/\/serveiseducatius.xtec.cat\/baixllobregat6\/wp-content\/uploads\/usu778\/2019\/06\/DSC_0374.jpg\" alt=\"\" width=\"400\" height=\"268\" \/><\/td>\n<\/tr>\n<\/tbody>\n<\/table>\n<h5>Agra\u00efments<\/h5>\n<p>A totes les tutores i tutors dels grups participants de:<\/p>\n<ul>\n<li>Escola Santa Maria de Cervell\u00f3 (Cervell\u00f3)<\/li>\n<li>Escola el Solell (La Palma de Cervell\u00f3)<\/li>\n<li>Escola Joan Juncadella (Sant Vicen\u00e7 dels Horts)<\/li>\n<li>Escola La Gu\u00e0rdia (Sant Vicen\u00e7 dels Horts)<\/li>\n<li>Escola La Vinyala (Sant Vicen\u00e7 dels Horts)<\/li>\n<li>Escola Sant Antoni (Sant Vicen\u00e7 dels Horts)<\/li>\n<li>Escola Sant Josep (Sant Vicen\u00e7 dels Horts)<\/li>\n<li>Col\u00b7legi La Immaculada (Sant Vicen\u00e7 dels Horts)<\/li>\n<li>Escola Can Coll (Torrelles de Llobregat)<\/li>\n<li>Escola Sant Mart\u00ed (Torrelles de Llobregat)<\/li>\n<li>Escola Castella (Barcelona)<\/li>\n<li>Escola Joan Josep Ortiz (Sant Andreu de la Barca)<\/li>\n<li>Escola Puig de Na F\u00e0tima (Puigpunyent, Mallorca)<\/li>\n<\/ul>\n<h6><\/h6>\n<h6>Amb la col\u00b7laboraci\u00f3 de:<\/h6>\n<p><a href=\"http:\/\/serveiseducatius.xtec.cat\/baixllobregat6\/wp-content\/uploads\/usu778\/2016\/05\/passio.jpg\"><img loading=\"lazy\" decoding=\"async\" class=\"alignnone size-full wp-image-8870\" src=\"http:\/\/serveiseducatius.xtec.cat\/baixllobregat6\/wp-content\/uploads\/usu778\/2016\/05\/passio.jpg\" alt=\"passio\" width=\"150\" height=\"132\" \/><\/a><\/p>\n<p><a href=\"http:\/\/serveiseducatius.xtec.cat\/baixllobregat6\/wp-content\/uploads\/usu778\/2016\/05\/passio.jpg\"><img loading=\"lazy\" decoding=\"async\" class=\"alignnone size-full wp-image-8869\" src=\"http:\/\/serveiseducatius.xtec.cat\/baixllobregat6\/wp-content\/uploads\/usu778\/2016\/05\/escut2012svh.png\" alt=\"escut2012svh\" width=\"246\" height=\"66\" \/><\/a><\/p>\n<p><img loading=\"lazy\" decoding=\"async\" class=\"alignleft wp-image-10721\" src=\"http:\/\/serveiseducatius.xtec.cat\/baixllobregat6\/wp-content\/uploads\/usu778\/2017\/05\/logo-fgc-l.png\" alt=\"logo-fgc-l\" width=\"200\" height=\"108\" \/><\/p>\n","protected":false},"excerpt":{"rendered":"<p>OZ21. Can\u00e7ons del segon mil\u00b7leni \u00e9s un espectacle basat en la novel\u00b7la infantil &#8220;El mag d&#8217;Oz&#8221; escrita L. Frank Baum. Les 15 can\u00e7ons de la representaci\u00f3 expliquen la hist\u00f2ria de la Dorothy pel pa\u00eds d&#8217;Oz. Els alumnes les canten i les ballen al ritme de 15 can\u00e7ons publicades al segle XXI, d&#8217;autors com Bruno Mars, [&hellip;]<\/p>\n","protected":false},"author":1,"featured_media":0,"parent":29851,"menu_order":10,"comment_status":"closed","ping_status":"closed","template":"","meta":{"_bbp_topic_count":0,"_bbp_reply_count":0,"_bbp_total_topic_count":0,"_bbp_total_reply_count":0,"_bbp_voice_count":0,"_bbp_anonymous_reply_count":0,"_bbp_topic_count_hidden":0,"_bbp_reply_count_hidden":0,"_bbp_forum_subforum_count":0,"site-sidebar-layout":"default","site-content-layout":"","ast-site-content-layout":"default","site-content-style":"default","site-sidebar-style":"default","ast-global-header-display":"","ast-banner-title-visibility":"","ast-main-header-display":"","ast-hfb-above-header-display":"","ast-hfb-below-header-display":"","ast-hfb-mobile-header-display":"","site-post-title":"","ast-breadcrumbs-content":"","ast-featured-img":"","footer-sml-layout":"","theme-transparent-header-meta":"","adv-header-id-meta":"","stick-header-meta":"","header-above-stick-meta":"","header-main-stick-meta":"","header-below-stick-meta":"","astra-migrate-meta-layouts":"set","ast-page-background-enabled":"default","ast-page-background-meta":{"desktop":{"background-color":"var(--ast-global-color-4)","background-image":"","background-repeat":"repeat","background-position":"center center","background-size":"auto","background-attachment":"scroll","background-type":"","background-media":"","overlay-type":"","overlay-color":"","overlay-opacity":"","overlay-gradient":""},"tablet":{"background-color":"","background-image":"","background-repeat":"repeat","background-position":"center center","background-size":"auto","background-attachment":"scroll","background-type":"","background-media":"","overlay-type":"","overlay-color":"","overlay-opacity":"","overlay-gradient":""},"mobile":{"background-color":"","background-image":"","background-repeat":"repeat","background-position":"center center","background-size":"auto","background-attachment":"scroll","background-type":"","background-media":"","overlay-type":"","overlay-color":"","overlay-opacity":"","overlay-gradient":""}},"ast-content-background-meta":{"desktop":{"background-color":"var(--ast-global-color-5)","background-image":"","background-repeat":"repeat","background-position":"center center","background-size":"auto","background-attachment":"scroll","background-type":"","background-media":"","overlay-type":"","overlay-color":"","overlay-opacity":"","overlay-gradient":""},"tablet":{"background-color":"var(--ast-global-color-5)","background-image":"","background-repeat":"repeat","background-position":"center center","background-size":"auto","background-attachment":"scroll","background-type":"","background-media":"","overlay-type":"","overlay-color":"","overlay-opacity":"","overlay-gradient":""},"mobile":{"background-color":"var(--ast-global-color-5)","background-image":"","background-repeat":"repeat","background-position":"center center","background-size":"auto","background-attachment":"scroll","background-type":"","background-media":"","overlay-type":"","overlay-color":"","overlay-opacity":"","overlay-gradient":""}},"footnotes":""},"class_list":["post-16129","page","type-page","status-publish","hentry"],"post_mailing_queue_ids":[],"_links":{"self":[{"href":"https:\/\/serveiseducatius.xtec.cat\/baixllobregat6\/wp-json\/wp\/v2\/pages\/16129","targetHints":{"allow":["GET"]}}],"collection":[{"href":"https:\/\/serveiseducatius.xtec.cat\/baixllobregat6\/wp-json\/wp\/v2\/pages"}],"about":[{"href":"https:\/\/serveiseducatius.xtec.cat\/baixllobregat6\/wp-json\/wp\/v2\/types\/page"}],"author":[{"embeddable":true,"href":"https:\/\/serveiseducatius.xtec.cat\/baixllobregat6\/wp-json\/wp\/v2\/users\/1"}],"replies":[{"embeddable":true,"href":"https:\/\/serveiseducatius.xtec.cat\/baixllobregat6\/wp-json\/wp\/v2\/comments?post=16129"}],"version-history":[{"count":4,"href":"https:\/\/serveiseducatius.xtec.cat\/baixllobregat6\/wp-json\/wp\/v2\/pages\/16129\/revisions"}],"predecessor-version":[{"id":29845,"href":"https:\/\/serveiseducatius.xtec.cat\/baixllobregat6\/wp-json\/wp\/v2\/pages\/16129\/revisions\/29845"}],"up":[{"embeddable":true,"href":"https:\/\/serveiseducatius.xtec.cat\/baixllobregat6\/wp-json\/wp\/v2\/pages\/29851"}],"wp:attachment":[{"href":"https:\/\/serveiseducatius.xtec.cat\/baixllobregat6\/wp-json\/wp\/v2\/media?parent=16129"}],"curies":[{"name":"wp","href":"https:\/\/api.w.org\/{rel}","templated":true}]}}