{"id":1567,"date":"2010-10-14T08:56:59","date_gmt":"2010-10-14T07:56:59","guid":{"rendered":"http:\/\/www.reporteducacio.cat\/?page_id=1567"},"modified":"2025-12-12T08:27:32","modified_gmt":"2025-12-12T07:27:32","slug":"torrelles-de-llobregat","status":"publish","type":"page","link":"https:\/\/serveiseducatius.xtec.cat\/baixllobregat6\/centres-educatius\/torrelles-de-llobregat\/","title":{"rendered":"Torrelles de Llobregat"},"content":{"rendered":"\n<figure class=\"wp-block-image\"><a href=\"http:\/\/serveiseducatius.xtec.cat\/baixllobregat6\/wp-content\/uploads\/usu778\/2010\/10\/06Torrelles_de_Llobregat.jpg\"><img loading=\"lazy\" decoding=\"async\" width=\"700\" height=\"358\" src=\"http:\/\/serveiseducatius.xtec.cat\/baixllobregat6\/wp-content\/uploads\/usu778\/2010\/10\/06Torrelles_de_Llobregat.jpg\" alt=\"06Torrelles_de_Llobregat\" class=\"wp-image-8172\" srcset=\"https:\/\/serveiseducatius.xtec.cat\/baixllobregat6\/wp-content\/uploads\/usu778\/2010\/10\/06Torrelles_de_Llobregat.jpg 700w, https:\/\/serveiseducatius.xtec.cat\/baixllobregat6\/wp-content\/uploads\/usu778\/2010\/10\/06Torrelles_de_Llobregat-300x153.jpg 300w\" sizes=\"auto, (max-width: 700px) 100vw, 700px\" \/><\/a><\/figure>\n\n\n\n<div class=\"wp-block-columns is-layout-flex wp-container-core-columns-is-layout-1 wp-block-columns-is-layout-flex\">\n<div class=\"wp-block-column is-layout-flow wp-block-column-is-layout-flow\">\n<h3 class=\"wp-block-heading has-ast-global-color-0-color has-text-color has-link-color wp-elements-ef635e7238e247db318c738b88b2cae7\">Centre d&#8217;educaci\u00f3 infantil, prim\u00e0ria i ESO<\/h3>\n\n\n\n<h5 class=\"wp-block-heading\"><strong>Institut Escola de Torrelles (08077851)<\/strong><\/h5>\n\n\n\n<p>correu-e a8077851@xtec.cat<\/p>\n\n\n\n<p>web: <a href=\"https:\/\/agora.xtec.cat\/ietorrelles\/\" target=\"_blank\" rel=\"noopener\">https:\/\/agora.xtec.cat\/ietorrelles\/<\/a><\/p>\n\n\n\n<p>P\u00fablic<\/p>\n\n\n\n<p><strong>Seu Edifici Verd, Infantil i 1r, 2n i 3r de prim\u00e0ria<\/strong><\/p>\n\n\n\n<p>c. Ernest Lluch, 4<br>08629 &#8211; Torrelles de Llobregat<br>Tel\u00e8fon 936892974<\/p>\n\n\n\n<p><strong>Seu Edifici Groc, 4t, 5\u00e8 i 6\u00e8 de prim\u00e0ria i ESO<\/strong><\/p>\n\n\n\n<p>c. Can Balasch de Baix, s\/n<br>08629 &#8211; Torrelles de Llobregat<br>Tel\u00e8fon 936890731 &#8211; Fax 936891212<\/p>\n\n\n\n<p>&nbsp;<\/p>\n<\/div>\n\n\n\n<div class=\"wp-block-column is-layout-flow wp-block-column-is-layout-flow\">\n<h3 class=\"wp-block-heading has-luminous-vivid-orange-color has-text-color has-link-color wp-elements-e82ccc48974599b469a3f19c55f96c92\">Llar d&#8217;infants<\/h3>\n\n\n\n<h5 class=\"wp-block-heading\"><strong>Escola Bressol El Serralet (08069891)<\/strong><\/h5>\n\n\n\n<p>c.Frederica Montseny, 1<br>08629 &#8211; Torrelles de Llobregat<br>Tel\u00e8fon 936 892 626<br>correu-e <a href=\"mailto:%20elserralet@torrelles.cat\" target=\"_blank\" rel=\"noopener noreferrer\">elserralet<span class=\"\">@to<\/span>rrelles.cat<\/a><br>web <a href=\"https:\/\/ebmserralet.wordpress.com\/\" target=\"_blank\" rel=\"noopener noreferrer\">https:\/\/ebmserralet.wordpress.com\/<\/a><br><em>P\u00fablic<\/em><\/p>\n<\/div>\n<\/div>\n","protected":false},"excerpt":{"rendered":"<p>Centre d&#8217;educaci\u00f3 infantil, prim\u00e0ria i ESO Institut Escola de Torrelles (08077851) correu-e a8077851@xtec.cat web: https:\/\/agora.xtec.cat\/ietorrelles\/ P\u00fablic Seu Edifici Verd, Infantil i 1r, 2n i 3r de prim\u00e0ria c. Ernest Lluch, 408629 &#8211; Torrelles de LlobregatTel\u00e8fon 936892974 Seu Edifici Groc, 4t, 5\u00e8 i 6\u00e8 de prim\u00e0ria i ESO c. Can Balasch de Baix, s\/n08629 &#8211; Torrelles [&hellip;]<\/p>\n","protected":false},"author":1,"featured_media":0,"parent":1527,"menu_order":60,"comment_status":"closed","ping_status":"closed","template":"page-templates\/side-menu.php","meta":{"_bbp_topic_count":0,"_bbp_reply_count":0,"_bbp_total_topic_count":0,"_bbp_total_reply_count":0,"_bbp_voice_count":0,"_bbp_anonymous_reply_count":0,"_bbp_topic_count_hidden":0,"_bbp_reply_count_hidden":0,"_bbp_forum_subforum_count":0,"site-sidebar-layout":"default","site-content-layout":"","ast-site-content-layout":"default","site-content-style":"default","site-sidebar-style":"default","ast-global-header-display":"","ast-banner-title-visibility":"","ast-main-header-display":"","ast-hfb-above-header-display":"","ast-hfb-below-header-display":"","ast-hfb-mobile-header-display":"","site-post-title":"","ast-breadcrumbs-content":"","ast-featured-img":"","footer-sml-layout":"","theme-transparent-header-meta":"","adv-header-id-meta":"","stick-header-meta":"","header-above-stick-meta":"","header-main-stick-meta":"","header-below-stick-meta":"","astra-migrate-meta-layouts":"set","ast-page-background-enabled":"default","ast-page-background-meta":{"desktop":{"background-color":"var(--ast-global-color-4)","background-image":"","background-repeat":"repeat","background-position":"center center","background-size":"auto","background-attachment":"scroll","background-type":"","background-media":"","overlay-type":"","overlay-color":"","overlay-opacity":"","overlay-gradient":""},"tablet":{"background-color":"","background-image":"","background-repeat":"repeat","background-position":"center center","background-size":"auto","background-attachment":"scroll","background-type":"","background-media":"","overlay-type":"","overlay-color":"","overlay-opacity":"","overlay-gradient":""},"mobile":{"background-color":"","background-image":"","background-repeat":"repeat","background-position":"center center","background-size":"auto","background-attachment":"scroll","background-type":"","background-media":"","overlay-type":"","overlay-color":"","overlay-opacity":"","overlay-gradient":""}},"ast-content-background-meta":{"desktop":{"background-color":"var(--ast-global-color-5)","background-image":"","background-repeat":"repeat","background-position":"center center","background-size":"auto","background-attachment":"scroll","background-type":"","background-media":"","overlay-type":"","overlay-color":"","overlay-opacity":"","overlay-gradient":""},"tablet":{"background-color":"var(--ast-global-color-5)","background-image":"","background-repeat":"repeat","background-position":"center center","background-size":"auto","background-attachment":"scroll","background-type":"","background-media":"","overlay-type":"","overlay-color":"","overlay-opacity":"","overlay-gradient":""},"mobile":{"background-color":"var(--ast-global-color-5)","background-image":"","background-repeat":"repeat","background-position":"center center","background-size":"auto","background-attachment":"scroll","background-type":"","background-media":"","overlay-type":"","overlay-color":"","overlay-opacity":"","overlay-gradient":""}},"footnotes":""},"class_list":["post-1567","page","type-page","status-publish","hentry"],"post_mailing_queue_ids":[],"_links":{"self":[{"href":"https:\/\/serveiseducatius.xtec.cat\/baixllobregat6\/wp-json\/wp\/v2\/pages\/1567","targetHints":{"allow":["GET"]}}],"collection":[{"href":"https:\/\/serveiseducatius.xtec.cat\/baixllobregat6\/wp-json\/wp\/v2\/pages"}],"about":[{"href":"https:\/\/serveiseducatius.xtec.cat\/baixllobregat6\/wp-json\/wp\/v2\/types\/page"}],"author":[{"embeddable":true,"href":"https:\/\/serveiseducatius.xtec.cat\/baixllobregat6\/wp-json\/wp\/v2\/users\/1"}],"replies":[{"embeddable":true,"href":"https:\/\/serveiseducatius.xtec.cat\/baixllobregat6\/wp-json\/wp\/v2\/comments?post=1567"}],"version-history":[{"count":6,"href":"https:\/\/serveiseducatius.xtec.cat\/baixllobregat6\/wp-json\/wp\/v2\/pages\/1567\/revisions"}],"predecessor-version":[{"id":32297,"href":"https:\/\/serveiseducatius.xtec.cat\/baixllobregat6\/wp-json\/wp\/v2\/pages\/1567\/revisions\/32297"}],"up":[{"embeddable":true,"href":"https:\/\/serveiseducatius.xtec.cat\/baixllobregat6\/wp-json\/wp\/v2\/pages\/1527"}],"wp:attachment":[{"href":"https:\/\/serveiseducatius.xtec.cat\/baixllobregat6\/wp-json\/wp\/v2\/media?parent=1567"}],"curies":[{"name":"wp","href":"https:\/\/api.w.org\/{rel}","templated":true}]}}