{"id":1552,"date":"2010-10-14T08:24:41","date_gmt":"2010-10-14T07:24:41","guid":{"rendered":"http:\/\/www.reporteducacio.cat\/?page_id=1552"},"modified":"2025-12-12T08:23:20","modified_gmt":"2025-12-12T07:23:20","slug":"palleja","status":"publish","type":"page","link":"https:\/\/serveiseducatius.xtec.cat\/baixllobregat6\/centres-educatius\/palleja\/","title":{"rendered":"Pallej\u00e0"},"content":{"rendered":"\n<figure class=\"wp-block-image\"><a href=\"http:\/\/serveiseducatius.xtec.cat\/baixllobregat6\/wp-content\/uploads\/usu778\/2010\/10\/palleja1.jpg\"><img loading=\"lazy\" decoding=\"async\" width=\"700\" height=\"267\" src=\"http:\/\/serveiseducatius.xtec.cat\/baixllobregat6\/wp-content\/uploads\/usu778\/2010\/10\/palleja1.jpg\" alt=\"palleja1\" class=\"wp-image-8197\" srcset=\"https:\/\/serveiseducatius.xtec.cat\/baixllobregat6\/wp-content\/uploads\/usu778\/2010\/10\/palleja1.jpg 700w, https:\/\/serveiseducatius.xtec.cat\/baixllobregat6\/wp-content\/uploads\/usu778\/2010\/10\/palleja1-300x114.jpg 300w\" sizes=\"auto, (max-width: 700px) 100vw, 700px\" \/><\/a><\/figure>\n\n\n\n<div class=\"wp-block-columns is-layout-flex wp-container-core-columns-is-layout-1 wp-block-columns-is-layout-flex\">\n<div class=\"wp-block-column is-layout-flow wp-block-column-is-layout-flow\">\n<h3 class=\"wp-block-heading has-ast-global-color-0-color has-text-color has-link-color wp-elements-9aa6e146f2bfafbf7f2ce93a83de81db\">Centres d&#8217;educaci\u00f3 infantil i prim\u00e0ria<\/h3>\n\n\n\n<h5 class=\"wp-block-heading\"><strong>Escola \u00c0ngel Guimer\u00e0 (08022665)<\/strong><\/h5>\n\n\n\n<p>c. Rosa Sensat, 1<br>08780 &#8211; Pallej\u00e0<br>Tel\u00e8fon 936630061 &#8211; Fax 936630061<br>correu-e a8022665@xtec.cat<br>web <a href=\"http:\/\/agora.xtec.cat\/ceip-guimera-palleja\/\" target=\"_blank\" rel=\"noopener noreferrer\">agora.xtec.cat\/ceip-guimera-palleja\/<\/a><br><em>P\u00fablic<\/em><\/p>\n\n\n\n<h5 class=\"wp-block-heading\"><strong>Escola Jacint Verdaguer (08022677)<\/strong><\/h5>\n\n\n\n<p>c. Ramon Llull, 1<br>08780 &#8211; Pallej\u00e0<br>Tel\u00e8fon 936630274 &#8211; Fax 936630274<br>correu-e a8022677@xtec.cat<br>web <a href=\"http:\/\/agora.xtec.cat\/ceip-jverdaguer-palleja\/\" target=\"_blank\" rel=\"noopener noreferrer\">agora.xtec.cat\/ceip-jverdaguer-palleja\/<\/a><br><em>P\u00fablic<\/em><\/p>\n\n\n\n<h5 class=\"wp-block-heading\"><strong>Escola La Garalda (08044430)<\/strong><\/h5>\n\n\n\n<p>c. Riera Boter, 12<br>08780 &#8211; Pallej\u00e0<br>Tel\u00e8fon 936630443 &#8211; Fax 936633685<br>correu-e a8044430@xtec.cat<br>web <a href=\"https:\/\/agora.xtec.cat\/ceiplagaraldapalleja\/\" target=\"_blank\" rel=\"noopener noreferrer\">agora.xtec.cat\/ceiplagaraldapalleja\/<\/a><br><em>P\u00fablic <\/em><\/p>\n\n\n\n<h3 class=\"wp-block-heading has-ast-global-color-0-color has-text-color has-link-color wp-elements-0c7b5c4d2444060f041575d435505239\">Centres d&#8217;educaci\u00f3 infantil, prim\u00e0ria i secund\u00e0ria obligat\u00f2ria<\/h3>\n\n\n\n<h5 class=\"wp-block-heading\"><strong>Col\u00b7legi L&#8217;Oreig (08036275)<\/strong><\/h5>\n\n\n\n<p>Ronda Montmany, s\/n<br>08753 &#8211; Pallej\u00e0<br>Tel\u00e8fon 936500087 &#8211; Fax 936502453<br>correu-e secretaria@escolaloreig.cat<br>web <a href=\"http:\/\/www.escolaloreig.cat\/\" target=\"_blank\" rel=\"noopener noreferrer\">www.escolaloreig.cat<\/a><br><em>Concertat<\/em><\/p>\n<\/div>\n\n\n\n<div class=\"wp-block-column is-layout-flow wp-block-column-is-layout-flow\">\n<h3 class=\"wp-block-heading has-ast-global-color-0-color has-text-color has-link-color wp-elements-9682fbc99c0272e1e3522f5ed92fed1f\">Centres d&#8217;educaci\u00f3 secund\u00e0ria<\/h3>\n\n\n\n<h5 class=\"wp-block-heading\"><strong>Institut de Pallej\u00e0 (08053297)<\/strong><\/h5>\n\n\n\n<p>Cam\u00ed de Can Coll, s\/n<br>08780 &#8211; Pallej\u00e0<br>Tel\u00e8fon 936631827 &#8211; Fax 936632258<br>correu-e a8053297@xtec.cat<br>web <a href=\"https:\/\/agora.xtec.cat\/ies-palleja\/\" target=\"_blank\" rel=\"noopener noreferrer\">agora.xtec.cat\/ies-palleja\/<\/a><br><em>P\u00fablic<\/em><\/p>\n\n\n\n<h3 class=\"wp-block-heading has-ast-global-color-0-color has-text-color has-link-color wp-elements-5270709b03b8ed8c762442b2c40deb06\">Centres d&#8217;educaci\u00f3 infantil, prim\u00e0ria, secund\u00e0ria obligat\u00f2ria i batxillerat<\/h3>\n\n\n\n<h5 class=\"wp-block-heading\"><strong>Anne Sullivan International School | Barcelona (ASISB)&nbsp;<\/strong><\/h5>\n\n\n\n<p>Gran via de Fontpineda, 2 (08076777)<br>08753 \u2013 Pallej\u00e0<br>Tel\u00e8fon 936880801<br>correu-e secretaria@annesullivanbcn.com<br>web <a href=\"http:\/\/www.annesullivanbcn.com\/\" target=\"_blank\" rel=\"noopener noreferrer\">www.annesullivanbcn.com\/<\/a><br><em>Privat<\/em><\/p>\n\n\n\n<h3 class=\"wp-block-heading has-luminous-vivid-orange-color has-text-color has-link-color wp-elements-0f9d13d835b104cb42cd39937a892a93\">Llars d&#8217;infants<\/h3>\n\n\n\n<h5 class=\"wp-block-heading\"><strong>Llar d&#8217;infants Les Rovires (08069131)<\/strong><\/h5>\n\n\n\n<p>c. Ramon Llull, 53<br>08753 &#8211; Pallej\u00e0<br>Tel\u00e8fon 936630876<br>correu-e: llardinfantslesrovires@gmail.com<br><em>P\u00fablic<\/em><\/p>\n\n\n\n<h5 class=\"wp-block-heading\"><strong>Llar d&#8217;infants L&#8217;Espurna (08063151)<\/strong><\/h5>\n\n\n\n<p>c. J. Molins Parera\/Riera del Mig<br>08780 &#8211; Pallej\u00e0<br>Tel\u00e8fon 936633016<br><em>P\u00fablic<\/em><\/p>\n\n\n\n<h5 class=\"wp-block-heading\"><strong>Llar d&#8217;Infants Babiweb (08062456)<\/strong><\/h5>\n\n\n\n<p>Gran Via de Font Pineda, 3<br>08780 &#8211; Pallej\u00e0<br>Tel\u00e8fon 93 650 08 34<br>correu-e: babiweb@babiweb.es<br><em>Privat<\/em><\/p>\n\n\n\n<p><\/p>\n<\/div>\n<\/div>\n","protected":false},"excerpt":{"rendered":"<p>Centres d&#8217;educaci\u00f3 infantil i prim\u00e0ria Escola \u00c0ngel Guimer\u00e0 (08022665) c. Rosa Sensat, 108780 &#8211; Pallej\u00e0Tel\u00e8fon 936630061 &#8211; Fax 936630061correu-e a8022665@xtec.catweb agora.xtec.cat\/ceip-guimera-palleja\/P\u00fablic Escola Jacint Verdaguer (08022677) c. Ramon Llull, 108780 &#8211; Pallej\u00e0Tel\u00e8fon 936630274 &#8211; Fax 936630274correu-e a8022677@xtec.catweb agora.xtec.cat\/ceip-jverdaguer-palleja\/P\u00fablic Escola La Garalda (08044430) c. Riera Boter, 1208780 &#8211; Pallej\u00e0Tel\u00e8fon 936630443 &#8211; Fax 936633685correu-e a8044430@xtec.catweb agora.xtec.cat\/ceiplagaraldapalleja\/P\u00fablic Centres d&#8217;educaci\u00f3 [&hellip;]<\/p>\n","protected":false},"author":1,"featured_media":0,"parent":1527,"menu_order":40,"comment_status":"closed","ping_status":"closed","template":"page-templates\/side-menu.php","meta":{"_bbp_topic_count":0,"_bbp_reply_count":0,"_bbp_total_topic_count":0,"_bbp_total_reply_count":0,"_bbp_voice_count":0,"_bbp_anonymous_reply_count":0,"_bbp_topic_count_hidden":0,"_bbp_reply_count_hidden":0,"_bbp_forum_subforum_count":0,"site-sidebar-layout":"default","site-content-layout":"","ast-site-content-layout":"default","site-content-style":"default","site-sidebar-style":"default","ast-global-header-display":"","ast-banner-title-visibility":"","ast-main-header-display":"","ast-hfb-above-header-display":"","ast-hfb-below-header-display":"","ast-hfb-mobile-header-display":"","site-post-title":"","ast-breadcrumbs-content":"","ast-featured-img":"","footer-sml-layout":"","theme-transparent-header-meta":"","adv-header-id-meta":"","stick-header-meta":"","header-above-stick-meta":"","header-main-stick-meta":"","header-below-stick-meta":"","astra-migrate-meta-layouts":"set","ast-page-background-enabled":"default","ast-page-background-meta":{"desktop":{"background-color":"var(--ast-global-color-4)","background-image":"","background-repeat":"repeat","background-position":"center center","background-size":"auto","background-attachment":"scroll","background-type":"","background-media":"","overlay-type":"","overlay-color":"","overlay-opacity":"","overlay-gradient":""},"tablet":{"background-color":"","background-image":"","background-repeat":"repeat","background-position":"center center","background-size":"auto","background-attachment":"scroll","background-type":"","background-media":"","overlay-type":"","overlay-color":"","overlay-opacity":"","overlay-gradient":""},"mobile":{"background-color":"","background-image":"","background-repeat":"repeat","background-position":"center center","background-size":"auto","background-attachment":"scroll","background-type":"","background-media":"","overlay-type":"","overlay-color":"","overlay-opacity":"","overlay-gradient":""}},"ast-content-background-meta":{"desktop":{"background-color":"var(--ast-global-color-5)","background-image":"","background-repeat":"repeat","background-position":"center center","background-size":"auto","background-attachment":"scroll","background-type":"","background-media":"","overlay-type":"","overlay-color":"","overlay-opacity":"","overlay-gradient":""},"tablet":{"background-color":"var(--ast-global-color-5)","background-image":"","background-repeat":"repeat","background-position":"center center","background-size":"auto","background-attachment":"scroll","background-type":"","background-media":"","overlay-type":"","overlay-color":"","overlay-opacity":"","overlay-gradient":""},"mobile":{"background-color":"var(--ast-global-color-5)","background-image":"","background-repeat":"repeat","background-position":"center center","background-size":"auto","background-attachment":"scroll","background-type":"","background-media":"","overlay-type":"","overlay-color":"","overlay-opacity":"","overlay-gradient":""}},"footnotes":""},"class_list":["post-1552","page","type-page","status-publish","hentry"],"post_mailing_queue_ids":[],"_links":{"self":[{"href":"https:\/\/serveiseducatius.xtec.cat\/baixllobregat6\/wp-json\/wp\/v2\/pages\/1552","targetHints":{"allow":["GET"]}}],"collection":[{"href":"https:\/\/serveiseducatius.xtec.cat\/baixllobregat6\/wp-json\/wp\/v2\/pages"}],"about":[{"href":"https:\/\/serveiseducatius.xtec.cat\/baixllobregat6\/wp-json\/wp\/v2\/types\/page"}],"author":[{"embeddable":true,"href":"https:\/\/serveiseducatius.xtec.cat\/baixllobregat6\/wp-json\/wp\/v2\/users\/1"}],"replies":[{"embeddable":true,"href":"https:\/\/serveiseducatius.xtec.cat\/baixllobregat6\/wp-json\/wp\/v2\/comments?post=1552"}],"version-history":[{"count":6,"href":"https:\/\/serveiseducatius.xtec.cat\/baixllobregat6\/wp-json\/wp\/v2\/pages\/1552\/revisions"}],"predecessor-version":[{"id":32294,"href":"https:\/\/serveiseducatius.xtec.cat\/baixllobregat6\/wp-json\/wp\/v2\/pages\/1552\/revisions\/32294"}],"up":[{"embeddable":true,"href":"https:\/\/serveiseducatius.xtec.cat\/baixllobregat6\/wp-json\/wp\/v2\/pages\/1527"}],"wp:attachment":[{"href":"https:\/\/serveiseducatius.xtec.cat\/baixllobregat6\/wp-json\/wp\/v2\/media?parent=1552"}],"curies":[{"name":"wp","href":"https:\/\/api.w.org\/{rel}","templated":true}]}}