{"id":1547,"date":"2010-10-14T08:13:26","date_gmt":"2010-10-14T07:13:26","guid":{"rendered":"http:\/\/www.reporteducacio.cat\/?page_id=1547"},"modified":"2025-12-12T08:19:36","modified_gmt":"2025-12-12T07:19:36","slug":"corbera-de-llobregat","status":"publish","type":"page","link":"https:\/\/serveiseducatius.xtec.cat\/baixllobregat6\/centres-educatius\/corbera-de-llobregat\/","title":{"rendered":"Corbera de Llobregat"},"content":{"rendered":"\n<figure class=\"wp-block-image\"><a href=\"http:\/\/serveiseducatius.xtec.cat\/baixllobregat6\/wp-content\/uploads\/usu778\/2010\/10\/corbera1.jpg\"><img loading=\"lazy\" decoding=\"async\" width=\"700\" height=\"248\" src=\"http:\/\/serveiseducatius.xtec.cat\/baixllobregat6\/wp-content\/uploads\/usu778\/2010\/10\/corbera1.jpg\" alt=\"corbera1\" class=\"wp-image-8187\" srcset=\"https:\/\/serveiseducatius.xtec.cat\/baixllobregat6\/wp-content\/uploads\/usu778\/2010\/10\/corbera1.jpg 700w, https:\/\/serveiseducatius.xtec.cat\/baixllobregat6\/wp-content\/uploads\/usu778\/2010\/10\/corbera1-300x106.jpg 300w\" sizes=\"auto, (max-width: 700px) 100vw, 700px\" \/><\/a><\/figure>\n\n\n\n<div class=\"wp-block-columns is-layout-flex wp-container-core-columns-is-layout-1 wp-block-columns-is-layout-flex\">\n<div class=\"wp-block-column is-layout-flow wp-block-column-is-layout-flow\">\n<h3 class=\"wp-block-heading has-ast-global-color-0-color has-text-color has-link-color wp-elements-1c0e851c173ec14057e14d9cc6e0635c\"><span style=\"font-family: inherit; font-size: 1em;\">Centres d&#8217;educaci\u00f3 infantil i prim\u00e0ria<\/span><\/h3>\n\n\n\n<h5 class=\"wp-block-heading\"><strong>Escola Jaume Balmes (08016331)<\/strong><\/h5>\n\n\n\n<p>c. Sant Jordi, 27<br>08757 &#8211; Corbera de Llobregat<br>Tel\u00e8fon 936501704 &#8211; Fax 936882119<br>correu-e a8016331@xtec.cat<br>web <a href=\"http:\/\/www.escolajaumebalmes.cat\/\" target=\"_blank\" rel=\"noopener\">www.escolajaumebalmes.cat<\/a><br><em>P\u00fablic<\/em><\/p>\n\n\n\n<h5 class=\"wp-block-heading\"><strong>Escola Puig d&#8217;Agulles (08053510)<\/strong><\/h5>\n\n\n\n<p>c. Andr\u00f2meda, 4<br>08757 &#8211; Corbera de Llobregat<br>Tel\u00e8fon 936881773 &#8211; Fax 936881773<br>correu-e a8053510@xtec.cat<br>web <a href=\"http:\/\/agora.xtec.cat\/ceippuigdagulles\/\" target=\"_blank\" rel=\"noopener\">http:\/\/agora.xtec.cat\/ceippuigdagulles\/<\/a><br><em>P\u00fablic<\/em><\/p>\n\n\n\n<h5 class=\"wp-block-heading\"><strong>Escola El Corb (08060629)<\/strong><\/h5>\n\n\n\n<p>c.Empord\u00e0, 2<br>08757 &#8211; Corbera de Llobregat<br>Tel\u00e8fon 936505511 &#8211; Fax 936500105<br>correu-e a8060629@xtec.cat<br>web <a href=\"http:\/\/agora.xtec.cat\/escolaelcorb\/\" target=\"_blank\" rel=\"noopener\">http:\/\/agora.xtec.cat\/escolaelcorb\/<\/a><br><em>P\u00fablic<\/em><\/p>\n\n\n\n<h5 class=\"wp-block-heading\"><strong>Escola Cau de la Guineu (08063965)<\/strong><\/h5>\n\n\n\n<p>c. de Pere Calders\/c. de Casanova<br>08757 &#8211; Corbera de Llobregat<br>Tel\u00e8fon 936881121<br>correu-e a8063965@xtec.cat<br>web <a href=\"http:\/\/agora.xtec.cat\/escolacaudelaguineu\/\" target=\"_blank\" rel=\"noopener\">http:\/\/agora.xtec.cat\/escolacaudelaguineu\/<\/a><br><em>P\u00fablic<\/em><\/p>\n<\/div>\n\n\n\n<div class=\"wp-block-column is-layout-flow wp-block-column-is-layout-flow\">\n<h3 class=\"wp-block-heading has-ast-global-color-0-color has-text-color has-link-color wp-elements-9682fbc99c0272e1e3522f5ed92fed1f\">Centres d&#8217;educaci\u00f3 secund\u00e0ria<\/h3>\n\n\n\n<h5 class=\"wp-block-heading\"><strong>Institut de Corbera de Llobregat (08045859)<\/strong><\/h5>\n\n\n\n<p>c. Andr\u00f2meda, 24<br>08757 &#8211; Corbera de Llobregat<br>Tel\u00e8fon 936880864 &#8211; Fax 936881024<br>correu-e a8045859@xtec.cat<br>web <a href=\"http:\/\/agora.xtec.cat\/iescorbera\/\" target=\"_blank\" rel=\"noopener\">http:\/\/agora.xtec.cat\/iescorbera\/<\/a><br><em>P\u00fablic<\/em><\/p>\n\n\n\n<h5 class=\"wp-block-heading\"><strong>Institut Can Margarit (08064003)<\/strong><\/h5>\n\n\n\n<p>ctra. Sant Andreu\/av. dels Pins<br>08757 &#8211; Corbera de Llobregat<br>Tel\u00e8fon 93 688 24 63&nbsp; &#8211; Fax 93 688 02 73<br>correu-e a8064003@xtec.cat<br>web <a href=\"http:\/\/www.institutcanmargarit.cat\/\" target=\"_blank\" rel=\"noopener\">institutcanmargarit.cat\/<\/a><br><em>P\u00fablic<\/em><\/p>\n\n\n\n<h3 class=\"wp-block-heading has-luminous-vivid-orange-color has-text-color has-link-color wp-elements-0f9d13d835b104cb42cd39937a892a93\">Llars d&#8217;infants<\/h3>\n\n\n\n<h5 class=\"wp-block-heading\"><strong>Escola Bressol El Petit Corb (08066814)<\/strong><\/h5>\n\n\n\n<p>c. Casanovas, s\/n<br>08757 &#8211; Corbera de Llobregat<br>Tel\u00e8fon 936501394<br><a href=\"mailto:ebmelpetitcorb@gmail.com\">ebmelpetitcorb@gmail.com<\/a><br><em>P\u00fablic<\/em><\/p>\n\n\n\n<h5 class=\"wp-block-heading\"><strong>Llar d&#8217;infants Agatha (08063199)<\/strong><\/h5>\n\n\n\n<p>ctra. Sant Andreu (Urb. Creu Nova)<br>08757 &#8211; Corbera de Llobregat<br>Tel\u00e8fon 936505595<br>correu-e info@llarinfantsagatha.com<br>web <a href=\"http:\/\/www.llarinfantsagatha.com\">www.llarinfantsagatha.com<\/a><br><em>Privat<\/em><\/p>\n\n\n\n<h5 class=\"wp-block-heading\"><strong>Llar d&#8217;infants El Carrilet (08050363)<\/strong><\/h5>\n\n\n\n<p>c. Llu\u00eds Guillamet, 10<br>08757 &#8211; Corbera de Llobregat<br>Tel\u00e8fon 936500751<br>correu-e info@elcarrilet.cat<br>web <a href=\"http:\/\/www.elcarrilet.cat\/\" target=\"_blank\" rel=\"noopener\">www.elcarrilet.cat<\/a><br><em>Privat<\/em><\/p>\n\n\n\n<h3 class=\"wp-block-heading\">Altres<\/h3>\n\n\n\n<h5 class=\"wp-block-heading\"><strong>Esc. de M\u00fasica Municipal Llu\u00eds Soler i Ametller (08069153)<\/strong><\/h5>\n\n\n\n<p>c. Casanova, 26 C baixos<br>08757 &#8211; Corbera de Llobregat<br>Tel\u00e8fon 93 688 11 66&nbsp;&#8211; Fax 93 650 06 62<br>correu-e escolamusica@corberadellobregat.cat<br>web <a href=\"http:\/\/www.corberadellobregat.cat\/fitxamusica.asp?id=115\" target=\"_blank\" rel=\"noopener\">www.corberadellobregat.cat\/fitxamusica.asp?id=115<\/a><\/p>\n\n\n\n<p><em>P\u00fablic<\/em><\/p>\n\n\n\n<p><\/p>\n<\/div>\n<\/div>\n","protected":false},"excerpt":{"rendered":"<p>Centres d&#8217;educaci\u00f3 infantil i prim\u00e0ria Escola Jaume Balmes (08016331) c. Sant Jordi, 2708757 &#8211; Corbera de LlobregatTel\u00e8fon 936501704 &#8211; Fax 936882119correu-e a8016331@xtec.catweb www.escolajaumebalmes.catP\u00fablic Escola Puig d&#8217;Agulles (08053510) c. Andr\u00f2meda, 408757 &#8211; Corbera de LlobregatTel\u00e8fon 936881773 &#8211; Fax 936881773correu-e a8053510@xtec.catweb http:\/\/agora.xtec.cat\/ceippuigdagulles\/P\u00fablic Escola El Corb (08060629) c.Empord\u00e0, 208757 &#8211; Corbera de LlobregatTel\u00e8fon 936505511 &#8211; Fax 936500105correu-e a8060629@xtec.catweb [&hellip;]<\/p>\n","protected":false},"author":1,"featured_media":0,"parent":1527,"menu_order":20,"comment_status":"closed","ping_status":"closed","template":"page-templates\/side-menu.php","meta":{"_bbp_topic_count":0,"_bbp_reply_count":0,"_bbp_total_topic_count":0,"_bbp_total_reply_count":0,"_bbp_voice_count":0,"_bbp_anonymous_reply_count":0,"_bbp_topic_count_hidden":0,"_bbp_reply_count_hidden":0,"_bbp_forum_subforum_count":0,"site-sidebar-layout":"default","site-content-layout":"","ast-site-content-layout":"default","site-content-style":"default","site-sidebar-style":"default","ast-global-header-display":"","ast-banner-title-visibility":"","ast-main-header-display":"","ast-hfb-above-header-display":"","ast-hfb-below-header-display":"","ast-hfb-mobile-header-display":"","site-post-title":"","ast-breadcrumbs-content":"","ast-featured-img":"","footer-sml-layout":"","theme-transparent-header-meta":"","adv-header-id-meta":"","stick-header-meta":"","header-above-stick-meta":"","header-main-stick-meta":"","header-below-stick-meta":"","astra-migrate-meta-layouts":"set","ast-page-background-enabled":"default","ast-page-background-meta":{"desktop":{"background-color":"var(--ast-global-color-4)","background-image":"","background-repeat":"repeat","background-position":"center center","background-size":"auto","background-attachment":"scroll","background-type":"","background-media":"","overlay-type":"","overlay-color":"","overlay-opacity":"","overlay-gradient":""},"tablet":{"background-color":"","background-image":"","background-repeat":"repeat","background-position":"center center","background-size":"auto","background-attachment":"scroll","background-type":"","background-media":"","overlay-type":"","overlay-color":"","overlay-opacity":"","overlay-gradient":""},"mobile":{"background-color":"","background-image":"","background-repeat":"repeat","background-position":"center center","background-size":"auto","background-attachment":"scroll","background-type":"","background-media":"","overlay-type":"","overlay-color":"","overlay-opacity":"","overlay-gradient":""}},"ast-content-background-meta":{"desktop":{"background-color":"var(--ast-global-color-5)","background-image":"","background-repeat":"repeat","background-position":"center center","background-size":"auto","background-attachment":"scroll","background-type":"","background-media":"","overlay-type":"","overlay-color":"","overlay-opacity":"","overlay-gradient":""},"tablet":{"background-color":"var(--ast-global-color-5)","background-image":"","background-repeat":"repeat","background-position":"center center","background-size":"auto","background-attachment":"scroll","background-type":"","background-media":"","overlay-type":"","overlay-color":"","overlay-opacity":"","overlay-gradient":""},"mobile":{"background-color":"var(--ast-global-color-5)","background-image":"","background-repeat":"repeat","background-position":"center center","background-size":"auto","background-attachment":"scroll","background-type":"","background-media":"","overlay-type":"","overlay-color":"","overlay-opacity":"","overlay-gradient":""}},"footnotes":""},"class_list":["post-1547","page","type-page","status-publish","hentry"],"post_mailing_queue_ids":[],"_links":{"self":[{"href":"https:\/\/serveiseducatius.xtec.cat\/baixllobregat6\/wp-json\/wp\/v2\/pages\/1547","targetHints":{"allow":["GET"]}}],"collection":[{"href":"https:\/\/serveiseducatius.xtec.cat\/baixllobregat6\/wp-json\/wp\/v2\/pages"}],"about":[{"href":"https:\/\/serveiseducatius.xtec.cat\/baixllobregat6\/wp-json\/wp\/v2\/types\/page"}],"author":[{"embeddable":true,"href":"https:\/\/serveiseducatius.xtec.cat\/baixllobregat6\/wp-json\/wp\/v2\/users\/1"}],"replies":[{"embeddable":true,"href":"https:\/\/serveiseducatius.xtec.cat\/baixllobregat6\/wp-json\/wp\/v2\/comments?post=1547"}],"version-history":[{"count":6,"href":"https:\/\/serveiseducatius.xtec.cat\/baixllobregat6\/wp-json\/wp\/v2\/pages\/1547\/revisions"}],"predecessor-version":[{"id":32292,"href":"https:\/\/serveiseducatius.xtec.cat\/baixllobregat6\/wp-json\/wp\/v2\/pages\/1547\/revisions\/32292"}],"up":[{"embeddable":true,"href":"https:\/\/serveiseducatius.xtec.cat\/baixllobregat6\/wp-json\/wp\/v2\/pages\/1527"}],"wp:attachment":[{"href":"https:\/\/serveiseducatius.xtec.cat\/baixllobregat6\/wp-json\/wp\/v2\/media?parent=1547"}],"curies":[{"name":"wp","href":"https:\/\/api.w.org\/{rel}","templated":true}]}}