{"id":1527,"date":"2010-10-13T15:21:41","date_gmt":"2010-10-13T15:21:41","guid":{"rendered":"http:\/\/www.reporteducacio.cat\/?page_id=1527"},"modified":"2025-01-14T12:54:24","modified_gmt":"2025-01-14T11:54:24","slug":"centres-educatius","status":"publish","type":"page","link":"https:\/\/serveiseducatius.xtec.cat\/baixllobregat6\/centres-educatius\/","title":{"rendered":"Directori de centres"},"content":{"rendered":"<p>Directori de centres educatius de la demarcaci\u00f3 del Servei Educatiu Baix Llobregat-6.<\/p>\n<ul>\n<li><a href=\"http:\/\/serveiseducatius.xtec.cat\/baixllobregat6\/centres-educatius\/cervello\/\">Cervell\u00f3<\/a><\/li>\n<li><a href=\"http:\/\/serveiseducatius.xtec.cat\/baixllobregat6\/centres-educatius\/corbera-de-llobregat\/\">Corbera de Llobregat<\/a><\/li>\n<li><a href=\"http:\/\/serveiseducatius.xtec.cat\/baixllobregat6\/centres-educatius\/la-palma-de-cervello\/\">La Palma de Cervell\u00f3<\/a><\/li>\n<li><a href=\"http:\/\/serveiseducatius.xtec.cat\/baixllobregat6\/centres-educatius\/palleja\/\">Pallej\u00e0<\/a><\/li>\n<li><a href=\"http:\/\/serveiseducatius.xtec.cat\/baixllobregat6\/centres-educatius\/sant-vicenc-dels-horts\/\">Sant Vicen\u00e7 dels Horts<\/a><\/li>\n<li><a href=\"http:\/\/serveiseducatius.xtec.cat\/baixllobregat6\/centres-educatius\/torrelles-de-llobregat\/\">Torrelles de Llobregat<\/a><\/li>\n<li><a href=\"http:\/\/serveiseducatius.xtec.cat\/baixllobregat6\/centres-educatius\/vallirana\/\">Vallirana<\/a><\/li>\n<\/ul>\n","protected":false},"excerpt":{"rendered":"<p>Directori de centres educatius de la demarcaci\u00f3 del Servei Educatiu Baix Llobregat-6. Cervell\u00f3 Corbera de Llobregat La Palma de Cervell\u00f3 Pallej\u00e0 Sant Vicen\u00e7 dels Horts Torrelles de Llobregat Vallirana<\/p>\n","protected":false},"author":1,"featured_media":0,"parent":0,"menu_order":0,"comment_status":"closed","ping_status":"open","template":"","meta":{"_bbp_topic_count":0,"_bbp_reply_count":0,"_bbp_total_topic_count":0,"_bbp_total_reply_count":0,"_bbp_voice_count":0,"_bbp_anonymous_reply_count":0,"_bbp_topic_count_hidden":0,"_bbp_reply_count_hidden":0,"_bbp_forum_subforum_count":0,"site-sidebar-layout":"default","site-content-layout":"","ast-site-content-layout":"default","site-content-style":"default","site-sidebar-style":"default","ast-global-header-display":"","ast-banner-title-visibility":"","ast-main-header-display":"","ast-hfb-above-header-display":"","ast-hfb-below-header-display":"","ast-hfb-mobile-header-display":"","site-post-title":"","ast-breadcrumbs-content":"","ast-featured-img":"","footer-sml-layout":"","theme-transparent-header-meta":"","adv-header-id-meta":"","stick-header-meta":"","header-above-stick-meta":"","header-main-stick-meta":"","header-below-stick-meta":"","astra-migrate-meta-layouts":"set","ast-page-background-enabled":"default","ast-page-background-meta":{"desktop":{"background-color":"var(--ast-global-color-4)","background-image":"","background-repeat":"repeat","background-position":"center center","background-size":"auto","background-attachment":"scroll","background-type":"","background-media":"","overlay-type":"","overlay-color":"","overlay-opacity":"","overlay-gradient":""},"tablet":{"background-color":"","background-image":"","background-repeat":"repeat","background-position":"center center","background-size":"auto","background-attachment":"scroll","background-type":"","background-media":"","overlay-type":"","overlay-color":"","overlay-opacity":"","overlay-gradient":""},"mobile":{"background-color":"","background-image":"","background-repeat":"repeat","background-position":"center center","background-size":"auto","background-attachment":"scroll","background-type":"","background-media":"","overlay-type":"","overlay-color":"","overlay-opacity":"","overlay-gradient":""}},"ast-content-background-meta":{"desktop":{"background-color":"var(--ast-global-color-5)","background-image":"","background-repeat":"repeat","background-position":"center center","background-size":"auto","background-attachment":"scroll","background-type":"","background-media":"","overlay-type":"","overlay-color":"","overlay-opacity":"","overlay-gradient":""},"tablet":{"background-color":"var(--ast-global-color-5)","background-image":"","background-repeat":"repeat","background-position":"center center","background-size":"auto","background-attachment":"scroll","background-type":"","background-media":"","overlay-type":"","overlay-color":"","overlay-opacity":"","overlay-gradient":""},"mobile":{"background-color":"var(--ast-global-color-5)","background-image":"","background-repeat":"repeat","background-position":"center center","background-size":"auto","background-attachment":"scroll","background-type":"","background-media":"","overlay-type":"","overlay-color":"","overlay-opacity":"","overlay-gradient":""}},"footnotes":""},"class_list":["post-1527","page","type-page","status-publish","hentry"],"post_mailing_queue_ids":[],"_links":{"self":[{"href":"https:\/\/serveiseducatius.xtec.cat\/baixllobregat6\/wp-json\/wp\/v2\/pages\/1527","targetHints":{"allow":["GET"]}}],"collection":[{"href":"https:\/\/serveiseducatius.xtec.cat\/baixllobregat6\/wp-json\/wp\/v2\/pages"}],"about":[{"href":"https:\/\/serveiseducatius.xtec.cat\/baixllobregat6\/wp-json\/wp\/v2\/types\/page"}],"author":[{"embeddable":true,"href":"https:\/\/serveiseducatius.xtec.cat\/baixllobregat6\/wp-json\/wp\/v2\/users\/1"}],"replies":[{"embeddable":true,"href":"https:\/\/serveiseducatius.xtec.cat\/baixllobregat6\/wp-json\/wp\/v2\/comments?post=1527"}],"version-history":[{"count":4,"href":"https:\/\/serveiseducatius.xtec.cat\/baixllobregat6\/wp-json\/wp\/v2\/pages\/1527\/revisions"}],"predecessor-version":[{"id":28551,"href":"https:\/\/serveiseducatius.xtec.cat\/baixllobregat6\/wp-json\/wp\/v2\/pages\/1527\/revisions\/28551"}],"wp:attachment":[{"href":"https:\/\/serveiseducatius.xtec.cat\/baixllobregat6\/wp-json\/wp\/v2\/media?parent=1527"}],"curies":[{"name":"wp","href":"https:\/\/api.w.org\/{rel}","templated":true}]}}