{"id":13722,"date":"2018-06-20T11:41:48","date_gmt":"2018-06-20T09:41:48","guid":{"rendered":"http:\/\/serveiseducatius.xtec.cat\/baixllobregat6\/?page_id=13722"},"modified":"2024-11-15T11:17:50","modified_gmt":"2024-11-15T10:17:50","slug":"temporitzacio","status":"publish","type":"page","link":"https:\/\/serveiseducatius.xtec.cat\/baixllobregat6\/ronda-de-llibres\/temporitzacio\/","title":{"rendered":"Temporitzaci\u00f3"},"content":{"rendered":"<h5>Educaci\u00f3 prim\u00e0ria<\/h5>\n<p>L\u2019activitat comen\u00e7ar\u00e0 el mes de setembre i es clour\u00e0 el mes de maig. Les fases s\u00f3n les seg\u00fcents:<\/p>\n<p>a) <strong>Segona quinzena de setembre<\/strong>: Presentaci\u00f3 i inscripci\u00f3 a la activitat.<\/p>\n<p>b) <strong>Desembre\/Gener<\/strong>: Trobada de coordinaci\u00f3 amb els responsables de l&#8217;activitat de les escoles inscrites.<\/p>\n<p>c) <b>Gener<\/b>: publicaci\u00f3 dels aparellaments i de les dates definitives de les sessions.<\/p>\n<p>d) <strong>Octubre-abril<\/strong>: lectura dels llibres per part de l\u2019alumnat. Aquesta \u00e9s una acci\u00f3 que es far\u00e0 sota la supervisi\u00f3 directa del tutor i de la persona que el centre delegui per a coordinar l\u2019activitat dins del mateix centre.<\/p>\n<p>e) <strong>Abril-Maig<\/strong>: dues rondes de participaci\u00f3. Aquesta fase es dur\u00e0 a terme a les biblioteques municipals o als centres.<\/p>\n","protected":false},"excerpt":{"rendered":"<p>Educaci\u00f3 prim\u00e0ria L\u2019activitat comen\u00e7ar\u00e0 el mes de setembre i es clour\u00e0 el mes de maig. Les fases s\u00f3n les seg\u00fcents: a) Segona quinzena de setembre: Presentaci\u00f3 i inscripci\u00f3 a la activitat. b) Desembre\/Gener: Trobada de coordinaci\u00f3 amb els responsables de l&#8217;activitat de les escoles inscrites. c) Gener: publicaci\u00f3 dels aparellaments i de les dates definitives [&hellip;]<\/p>\n","protected":false},"author":1,"featured_media":0,"parent":13710,"menu_order":300,"comment_status":"closed","ping_status":"closed","template":"","meta":{"_bbp_topic_count":0,"_bbp_reply_count":0,"_bbp_total_topic_count":0,"_bbp_total_reply_count":0,"_bbp_voice_count":0,"_bbp_anonymous_reply_count":0,"_bbp_topic_count_hidden":0,"_bbp_reply_count_hidden":0,"_bbp_forum_subforum_count":0,"site-sidebar-layout":"default","site-content-layout":"","ast-site-content-layout":"","site-content-style":"default","site-sidebar-style":"default","ast-global-header-display":"","ast-banner-title-visibility":"","ast-main-header-display":"","ast-hfb-above-header-display":"","ast-hfb-below-header-display":"","ast-hfb-mobile-header-display":"","site-post-title":"","ast-breadcrumbs-content":"","ast-featured-img":"","footer-sml-layout":"","theme-transparent-header-meta":"","adv-header-id-meta":"","stick-header-meta":"","header-above-stick-meta":"","header-main-stick-meta":"","header-below-stick-meta":"","astra-migrate-meta-layouts":"default","ast-page-background-enabled":"default","ast-page-background-meta":{"desktop":{"background-color":"var(--ast-global-color-4)","background-image":"","background-repeat":"repeat","background-position":"center center","background-size":"auto","background-attachment":"scroll","background-type":"","background-media":"","overlay-type":"","overlay-color":"","overlay-opacity":"","overlay-gradient":""},"tablet":{"background-color":"","background-image":"","background-repeat":"repeat","background-position":"center center","background-size":"auto","background-attachment":"scroll","background-type":"","background-media":"","overlay-type":"","overlay-color":"","overlay-opacity":"","overlay-gradient":""},"mobile":{"background-color":"","background-image":"","background-repeat":"repeat","background-position":"center center","background-size":"auto","background-attachment":"scroll","background-type":"","background-media":"","overlay-type":"","overlay-color":"","overlay-opacity":"","overlay-gradient":""}},"ast-content-background-meta":{"desktop":{"background-color":"var(--ast-global-color-5)","background-image":"","background-repeat":"repeat","background-position":"center center","background-size":"auto","background-attachment":"scroll","background-type":"","background-media":"","overlay-type":"","overlay-color":"","overlay-opacity":"","overlay-gradient":""},"tablet":{"background-color":"var(--ast-global-color-5)","background-image":"","background-repeat":"repeat","background-position":"center center","background-size":"auto","background-attachment":"scroll","background-type":"","background-media":"","overlay-type":"","overlay-color":"","overlay-opacity":"","overlay-gradient":""},"mobile":{"background-color":"var(--ast-global-color-5)","background-image":"","background-repeat":"repeat","background-position":"center center","background-size":"auto","background-attachment":"scroll","background-type":"","background-media":"","overlay-type":"","overlay-color":"","overlay-opacity":"","overlay-gradient":""}},"footnotes":""},"class_list":["post-13722","page","type-page","status-publish","hentry"],"post_mailing_queue_ids":[],"_links":{"self":[{"href":"https:\/\/serveiseducatius.xtec.cat\/baixllobregat6\/wp-json\/wp\/v2\/pages\/13722","targetHints":{"allow":["GET"]}}],"collection":[{"href":"https:\/\/serveiseducatius.xtec.cat\/baixllobregat6\/wp-json\/wp\/v2\/pages"}],"about":[{"href":"https:\/\/serveiseducatius.xtec.cat\/baixllobregat6\/wp-json\/wp\/v2\/types\/page"}],"author":[{"embeddable":true,"href":"https:\/\/serveiseducatius.xtec.cat\/baixllobregat6\/wp-json\/wp\/v2\/users\/1"}],"replies":[{"embeddable":true,"href":"https:\/\/serveiseducatius.xtec.cat\/baixllobregat6\/wp-json\/wp\/v2\/comments?post=13722"}],"version-history":[{"count":4,"href":"https:\/\/serveiseducatius.xtec.cat\/baixllobregat6\/wp-json\/wp\/v2\/pages\/13722\/revisions"}],"predecessor-version":[{"id":28000,"href":"https:\/\/serveiseducatius.xtec.cat\/baixllobregat6\/wp-json\/wp\/v2\/pages\/13722\/revisions\/28000"}],"up":[{"embeddable":true,"href":"https:\/\/serveiseducatius.xtec.cat\/baixllobregat6\/wp-json\/wp\/v2\/pages\/13710"}],"wp:attachment":[{"href":"https:\/\/serveiseducatius.xtec.cat\/baixllobregat6\/wp-json\/wp\/v2\/media?parent=13722"}],"curies":[{"name":"wp","href":"https:\/\/api.w.org\/{rel}","templated":true}]}}