{"id":13712,"date":"2018-06-20T11:35:58","date_gmt":"2018-06-20T09:35:58","guid":{"rendered":"http:\/\/serveiseducatius.xtec.cat\/baixllobregat6\/?page_id=13712"},"modified":"2025-05-22T16:31:35","modified_gmt":"2025-05-22T14:31:35","slug":"centres-participants","status":"publish","type":"page","link":"https:\/\/serveiseducatius.xtec.cat\/baixllobregat6\/centres-participants\/","title":{"rendered":"Ronda de Llibres 2024-2025"},"content":{"rendered":"\n<h4 class=\"wp-block-heading\">&nbsp;<\/h4>\n\n\n\n<p class=\"has-text-align-center has-large-font-size\">Calendari i Agrupaments<\/p>\n\n\n\n<figure class=\"wp-block-image aligncenter size-full\"><img loading=\"lazy\" decoding=\"async\" width=\"840\" height=\"630\" src=\"https:\/\/serveiseducatius.xtec.cat\/baixllobregat6\/wp-content\/uploads\/usu778\/2025\/02\/Ronda-de-llibres-2023-2024-presentacio-1800-x-1200-px-1800-x-1080-px-2400-x-1200-px.png\" alt=\"\" class=\"wp-image-29116\" srcset=\"https:\/\/serveiseducatius.xtec.cat\/baixllobregat6\/wp-content\/uploads\/usu778\/2025\/02\/Ronda-de-llibres-2023-2024-presentacio-1800-x-1200-px-1800-x-1080-px-2400-x-1200-px.png 840w, https:\/\/serveiseducatius.xtec.cat\/baixllobregat6\/wp-content\/uploads\/usu778\/2025\/02\/Ronda-de-llibres-2023-2024-presentacio-1800-x-1200-px-1800-x-1080-px-2400-x-1200-px-520x390.png 520w, https:\/\/serveiseducatius.xtec.cat\/baixllobregat6\/wp-content\/uploads\/usu778\/2025\/02\/Ronda-de-llibres-2023-2024-presentacio-1800-x-1200-px-1800-x-1080-px-2400-x-1200-px-768x576.png 768w\" sizes=\"auto, (max-width: 840px) 100vw, 840px\" \/><\/figure>\n\n\n\n<div class=\"wp-block-getwid-toggle has-icon-left\">\n<div class=\"wp-block-getwid-toggle__row\"><div class=\"wp-block-getwid-toggle__header-wrapper\"><span class=\"wp-block-getwid-toggle__header\"><a href=\"#\"><span class=\"wp-block-getwid-toggle__header-title\">Centres participants<\/span><span class=\"wp-block-getwid-toggle__icon is-active\"><i class=\"fas fa-plus\"><\/i><\/span><span class=\"wp-block-getwid-toggle__icon is-passive\"><i class=\"fas fa-minus\"><\/i><\/span><\/a><\/span><\/div><div class=\"wp-block-getwid-toggle__content-wrapper\"><div class=\"wp-block-getwid-toggle__content\">\n<figure class=\"wp-block-table\"><table><tbody><tr><td><span style=\"color: #3366ff;\">Poblaci\u00f3<\/span><\/td><td><span style=\"color: #3366ff;\">Centre<\/span><\/td><\/tr><tr><td rowspan=\"2\">\n<div>Corbera de Llobregat<\/div>\n<\/td><td>Escola Jaume Balmes<\/td><\/tr><tr><td>Escola Puig d&#8217;Agulles<\/td><\/tr><tr><td rowspan=\"2\">\n<div>Pallej\u00e0<\/div>\n<\/td><td>Escola Jacint Verdaguer<\/td><\/tr><tr><td>L&#8217;Oreig<\/td><\/tr><tr><td rowspan=\"2\">\n<div>Sant Vicen\u00e7 dels Horts<\/div>\n<\/td><td>Escola Joan Juncadella<\/td><\/tr><tr><td>Escola Sant Jordi<\/td><\/tr><tr><td>Torrelles de Llobregat<\/td><td>Institut Escola de Torrelles<\/td><\/tr><\/tbody><\/table><\/figure>\n\n\n\n<p><\/p>\n<\/div><\/div><\/div>\n\n\n\n<div class=\"wp-block-getwid-toggle__row\"><div class=\"wp-block-getwid-toggle__header-wrapper\"><span class=\"wp-block-getwid-toggle__header\"><a href=\"#\"><span class=\"wp-block-getwid-toggle__header-title\">Din\u00e0mica i Funcionament<\/span><span class=\"wp-block-getwid-toggle__icon is-active\"><i class=\"fas fa-plus\"><\/i><\/span><span class=\"wp-block-getwid-toggle__icon is-passive\"><i class=\"fas fa-minus\"><\/i><\/span><\/a><\/span><\/div><div class=\"wp-block-getwid-toggle__content-wrapper\"><div class=\"wp-block-getwid-toggle__content\">\n<p>A la&nbsp;<strong>Ronda de llibres<\/strong>&nbsp;es proposa a cada grup-classe participant la lectura d\u2019un lot de 8 llibres de temes i d\u2019estils variats, escrits en catal\u00e0 i castell\u00e0, els mateixos llibres per a tots els grups participants<\/p>\n\n\n\n<p>La participaci\u00f3 a la&nbsp;<strong>Ronda de llibres<\/strong>&nbsp;\u00e9s col\u00b7lectiva, cada grup-classe ha de llegir la totalitat dels 8 llibres proposats. Cada alumne ha de llegir tants llibres com vulgui, no \u00e9s obligatori que els llegeixi tots, per\u00f2 quants m\u00e9s llibres hagi llegit, m\u00e9s ajudar\u00e0 al grup-classe a assolir l\u2019objectiu d\u2019arribar a la final.<\/p>\n\n\n\n<p>La&nbsp;<strong>Ronda de llibres<\/strong>&nbsp;s\u2019estructura en dues rondes no eliminat\u00f2ries entre els grups-classe de les escoles participants.<\/p>\n\n\n\n<h5 class=\"wp-block-heading\">Caracter\u00edstiques de les sessions.<\/h5>\n\n\n\n<p>Els centres participants a la Ronda de llibres pertanyen als municipis&nbsp;de la demarcaci\u00f3 del Servei Educatiu&nbsp;(Cervell\u00f3, Corbera de Llobregat, La Palma de Cervell\u00f3, Pallej\u00e0, Sant Vicen\u00e7 dels Horts, Torrelles de Llobregat i Vallirana).<\/p>\n\n\n\n<p>Les trobades entre els diferents grups participants es podr\u00e0 fer mitjan\u00e7ant dues tipologies de sessions:<\/p>\n\n\n\n<p>a) Presencials que es duran a terme a les biblioteques municipals o a les escoles.<\/p>\n\n\n\n<p>b) Telem\u00e0tiques que es realitzaran des dels centres.<\/p>\n<\/div><\/div><\/div>\n\n\n\n<div class=\"wp-block-getwid-toggle__row\"><div class=\"wp-block-getwid-toggle__header-wrapper\"><span class=\"wp-block-getwid-toggle__header\"><a href=\"#\"><span class=\"wp-block-getwid-toggle__header-title\">Sessions Presencials<\/span><span class=\"wp-block-getwid-toggle__icon is-active\"><i class=\"fas fa-plus\"><\/i><\/span><span class=\"wp-block-getwid-toggle__icon is-passive\"><i class=\"fas fa-minus\"><\/i><\/span><\/a><\/span><\/div><div class=\"wp-block-getwid-toggle__content-wrapper\"><div class=\"wp-block-getwid-toggle__content\">\n<h5 class=\"wp-block-heading\">Estructura i caracter\u00edstiques.<\/h5>\n\n\n\n<p>a) Benvinguda i presentaci\u00f3 dels grups participants.<\/p>\n\n\n\n<p>b) Recordatori del funcionament de la sessi\u00f3 a ambd\u00f3s grups:<\/p>\n\n\n\n<p>1. Demanar respecte entre els grups. Aplaudiments en cas d\u2019encert. Silenci mentre es delibera.<br>2. La sessi\u00f3 consistir\u00e0 en una primera ronda de 8 preguntes (una per cada llibre).<br>3. La persona dinamitzadora llegir\u00e0 la pregunta. Un cop llegida la pregunta el grup tindr\u00e0 un minut per deliberar i cercar la resposta correcta.<br>4. El\/la portaveu ser\u00e0 qui donar\u00e0 la resposta. En cas que un centre decideixi que cada llibre tingui un\/a portaveu diferent ho haur\u00e0 de comunicar a l\u2019inici de la sessi\u00f3.<\/p>\n\n\n\n<p>c) El grup classe vindr\u00e0 acompanyat de dues persones.<\/p>\n\n\n\n<p>Una ser\u00e0 l\u2019encarregada de coordinar el grup i mantenir un cert ordre. <strong>No podr\u00e0 ajudar en les deliberacions<\/strong>.<br>L\u2019altra estar\u00e0 en una taula controlant el nombre d\u2019encerts de la seva escola el temps assignat a cada grup per a la deliberaci\u00f3 i apuntant el n\u00famero de la pregunta feta.<\/p>\n\n\n\n<p>d) A l\u2019espai on es faran les sessions hi haur\u00e0 un lot de llibres per poder ser consultats en cas de desacord en les respostes.<\/p>\n\n\n\n<p>e) Es donar\u00e0 un diploma de participaci\u00f3 a cadascun dels participants i grups classe.<\/p>\n\n\n\n<p>f) L\u2019ordre de les preguntes ser\u00e0:<\/p>\n\n\n\n<p>1.&nbsp;<strong>El senyor Silvestre<\/strong>, de Silke Lambeck<br>2.&nbsp;<strong>Catherine<\/strong>, de Patrick Modiano<br>3.&nbsp;<strong>Grot, el goblin enamorat<\/strong>, de Luca Blengino i Marco Paschetta<br>4.&nbsp;<strong>Soy una nuez<\/strong>, de Beatriz Os\u00e9s<br>5.&nbsp;<strong>Coses que passen de tant en tant<\/strong>, de Kestutis Kasparavicius&nbsp;<em>(contes de la p\u00e0g. 8 a la p\u00e0g. 47)<\/em><br>6.&nbsp;<strong>Flairosa, la bruixa dels sabons<\/strong>, de Carles Sala<br>7.&nbsp;<strong>El ni\u00f1o bisiesto<\/strong>, de Jos\u00e9 Lu\u00eds Alonso de Santos<br>8.&nbsp;<strong>Animalari<\/strong>, d\u2019Enric Larreula&nbsp;<em>(tots els poemes)<\/em><\/p>\n\n\n\n<p>g) Especificacions per a l\u2019alumnat:<\/p>\n\n\n\n<ul class=\"wp-block-list\">\n<li>En el moment de donar la resposta, aquesta sigui el m\u00e9s completa possible i evitar donar-la per parts.<\/li>\n\n\n\n<li>Els alumnes hauran de dir, quan creguin que han donat tota la resposta, \u201cResposta completa\u201d. D\u2019aquesta manera permetran que les persones que han de fer el control de les mateixes s\u00e0piguen quan han acabat.<\/li>\n\n\n\n<li>En el cas que la resposta a una pregunta sigui una enumeraci\u00f3 de coses (i no es digui el contrari o es doni orientacions de com respondre la pregunta), el n\u00famero m\u00ednim que coses a dir ser\u00e0 de TRES. Tanmateix com que les persones dinamitzadores tindran les preguntes al davant ja \u00e9s dir\u00e0.<\/li>\n<\/ul>\n<\/div><\/div><\/div>\n\n\n\n<div class=\"wp-block-getwid-toggle__row\"><div class=\"wp-block-getwid-toggle__header-wrapper\"><span class=\"wp-block-getwid-toggle__header\"><a href=\"#\"><span class=\"wp-block-getwid-toggle__header-title\">Sessions Telem\u00e0tiques<\/span><span class=\"wp-block-getwid-toggle__icon is-active\"><i class=\"fas fa-plus\"><\/i><\/span><span class=\"wp-block-getwid-toggle__icon is-passive\"><i class=\"fas fa-minus\"><\/i><\/span><\/a><\/span><\/div><div class=\"wp-block-getwid-toggle__content-wrapper\"><div class=\"wp-block-getwid-toggle__content\">\n<h5 class=\"wp-block-heading\">Caracter\u00edstiques t\u00e8cniques.<\/h5>\n\n\n\n<blockquote class=\"wp-block-quote is-layout-flow wp-block-quote-is-layout-flow\">\n<p>Comunicaci\u00f3 dels diferents espais a trav\u00e9s d\u2019internet.<br>S\u2019utilitzar\u00e0 l\u2019aplicaci\u00f3 de videoconfer\u00e8ncies (Google Meet) de Google.<br>Connexi\u00f3 amb webcam i micr\u00f2fon.<br>Pres\u00e8ncia d\u2019un equip de so.<br>Projector de v\u00eddeo i pantalla.<\/p>\n<\/blockquote>\n\n\n\n<ul class=\"wp-block-list\">\n<li>Els centres seleccionaran l\u2019espai on es far\u00e0 la sessi\u00f3 en funci\u00f3 de la disponibilitat de pantalla, v\u00eddeoprojector i so.<\/li>\n\n\n\n<li>Connexions a trav\u00e9s de l\u2019aplicaci\u00f3 Google Meet amb enlla\u00e7 proporcionat per els i les professionals del CRP.<\/li>\n<\/ul>\n\n\n\n<h5 class=\"wp-block-heading\">Estructura i din\u00e0mica.<\/h5>\n\n\n\n<p>a) Benvinguda i presentaci\u00f3 dels grups participants.<\/p>\n\n\n\n<p>b) Recordatori del funcionament de la sessi\u00f3 a ambd\u00f3s grups:<\/p>\n\n\n\n<p>1. Demanar respecte entre els grups. Aplaudiments en cas d\u2019encert. Silenci mentre es delibera.<br>2. La sessi\u00f3 consistir\u00e0 en una primera ronda de 8 preguntes (una per cada llibre).<br>3. La persona dinamitzadora llegir\u00e0 la pregunta. Un cop llegida la pregunta el grup tindr\u00e0 un minut per deliberar i cercar la resposta correcta.<br>4. El portaveu ser\u00e0 qui donar\u00e0 la resposta. En cas que un centre decideixi que cada llibre tingui un portaveu diferent ho haur\u00e0 de comunicar a l\u2019inici de la sessi\u00f3.<\/p>\n\n\n\n<p>c) Llegeix les preguntes el representant del servei educatiu<\/p>\n\n\n\n<p>d) El grup classe estar\u00e0 acompanyat de dues persones.<\/p>\n\n\n\n<p>Una ser\u00e0 l\u2019encarregada de coordinar el grup i mantenir un cert ordre. <strong>No podr\u00e0 ajudar en les deliberacions<\/strong>.<br>L\u2019altra estar\u00e0 en una taula controlant el nombre d\u2019encerts de la seva escola, el temps assignat a cada grup per a la deliberaci\u00f3 i apuntant el n\u00famero de la pregunta feta.<\/p>\n\n\n\n<p>e) A l\u2019espai on es faran les sessions hi haur\u00e0 un o dos lots de llibres per poder ser consultats en cas de desacord en les respostes.<\/p>\n\n\n\n<p>f) L\u2019ordre de les preguntes ser\u00e0:<\/p>\n\n\n\n<p>PRIM\u00c0RIA<\/p>\n\n\n\n<p>1.&nbsp;<strong>El senyor Silvestre<\/strong>, de Silke Lambeck<br>2.&nbsp;<strong>Catherine<\/strong>, de Patrick Modiano<br>3.&nbsp;<strong>Grot, el goblin enamorat<\/strong>, de Luca Blengino i Marco Paschetta<br>4.&nbsp;<strong>Soy una nuez<\/strong>, de Beatriz Os\u00e9s<br>5.&nbsp;<strong>Coses que passen de tant en tant<\/strong>, de Kestutis Kasparavicius<br>6.&nbsp;<strong>Flairosa, la bruixa dels sabons<\/strong>, de Carles Sala<br>7.&nbsp;<strong>El ni\u00f1o bisiesto<\/strong>, de Jos\u00e9 Lu\u00eds Alonso de Santos<br>8.&nbsp;<strong>Animalari<\/strong>, d\u2019Enric Larreula<\/p>\n\n\n\n<p>g) Especificacions per a l\u2019alumnat:<\/p>\n\n\n\n<ul class=\"wp-block-list\">\n<li>Les intervencions les faran davant de la webcam i del micr\u00f2fon. Parlar alt, clar i lentament per tal d\u2019evitar els problemes de retard que es puguin donar en la transmissi\u00f3 de so per internet.<\/li>\n\n\n\n<li>En el moment de donar la resposta, aquesta sigui el m\u00e9s completa possible i evitar donar-la per parts.<\/li>\n\n\n\n<li>Els alumnes hauran de dir, quan creguin que han donat tota la resposta, \u201cResposta completa\u201d. D\u2019aquesta manera permetran que les persones que han de fer el control de les mateixes s\u00e0piguen quan han acabat.<\/li>\n\n\n\n<li>En el cas que la resposta a una pregunta sigui una enumeraci\u00f3 de coses (i no es digui el contrari o es doni orientacions de com respondre la pregunta), el n\u00famero m\u00ednim que coses a dir ser\u00e0 de TRES. Tanmateix com que les persones dinamitzadores tindran les preguntes al davant ja \u00e9s dir\u00e0.<\/li>\n<\/ul>\n<\/div><\/div><\/div>\n\n\n\n<div class=\"wp-block-getwid-toggle__row\"><div class=\"wp-block-getwid-toggle__header-wrapper\"><span class=\"wp-block-getwid-toggle__header\"><a href=\"#\"><span class=\"wp-block-getwid-toggle__header-title\">Temporitzaci\u00f3<\/span><span class=\"wp-block-getwid-toggle__icon is-active\"><i class=\"fas fa-plus\"><\/i><\/span><span class=\"wp-block-getwid-toggle__icon is-passive\"><i class=\"fas fa-minus\"><\/i><\/span><\/a><\/span><\/div><div class=\"wp-block-getwid-toggle__content-wrapper\"><div class=\"wp-block-getwid-toggle__content\">\n<h5 class=\"wp-block-heading\">Educaci\u00f3 prim\u00e0ria<\/h5>\n\n\n\n<p>L\u2019activitat comen\u00e7ar\u00e0 el mes de setembre i es clour\u00e0 el mes de maig. Les fases s\u00f3n les seg\u00fcents:<\/p>\n\n\n\n<p>a)&nbsp;<strong>Segona quinzena de setembre<\/strong>: Presentaci\u00f3 i inscripci\u00f3 a la activitat.<\/p>\n\n\n\n<p>b)&nbsp;<strong>Desembre\/Gener<\/strong>: Trobada de coordinaci\u00f3 amb els responsables de l\u2019activitat de les escoles inscrites.<\/p>\n\n\n\n<p>c)&nbsp;<strong>Gener<\/strong>: publicaci\u00f3 dels aparellaments i de les dates definitives de les sessions.<\/p>\n\n\n\n<p>d)&nbsp;<strong>Octubre-abril<\/strong>: lectura dels llibres per part de l\u2019alumnat. Aquesta \u00e9s una acci\u00f3 que es far\u00e0 sota la supervisi\u00f3 directa del tutor i de la persona que el centre delegui per a coordinar l\u2019activitat dins del mateix centre.<\/p>\n\n\n\n<p>e)&nbsp;<strong>Abril-Maig<\/strong>: dues rondes de participaci\u00f3. Aquesta fase es dur\u00e0 a terme a les biblioteques municipals o als centres.<\/p>\n<\/div><\/div><\/div>\n\n\n\n<div class=\"wp-block-getwid-toggle__row\"><div class=\"wp-block-getwid-toggle__header-wrapper\"><span class=\"wp-block-getwid-toggle__header\"><a href=\"#\"><span class=\"wp-block-getwid-toggle__header-title\">Les Lectures<\/span><span class=\"wp-block-getwid-toggle__icon is-active\"><i class=\"fas fa-plus\"><\/i><\/span><span class=\"wp-block-getwid-toggle__icon is-passive\"><i class=\"fas fa-minus\"><\/i><\/span><\/a><\/span><\/div><div class=\"wp-block-getwid-toggle__content-wrapper\"><div class=\"wp-block-getwid-toggle__content\">\n<p>Les lectures que es proposen estan pensades per a ser incorporades com a lectures prescriptives per 4t de prim\u00e0ria, \u00e9s per aix\u00f2 que en la seva selecci\u00f3 s\u2019han tingut en compte una s\u00e8rie de premises b\u00e0siques:<\/p>\n\n\n\n<ul class=\"wp-block-list\">\n<li>Que incloguin tipologies textuals diferents: novel\u00b7la, conte, poesia, c\u00f2mic.<\/li>\n\n\n\n<li>Que incloguin textos en catal\u00e0 i en castell\u00e0.<\/li>\n\n\n\n<li>Que tinguin una qualitat liter\u00e0ria contrastada.<\/li>\n\n\n\n<li>Que permetin treballar l\u2019educaci\u00f3 liter\u00e0ria a l\u2019aula.<\/li>\n<\/ul>\n\n\n\n<p>Les lectures proposades han anat canviant al llarg dels anys.<\/p>\n\n\n\n<p>Les lectures que s\u2019han llegit i que han estat substitu\u00efdes s\u00f3n:&nbsp;<em>No fotis, Marta!<\/em>&nbsp;de Merc\u00e8 Anguera,&nbsp;<em>Muros&nbsp;<\/em>d\u2019Agust\u00edn Fern\u00e1ndez Paz,&nbsp;<em>Font de versos<\/em>&nbsp;de Joana Raspall,&nbsp;<em>Mi vecino de abajo&nbsp;<\/em>de Daniel Nesquens,&nbsp;<em>La meravellosa medecina d\u2019en Jordi<\/em>&nbsp;de Roald Dahl i&nbsp;<em>El bosque de los desaparecidos<\/em>&nbsp;de Joan Manuel Gisbert.<\/p>\n\n\n\n<p>Els llibres que llegeixen els alumnes de 4t de prim\u00e0ria a la Ronda de llibres s\u00f3n:<\/p>\n\n\n\n<figure class=\"wp-block-table\"><table><tbody><tr><td><a href=\"http:\/\/serveiseducatius.xtec.cat\/baixllobregat6\/dinamitzacio\/ronda-de-llibres\/el-senyor-silvestre\/\"><img loading=\"lazy\" decoding=\"async\" class=\"aligncenter wp-image-13792 size-full\" src=\"http:\/\/serveiseducatius.xtec.cat\/baixllobregat6\/wp-content\/uploads\/usu778\/2018\/06\/senyor-silvestre.jpg\" alt=\"\" width=\"125\" height=\"200\"><\/a><\/td><td><a href=\"http:\/\/serveiseducatius.xtec.cat\/baixllobregat6\/dinamitzacio\/ronda-de-llibres\/catherine\/\"><img loading=\"lazy\" decoding=\"async\" class=\"aligncenter wp-image-13788\" src=\"http:\/\/serveiseducatius.xtec.cat\/baixllobregat6\/wp-content\/uploads\/usu778\/2018\/06\/catherine.jpg\" alt=\"\" width=\"135\" height=\"200\"><\/a><\/td><td><a href=\"http:\/\/serveiseducatius.xtec.cat\/baixllobregat6\/dinamitzacio\/ronda-de-llibres\/grot-el-goblin-enamorat\/\"><img loading=\"lazy\" decoding=\"async\" class=\"aligncenter wp-image-13790 size-full\" src=\"http:\/\/serveiseducatius.xtec.cat\/baixllobregat6\/wp-content\/uploads\/usu778\/2018\/06\/grot.jpg\" alt=\"\" width=\"133\" height=\"200\"><\/a><\/td><td><a href=\"http:\/\/serveiseducatius.xtec.cat\/baixllobregat6\/dinamitzacio\/ronda-de-llibres\/soy-una-nuez\/\"><img loading=\"lazy\" decoding=\"async\" class=\"aligncenter wp-image-13696\" src=\"http:\/\/serveiseducatius.xtec.cat\/baixllobregat6\/wp-content\/uploads\/usu778\/2018\/06\/soyunanuez.jpg\" alt=\"\" width=\"133\" height=\"200\"><\/a><\/td><\/tr><tr><td><a href=\"http:\/\/serveiseducatius.xtec.cat\/baixllobregat6\/dinamitzacio\/ronda-de-llibres\/coses-que-passen-de-tant-en-tant\/\"><img loading=\"lazy\" decoding=\"async\" class=\"aligncenter wp-image-13795\" src=\"http:\/\/serveiseducatius.xtec.cat\/baixllobregat6\/wp-content\/uploads\/usu778\/2018\/06\/cosesquepassen1.jpg\" alt=\"\" width=\"131\" height=\"200\"><\/a><\/td><td><a href=\"http:\/\/serveiseducatius.xtec.cat\/baixllobregat6\/dinamitzacio\/ronda-de-llibres\/flairosa-la-bruixa-dels-sabons\/\"><img loading=\"lazy\" decoding=\"async\" class=\"aligncenter wp-image-13789\" src=\"http:\/\/serveiseducatius.xtec.cat\/baixllobregat6\/wp-content\/uploads\/usu778\/2018\/06\/flairosa.jpg\" alt=\"\" width=\"132\" height=\"200\"><\/a><\/td><td><a href=\"http:\/\/serveiseducatius.xtec.cat\/baixllobregat6\/dinamitzacio\/ronda-de-llibres\/animalari\/\"><img loading=\"lazy\" decoding=\"async\" width=\"125\" height=\"200\" class=\"aligncenter wp-image-13787 size-full\" src=\"http:\/\/serveiseducatius.xtec.cat\/baixllobregat6\/wp-content\/uploads\/usu778\/2018\/06\/animalari.jpg\" alt=\"\"><\/a><\/td><td><\/td><\/tr><\/tbody><\/table><\/figure>\n\n\n\n<p><em>(Cliqueu sobre la imatge per obtenir m\u00e9s informaci\u00f3 sobre l&#8217;obra)<\/em><\/p>\n\n\n\n<h4 class=\"wp-block-heading\"><b>Per qu\u00e8 s&#8217;han escollit aquests llibres?<\/b><\/h4>\n\n\n\n<div>&nbsp;<\/div>\n\n\n\n<div><b>Catherine<\/b><\/div>\n\n\n\n<div>&nbsp;<\/div>\n\n\n\n<div>\n<ul>\n<li>\u00c9s una novel\u00b7la infantil d&#8217;un escriptor guardonat amb el premi Nobel de Literatura, Patrick Modiano (2014).<\/li>\n<li>\u00c9s una magn\u00edfica porta d&#8217;entrada per als m\u00e9s petits a la literatura de qualitat.<\/li>\n<li>Novel\u00b7la tendra que mostra com els infants poden fer front a les rareses dels adults.<\/li>\n<li>El fet que la protagonista porta ulleres, permet l&#8217;autor, explicar com la difer\u00e8ncia pot ser un avantatge per a entendre el m\u00f3n.<\/li>\n<li>Les il\u00b7lustracions de Semp\u00e9 s\u00f3n un valor afegit a l&#8217;obra.<\/li>\n<\/ul>\n<\/div>\n<div>&nbsp;<\/div>\n\n\n\n<div>\n<div><b>Grot, el goblin enamorat<\/b><\/div>\n<div>&nbsp;<\/div>\n<div>\n<ul>\n<li>\n<div>\u00c9s important que els alumnes s\u2019inici\u00efn en lectures de c\u00f2mics, on la interpretaci\u00f3 de la imatge \u00e9s essencial per a comprendre la trama.<\/div>\n<\/li>\n<li>\n<div>Oferir acc\u00e9s a c\u00f2mics qualitat<\/div>\n<\/li>\n<li>\n<div>Es tracta d&#8217;un c\u00f2mic diferent, que defuig del classicisme d&#8217;aquells que se solen llegir a l&#8217;aula.<\/div>\n<\/li>\n<\/ul>\n<\/div>\n<\/div>\n\n\n\n<div>\n<div><b>Coses que passen de tant en tant<\/b><\/div>\n<div>\u00a0<\/div>\n<div>\n<div>\n<ul>\n<li>Obra guanyadora de la 6a edici\u00f3 del premi &#8220;Atrapallibres&#8221; en la categoria de 9 anys. En aquest premi les obres guanyadores les escullen els mateixos lectors.<\/li>\n<li>Inclou elements caracter\u00edstics dels \u00e0lbums il\u2022lustrats. El contingut de cada narraci\u00f3 es veu complementat i\/o ampliat amb cadascuna de les il\u2022lustracions que s\u00f3n del mateix autor.<\/li>\n<li>\u00c9s important que els alumnes s\u2019inici\u00efn en lectures de relats curts.<\/li>\n<li>Cadascuna de les narracions \u00e9s com un joc. Protagonitzades per objectes i animals, l\u2019autor utilitza alguna senyal d\u2019identitat d\u2019aquests per a desplegar una hist\u00f2ria divertida i, en cap cas, absurda.<\/li>\n<\/ul>\n<\/div>\n<div><b>Flairosa, la bruixa dels sabons<\/b><\/div>\n<div>\u00a0<\/div>\n<\/div>\n<div>\n<div>\n<ul>\n<li>Aquest llibre va ser guardonat amb el segon premi de l&#8217;edici\u00f3 del 2007 del Premi Barcanova de literatura infantil i juvenil.<\/li>\n<li>\u00c9s un autor que ha irromput amb for\u00e7a durant els darrers anys en el panorama de la literatura infantil en catal\u00e0.<\/li>\n<li>Les seves obres destil\u2022len intel\u2022lig\u00e8ncia i es despleguen a partir d\u2019un fet aparentment innocu.<\/li>\n<li>Els seus continguts entronquen amb l\u2019evoluci\u00f3 tem\u00e0tica de la LIJ actual. Desplega valors que d\u2019uns anys en\u00e7\u00e0 es van introduint en les obres liter\u00e0ries adre\u00e7ades a infants. Medi ambient.<\/li>\n<\/ul>\n<\/div>\n<div><b>Animalari<\/b><\/div>\n<div>\u00a0<\/div>\n<\/div>\n<div>\n<div>\n<ul>\n<li>\u00c9s un poemari on l\u2019humor caracter\u00edstic d\u2019aquest autor substitueix els sentiments que predominaven a l\u2019obra de la Joana Raspall..<\/li>\n<\/ul>\n<\/div>\n<div><b>Soy una nuez<\/b><\/div>\n<div>\u00a0<\/div>\n<\/div>\n<div>\n<div>\n<ul>\n<li>Obra guardonada amb el Premi Edeb\u00e9 2018 de literatura infantil.<\/li>\n<li>Tracta el tema dels refugiats des d&#8217;una perspectiva molt diferents a la que ens podr\u00edem imaginar.<\/li>\n<li>T\u00e9 dos \u00e0mbits de lectura: el que explica la seva hist\u00f2ria personal que l&#8217;ha portat davant d&#8217;un jutge i la del judici.<\/li>\n<\/ul>\n<\/div>\n<div><b>El senyor Silvestre<\/b><\/div>\n<\/div>\n<div>\n<div>\n<ul>\n<li>Es tracta d\u2019un llibre divertit i tamb\u00e9 \u00e9s l\u2019inici d\u2019una s\u00e8rie d\u2019\u00e8xit.<\/li>\n<\/ul>\n<p>\u00a0<\/p>\n<\/div>\n<\/div>\n<\/div>\n<\/div><\/div><\/div>\n<\/div>\n","protected":false},"excerpt":{"rendered":"<p>&nbsp; Calendari i Agrupaments<\/p>\n","protected":false},"author":1,"featured_media":0,"parent":0,"menu_order":100,"comment_status":"closed","ping_status":"closed","template":"","meta":{"_bbp_topic_count":0,"_bbp_reply_count":0,"_bbp_total_topic_count":0,"_bbp_total_reply_count":0,"_bbp_voice_count":0,"_bbp_anonymous_reply_count":0,"_bbp_topic_count_hidden":0,"_bbp_reply_count_hidden":0,"_bbp_forum_subforum_count":0,"site-sidebar-layout":"default","site-content-layout":"","ast-site-content-layout":"default","site-content-style":"default","site-sidebar-style":"default","ast-global-header-display":"","ast-banner-title-visibility":"","ast-main-header-display":"","ast-hfb-above-header-display":"","ast-hfb-below-header-display":"","ast-hfb-mobile-header-display":"","site-post-title":"","ast-breadcrumbs-content":"","ast-featured-img":"","footer-sml-layout":"","theme-transparent-header-meta":"","adv-header-id-meta":"","stick-header-meta":"","header-above-stick-meta":"","header-main-stick-meta":"","header-below-stick-meta":"","astra-migrate-meta-layouts":"set","ast-page-background-enabled":"default","ast-page-background-meta":{"desktop":{"background-color":"var(--ast-global-color-4)","background-image":"","background-repeat":"repeat","background-position":"center center","background-size":"auto","background-attachment":"scroll","background-type":"","background-media":"","overlay-type":"","overlay-color":"","overlay-opacity":"","overlay-gradient":""},"tablet":{"background-color":"","background-image":"","background-repeat":"repeat","background-position":"center center","background-size":"auto","background-attachment":"scroll","background-type":"","background-media":"","overlay-type":"","overlay-color":"","overlay-opacity":"","overlay-gradient":""},"mobile":{"background-color":"","background-image":"","background-repeat":"repeat","background-position":"center center","background-size":"auto","background-attachment":"scroll","background-type":"","background-media":"","overlay-type":"","overlay-color":"","overlay-opacity":"","overlay-gradient":""}},"ast-content-background-meta":{"desktop":{"background-color":"var(--ast-global-color-5)","background-image":"","background-repeat":"repeat","background-position":"center center","background-size":"auto","background-attachment":"scroll","background-type":"","background-media":"","overlay-type":"","overlay-color":"","overlay-opacity":"","overlay-gradient":""},"tablet":{"background-color":"var(--ast-global-color-5)","background-image":"","background-repeat":"repeat","background-position":"center center","background-size":"auto","background-attachment":"scroll","background-type":"","background-media":"","overlay-type":"","overlay-color":"","overlay-opacity":"","overlay-gradient":""},"mobile":{"background-color":"var(--ast-global-color-5)","background-image":"","background-repeat":"repeat","background-position":"center center","background-size":"auto","background-attachment":"scroll","background-type":"","background-media":"","overlay-type":"","overlay-color":"","overlay-opacity":"","overlay-gradient":""}},"footnotes":""},"class_list":["post-13712","page","type-page","status-publish","hentry"],"post_mailing_queue_ids":[],"_links":{"self":[{"href":"https:\/\/serveiseducatius.xtec.cat\/baixllobregat6\/wp-json\/wp\/v2\/pages\/13712","targetHints":{"allow":["GET"]}}],"collection":[{"href":"https:\/\/serveiseducatius.xtec.cat\/baixllobregat6\/wp-json\/wp\/v2\/pages"}],"about":[{"href":"https:\/\/serveiseducatius.xtec.cat\/baixllobregat6\/wp-json\/wp\/v2\/types\/page"}],"author":[{"embeddable":true,"href":"https:\/\/serveiseducatius.xtec.cat\/baixllobregat6\/wp-json\/wp\/v2\/users\/1"}],"replies":[{"embeddable":true,"href":"https:\/\/serveiseducatius.xtec.cat\/baixllobregat6\/wp-json\/wp\/v2\/comments?post=13712"}],"version-history":[{"count":6,"href":"https:\/\/serveiseducatius.xtec.cat\/baixllobregat6\/wp-json\/wp\/v2\/pages\/13712\/revisions"}],"predecessor-version":[{"id":30109,"href":"https:\/\/serveiseducatius.xtec.cat\/baixllobregat6\/wp-json\/wp\/v2\/pages\/13712\/revisions\/30109"}],"wp:attachment":[{"href":"https:\/\/serveiseducatius.xtec.cat\/baixllobregat6\/wp-json\/wp\/v2\/media?parent=13712"}],"curies":[{"name":"wp","href":"https:\/\/api.w.org\/{rel}","templated":true}]}}