{"id":13710,"date":"2018-06-20T11:34:18","date_gmt":"2018-06-20T09:34:18","guid":{"rendered":"http:\/\/serveiseducatius.xtec.cat\/baixllobregat6\/?page_id=13710"},"modified":"2018-06-27T12:39:15","modified_gmt":"2018-06-27T10:39:15","slug":"ronda-de-llibres","status":"publish","type":"page","link":"https:\/\/serveiseducatius.xtec.cat\/baixllobregat6\/ronda-de-llibres\/","title":{"rendered":"Ronda de llibres"},"content":{"rendered":"<p>La <strong>Ronda de llibres<\/strong> \u00e9s una activitat que t\u00e9 una voluntat de col\u00b7laboraci\u00f3 entre les biblioteques escolars, les biblioteques p\u00fabliques, les regidories de cultura i educaci\u00f3 dels ajuntaments i el Servei Educatiu Baix Llobregat-6.<\/p>\n<p>La <strong>Ronda de llibres<\/strong> \u00e9s una activitat que t\u00e9 com a principals objectius millorar les compet\u00e8ncies lectores de l\u2019alumnat i fomentar l\u2019h\u00e0bit lector i el plaer per la lectura.<\/p>\n<p>La <strong>Ronda de llibres<\/strong> \u00e9s una competici\u00f3 entre grups-classe de diferents escoles i instituts, en qu\u00e8 els participants hauran de respondre unes preguntes a partir de la lectura de 8 llibres.<\/p>\n<p>Est\u00e0 adre\u00e7ada a l&#8217;alumnat de <strong>4t de prim\u00e0ria<\/strong> i de <strong>1r d&#8217;ESO<\/strong> d&#8217;escoles i instituts dels municipis de la demarcaci\u00f3 del <strong>Servei Educatiu Baix Llobregat-6<\/strong>: Cervell\u00f3, Corbera de Llobregat, La Palma de Cervell\u00f3, Pallej\u00e0, Sant Vicen\u00e7 dels Horts, Torrelles de Llobregat i Vallirana.<\/p>\n<p>Amb la col\u00b7laboraci\u00f3:<\/p>\n<p><img loading=\"lazy\" decoding=\"async\" class=\" wp-image-13861 alignleft\" src=\"http:\/\/serveiseducatius.xtec.cat\/baixllobregat6\/wp-content\/uploads\/usu778\/2018\/06\/bibcervello.png\" alt=\"\" width=\"107\" height=\"79\" srcset=\"https:\/\/serveiseducatius.xtec.cat\/baixllobregat6\/wp-content\/uploads\/usu778\/2018\/06\/bibcervello.png 240w, https:\/\/serveiseducatius.xtec.cat\/baixllobregat6\/wp-content\/uploads\/usu778\/2018\/06\/bibcervello-200x150.png 200w\" sizes=\"auto, (max-width: 107px) 100vw, 107px\" \/><img loading=\"lazy\" decoding=\"async\" class=\" wp-image-13858 alignleft\" src=\"http:\/\/serveiseducatius.xtec.cat\/baixllobregat6\/wp-content\/uploads\/usu778\/2018\/06\/bibliocorebera-copia.png\" alt=\"\" width=\"76\" height=\"85\" \/><img loading=\"lazy\" decoding=\"async\" class=\" wp-image-13859 alignleft\" src=\"http:\/\/serveiseducatius.xtec.cat\/baixllobregat6\/wp-content\/uploads\/usu778\/2018\/06\/biblioPalleja.png\" alt=\"\" width=\"147\" height=\"78\" \/><img loading=\"lazy\" decoding=\"async\" class=\" wp-image-13857 alignleft\" src=\"http:\/\/serveiseducatius.xtec.cat\/baixllobregat6\/wp-content\/uploads\/usu778\/2018\/06\/lesVoltes.png\" alt=\"\" width=\"134\" height=\"81\" \/><\/p>\n<p>&nbsp;<\/p>\n<p>&nbsp;<\/p>\n<p>&nbsp;<\/p>\n<p>Amb el suport:<\/p>\n<p><img loading=\"lazy\" decoding=\"async\" class=\"wp-image-13862 alignnone\" src=\"http:\/\/serveiseducatius.xtec.cat\/baixllobregat6\/wp-content\/uploads\/usu778\/2018\/06\/escut2012-copia.png\" alt=\"\" width=\"202\" height=\"54\" \/><\/p>\n<p>&nbsp;<\/p>\n","protected":false},"excerpt":{"rendered":"<p>La Ronda de llibres \u00e9s una activitat que t\u00e9 una voluntat de col\u00b7laboraci\u00f3 entre les biblioteques escolars, les biblioteques p\u00fabliques, les regidories de cultura i educaci\u00f3 dels ajuntaments i el Servei Educatiu Baix Llobregat-6. La Ronda de llibres \u00e9s una activitat que t\u00e9 com a principals objectius millorar les compet\u00e8ncies lectores de l\u2019alumnat i fomentar [&hellip;]<\/p>\n","protected":false},"author":1,"featured_media":0,"parent":0,"menu_order":10,"comment_status":"closed","ping_status":"closed","template":"","meta":{"_bbp_topic_count":0,"_bbp_reply_count":0,"_bbp_total_topic_count":0,"_bbp_total_reply_count":0,"_bbp_voice_count":0,"_bbp_anonymous_reply_count":0,"_bbp_topic_count_hidden":0,"_bbp_reply_count_hidden":0,"_bbp_forum_subforum_count":0,"site-sidebar-layout":"default","site-content-layout":"","ast-site-content-layout":"","site-content-style":"default","site-sidebar-style":"default","ast-global-header-display":"","ast-banner-title-visibility":"","ast-main-header-display":"","ast-hfb-above-header-display":"","ast-hfb-below-header-display":"","ast-hfb-mobile-header-display":"","site-post-title":"","ast-breadcrumbs-content":"","ast-featured-img":"","footer-sml-layout":"","theme-transparent-header-meta":"","adv-header-id-meta":"","stick-header-meta":"","header-above-stick-meta":"","header-main-stick-meta":"","header-below-stick-meta":"","astra-migrate-meta-layouts":"default","ast-page-background-enabled":"default","ast-page-background-meta":{"desktop":{"background-color":"var(--ast-global-color-4)","background-image":"","background-repeat":"repeat","background-position":"center center","background-size":"auto","background-attachment":"scroll","background-type":"","background-media":"","overlay-type":"","overlay-color":"","overlay-opacity":"","overlay-gradient":""},"tablet":{"background-color":"","background-image":"","background-repeat":"repeat","background-position":"center center","background-size":"auto","background-attachment":"scroll","background-type":"","background-media":"","overlay-type":"","overlay-color":"","overlay-opacity":"","overlay-gradient":""},"mobile":{"background-color":"","background-image":"","background-repeat":"repeat","background-position":"center center","background-size":"auto","background-attachment":"scroll","background-type":"","background-media":"","overlay-type":"","overlay-color":"","overlay-opacity":"","overlay-gradient":""}},"ast-content-background-meta":{"desktop":{"background-color":"var(--ast-global-color-5)","background-image":"","background-repeat":"repeat","background-position":"center center","background-size":"auto","background-attachment":"scroll","background-type":"","background-media":"","overlay-type":"","overlay-color":"","overlay-opacity":"","overlay-gradient":""},"tablet":{"background-color":"var(--ast-global-color-5)","background-image":"","background-repeat":"repeat","background-position":"center center","background-size":"auto","background-attachment":"scroll","background-type":"","background-media":"","overlay-type":"","overlay-color":"","overlay-opacity":"","overlay-gradient":""},"mobile":{"background-color":"var(--ast-global-color-5)","background-image":"","background-repeat":"repeat","background-position":"center center","background-size":"auto","background-attachment":"scroll","background-type":"","background-media":"","overlay-type":"","overlay-color":"","overlay-opacity":"","overlay-gradient":""}},"footnotes":""},"class_list":["post-13710","page","type-page","status-publish","hentry"],"post_mailing_queue_ids":[],"_links":{"self":[{"href":"https:\/\/serveiseducatius.xtec.cat\/baixllobregat6\/wp-json\/wp\/v2\/pages\/13710","targetHints":{"allow":["GET"]}}],"collection":[{"href":"https:\/\/serveiseducatius.xtec.cat\/baixllobregat6\/wp-json\/wp\/v2\/pages"}],"about":[{"href":"https:\/\/serveiseducatius.xtec.cat\/baixllobregat6\/wp-json\/wp\/v2\/types\/page"}],"author":[{"embeddable":true,"href":"https:\/\/serveiseducatius.xtec.cat\/baixllobregat6\/wp-json\/wp\/v2\/users\/1"}],"replies":[{"embeddable":true,"href":"https:\/\/serveiseducatius.xtec.cat\/baixllobregat6\/wp-json\/wp\/v2\/comments?post=13710"}],"version-history":[{"count":3,"href":"https:\/\/serveiseducatius.xtec.cat\/baixllobregat6\/wp-json\/wp\/v2\/pages\/13710\/revisions"}],"predecessor-version":[{"id":13887,"href":"https:\/\/serveiseducatius.xtec.cat\/baixllobregat6\/wp-json\/wp\/v2\/pages\/13710\/revisions\/13887"}],"wp:attachment":[{"href":"https:\/\/serveiseducatius.xtec.cat\/baixllobregat6\/wp-json\/wp\/v2\/media?parent=13710"}],"curies":[{"name":"wp","href":"https:\/\/api.w.org\/{rel}","templated":true}]}}