{"id":13047,"date":"2018-05-30T10:39:25","date_gmt":"2018-05-30T08:39:25","guid":{"rendered":"http:\/\/serveiseducatius.xtec.cat\/baixllobregat6\/?page_id=13047"},"modified":"2025-04-30T13:31:01","modified_gmt":"2025-04-30T11:31:01","slug":"jacksonvila","status":"publish","type":"page","link":"https:\/\/serveiseducatius.xtec.cat\/baixllobregat6\/xarxa-grup-mestres-de-musica\/jacksonvila\/","title":{"rendered":"Jacksonvila"},"content":{"rendered":"<h5><img loading=\"lazy\" decoding=\"async\" class=\"alignleft wp-image-12908 \" src=\"http:\/\/serveiseducatius.xtec.cat\/baixllobregat6\/wp-content\/uploads\/usu778\/2018\/05\/Cartell-368x520.png\" alt=\"\" width=\"268\" height=\"379\" srcset=\"https:\/\/serveiseducatius.xtec.cat\/baixllobregat6\/wp-content\/uploads\/usu778\/2018\/05\/Cartell-368x520.png 368w, https:\/\/serveiseducatius.xtec.cat\/baixllobregat6\/wp-content\/uploads\/usu778\/2018\/05\/Cartell-768x1086.png 768w, https:\/\/serveiseducatius.xtec.cat\/baixllobregat6\/wp-content\/uploads\/usu778\/2018\/05\/Cartell-724x1024.png 724w\" sizes=\"auto, (max-width: 268px) 100vw, 268px\" \/>Com us imagineu que seria la hist\u00f2ria de superherois com Spiderman, Wonder Woman, Superman o Hulk al ritme de la m\u00fasica de Michael Jackson?<\/h5>\n<p>Amb aquesta pregunta us presentaven l&#8217;espectacle que el <a href=\"http:\/\/serveiseducatius.xtec.cat\/baixllobregat6\/categoria\/grup-de-mestres-de-musica\/\"><strong>Grup de Mestres de M\u00fasica<\/strong><\/a> (GMM) del Servei Educatiu Baix Llobregat-6 havien preparat al llarg del curs 2017-2018.<\/p>\n<p>\u00c9s una hist\u00f2ria on els herois i hero\u00efnes surten de les p\u00e0gines dels c\u00f2mics on han viscut les aventures que tots coneixem per explicar-nos una hist\u00f2ria on el rei del pop, Michael Jackson, hi t\u00e9 un paper molt destacat.<\/p>\n<p>A l\u2019espectacle, representat el\u00a023 de maig a les 14.30 hores al Teatre de la Passi\u00f3 d\u2019Olesa de Montserrat, hi van participar\u00a0uns 572\u00a0alumnes de\u00a0les escoles Santa Maria de Cervell\u00f3; Mansuet, de Collbat\u00f3; El Solell, de La Palma de Cervell\u00f3; Joan Juncadella, La Gu\u00e0rdia, La Vinyala, Sant Antoni, Sant Jordi, Sant Josep, i del Col\u00b7legi La Immaculada de Sant Vicen\u00e7 dels Horts; Can Coll i Sant Mart\u00ed, de Torrelles de Llobregat; Castella, de Barcelona; Paco Candel, de L\u2019Hospitalet de Llobregat, i Puig de Na F\u00e0tima, de Puigpunyent de Mallorca.<\/p>\n<p>El musical que combina les arts pl\u00e0stiques, el cant coral, la dansa i la literatura popular va tornar a omplir l\u2019aforament (1500 butaques) del Nou Teatre de la Passi\u00f3 d\u2019Olesa de Montserrat.<\/p>\n<blockquote>\n<h4>Disposeu de la informaci\u00f3 espec\u00edfica i el v\u00eddeo de cada pe\u00e7a de l&#8217;espectacle en el men\u00fa del marge superior esquerre d&#8217;aquesta mateixa p\u00e0gina.<\/h4>\n<\/blockquote>\n<p>Enguany la representaci\u00f3 fou molt especial. Es dedic\u00e0 a la <strong>J\u00e8ssica Turmo<\/strong>, la mestra de m\u00fasica de l&#8217;escola Sant Mart\u00ed de Torrelles de Llobregat recentment traspassada. La J\u00e8ssica particip\u00e0 des dels primer espectacle del GMM, el dedicat a la Joana Raspall.<\/p>\n<p><img loading=\"lazy\" decoding=\"async\" class=\"aligncenter wp-image-13150 size-medium\" src=\"http:\/\/serveiseducatius.xtec.cat\/baixllobregat6\/wp-content\/uploads\/usu778\/2018\/05\/jessica-520x382.png\" alt=\"\" width=\"520\" height=\"382\" srcset=\"https:\/\/serveiseducatius.xtec.cat\/baixllobregat6\/wp-content\/uploads\/usu778\/2018\/05\/jessica-520x382.png 520w, https:\/\/serveiseducatius.xtec.cat\/baixllobregat6\/wp-content\/uploads\/usu778\/2018\/05\/jessica.png 699w\" sizes=\"auto, (max-width: 520px) 100vw, 520px\" \/><\/p>\n<p>En honor a la J\u00e9ssica els seus companys del GMM varen fer una samarreta especial per a l&#8217;espectacle, una samarreta de color taronja, el seu color favorit.<\/p>\n<p><img loading=\"lazy\" decoding=\"async\" class=\"aligncenter size-medium wp-image-13153\" src=\"http:\/\/serveiseducatius.xtec.cat\/baixllobregat6\/wp-content\/uploads\/usu778\/2018\/05\/DSC_0323-520x348.jpg\" alt=\"\" width=\"520\" height=\"348\" srcset=\"https:\/\/serveiseducatius.xtec.cat\/baixllobregat6\/wp-content\/uploads\/usu778\/2018\/05\/DSC_0323-520x348.jpg 520w, https:\/\/serveiseducatius.xtec.cat\/baixllobregat6\/wp-content\/uploads\/usu778\/2018\/05\/DSC_0323.jpg 699w\" sizes=\"auto, (max-width: 520px) 100vw, 520px\" \/><\/p>\n<h5>Agra\u00efments<\/h5>\n<p>A totes les tutores i tutors dels grups de:<\/p>\n<ul>\n<li>3r de l&#8217;Escola Santa Maria de Cervell\u00f3 (Cervell\u00f3)<\/li>\n<li>de Escola Mansuet (Collbat\u00f3)<\/li>\n<li>5\u00e8 i 6\u00e8 de l&#8217;Escola el Solell (La Palma de Cervell\u00f3)<\/li>\n<li>4t de l&#8217;Escola Joan Juncadella (Sant Vicen\u00e7 dels Horts)<\/li>\n<li>3r i 4t de l&#8217;Escola La Gu\u00e0rdia (Sant Vicen\u00e7 dels Horts)<\/li>\n<li>5\u00e8 de l&#8217;Escola La Vinyala (Sant Vicen\u00e7 dels Horts)<\/li>\n<li>4t de l&#8217;Escola Sant Antoni (Sant Vicen\u00e7 dels Horts)<\/li>\n<li>2n i 3r de l&#8217;Escola Sant Jordi (Sant Vicen\u00e7 dels Horts)<\/li>\n<li>4t de l&#8217;Escola Sant Josep (Sant Vicen\u00e7 dels Horts)<\/li>\n<li>3r del Col\u00b7legi La Immaculada (Sant Vicen\u00e7 dels Horts)<\/li>\n<li>3r de l&#8217;Escola Can Coll (Torrelles de Llobregat)<\/li>\n<li>4t de l&#8217;Escola Sant Mart\u00ed (Torrelles de Llobregat)<\/li>\n<li>4t de l&#8217;Escola Castella (Barcelona)<\/li>\n<li>4t de l&#8217;Escola Paco Candel (L&#8217;Hospitalet de Llobregat)<\/li>\n<li>4t de l&#8217;Escola Puig de Na F\u00e0tima (Puigpunyent, Mallorca)<\/li>\n<\/ul>\n<ul>\n<li>A l&#8217;<strong>Anna Folch Bartrol\u00ed\u00a0<\/strong>per la seva col\u00b7laboraci\u00f3 en l&#8217;adaptaci\u00f3 dels textos.<\/li>\n<li>Al\u00a0<strong>Daniel Romero\u00a0<\/strong>per la lectura dels textos en off.<\/li>\n<li>Al <strong>Rub\u00e9n Blasco<\/strong> per l&#8217;enregistrament en v\u00eddeo de l&#8217;espectacle.<\/li>\n<li>A la\u00a0<strong>Iona Balcells<\/strong> i a la\u00a0<strong>Lorena Hern\u00e1ndez<\/strong> del grup de teatre\u00a0<em>Mitja i Mitjoneta<\/em>.<\/li>\n<\/ul>\n<h6><\/h6>\n<h6>Amb la col\u00b7laboraci\u00f3 de:<\/h6>\n<p><a href=\"http:\/\/serveiseducatius.xtec.cat\/baixllobregat6\/wp-content\/uploads\/usu778\/2016\/05\/passio.jpg\"><img loading=\"lazy\" decoding=\"async\" class=\"alignnone size-full wp-image-8870\" src=\"http:\/\/serveiseducatius.xtec.cat\/baixllobregat6\/wp-content\/uploads\/usu778\/2016\/05\/passio.jpg\" alt=\"passio\" width=\"150\" height=\"132\" \/><\/a><\/p>\n<p><a href=\"http:\/\/serveiseducatius.xtec.cat\/baixllobregat6\/wp-content\/uploads\/usu778\/2016\/05\/passio.jpg\"><img loading=\"lazy\" decoding=\"async\" class=\"alignnone size-full wp-image-8869\" src=\"http:\/\/serveiseducatius.xtec.cat\/baixllobregat6\/wp-content\/uploads\/usu778\/2016\/05\/escut2012svh.png\" alt=\"escut2012svh\" width=\"246\" height=\"66\" \/><\/a><\/p>\n<p><img loading=\"lazy\" decoding=\"async\" class=\"alignleft wp-image-10721\" src=\"http:\/\/serveiseducatius.xtec.cat\/baixllobregat6\/wp-content\/uploads\/usu778\/2017\/05\/logo-fgc-l.png\" alt=\"logo-fgc-l\" width=\"200\" height=\"108\" \/><\/p>\n","protected":false},"excerpt":{"rendered":"<p>Com us imagineu que seria la hist\u00f2ria de superherois com Spiderman, Wonder Woman, Superman o Hulk al ritme de la m\u00fasica de Michael Jackson? Amb aquesta pregunta us presentaven l&#8217;espectacle que el Grup de Mestres de M\u00fasica (GMM) del Servei Educatiu Baix Llobregat-6 havien preparat al llarg del curs 2017-2018. \u00c9s una hist\u00f2ria on els [&hellip;]<\/p>\n","protected":false},"author":1,"featured_media":0,"parent":29851,"menu_order":0,"comment_status":"closed","ping_status":"closed","template":"","meta":{"_bbp_topic_count":0,"_bbp_reply_count":0,"_bbp_total_topic_count":0,"_bbp_total_reply_count":0,"_bbp_voice_count":0,"_bbp_anonymous_reply_count":0,"_bbp_topic_count_hidden":0,"_bbp_reply_count_hidden":0,"_bbp_forum_subforum_count":0,"site-sidebar-layout":"default","site-content-layout":"","ast-site-content-layout":"default","site-content-style":"default","site-sidebar-style":"default","ast-global-header-display":"","ast-banner-title-visibility":"","ast-main-header-display":"","ast-hfb-above-header-display":"","ast-hfb-below-header-display":"","ast-hfb-mobile-header-display":"","site-post-title":"","ast-breadcrumbs-content":"","ast-featured-img":"","footer-sml-layout":"","theme-transparent-header-meta":"","adv-header-id-meta":"","stick-header-meta":"","header-above-stick-meta":"","header-main-stick-meta":"","header-below-stick-meta":"","astra-migrate-meta-layouts":"set","ast-page-background-enabled":"default","ast-page-background-meta":{"desktop":{"background-color":"var(--ast-global-color-4)","background-image":"","background-repeat":"repeat","background-position":"center center","background-size":"auto","background-attachment":"scroll","background-type":"","background-media":"","overlay-type":"","overlay-color":"","overlay-opacity":"","overlay-gradient":""},"tablet":{"background-color":"","background-image":"","background-repeat":"repeat","background-position":"center center","background-size":"auto","background-attachment":"scroll","background-type":"","background-media":"","overlay-type":"","overlay-color":"","overlay-opacity":"","overlay-gradient":""},"mobile":{"background-color":"","background-image":"","background-repeat":"repeat","background-position":"center center","background-size":"auto","background-attachment":"scroll","background-type":"","background-media":"","overlay-type":"","overlay-color":"","overlay-opacity":"","overlay-gradient":""}},"ast-content-background-meta":{"desktop":{"background-color":"var(--ast-global-color-5)","background-image":"","background-repeat":"repeat","background-position":"center center","background-size":"auto","background-attachment":"scroll","background-type":"","background-media":"","overlay-type":"","overlay-color":"","overlay-opacity":"","overlay-gradient":""},"tablet":{"background-color":"var(--ast-global-color-5)","background-image":"","background-repeat":"repeat","background-position":"center center","background-size":"auto","background-attachment":"scroll","background-type":"","background-media":"","overlay-type":"","overlay-color":"","overlay-opacity":"","overlay-gradient":""},"mobile":{"background-color":"var(--ast-global-color-5)","background-image":"","background-repeat":"repeat","background-position":"center center","background-size":"auto","background-attachment":"scroll","background-type":"","background-media":"","overlay-type":"","overlay-color":"","overlay-opacity":"","overlay-gradient":""}},"footnotes":""},"class_list":["post-13047","page","type-page","status-publish","hentry"],"post_mailing_queue_ids":[],"_links":{"self":[{"href":"https:\/\/serveiseducatius.xtec.cat\/baixllobregat6\/wp-json\/wp\/v2\/pages\/13047","targetHints":{"allow":["GET"]}}],"collection":[{"href":"https:\/\/serveiseducatius.xtec.cat\/baixllobregat6\/wp-json\/wp\/v2\/pages"}],"about":[{"href":"https:\/\/serveiseducatius.xtec.cat\/baixllobregat6\/wp-json\/wp\/v2\/types\/page"}],"author":[{"embeddable":true,"href":"https:\/\/serveiseducatius.xtec.cat\/baixllobregat6\/wp-json\/wp\/v2\/users\/1"}],"replies":[{"embeddable":true,"href":"https:\/\/serveiseducatius.xtec.cat\/baixllobregat6\/wp-json\/wp\/v2\/comments?post=13047"}],"version-history":[{"count":4,"href":"https:\/\/serveiseducatius.xtec.cat\/baixllobregat6\/wp-json\/wp\/v2\/pages\/13047\/revisions"}],"predecessor-version":[{"id":29854,"href":"https:\/\/serveiseducatius.xtec.cat\/baixllobregat6\/wp-json\/wp\/v2\/pages\/13047\/revisions\/29854"}],"up":[{"embeddable":true,"href":"https:\/\/serveiseducatius.xtec.cat\/baixllobregat6\/wp-json\/wp\/v2\/pages\/29851"}],"wp:attachment":[{"href":"https:\/\/serveiseducatius.xtec.cat\/baixllobregat6\/wp-json\/wp\/v2\/media?parent=13047"}],"curies":[{"name":"wp","href":"https:\/\/api.w.org\/{rel}","templated":true}]}}